{"id":3264,"date":"2023-04-06T14:25:42","date_gmt":"2023-04-06T11:25:42","guid":{"rendered":"https:\/\/lahingupood.ee\/?post_type=product&#038;p=3264"},"modified":"2026-04-12T20:15:05","modified_gmt":"2026-04-12T17:15:05","slug":"reaper-qrb-plate-carrier-od-invader-gear","status":"publish","type":"product","link":"https:\/\/lahingupood.ee\/en\/product\/reaper-qrb-plate-carrier-od-invader-gear\/","title":{"rendered":"Reaper QRB Plate Carrier OD (Invader Gear)"},"content":{"rendered":"<p>Reaper QRB Plate Carrier OD (Invader Gear)<\/p>\n<p>Reaper QRB plaadikandja on kerge ning madala profiiliga.<\/p>\n<p>See on valmistatud Laser Cut tehnoloogia abil, mis annab sellele vestile k\u00f5rge vastupidavuse\u00a0v\u00e4hese materjalikuluga.\u00a0Vest on valmistatud tugevast Cordura 600D kangast.<\/p>\n<p>Reaper QRB Plate Carrier on varustatud spetsiaalse pandlaga m\u00f5lemal k\u00fcljel,\u00a0millega on v\u00f5imalik vest h\u00e4daolukorras kiirelt eemaldada.<\/p>\n<p>\u00dclemises esi- ja tagaosas asuvad takjakinnitused, millele saab panna embleeme ja nimesilte. Samuti on vesti taga \u00fclaosas tugev k\u00e4epide, millega on v\u00f5imalik h\u00e4daolukorras vesti kandjat lohistada. M\u00f5lemal k\u00fcljel on integreeritud paunad salve v\u00f5i raadio jaoks. Esipaneeli saab h\u00f5lpsasti vahetada.<\/p>\n<p>Reaper QRB plaadikandja saab varustada ka k\u00fclgplaatidega. Mugavuse ja \u00f5huringluse tagamiseks on vesti sisemus ja \u00f5lad polsterdatud pehme vahev\u00f5rguga.<\/p>\n<p><strong>V\u00e4rvus:\u00a0<\/strong>oliivroheline<\/p>\n<p><strong>Suurus:\u00a0<\/strong>universaalne<\/p>","protected":false},"excerpt":{"rendered":"<p>Reaper QRB Plate Carrier OD (Invader Gear) Reaper QRB plaadikandja on kerge ning madala profiiliga. See on valmistatud Laser Cut tehnoloogia abil, mis annab sellele vestile k\u00f5rge vastupidavuse\u00a0v\u00e4hese materjalikuluga.\u00a0Vest on valmistatud tugevast Cordura 600D kangast. Reaper QRB Plate Carrier on varustatud spetsiaalse pandlaga m\u00f5lemal k\u00fcljel,\u00a0millega on v\u00f5imalik vest h\u00e4daolukorras kiirelt eemaldada. \u00dclemises esi- ja tagaosas [&#8230;]\n","protected":false},"featured_media":3265,"template":"","meta":[],"product_brand":[],"product_cat":[45],"product_tag":[],"class_list":{"0":"post-3264","1":"product","2":"type-product","3":"status-publish","4":"has-post-thumbnail","6":"product_cat-vestid-ja-vood","8":"first","9":"outofstock","10":"taxable","11":"shipping-taxable","12":"purchasable","13":"product-type-simple"},"yoast_head":"<!-- This site is optimized with the Yoast SEO Premium plugin v27.3 (Yoast SEO v27.3) - https:\/\/yoast.com\/product\/yoast-seo-premium-wordpress\/ -->\n<title>Reaper QRB Plate Carrier OD (Invader Gear) - Lahingurada e-pood<\/title>\n<meta name=\"description\" content=\"Reaper QRB Plate Carrier OD (Invader Gear) Reaper QRB plaadikandja on kerge ning madala profiiliga.See on valmistatud Laser Cut tehnoloogia abil\" \/>\n<meta name=\"robots\" content=\"index, follow, max-snippet:-1, max-image-preview:large, max-video-preview:-1\" \/>\n<link rel=\"canonical\" href=\"https:\/\/lahingupood.ee\/en\/product\/reaper-qrb-plate-carrier-od-invader-gear\/\" \/>\n<meta property=\"og:locale\" content=\"en_GB\" \/>\n<meta property=\"og:type\" content=\"article\" \/>\n<meta property=\"og:title\" content=\"Reaper QRB Plate Carrier OD (Invader Gear)\" \/>\n<meta property=\"og:description\" content=\"Reaper QRB Plate Carrier OD (Invader Gear) Reaper QRB plaadikandja on kerge ning madala profiiliga.See on valmistatud Laser Cut tehnoloogia abil\" \/>\n<meta property=\"og:url\" content=\"https:\/\/lahingupood.ee\/en\/product\/reaper-qrb-plate-carrier-od-invader-gear\/\" \/>\n<meta property=\"og:site_name\" content=\"Lahingurada e-pood\" \/>\n<meta property=\"article:publisher\" content=\"https:\/\/www.facebook.com\/Lahingurada-629940247212967\" \/>\n<meta property=\"article:modified_time\" content=\"2026-04-12T17:15:05+00:00\" \/>\n<meta property=\"og:image\" content=\"https:\/\/lahingupood.ee\/wp-content\/uploads\/2023\/04\/29492.jpg\" \/>\n\t<meta property=\"og:image:width\" content=\"930\" \/>\n\t<meta property=\"og:image:height\" content=\"651\" \/>\n\t<meta property=\"og:image:type\" content=\"image\/jpeg\" \/>\n<meta name=\"twitter:card\" content=\"summary_large_image\" \/>\n<meta name=\"twitter:label1\" content=\"Estimated reading time\" \/>\n\t<meta name=\"twitter:data1\" content=\"1 minute\" \/>\n<script type=\"application\/ld+json\" class=\"yoast-schema-graph\">{\"@context\":\"https:\\\/\\\/schema.org\",\"@graph\":[{\"@type\":\"WebPage\",\"@id\":\"https:\\\/\\\/lahingupood.ee\\\/toode\\\/reaper-qrb-plate-carrier-od-invader-gear\\\/\",\"url\":\"https:\\\/\\\/lahingupood.ee\\\/toode\\\/reaper-qrb-plate-carrier-od-invader-gear\\\/\",\"name\":\"Reaper QRB Plate Carrier OD (Invader Gear) - Lahingurada e-pood\",\"isPartOf\":{\"@id\":\"https:\\\/\\\/lahingupood.ee\\\/#website\"},\"primaryImageOfPage\":{\"@id\":\"https:\\\/\\\/lahingupood.ee\\\/toode\\\/reaper-qrb-plate-carrier-od-invader-gear\\\/#primaryimage\"},\"image\":{\"@id\":\"https:\\\/\\\/lahingupood.ee\\\/toode\\\/reaper-qrb-plate-carrier-od-invader-gear\\\/#primaryimage\"},\"thumbnailUrl\":\"https:\\\/\\\/lahingupood.ee\\\/wp-content\\\/uploads\\\/2023\\\/04\\\/29492.jpg\",\"datePublished\":\"2023-04-06T11:25:42+00:00\",\"dateModified\":\"2026-04-12T17:15:05+00:00\",\"description\":\"Reaper QRB Plate Carrier OD (Invader Gear) Reaper QRB plaadikandja on kerge ning madala profiiliga.See on valmistatud Laser Cut tehnoloogia abil\",\"breadcrumb\":{\"@id\":\"https:\\\/\\\/lahingupood.ee\\\/toode\\\/reaper-qrb-plate-carrier-od-invader-gear\\\/#breadcrumb\"},\"inLanguage\":\"en-GB\",\"potentialAction\":[{\"@type\":\"ReadAction\",\"target\":[\"https:\\\/\\\/lahingupood.ee\\\/toode\\\/reaper-qrb-plate-carrier-od-invader-gear\\\/\"]}]},{\"@type\":\"ImageObject\",\"inLanguage\":\"en-GB\",\"@id\":\"https:\\\/\\\/lahingupood.ee\\\/toode\\\/reaper-qrb-plate-carrier-od-invader-gear\\\/#primaryimage\",\"url\":\"https:\\\/\\\/lahingupood.ee\\\/wp-content\\\/uploads\\\/2023\\\/04\\\/29492.jpg\",\"contentUrl\":\"https:\\\/\\\/lahingupood.ee\\\/wp-content\\\/uploads\\\/2023\\\/04\\\/29492.jpg\",\"width\":930,\"height\":651,\"caption\":\"reaper-qrb-plate-carrier-od-invader-gear\"},{\"@type\":\"BreadcrumbList\",\"@id\":\"https:\\\/\\\/lahingupood.ee\\\/toode\\\/reaper-qrb-plate-carrier-od-invader-gear\\\/#breadcrumb\",\"itemListElement\":[{\"@type\":\"ListItem\",\"position\":1,\"name\":\"Home\",\"item\":\"https:\\\/\\\/lahingupood.ee\\\/\"},{\"@type\":\"ListItem\",\"position\":2,\"name\":\"Tooted\",\"item\":\"https:\\\/\\\/lahingupood.ee\\\/tooted\\\/\"},{\"@type\":\"ListItem\",\"position\":3,\"name\":\"Reaper QRB Plate Carrier OD (Invader Gear)\"}]},{\"@type\":\"WebSite\",\"@id\":\"https:\\\/\\\/lahingupood.ee\\\/#website\",\"url\":\"https:\\\/\\\/lahingupood.ee\\\/\",\"name\":\"Lahingurada e-pood\",\"description\":\"Airsoft\",\"publisher\":{\"@id\":\"https:\\\/\\\/lahingupood.ee\\\/#organization\"},\"potentialAction\":[{\"@type\":\"SearchAction\",\"target\":{\"@type\":\"EntryPoint\",\"urlTemplate\":\"https:\\\/\\\/lahingupood.ee\\\/?s={search_term_string}\"},\"query-input\":{\"@type\":\"PropertyValueSpecification\",\"valueRequired\":true,\"valueName\":\"search_term_string\"}}],\"inLanguage\":\"en-GB\"},{\"@type\":\"Organization\",\"@id\":\"https:\\\/\\\/lahingupood.ee\\\/#organization\",\"name\":\"Lahingurada\",\"url\":\"https:\\\/\\\/lahingupood.ee\\\/\",\"logo\":{\"@type\":\"ImageObject\",\"inLanguage\":\"en-GB\",\"@id\":\"https:\\\/\\\/lahingupood.ee\\\/#\\\/schema\\\/logo\\\/image\\\/\",\"url\":\"https:\\\/\\\/lahingupood.ee\\\/wp-content\\\/uploads\\\/2022\\\/03\\\/lahingurada-220318.jpg\",\"contentUrl\":\"https:\\\/\\\/lahingupood.ee\\\/wp-content\\\/uploads\\\/2022\\\/03\\\/lahingurada-220318.jpg\",\"width\":800,\"height\":500,\"caption\":\"Lahingurada\"},\"image\":{\"@id\":\"https:\\\/\\\/lahingupood.ee\\\/#\\\/schema\\\/logo\\\/image\\\/\"},\"sameAs\":[\"https:\\\/\\\/www.facebook.com\\\/Lahingurada-629940247212967\"]}]}<\/script>\n<!-- \/ Yoast SEO Premium plugin. -->","yoast_head_json":{"title":"Reaper QRB Plate Carrier OD (Invader Gear) - Lahingurada e-pood","description":"Reaper QRB Plate Carrier OD (Invader Gear) Reaper QRB plaadikandja on kerge ning madala profiiliga.See on valmistatud Laser Cut tehnoloogia abil","robots":{"index":"index","follow":"follow","max-snippet":"max-snippet:-1","max-image-preview":"max-image-preview:large","max-video-preview":"max-video-preview:-1"},"canonical":"https:\/\/lahingupood.ee\/en\/product\/reaper-qrb-plate-carrier-od-invader-gear\/","og_locale":"en_GB","og_type":"article","og_title":"Reaper QRB Plate Carrier OD (Invader Gear)","og_description":"Reaper QRB Plate Carrier OD (Invader Gear) Reaper QRB plaadikandja on kerge ning madala profiiliga.See on valmistatud Laser Cut tehnoloogia abil","og_url":"https:\/\/lahingupood.ee\/en\/product\/reaper-qrb-plate-carrier-od-invader-gear\/","og_site_name":"Lahingurada e-pood","article_publisher":"https:\/\/www.facebook.com\/Lahingurada-629940247212967","article_modified_time":"2026-04-12T17:15:05+00:00","og_image":[{"width":930,"height":651,"url":"https:\/\/lahingupood.ee\/wp-content\/uploads\/2023\/04\/29492.jpg","type":"image\/jpeg"}],"twitter_card":"summary_large_image","twitter_misc":{"Estimated reading time":"1 minute"},"schema":{"@context":"https:\/\/schema.org","@graph":[{"@type":"WebPage","@id":"https:\/\/lahingupood.ee\/toode\/reaper-qrb-plate-carrier-od-invader-gear\/","url":"https:\/\/lahingupood.ee\/toode\/reaper-qrb-plate-carrier-od-invader-gear\/","name":"Reaper QRB Plate Carrier OD (Invader Gear) - Lahingurada e-pood","isPartOf":{"@id":"https:\/\/lahingupood.ee\/#website"},"primaryImageOfPage":{"@id":"https:\/\/lahingupood.ee\/toode\/reaper-qrb-plate-carrier-od-invader-gear\/#primaryimage"},"image":{"@id":"https:\/\/lahingupood.ee\/toode\/reaper-qrb-plate-carrier-od-invader-gear\/#primaryimage"},"thumbnailUrl":"https:\/\/lahingupood.ee\/wp-content\/uploads\/2023\/04\/29492.jpg","datePublished":"2023-04-06T11:25:42+00:00","dateModified":"2026-04-12T17:15:05+00:00","description":"Reaper QRB Plate Carrier OD (Invader Gear) Reaper QRB plaadikandja on kerge ning madala profiiliga.See on valmistatud Laser Cut tehnoloogia abil","breadcrumb":{"@id":"https:\/\/lahingupood.ee\/toode\/reaper-qrb-plate-carrier-od-invader-gear\/#breadcrumb"},"inLanguage":"en-GB","potentialAction":[{"@type":"ReadAction","target":["https:\/\/lahingupood.ee\/toode\/reaper-qrb-plate-carrier-od-invader-gear\/"]}]},{"@type":"ImageObject","inLanguage":"en-GB","@id":"https:\/\/lahingupood.ee\/toode\/reaper-qrb-plate-carrier-od-invader-gear\/#primaryimage","url":"https:\/\/lahingupood.ee\/wp-content\/uploads\/2023\/04\/29492.jpg","contentUrl":"https:\/\/lahingupood.ee\/wp-content\/uploads\/2023\/04\/29492.jpg","width":930,"height":651,"caption":"reaper-qrb-plate-carrier-od-invader-gear"},{"@type":"BreadcrumbList","@id":"https:\/\/lahingupood.ee\/toode\/reaper-qrb-plate-carrier-od-invader-gear\/#breadcrumb","itemListElement":[{"@type":"ListItem","position":1,"name":"Home","item":"https:\/\/lahingupood.ee\/"},{"@type":"ListItem","position":2,"name":"Tooted","item":"https:\/\/lahingupood.ee\/tooted\/"},{"@type":"ListItem","position":3,"name":"Reaper QRB Plate Carrier OD (Invader Gear)"}]},{"@type":"WebSite","@id":"https:\/\/lahingupood.ee\/#website","url":"https:\/\/lahingupood.ee\/","name":"Lahingurada e-pood","description":"Airsoft","publisher":{"@id":"https:\/\/lahingupood.ee\/#organization"},"potentialAction":[{"@type":"SearchAction","target":{"@type":"EntryPoint","urlTemplate":"https:\/\/lahingupood.ee\/?s={search_term_string}"},"query-input":{"@type":"PropertyValueSpecification","valueRequired":true,"valueName":"search_term_string"}}],"inLanguage":"en-GB"},{"@type":"Organization","@id":"https:\/\/lahingupood.ee\/#organization","name":"Lahingurada","url":"https:\/\/lahingupood.ee\/","logo":{"@type":"ImageObject","inLanguage":"en-GB","@id":"https:\/\/lahingupood.ee\/#\/schema\/logo\/image\/","url":"https:\/\/lahingupood.ee\/wp-content\/uploads\/2022\/03\/lahingurada-220318.jpg","contentUrl":"https:\/\/lahingupood.ee\/wp-content\/uploads\/2022\/03\/lahingurada-220318.jpg","width":800,"height":500,"caption":"Lahingurada"},"image":{"@id":"https:\/\/lahingupood.ee\/#\/schema\/logo\/image\/"},"sameAs":["https:\/\/www.facebook.com\/Lahingurada-629940247212967"]}]}},"_links":{"self":[{"href":"https:\/\/lahingupood.ee\/en\/wp-json\/wp\/v2\/product\/3264","targetHints":{"allow":["GET"]}}],"collection":[{"href":"https:\/\/lahingupood.ee\/en\/wp-json\/wp\/v2\/product"}],"about":[{"href":"https:\/\/lahingupood.ee\/en\/wp-json\/wp\/v2\/types\/product"}],"wp:featuredmedia":[{"embeddable":true,"href":"https:\/\/lahingupood.ee\/en\/wp-json\/wp\/v2\/media\/3265"}],"wp:attachment":[{"href":"https:\/\/lahingupood.ee\/en\/wp-json\/wp\/v2\/media?parent=3264"}],"wp:term":[{"taxonomy":"product_brand","embeddable":true,"href":"https:\/\/lahingupood.ee\/en\/wp-json\/wp\/v2\/product_brand?post=3264"},{"taxonomy":"product_cat","embeddable":true,"href":"https:\/\/lahingupood.ee\/en\/wp-json\/wp\/v2\/product_cat?post=3264"},{"taxonomy":"product_tag","embeddable":true,"href":"https:\/\/lahingupood.ee\/en\/wp-json\/wp\/v2\/product_tag?post=3264"}],"curies":[{"name":"wp","href":"https:\/\/api.w.org\/{rel}","templated":true}]}}