{"id":3201,"date":"2023-03-28T15:45:00","date_gmt":"2023-03-28T12:45:00","guid":{"rendered":"https:\/\/lahingupood.ee\/?post_type=product&#038;p=3201"},"modified":"2026-04-12T20:00:04","modified_gmt":"2026-04-12T17:00:04","slug":"airsoft-bb-blaster-tracer-0-32g-3300pcs-green","status":"publish","type":"product","link":"https:\/\/lahingupood.ee\/en\/product\/airsoft-bb-blaster-tracer-0-32g-3300pcs-green\/","title":{"rendered":"Airsoft BB Blaster Tracer 0.32g 3300pcs green"},"content":{"rendered":"<p>Airsoft BB Blaster Tracer 0.32g 3300pcs green<\/p>\n<p>ASG Blaster tracer on k\u00f5rgeima kvaliteediga laskemoon. Trasseerivat laskemoona kasutatakse eelk\u00f5ige \u00f6istel m\u00e4ngudel ning h\u00e4marates ruumides.<\/p>\n<p>ASG kuulid on k\u00f5rgeima kvaliteediga laskemoon mida kasutatakse paljudel airsoft v\u00f5istlustel \u00fcle maailma. Open Blaster seeria on looduss\u00f5bralik ja biolagunev<\/p>\n<p>Tracer kuule saab kasutada ainult koos <a href=\"https:\/\/lahingupood.ee\/en\/product-category\/relvatarvikud\/summutid-ja-trasserid\/\">trasserotsikutega.<\/a><\/p>","protected":false},"excerpt":{"rendered":"<p>Airsoft BB Blaster Tracer 0.32g 3300pcs green ASG Blaster tracer on k\u00f5rgeima kvaliteediga laskemoon. Trasseerivat laskemoona kasutatakse eelk\u00f5ige \u00f6istel m\u00e4ngudel ning h\u00e4marates ruumides. ASG kuulid on k\u00f5rgeima kvaliteediga laskemoon mida kasutatakse paljudel airsoft v\u00f5istlustel \u00fcle maailma. Open Blaster seeria on looduss\u00f5bralik ja biolagunev Tracer kuule saab kasutada ainult koos trasserotsikutega.<\/p>","protected":false},"featured_media":3202,"template":"","meta":[],"product_brand":[],"product_cat":[56,57],"product_tag":[],"class_list":{"0":"post-3201","1":"product","2":"type-product","3":"status-publish","4":"has-post-thumbnail","6":"product_cat-biolagunevad-kuulid","7":"product_cat-trasseerivad-kuulid","9":"first","10":"instock","11":"taxable","12":"shipping-taxable","13":"purchasable","14":"product-type-simple"},"yoast_head":"<!-- This site is optimized with the Yoast SEO Premium plugin v27.3 (Yoast SEO v27.3) - https:\/\/yoast.com\/product\/yoast-seo-premium-wordpress\/ -->\n<title>Airsoft BB Blaster Tracer 0.32g 3300pcs green<\/title>\n<meta name=\"description\" content=\"Airsoft BB Blaster Tracer 0.32g 3300pcs green ASG Blaster tracer on k\u00f5rgeima kvaliteediga laskemoon. Trasseerivat laskemoona kasutatakse eelk\u00f5ige \u00f6istel\" \/>\n<meta name=\"robots\" content=\"index, follow, max-snippet:-1, max-image-preview:large, max-video-preview:-1\" \/>\n<link rel=\"canonical\" href=\"https:\/\/lahingupood.ee\/en\/product\/airsoft-bb-blaster-tracer-0-32g-3300pcs-green\/\" \/>\n<meta property=\"og:locale\" content=\"en_GB\" \/>\n<meta property=\"og:type\" content=\"article\" \/>\n<meta property=\"og:title\" content=\"Airsoft BB Blaster Tracer 0.32g 3300pcs green\" \/>\n<meta property=\"og:description\" content=\"Airsoft BB Blaster Tracer 0.32g 3300pcs green ASG Blaster tracer on k\u00f5rgeima kvaliteediga laskemoon. Trasseerivat laskemoona kasutatakse eelk\u00f5ige \u00f6istel\" \/>\n<meta property=\"og:url\" content=\"https:\/\/lahingupood.ee\/en\/product\/airsoft-bb-blaster-tracer-0-32g-3300pcs-green\/\" \/>\n<meta property=\"og:site_name\" content=\"Lahingurada e-pood\" \/>\n<meta property=\"article:publisher\" content=\"https:\/\/www.facebook.com\/Lahingurada-629940247212967\" \/>\n<meta property=\"article:modified_time\" content=\"2026-04-12T17:00:04+00:00\" \/>\n<meta property=\"og:image\" content=\"https:\/\/lahingupood.ee\/wp-content\/uploads\/2023\/03\/19826-000.jpg\" \/>\n\t<meta property=\"og:image:width\" content=\"1600\" \/>\n\t<meta property=\"og:image:height\" content=\"1200\" \/>\n\t<meta property=\"og:image:type\" content=\"image\/jpeg\" \/>\n<meta name=\"twitter:card\" content=\"summary_large_image\" \/>\n<meta name=\"twitter:label1\" content=\"Estimated reading time\" \/>\n\t<meta name=\"twitter:data1\" content=\"1 minute\" \/>\n<script type=\"application\/ld+json\" class=\"yoast-schema-graph\">{\"@context\":\"https:\\\/\\\/schema.org\",\"@graph\":[{\"@type\":\"WebPage\",\"@id\":\"https:\\\/\\\/lahingupood.ee\\\/toode\\\/airsoft-bb-blaster-tracer-0-32g-3300pcs-green\\\/\",\"url\":\"https:\\\/\\\/lahingupood.ee\\\/toode\\\/airsoft-bb-blaster-tracer-0-32g-3300pcs-green\\\/\",\"name\":\"Airsoft BB Blaster Tracer 0.32g 3300pcs green\",\"isPartOf\":{\"@id\":\"https:\\\/\\\/lahingupood.ee\\\/#website\"},\"primaryImageOfPage\":{\"@id\":\"https:\\\/\\\/lahingupood.ee\\\/toode\\\/airsoft-bb-blaster-tracer-0-32g-3300pcs-green\\\/#primaryimage\"},\"image\":{\"@id\":\"https:\\\/\\\/lahingupood.ee\\\/toode\\\/airsoft-bb-blaster-tracer-0-32g-3300pcs-green\\\/#primaryimage\"},\"thumbnailUrl\":\"https:\\\/\\\/lahingupood.ee\\\/wp-content\\\/uploads\\\/2023\\\/03\\\/19826-000.jpg\",\"datePublished\":\"2023-03-28T12:45:00+00:00\",\"dateModified\":\"2026-04-12T17:00:04+00:00\",\"description\":\"Airsoft BB Blaster Tracer 0.32g 3300pcs green ASG Blaster tracer on k\u00f5rgeima kvaliteediga laskemoon. Trasseerivat laskemoona kasutatakse eelk\u00f5ige \u00f6istel\",\"breadcrumb\":{\"@id\":\"https:\\\/\\\/lahingupood.ee\\\/toode\\\/airsoft-bb-blaster-tracer-0-32g-3300pcs-green\\\/#breadcrumb\"},\"inLanguage\":\"en-GB\",\"potentialAction\":[{\"@type\":\"ReadAction\",\"target\":[\"https:\\\/\\\/lahingupood.ee\\\/toode\\\/airsoft-bb-blaster-tracer-0-32g-3300pcs-green\\\/\"]}]},{\"@type\":\"ImageObject\",\"inLanguage\":\"en-GB\",\"@id\":\"https:\\\/\\\/lahingupood.ee\\\/toode\\\/airsoft-bb-blaster-tracer-0-32g-3300pcs-green\\\/#primaryimage\",\"url\":\"https:\\\/\\\/lahingupood.ee\\\/wp-content\\\/uploads\\\/2023\\\/03\\\/19826-000.jpg\",\"contentUrl\":\"https:\\\/\\\/lahingupood.ee\\\/wp-content\\\/uploads\\\/2023\\\/03\\\/19826-000.jpg\",\"width\":1600,\"height\":1200,\"caption\":\"airsoft-bb-blaster-tracer-0-32g-3300pcs-green\"},{\"@type\":\"BreadcrumbList\",\"@id\":\"https:\\\/\\\/lahingupood.ee\\\/toode\\\/airsoft-bb-blaster-tracer-0-32g-3300pcs-green\\\/#breadcrumb\",\"itemListElement\":[{\"@type\":\"ListItem\",\"position\":1,\"name\":\"Home\",\"item\":\"https:\\\/\\\/lahingupood.ee\\\/\"},{\"@type\":\"ListItem\",\"position\":2,\"name\":\"Tooted\",\"item\":\"https:\\\/\\\/lahingupood.ee\\\/tooted\\\/\"},{\"@type\":\"ListItem\",\"position\":3,\"name\":\"Airsoft BB Blaster Tracer 0.32g 3300pcs green\"}]},{\"@type\":\"WebSite\",\"@id\":\"https:\\\/\\\/lahingupood.ee\\\/#website\",\"url\":\"https:\\\/\\\/lahingupood.ee\\\/\",\"name\":\"Lahingurada e-pood\",\"description\":\"Airsoft\",\"publisher\":{\"@id\":\"https:\\\/\\\/lahingupood.ee\\\/#organization\"},\"potentialAction\":[{\"@type\":\"SearchAction\",\"target\":{\"@type\":\"EntryPoint\",\"urlTemplate\":\"https:\\\/\\\/lahingupood.ee\\\/?s={search_term_string}\"},\"query-input\":{\"@type\":\"PropertyValueSpecification\",\"valueRequired\":true,\"valueName\":\"search_term_string\"}}],\"inLanguage\":\"en-GB\"},{\"@type\":\"Organization\",\"@id\":\"https:\\\/\\\/lahingupood.ee\\\/#organization\",\"name\":\"Lahingurada\",\"url\":\"https:\\\/\\\/lahingupood.ee\\\/\",\"logo\":{\"@type\":\"ImageObject\",\"inLanguage\":\"en-GB\",\"@id\":\"https:\\\/\\\/lahingupood.ee\\\/#\\\/schema\\\/logo\\\/image\\\/\",\"url\":\"https:\\\/\\\/lahingupood.ee\\\/wp-content\\\/uploads\\\/2022\\\/03\\\/lahingurada-220318.jpg\",\"contentUrl\":\"https:\\\/\\\/lahingupood.ee\\\/wp-content\\\/uploads\\\/2022\\\/03\\\/lahingurada-220318.jpg\",\"width\":800,\"height\":500,\"caption\":\"Lahingurada\"},\"image\":{\"@id\":\"https:\\\/\\\/lahingupood.ee\\\/#\\\/schema\\\/logo\\\/image\\\/\"},\"sameAs\":[\"https:\\\/\\\/www.facebook.com\\\/Lahingurada-629940247212967\"]}]}<\/script>\n<!-- \/ Yoast SEO Premium plugin. -->","yoast_head_json":{"title":"Airsoft BB Blaster Tracer 0.32g 3300pcs green","description":"Airsoft BB Blaster Tracer 0.32g 3300pcs green ASG Blaster tracer on k\u00f5rgeima kvaliteediga laskemoon. Trasseerivat laskemoona kasutatakse eelk\u00f5ige \u00f6istel","robots":{"index":"index","follow":"follow","max-snippet":"max-snippet:-1","max-image-preview":"max-image-preview:large","max-video-preview":"max-video-preview:-1"},"canonical":"https:\/\/lahingupood.ee\/en\/product\/airsoft-bb-blaster-tracer-0-32g-3300pcs-green\/","og_locale":"en_GB","og_type":"article","og_title":"Airsoft BB Blaster Tracer 0.32g 3300pcs green","og_description":"Airsoft BB Blaster Tracer 0.32g 3300pcs green ASG Blaster tracer on k\u00f5rgeima kvaliteediga laskemoon. Trasseerivat laskemoona kasutatakse eelk\u00f5ige \u00f6istel","og_url":"https:\/\/lahingupood.ee\/en\/product\/airsoft-bb-blaster-tracer-0-32g-3300pcs-green\/","og_site_name":"Lahingurada e-pood","article_publisher":"https:\/\/www.facebook.com\/Lahingurada-629940247212967","article_modified_time":"2026-04-12T17:00:04+00:00","og_image":[{"width":1600,"height":1200,"url":"https:\/\/lahingupood.ee\/wp-content\/uploads\/2023\/03\/19826-000.jpg","type":"image\/jpeg"}],"twitter_card":"summary_large_image","twitter_misc":{"Estimated reading time":"1 minute"},"schema":{"@context":"https:\/\/schema.org","@graph":[{"@type":"WebPage","@id":"https:\/\/lahingupood.ee\/toode\/airsoft-bb-blaster-tracer-0-32g-3300pcs-green\/","url":"https:\/\/lahingupood.ee\/toode\/airsoft-bb-blaster-tracer-0-32g-3300pcs-green\/","name":"Airsoft BB Blaster Tracer 0.32g 3300pcs green","isPartOf":{"@id":"https:\/\/lahingupood.ee\/#website"},"primaryImageOfPage":{"@id":"https:\/\/lahingupood.ee\/toode\/airsoft-bb-blaster-tracer-0-32g-3300pcs-green\/#primaryimage"},"image":{"@id":"https:\/\/lahingupood.ee\/toode\/airsoft-bb-blaster-tracer-0-32g-3300pcs-green\/#primaryimage"},"thumbnailUrl":"https:\/\/lahingupood.ee\/wp-content\/uploads\/2023\/03\/19826-000.jpg","datePublished":"2023-03-28T12:45:00+00:00","dateModified":"2026-04-12T17:00:04+00:00","description":"Airsoft BB Blaster Tracer 0.32g 3300pcs green ASG Blaster tracer on k\u00f5rgeima kvaliteediga laskemoon. Trasseerivat laskemoona kasutatakse eelk\u00f5ige \u00f6istel","breadcrumb":{"@id":"https:\/\/lahingupood.ee\/toode\/airsoft-bb-blaster-tracer-0-32g-3300pcs-green\/#breadcrumb"},"inLanguage":"en-GB","potentialAction":[{"@type":"ReadAction","target":["https:\/\/lahingupood.ee\/toode\/airsoft-bb-blaster-tracer-0-32g-3300pcs-green\/"]}]},{"@type":"ImageObject","inLanguage":"en-GB","@id":"https:\/\/lahingupood.ee\/toode\/airsoft-bb-blaster-tracer-0-32g-3300pcs-green\/#primaryimage","url":"https:\/\/lahingupood.ee\/wp-content\/uploads\/2023\/03\/19826-000.jpg","contentUrl":"https:\/\/lahingupood.ee\/wp-content\/uploads\/2023\/03\/19826-000.jpg","width":1600,"height":1200,"caption":"airsoft-bb-blaster-tracer-0-32g-3300pcs-green"},{"@type":"BreadcrumbList","@id":"https:\/\/lahingupood.ee\/toode\/airsoft-bb-blaster-tracer-0-32g-3300pcs-green\/#breadcrumb","itemListElement":[{"@type":"ListItem","position":1,"name":"Home","item":"https:\/\/lahingupood.ee\/"},{"@type":"ListItem","position":2,"name":"Tooted","item":"https:\/\/lahingupood.ee\/tooted\/"},{"@type":"ListItem","position":3,"name":"Airsoft BB Blaster Tracer 0.32g 3300pcs green"}]},{"@type":"WebSite","@id":"https:\/\/lahingupood.ee\/#website","url":"https:\/\/lahingupood.ee\/","name":"Lahingurada e-pood","description":"Airsoft","publisher":{"@id":"https:\/\/lahingupood.ee\/#organization"},"potentialAction":[{"@type":"SearchAction","target":{"@type":"EntryPoint","urlTemplate":"https:\/\/lahingupood.ee\/?s={search_term_string}"},"query-input":{"@type":"PropertyValueSpecification","valueRequired":true,"valueName":"search_term_string"}}],"inLanguage":"en-GB"},{"@type":"Organization","@id":"https:\/\/lahingupood.ee\/#organization","name":"Lahingurada","url":"https:\/\/lahingupood.ee\/","logo":{"@type":"ImageObject","inLanguage":"en-GB","@id":"https:\/\/lahingupood.ee\/#\/schema\/logo\/image\/","url":"https:\/\/lahingupood.ee\/wp-content\/uploads\/2022\/03\/lahingurada-220318.jpg","contentUrl":"https:\/\/lahingupood.ee\/wp-content\/uploads\/2022\/03\/lahingurada-220318.jpg","width":800,"height":500,"caption":"Lahingurada"},"image":{"@id":"https:\/\/lahingupood.ee\/#\/schema\/logo\/image\/"},"sameAs":["https:\/\/www.facebook.com\/Lahingurada-629940247212967"]}]}},"_links":{"self":[{"href":"https:\/\/lahingupood.ee\/en\/wp-json\/wp\/v2\/product\/3201","targetHints":{"allow":["GET"]}}],"collection":[{"href":"https:\/\/lahingupood.ee\/en\/wp-json\/wp\/v2\/product"}],"about":[{"href":"https:\/\/lahingupood.ee\/en\/wp-json\/wp\/v2\/types\/product"}],"wp:featuredmedia":[{"embeddable":true,"href":"https:\/\/lahingupood.ee\/en\/wp-json\/wp\/v2\/media\/3202"}],"wp:attachment":[{"href":"https:\/\/lahingupood.ee\/en\/wp-json\/wp\/v2\/media?parent=3201"}],"wp:term":[{"taxonomy":"product_brand","embeddable":true,"href":"https:\/\/lahingupood.ee\/en\/wp-json\/wp\/v2\/product_brand?post=3201"},{"taxonomy":"product_cat","embeddable":true,"href":"https:\/\/lahingupood.ee\/en\/wp-json\/wp\/v2\/product_cat?post=3201"},{"taxonomy":"product_tag","embeddable":true,"href":"https:\/\/lahingupood.ee\/en\/wp-json\/wp\/v2\/product_tag?post=3201"}],"curies":[{"name":"wp","href":"https:\/\/api.w.org\/{rel}","templated":true}]}}