{"id":2953,"date":"2023-02-27T17:25:51","date_gmt":"2023-02-27T15:25:51","guid":{"rendered":"https:\/\/lahingupood.ee\/?post_type=product&#038;p=2953"},"modified":"2026-04-12T20:30:01","modified_gmt":"2026-04-12T17:30:01","slug":"folding-spade-black-glock","status":"publish","type":"product","link":"https:\/\/lahingupood.ee\/en\/product\/folding-spade-black-glock\/","title":{"rendered":"Folding Spade Black (Glock)"},"content":{"rendered":"<p>Folding Spade Black (Glock)<\/p>\n<p>Kvaliteetne ja vastupidav sap\u00f6\u00f6rilabidas tuntud relvatootjalt Glock.<\/p>\n<p>Paljud ei tea, et enne legendaarse p\u00fcstoli v\u00e4ljat\u00f6\u00f6tamist olid Glocki p\u00f5hitoodanguks just t\u00e4\u00e4gid ja labidad. Glock-i kokkupandav t\u00f6\u00f6riist &#8211; kolm t\u00f6\u00f6rista \u00fches: labidas, k\u00fchvel ja saag. See kerge, t\u00e4ielikult kokkuvolditav\u00a0labidas on 21. sajandi uuenduslik toode paljude innovatiivsete detailidega. Materjaliteadmised tagavad Glock-i\u00a0 t\u00f6\u00f6riista vastupidavuse ja t\u00f6\u00f6kindluse, see on funktsionaalne t\u00f6\u00f6riist igale v\u00e4listingimustes tegutsevale professionaalile. Labidaosal pole keevitusi ega neete ning seda saab lukustada kolmes erinevas asendis muutes sellest nii labida v\u00f5i k\u00fchvli.\u00a0Kruvikeerajaotsaga karastatud terasest saeleht asub pol\u00fcmeerkattega\u00a0teleskoopk\u00e4epidemes ja selle saab kindlalt k\u00e4epideme k\u00fclge fikseerida. Kokkumurtuna on Glock-i t\u00f6\u00f6riist \u00e4\u00e4rmiselt v\u00e4ikeste v\u00e4lism\u00f5\u00f5tmetega ning seda on lihtne hoida seljakotis v\u00f5i kasv\u00f5i autolaekas.<\/p>","protected":false},"excerpt":{"rendered":"<p>Folding Spade Black (Glock) Kvaliteetne ja vastupidav sap\u00f6\u00f6rilabidas tuntud relvatootjalt Glock. Paljud ei tea, et enne legendaarse p\u00fcstoli v\u00e4ljat\u00f6\u00f6tamist olid Glocki p\u00f5hitoodanguks just t\u00e4\u00e4gid ja labidad. Glock-i kokkupandav t\u00f6\u00f6riist &#8211; kolm t\u00f6\u00f6rista \u00fches: labidas, k\u00fchvel ja saag. See kerge, t\u00e4ielikult kokkuvolditav\u00a0labidas on 21. sajandi uuenduslik toode paljude innovatiivsete detailidega. Materjaliteadmised tagavad Glock-i\u00a0 t\u00f6\u00f6riista vastupidavuse ja [&#8230;]\n","protected":false},"featured_media":2954,"template":"","meta":[],"product_brand":[],"product_cat":[96,95],"product_tag":[],"class_list":{"0":"post-2953","1":"product","2":"type-product","3":"status-publish","4":"has-post-thumbnail","6":"product_cat-muu-kasulik-kraam","7":"product_cat-noad-ja-terariistad","9":"first","10":"outofstock","11":"taxable","12":"shipping-taxable","13":"purchasable","14":"product-type-simple"},"yoast_head":"<!-- This site is optimized with the Yoast SEO Premium plugin v27.3 (Yoast SEO v27.3) - https:\/\/yoast.com\/product\/yoast-seo-premium-wordpress\/ -->\n<title>Folding Spade Black (Glock) - Lahingurada e-pood<\/title>\n<meta name=\"description\" content=\"Folding Spade Black (Glock)Kvaliteetne ja vastupidav sap\u00f6\u00f6rilabidas tuntud relvatootjalt Glock.\u00a0Paljud ei tea, et enne legendaarse p\u00fcstoli v\u00e4ljat\u00f6\u00f6tamist\" \/>\n<meta name=\"robots\" content=\"index, follow, max-snippet:-1, max-image-preview:large, max-video-preview:-1\" \/>\n<link rel=\"canonical\" href=\"https:\/\/lahingupood.ee\/en\/product\/folding-spade-black-glock\/\" \/>\n<meta property=\"og:locale\" content=\"en_GB\" \/>\n<meta property=\"og:type\" content=\"article\" \/>\n<meta property=\"og:title\" content=\"Folding Spade Black (Glock)\" \/>\n<meta property=\"og:description\" content=\"Folding Spade Black (Glock)Kvaliteetne ja vastupidav sap\u00f6\u00f6rilabidas tuntud relvatootjalt Glock.\u00a0Paljud ei tea, et enne legendaarse p\u00fcstoli v\u00e4ljat\u00f6\u00f6tamist\" \/>\n<meta property=\"og:url\" content=\"https:\/\/lahingupood.ee\/en\/product\/folding-spade-black-glock\/\" \/>\n<meta property=\"og:site_name\" content=\"Lahingurada e-pood\" \/>\n<meta property=\"article:publisher\" content=\"https:\/\/www.facebook.com\/Lahingurada-629940247212967\" \/>\n<meta property=\"article:modified_time\" content=\"2026-04-12T17:30:01+00:00\" \/>\n<meta property=\"og:image\" content=\"https:\/\/lahingupood.ee\/wp-content\/uploads\/2023\/02\/8469_3.png\" \/>\n\t<meta property=\"og:image:width\" content=\"930\" \/>\n\t<meta property=\"og:image:height\" content=\"651\" \/>\n\t<meta property=\"og:image:type\" content=\"image\/png\" \/>\n<meta name=\"twitter:card\" content=\"summary_large_image\" \/>\n<meta name=\"twitter:label1\" content=\"Estimated reading time\" \/>\n\t<meta name=\"twitter:data1\" content=\"1 minute\" \/>\n<script type=\"application\/ld+json\" class=\"yoast-schema-graph\">{\"@context\":\"https:\\\/\\\/schema.org\",\"@graph\":[{\"@type\":\"WebPage\",\"@id\":\"https:\\\/\\\/lahingupood.ee\\\/toode\\\/folding-spade-black-glock\\\/\",\"url\":\"https:\\\/\\\/lahingupood.ee\\\/toode\\\/folding-spade-black-glock\\\/\",\"name\":\"Folding Spade Black (Glock) - Lahingurada e-pood\",\"isPartOf\":{\"@id\":\"https:\\\/\\\/lahingupood.ee\\\/#website\"},\"primaryImageOfPage\":{\"@id\":\"https:\\\/\\\/lahingupood.ee\\\/toode\\\/folding-spade-black-glock\\\/#primaryimage\"},\"image\":{\"@id\":\"https:\\\/\\\/lahingupood.ee\\\/toode\\\/folding-spade-black-glock\\\/#primaryimage\"},\"thumbnailUrl\":\"https:\\\/\\\/lahingupood.ee\\\/wp-content\\\/uploads\\\/2023\\\/02\\\/8469_3.png\",\"datePublished\":\"2023-02-27T15:25:51+00:00\",\"dateModified\":\"2026-04-12T17:30:01+00:00\",\"description\":\"Folding Spade Black (Glock)Kvaliteetne ja vastupidav sap\u00f6\u00f6rilabidas tuntud relvatootjalt Glock.\u00a0Paljud ei tea, et enne legendaarse p\u00fcstoli v\u00e4ljat\u00f6\u00f6tamist\",\"breadcrumb\":{\"@id\":\"https:\\\/\\\/lahingupood.ee\\\/toode\\\/folding-spade-black-glock\\\/#breadcrumb\"},\"inLanguage\":\"en-GB\",\"potentialAction\":[{\"@type\":\"ReadAction\",\"target\":[\"https:\\\/\\\/lahingupood.ee\\\/toode\\\/folding-spade-black-glock\\\/\"]}]},{\"@type\":\"ImageObject\",\"inLanguage\":\"en-GB\",\"@id\":\"https:\\\/\\\/lahingupood.ee\\\/toode\\\/folding-spade-black-glock\\\/#primaryimage\",\"url\":\"https:\\\/\\\/lahingupood.ee\\\/wp-content\\\/uploads\\\/2023\\\/02\\\/8469_3.png\",\"contentUrl\":\"https:\\\/\\\/lahingupood.ee\\\/wp-content\\\/uploads\\\/2023\\\/02\\\/8469_3.png\",\"width\":930,\"height\":651,\"caption\":\"folding-spade-black-glock\"},{\"@type\":\"BreadcrumbList\",\"@id\":\"https:\\\/\\\/lahingupood.ee\\\/toode\\\/folding-spade-black-glock\\\/#breadcrumb\",\"itemListElement\":[{\"@type\":\"ListItem\",\"position\":1,\"name\":\"Home\",\"item\":\"https:\\\/\\\/lahingupood.ee\\\/\"},{\"@type\":\"ListItem\",\"position\":2,\"name\":\"Tooted\",\"item\":\"https:\\\/\\\/lahingupood.ee\\\/tooted\\\/\"},{\"@type\":\"ListItem\",\"position\":3,\"name\":\"Folding Spade Black (Glock)\"}]},{\"@type\":\"WebSite\",\"@id\":\"https:\\\/\\\/lahingupood.ee\\\/#website\",\"url\":\"https:\\\/\\\/lahingupood.ee\\\/\",\"name\":\"Lahingurada e-pood\",\"description\":\"Airsoft\",\"publisher\":{\"@id\":\"https:\\\/\\\/lahingupood.ee\\\/#organization\"},\"potentialAction\":[{\"@type\":\"SearchAction\",\"target\":{\"@type\":\"EntryPoint\",\"urlTemplate\":\"https:\\\/\\\/lahingupood.ee\\\/?s={search_term_string}\"},\"query-input\":{\"@type\":\"PropertyValueSpecification\",\"valueRequired\":true,\"valueName\":\"search_term_string\"}}],\"inLanguage\":\"en-GB\"},{\"@type\":\"Organization\",\"@id\":\"https:\\\/\\\/lahingupood.ee\\\/#organization\",\"name\":\"Lahingurada\",\"url\":\"https:\\\/\\\/lahingupood.ee\\\/\",\"logo\":{\"@type\":\"ImageObject\",\"inLanguage\":\"en-GB\",\"@id\":\"https:\\\/\\\/lahingupood.ee\\\/#\\\/schema\\\/logo\\\/image\\\/\",\"url\":\"https:\\\/\\\/lahingupood.ee\\\/wp-content\\\/uploads\\\/2022\\\/03\\\/lahingurada-220318.jpg\",\"contentUrl\":\"https:\\\/\\\/lahingupood.ee\\\/wp-content\\\/uploads\\\/2022\\\/03\\\/lahingurada-220318.jpg\",\"width\":800,\"height\":500,\"caption\":\"Lahingurada\"},\"image\":{\"@id\":\"https:\\\/\\\/lahingupood.ee\\\/#\\\/schema\\\/logo\\\/image\\\/\"},\"sameAs\":[\"https:\\\/\\\/www.facebook.com\\\/Lahingurada-629940247212967\"]}]}<\/script>\n<!-- \/ Yoast SEO Premium plugin. -->","yoast_head_json":{"title":"Folding Spade Black (Glock) - Lahingurada e-pood","description":"Folding Spade Black (Glock)Kvaliteetne ja vastupidav sap\u00f6\u00f6rilabidas tuntud relvatootjalt Glock.\u00a0Paljud ei tea, et enne legendaarse p\u00fcstoli v\u00e4ljat\u00f6\u00f6tamist","robots":{"index":"index","follow":"follow","max-snippet":"max-snippet:-1","max-image-preview":"max-image-preview:large","max-video-preview":"max-video-preview:-1"},"canonical":"https:\/\/lahingupood.ee\/en\/product\/folding-spade-black-glock\/","og_locale":"en_GB","og_type":"article","og_title":"Folding Spade Black (Glock)","og_description":"Folding Spade Black (Glock)Kvaliteetne ja vastupidav sap\u00f6\u00f6rilabidas tuntud relvatootjalt Glock.\u00a0Paljud ei tea, et enne legendaarse p\u00fcstoli v\u00e4ljat\u00f6\u00f6tamist","og_url":"https:\/\/lahingupood.ee\/en\/product\/folding-spade-black-glock\/","og_site_name":"Lahingurada e-pood","article_publisher":"https:\/\/www.facebook.com\/Lahingurada-629940247212967","article_modified_time":"2026-04-12T17:30:01+00:00","og_image":[{"width":930,"height":651,"url":"https:\/\/lahingupood.ee\/wp-content\/uploads\/2023\/02\/8469_3.png","type":"image\/png"}],"twitter_card":"summary_large_image","twitter_misc":{"Estimated reading time":"1 minute"},"schema":{"@context":"https:\/\/schema.org","@graph":[{"@type":"WebPage","@id":"https:\/\/lahingupood.ee\/toode\/folding-spade-black-glock\/","url":"https:\/\/lahingupood.ee\/toode\/folding-spade-black-glock\/","name":"Folding Spade Black (Glock) - Lahingurada e-pood","isPartOf":{"@id":"https:\/\/lahingupood.ee\/#website"},"primaryImageOfPage":{"@id":"https:\/\/lahingupood.ee\/toode\/folding-spade-black-glock\/#primaryimage"},"image":{"@id":"https:\/\/lahingupood.ee\/toode\/folding-spade-black-glock\/#primaryimage"},"thumbnailUrl":"https:\/\/lahingupood.ee\/wp-content\/uploads\/2023\/02\/8469_3.png","datePublished":"2023-02-27T15:25:51+00:00","dateModified":"2026-04-12T17:30:01+00:00","description":"Folding Spade Black (Glock)Kvaliteetne ja vastupidav sap\u00f6\u00f6rilabidas tuntud relvatootjalt Glock.\u00a0Paljud ei tea, et enne legendaarse p\u00fcstoli v\u00e4ljat\u00f6\u00f6tamist","breadcrumb":{"@id":"https:\/\/lahingupood.ee\/toode\/folding-spade-black-glock\/#breadcrumb"},"inLanguage":"en-GB","potentialAction":[{"@type":"ReadAction","target":["https:\/\/lahingupood.ee\/toode\/folding-spade-black-glock\/"]}]},{"@type":"ImageObject","inLanguage":"en-GB","@id":"https:\/\/lahingupood.ee\/toode\/folding-spade-black-glock\/#primaryimage","url":"https:\/\/lahingupood.ee\/wp-content\/uploads\/2023\/02\/8469_3.png","contentUrl":"https:\/\/lahingupood.ee\/wp-content\/uploads\/2023\/02\/8469_3.png","width":930,"height":651,"caption":"folding-spade-black-glock"},{"@type":"BreadcrumbList","@id":"https:\/\/lahingupood.ee\/toode\/folding-spade-black-glock\/#breadcrumb","itemListElement":[{"@type":"ListItem","position":1,"name":"Home","item":"https:\/\/lahingupood.ee\/"},{"@type":"ListItem","position":2,"name":"Tooted","item":"https:\/\/lahingupood.ee\/tooted\/"},{"@type":"ListItem","position":3,"name":"Folding Spade Black (Glock)"}]},{"@type":"WebSite","@id":"https:\/\/lahingupood.ee\/#website","url":"https:\/\/lahingupood.ee\/","name":"Lahingurada e-pood","description":"Airsoft","publisher":{"@id":"https:\/\/lahingupood.ee\/#organization"},"potentialAction":[{"@type":"SearchAction","target":{"@type":"EntryPoint","urlTemplate":"https:\/\/lahingupood.ee\/?s={search_term_string}"},"query-input":{"@type":"PropertyValueSpecification","valueRequired":true,"valueName":"search_term_string"}}],"inLanguage":"en-GB"},{"@type":"Organization","@id":"https:\/\/lahingupood.ee\/#organization","name":"Lahingurada","url":"https:\/\/lahingupood.ee\/","logo":{"@type":"ImageObject","inLanguage":"en-GB","@id":"https:\/\/lahingupood.ee\/#\/schema\/logo\/image\/","url":"https:\/\/lahingupood.ee\/wp-content\/uploads\/2022\/03\/lahingurada-220318.jpg","contentUrl":"https:\/\/lahingupood.ee\/wp-content\/uploads\/2022\/03\/lahingurada-220318.jpg","width":800,"height":500,"caption":"Lahingurada"},"image":{"@id":"https:\/\/lahingupood.ee\/#\/schema\/logo\/image\/"},"sameAs":["https:\/\/www.facebook.com\/Lahingurada-629940247212967"]}]}},"_links":{"self":[{"href":"https:\/\/lahingupood.ee\/en\/wp-json\/wp\/v2\/product\/2953","targetHints":{"allow":["GET"]}}],"collection":[{"href":"https:\/\/lahingupood.ee\/en\/wp-json\/wp\/v2\/product"}],"about":[{"href":"https:\/\/lahingupood.ee\/en\/wp-json\/wp\/v2\/types\/product"}],"wp:featuredmedia":[{"embeddable":true,"href":"https:\/\/lahingupood.ee\/en\/wp-json\/wp\/v2\/media\/2954"}],"wp:attachment":[{"href":"https:\/\/lahingupood.ee\/en\/wp-json\/wp\/v2\/media?parent=2953"}],"wp:term":[{"taxonomy":"product_brand","embeddable":true,"href":"https:\/\/lahingupood.ee\/en\/wp-json\/wp\/v2\/product_brand?post=2953"},{"taxonomy":"product_cat","embeddable":true,"href":"https:\/\/lahingupood.ee\/en\/wp-json\/wp\/v2\/product_cat?post=2953"},{"taxonomy":"product_tag","embeddable":true,"href":"https:\/\/lahingupood.ee\/en\/wp-json\/wp\/v2\/product_tag?post=2953"}],"curies":[{"name":"wp","href":"https:\/\/api.w.org\/{rel}","templated":true}]}}