{"id":2860,"date":"2023-01-13T15:37:57","date_gmt":"2023-01-13T13:37:57","guid":{"rendered":"https:\/\/lahingupood.ee\/?post_type=product&#038;p=2860"},"modified":"2026-04-12T18:15:01","modified_gmt":"2026-04-12T15:15:01","slug":"armalite-m15-light-tactical-carbine","status":"publish","type":"product","link":"https:\/\/lahingupood.ee\/en\/product\/armalite-m15-light-tactical-carbine\/","title":{"rendered":"ARMALITE M15 Light Tactical Carbine"},"content":{"rendered":"<p>ARMALITE M15 Light Tactical Carbine<\/p>\n<p>Armalite litsensiga airsoft replika, millel on tehase poolt paigaldatud MOSFET. Ergonoomiline laes\u00e4\u00e4r ja klapitavad sihikud. t\u00e4pselt timmitav HopUp kamber.<\/p>\n<p>Replikal on kaasas Nimh aku ja laadija!<\/p>","protected":false},"excerpt":{"rendered":"<p>ARMALITE M15 Light Tactical Carbine Armalite litsensiga airsoft replika, millel on tehase poolt paigaldatud MOSFET. Ergonoomiline laes\u00e4\u00e4r ja klapitavad sihikud. t\u00e4pselt timmitav HopUp kamber. Replikal on kaasas Nimh aku ja laadija!<\/p>","protected":false},"featured_media":2861,"template":"","meta":[],"product_brand":[],"product_cat":[23,77],"product_tag":[],"class_list":{"0":"post-2860","1":"product","2":"type-product","3":"status-publish","4":"has-post-thumbnail","6":"product_cat-elektrilised-relvad","7":"product_cat-sooduspakkumised","9":"first","10":"instock","11":"sale","12":"taxable","13":"shipping-taxable","14":"purchasable","15":"product-type-simple"},"yoast_head":"<!-- This site is optimized with the Yoast SEO Premium plugin v27.3 (Yoast SEO v27.3) - https:\/\/yoast.com\/product\/yoast-seo-premium-wordpress\/ -->\n<title>ARMALITE M15 Light Tactical Carbine - Lahingurada e-pood<\/title>\n<meta name=\"description\" content=\"ARMALITE M15 Light Tactical Carbine Armalite litsensiga airsoft replika, millel on tehase poolt paigaldatud MOSFET. Ergonoomiline laes\u00e4\u00e4r\" \/>\n<meta name=\"robots\" content=\"index, follow, max-snippet:-1, max-image-preview:large, max-video-preview:-1\" \/>\n<link rel=\"canonical\" href=\"https:\/\/lahingupood.ee\/en\/product\/armalite-m15-light-tactical-carbine\/\" \/>\n<meta property=\"og:locale\" content=\"en_GB\" \/>\n<meta property=\"og:type\" content=\"article\" \/>\n<meta property=\"og:title\" content=\"ARMALITE M15 Light Tactical Carbine\" \/>\n<meta property=\"og:description\" content=\"ARMALITE M15 Light Tactical Carbine Armalite litsensiga airsoft replika, millel on tehase poolt paigaldatud MOSFET. Ergonoomiline laes\u00e4\u00e4r\" \/>\n<meta property=\"og:url\" content=\"https:\/\/lahingupood.ee\/en\/product\/armalite-m15-light-tactical-carbine\/\" \/>\n<meta property=\"og:site_name\" content=\"Lahingurada e-pood\" \/>\n<meta property=\"article:publisher\" content=\"https:\/\/www.facebook.com\/Lahingurada-629940247212967\" \/>\n<meta property=\"article:modified_time\" content=\"2026-04-12T15:15:01+00:00\" \/>\n<meta property=\"og:image\" content=\"https:\/\/lahingupood.ee\/wp-content\/uploads\/2023\/01\/18482-000.jpg\" \/>\n\t<meta property=\"og:image:width\" content=\"1600\" \/>\n\t<meta property=\"og:image:height\" content=\"1200\" \/>\n\t<meta property=\"og:image:type\" content=\"image\/jpeg\" \/>\n<meta name=\"twitter:card\" content=\"summary_large_image\" \/>\n<meta name=\"twitter:label1\" content=\"Estimated reading time\" \/>\n\t<meta name=\"twitter:data1\" content=\"1 minute\" \/>\n<script type=\"application\/ld+json\" class=\"yoast-schema-graph\">{\"@context\":\"https:\\\/\\\/schema.org\",\"@graph\":[{\"@type\":\"WebPage\",\"@id\":\"https:\\\/\\\/lahingupood.ee\\\/toode\\\/armalite-m15-light-tactical-carbine\\\/\",\"url\":\"https:\\\/\\\/lahingupood.ee\\\/toode\\\/armalite-m15-light-tactical-carbine\\\/\",\"name\":\"ARMALITE M15 Light Tactical Carbine - Lahingurada e-pood\",\"isPartOf\":{\"@id\":\"https:\\\/\\\/lahingupood.ee\\\/#website\"},\"primaryImageOfPage\":{\"@id\":\"https:\\\/\\\/lahingupood.ee\\\/toode\\\/armalite-m15-light-tactical-carbine\\\/#primaryimage\"},\"image\":{\"@id\":\"https:\\\/\\\/lahingupood.ee\\\/toode\\\/armalite-m15-light-tactical-carbine\\\/#primaryimage\"},\"thumbnailUrl\":\"https:\\\/\\\/lahingupood.ee\\\/wp-content\\\/uploads\\\/2023\\\/01\\\/18482-000.jpg\",\"datePublished\":\"2023-01-13T13:37:57+00:00\",\"dateModified\":\"2026-04-12T15:15:01+00:00\",\"description\":\"ARMALITE M15 Light Tactical Carbine Armalite litsensiga airsoft replika, millel on tehase poolt paigaldatud MOSFET. Ergonoomiline laes\u00e4\u00e4r\",\"breadcrumb\":{\"@id\":\"https:\\\/\\\/lahingupood.ee\\\/toode\\\/armalite-m15-light-tactical-carbine\\\/#breadcrumb\"},\"inLanguage\":\"en-GB\",\"potentialAction\":[{\"@type\":\"ReadAction\",\"target\":[\"https:\\\/\\\/lahingupood.ee\\\/toode\\\/armalite-m15-light-tactical-carbine\\\/\"]}]},{\"@type\":\"ImageObject\",\"inLanguage\":\"en-GB\",\"@id\":\"https:\\\/\\\/lahingupood.ee\\\/toode\\\/armalite-m15-light-tactical-carbine\\\/#primaryimage\",\"url\":\"https:\\\/\\\/lahingupood.ee\\\/wp-content\\\/uploads\\\/2023\\\/01\\\/18482-000.jpg\",\"contentUrl\":\"https:\\\/\\\/lahingupood.ee\\\/wp-content\\\/uploads\\\/2023\\\/01\\\/18482-000.jpg\",\"width\":1600,\"height\":1200,\"caption\":\"armalite-m15-light-tactical-carbine\"},{\"@type\":\"BreadcrumbList\",\"@id\":\"https:\\\/\\\/lahingupood.ee\\\/toode\\\/armalite-m15-light-tactical-carbine\\\/#breadcrumb\",\"itemListElement\":[{\"@type\":\"ListItem\",\"position\":1,\"name\":\"Home\",\"item\":\"https:\\\/\\\/lahingupood.ee\\\/\"},{\"@type\":\"ListItem\",\"position\":2,\"name\":\"Tooted\",\"item\":\"https:\\\/\\\/lahingupood.ee\\\/tooted\\\/\"},{\"@type\":\"ListItem\",\"position\":3,\"name\":\"ARMALITE M15 Light Tactical Carbine\"}]},{\"@type\":\"WebSite\",\"@id\":\"https:\\\/\\\/lahingupood.ee\\\/#website\",\"url\":\"https:\\\/\\\/lahingupood.ee\\\/\",\"name\":\"Lahingurada e-pood\",\"description\":\"Airsoft\",\"publisher\":{\"@id\":\"https:\\\/\\\/lahingupood.ee\\\/#organization\"},\"potentialAction\":[{\"@type\":\"SearchAction\",\"target\":{\"@type\":\"EntryPoint\",\"urlTemplate\":\"https:\\\/\\\/lahingupood.ee\\\/?s={search_term_string}\"},\"query-input\":{\"@type\":\"PropertyValueSpecification\",\"valueRequired\":true,\"valueName\":\"search_term_string\"}}],\"inLanguage\":\"en-GB\"},{\"@type\":\"Organization\",\"@id\":\"https:\\\/\\\/lahingupood.ee\\\/#organization\",\"name\":\"Lahingurada\",\"url\":\"https:\\\/\\\/lahingupood.ee\\\/\",\"logo\":{\"@type\":\"ImageObject\",\"inLanguage\":\"en-GB\",\"@id\":\"https:\\\/\\\/lahingupood.ee\\\/#\\\/schema\\\/logo\\\/image\\\/\",\"url\":\"https:\\\/\\\/lahingupood.ee\\\/wp-content\\\/uploads\\\/2022\\\/03\\\/lahingurada-220318.jpg\",\"contentUrl\":\"https:\\\/\\\/lahingupood.ee\\\/wp-content\\\/uploads\\\/2022\\\/03\\\/lahingurada-220318.jpg\",\"width\":800,\"height\":500,\"caption\":\"Lahingurada\"},\"image\":{\"@id\":\"https:\\\/\\\/lahingupood.ee\\\/#\\\/schema\\\/logo\\\/image\\\/\"},\"sameAs\":[\"https:\\\/\\\/www.facebook.com\\\/Lahingurada-629940247212967\"]}]}<\/script>\n<!-- \/ Yoast SEO Premium plugin. -->","yoast_head_json":{"title":"ARMALITE M15 Light Tactical Carbine - Lahingurada e-pood","description":"ARMALITE M15 Light Tactical Carbine Armalite litsensiga airsoft replika, millel on tehase poolt paigaldatud MOSFET. Ergonoomiline laes\u00e4\u00e4r","robots":{"index":"index","follow":"follow","max-snippet":"max-snippet:-1","max-image-preview":"max-image-preview:large","max-video-preview":"max-video-preview:-1"},"canonical":"https:\/\/lahingupood.ee\/en\/product\/armalite-m15-light-tactical-carbine\/","og_locale":"en_GB","og_type":"article","og_title":"ARMALITE M15 Light Tactical Carbine","og_description":"ARMALITE M15 Light Tactical Carbine Armalite litsensiga airsoft replika, millel on tehase poolt paigaldatud MOSFET. Ergonoomiline laes\u00e4\u00e4r","og_url":"https:\/\/lahingupood.ee\/en\/product\/armalite-m15-light-tactical-carbine\/","og_site_name":"Lahingurada e-pood","article_publisher":"https:\/\/www.facebook.com\/Lahingurada-629940247212967","article_modified_time":"2026-04-12T15:15:01+00:00","og_image":[{"width":1600,"height":1200,"url":"https:\/\/lahingupood.ee\/wp-content\/uploads\/2023\/01\/18482-000.jpg","type":"image\/jpeg"}],"twitter_card":"summary_large_image","twitter_misc":{"Estimated reading time":"1 minute"},"schema":{"@context":"https:\/\/schema.org","@graph":[{"@type":"WebPage","@id":"https:\/\/lahingupood.ee\/toode\/armalite-m15-light-tactical-carbine\/","url":"https:\/\/lahingupood.ee\/toode\/armalite-m15-light-tactical-carbine\/","name":"ARMALITE M15 Light Tactical Carbine - Lahingurada e-pood","isPartOf":{"@id":"https:\/\/lahingupood.ee\/#website"},"primaryImageOfPage":{"@id":"https:\/\/lahingupood.ee\/toode\/armalite-m15-light-tactical-carbine\/#primaryimage"},"image":{"@id":"https:\/\/lahingupood.ee\/toode\/armalite-m15-light-tactical-carbine\/#primaryimage"},"thumbnailUrl":"https:\/\/lahingupood.ee\/wp-content\/uploads\/2023\/01\/18482-000.jpg","datePublished":"2023-01-13T13:37:57+00:00","dateModified":"2026-04-12T15:15:01+00:00","description":"ARMALITE M15 Light Tactical Carbine Armalite litsensiga airsoft replika, millel on tehase poolt paigaldatud MOSFET. Ergonoomiline laes\u00e4\u00e4r","breadcrumb":{"@id":"https:\/\/lahingupood.ee\/toode\/armalite-m15-light-tactical-carbine\/#breadcrumb"},"inLanguage":"en-GB","potentialAction":[{"@type":"ReadAction","target":["https:\/\/lahingupood.ee\/toode\/armalite-m15-light-tactical-carbine\/"]}]},{"@type":"ImageObject","inLanguage":"en-GB","@id":"https:\/\/lahingupood.ee\/toode\/armalite-m15-light-tactical-carbine\/#primaryimage","url":"https:\/\/lahingupood.ee\/wp-content\/uploads\/2023\/01\/18482-000.jpg","contentUrl":"https:\/\/lahingupood.ee\/wp-content\/uploads\/2023\/01\/18482-000.jpg","width":1600,"height":1200,"caption":"armalite-m15-light-tactical-carbine"},{"@type":"BreadcrumbList","@id":"https:\/\/lahingupood.ee\/toode\/armalite-m15-light-tactical-carbine\/#breadcrumb","itemListElement":[{"@type":"ListItem","position":1,"name":"Home","item":"https:\/\/lahingupood.ee\/"},{"@type":"ListItem","position":2,"name":"Tooted","item":"https:\/\/lahingupood.ee\/tooted\/"},{"@type":"ListItem","position":3,"name":"ARMALITE M15 Light Tactical Carbine"}]},{"@type":"WebSite","@id":"https:\/\/lahingupood.ee\/#website","url":"https:\/\/lahingupood.ee\/","name":"Lahingurada e-pood","description":"Airsoft","publisher":{"@id":"https:\/\/lahingupood.ee\/#organization"},"potentialAction":[{"@type":"SearchAction","target":{"@type":"EntryPoint","urlTemplate":"https:\/\/lahingupood.ee\/?s={search_term_string}"},"query-input":{"@type":"PropertyValueSpecification","valueRequired":true,"valueName":"search_term_string"}}],"inLanguage":"en-GB"},{"@type":"Organization","@id":"https:\/\/lahingupood.ee\/#organization","name":"Lahingurada","url":"https:\/\/lahingupood.ee\/","logo":{"@type":"ImageObject","inLanguage":"en-GB","@id":"https:\/\/lahingupood.ee\/#\/schema\/logo\/image\/","url":"https:\/\/lahingupood.ee\/wp-content\/uploads\/2022\/03\/lahingurada-220318.jpg","contentUrl":"https:\/\/lahingupood.ee\/wp-content\/uploads\/2022\/03\/lahingurada-220318.jpg","width":800,"height":500,"caption":"Lahingurada"},"image":{"@id":"https:\/\/lahingupood.ee\/#\/schema\/logo\/image\/"},"sameAs":["https:\/\/www.facebook.com\/Lahingurada-629940247212967"]}]}},"_links":{"self":[{"href":"https:\/\/lahingupood.ee\/en\/wp-json\/wp\/v2\/product\/2860","targetHints":{"allow":["GET"]}}],"collection":[{"href":"https:\/\/lahingupood.ee\/en\/wp-json\/wp\/v2\/product"}],"about":[{"href":"https:\/\/lahingupood.ee\/en\/wp-json\/wp\/v2\/types\/product"}],"wp:featuredmedia":[{"embeddable":true,"href":"https:\/\/lahingupood.ee\/en\/wp-json\/wp\/v2\/media\/2861"}],"wp:attachment":[{"href":"https:\/\/lahingupood.ee\/en\/wp-json\/wp\/v2\/media?parent=2860"}],"wp:term":[{"taxonomy":"product_brand","embeddable":true,"href":"https:\/\/lahingupood.ee\/en\/wp-json\/wp\/v2\/product_brand?post=2860"},{"taxonomy":"product_cat","embeddable":true,"href":"https:\/\/lahingupood.ee\/en\/wp-json\/wp\/v2\/product_cat?post=2860"},{"taxonomy":"product_tag","embeddable":true,"href":"https:\/\/lahingupood.ee\/en\/wp-json\/wp\/v2\/product_tag?post=2860"}],"curies":[{"name":"wp","href":"https:\/\/api.w.org\/{rel}","templated":true}]}}