{"id":2740,"date":"2022-12-30T17:20:52","date_gmt":"2022-12-30T15:20:52","guid":{"rendered":"https:\/\/lahingupood.ee\/?post_type=product&#038;p=2740"},"modified":"2026-04-12T18:15:06","modified_gmt":"2026-04-12T15:15:06","slug":"aap01-gbb-full-auto-semi-auto-black-action-army","status":"publish","type":"product","link":"https:\/\/lahingupood.ee\/en\/product\/aap01-gbb-full-auto-semi-auto-black-action-army\/","title":{"rendered":"AAP01 GBB Full Auto\/Semi Auto Black (Action Army)"},"content":{"rendered":"<p>AAP01 GBB Full Auto\/Semi Auto Black (Action Army)<\/p>\n<p>Kuulsa Ruger Assasin p\u00fcstoli modifitseeritud replika. Vaatamata omap\u00e4rasele kujule on see \u00fcks mugavamaid, kasutajas\u00f5bralikumaid ning t\u00f6\u00f6kindlamaid relvi. Laseb \u00fcksiklaskude ja valangutega. Suurimateks eelisteks teiste GBB p\u00fcstolite ees:<\/p>\n<ul>\n<li>T\u00e4nu tugevast pol\u00fcmeerist kerele v\u00e4ga vastupidav, kuid kerge.<\/li>\n<li>L\u00fchike lukuk\u00e4ik tagab gaasis\u00fcsteemi t\u00f6\u00f6kindluse.<\/li>\n<li>Fikseeritud relvaraud tagab parema t\u00e4psuse.<\/li>\n<li>HopUpi reguleerimiseks ei ole vaja relva lahti v\u00f5tta.<\/li>\n<li>\u00dchildub enamuse Glock t\u00fc\u00fcpi GBB salvedega.<\/li>\n<li>Relvaraual olemas 14CCM keere trasserotsikute kinnitamiseks.<\/li>\n<li>Sobib nii parema- kui vasakuk\u00e4elistele.<\/li>\n<\/ul>\n<p><a href=\"https:\/\/www.youtube.com\/watch?v=F9F0kScRbmM&amp;t=1028s\">Vaata tutvustavat \u00fclevaadet youtubeis<\/a><\/p>","protected":false},"excerpt":{"rendered":"<p>AAP01 GBB Full Auto\/Semi Auto Black (Action Army) Kuulsa Ruger Assasin p\u00fcstoli modifitseeritud replika. Vaatamata omap\u00e4rasele kujule on see \u00fcks mugavamaid, kasutajas\u00f5bralikumaid ning t\u00f6\u00f6kindlamaid relvi. Laseb \u00fcksiklaskude ja valangutega. Suurimateks eelisteks teiste GBB p\u00fcstolite ees: T\u00e4nu tugevast pol\u00fcmeerist kerele v\u00e4ga vastupidav, kuid kerge. L\u00fchike lukuk\u00e4ik tagab gaasis\u00fcsteemi t\u00f6\u00f6kindluse. Fikseeritud relvaraud tagab parema t\u00e4psuse. HopUpi reguleerimiseks [&#8230;]\n","protected":false},"featured_media":2741,"template":"","meta":[],"product_brand":[],"product_cat":[24],"product_tag":[],"class_list":{"0":"post-2740","1":"product","2":"type-product","3":"status-publish","4":"has-post-thumbnail","6":"product_cat-gbb-relvad","8":"first","9":"instock","10":"taxable","11":"shipping-taxable","12":"purchasable","13":"product-type-simple"},"yoast_head":"<!-- This site is optimized with the Yoast SEO Premium plugin v27.3 (Yoast SEO v27.3) - https:\/\/yoast.com\/product\/yoast-seo-premium-wordpress\/ -->\n<title>AAP01 GBB Full Auto\/Semi Auto Black (Action Army)<\/title>\n<meta name=\"description\" content=\"AAP01 GBB Full Auto\/Semi Auto Black (Action Army) Kuulsa Ruger Assasin p\u00fcstoli modifitseeritud replika. Vaatamata omap\u00e4rasele kujule on see \u00fcks mugavamaid\" \/>\n<meta name=\"robots\" content=\"index, follow, max-snippet:-1, max-image-preview:large, max-video-preview:-1\" \/>\n<link rel=\"canonical\" href=\"https:\/\/lahingupood.ee\/en\/product\/aap01-gbb-full-auto-semi-auto-black-action-army\/\" \/>\n<meta property=\"og:locale\" content=\"en_GB\" \/>\n<meta property=\"og:type\" content=\"article\" \/>\n<meta property=\"og:title\" content=\"AAP01 GBB Full Auto\/Semi Auto Black (Action Army)\" \/>\n<meta property=\"og:description\" content=\"AAP01 GBB Full Auto\/Semi Auto Black (Action Army) Kuulsa Ruger Assasin p\u00fcstoli modifitseeritud replika. Vaatamata omap\u00e4rasele kujule on see \u00fcks mugavamaid\" \/>\n<meta property=\"og:url\" content=\"https:\/\/lahingupood.ee\/en\/product\/aap01-gbb-full-auto-semi-auto-black-action-army\/\" \/>\n<meta property=\"og:site_name\" content=\"Lahingurada e-pood\" \/>\n<meta property=\"article:publisher\" content=\"https:\/\/www.facebook.com\/Lahingurada-629940247212967\" \/>\n<meta property=\"article:modified_time\" content=\"2026-04-12T15:15:06+00:00\" \/>\n<meta property=\"og:image\" content=\"https:\/\/lahingupood.ee\/wp-content\/uploads\/2022\/12\/30259.jpg\" \/>\n\t<meta property=\"og:image:width\" content=\"930\" \/>\n\t<meta property=\"og:image:height\" content=\"651\" \/>\n\t<meta property=\"og:image:type\" content=\"image\/jpeg\" \/>\n<meta name=\"twitter:card\" content=\"summary_large_image\" \/>\n<meta name=\"twitter:label1\" content=\"Estimated reading time\" \/>\n\t<meta name=\"twitter:data1\" content=\"1 minute\" \/>\n<script type=\"application\/ld+json\" class=\"yoast-schema-graph\">{\"@context\":\"https:\\\/\\\/schema.org\",\"@graph\":[{\"@type\":\"WebPage\",\"@id\":\"https:\\\/\\\/lahingupood.ee\\\/toode\\\/aap01-gbb-full-auto-semi-auto-black-action-army\\\/\",\"url\":\"https:\\\/\\\/lahingupood.ee\\\/toode\\\/aap01-gbb-full-auto-semi-auto-black-action-army\\\/\",\"name\":\"AAP01 GBB Full Auto\\\/Semi Auto Black (Action Army)\",\"isPartOf\":{\"@id\":\"https:\\\/\\\/lahingupood.ee\\\/#website\"},\"primaryImageOfPage\":{\"@id\":\"https:\\\/\\\/lahingupood.ee\\\/toode\\\/aap01-gbb-full-auto-semi-auto-black-action-army\\\/#primaryimage\"},\"image\":{\"@id\":\"https:\\\/\\\/lahingupood.ee\\\/toode\\\/aap01-gbb-full-auto-semi-auto-black-action-army\\\/#primaryimage\"},\"thumbnailUrl\":\"https:\\\/\\\/lahingupood.ee\\\/wp-content\\\/uploads\\\/2022\\\/12\\\/30259.jpg\",\"datePublished\":\"2022-12-30T15:20:52+00:00\",\"dateModified\":\"2026-04-12T15:15:06+00:00\",\"description\":\"AAP01 GBB Full Auto\\\/Semi Auto Black (Action Army) Kuulsa Ruger Assasin p\u00fcstoli modifitseeritud replika. Vaatamata omap\u00e4rasele kujule on see \u00fcks mugavamaid\",\"breadcrumb\":{\"@id\":\"https:\\\/\\\/lahingupood.ee\\\/toode\\\/aap01-gbb-full-auto-semi-auto-black-action-army\\\/#breadcrumb\"},\"inLanguage\":\"en-GB\",\"potentialAction\":[{\"@type\":\"ReadAction\",\"target\":[\"https:\\\/\\\/lahingupood.ee\\\/toode\\\/aap01-gbb-full-auto-semi-auto-black-action-army\\\/\"]}]},{\"@type\":\"ImageObject\",\"inLanguage\":\"en-GB\",\"@id\":\"https:\\\/\\\/lahingupood.ee\\\/toode\\\/aap01-gbb-full-auto-semi-auto-black-action-army\\\/#primaryimage\",\"url\":\"https:\\\/\\\/lahingupood.ee\\\/wp-content\\\/uploads\\\/2022\\\/12\\\/30259.jpg\",\"contentUrl\":\"https:\\\/\\\/lahingupood.ee\\\/wp-content\\\/uploads\\\/2022\\\/12\\\/30259.jpg\",\"width\":930,\"height\":651,\"caption\":\"aap01-gbb-full-auto-semi-auto-black-action-army\"},{\"@type\":\"BreadcrumbList\",\"@id\":\"https:\\\/\\\/lahingupood.ee\\\/toode\\\/aap01-gbb-full-auto-semi-auto-black-action-army\\\/#breadcrumb\",\"itemListElement\":[{\"@type\":\"ListItem\",\"position\":1,\"name\":\"Home\",\"item\":\"https:\\\/\\\/lahingupood.ee\\\/\"},{\"@type\":\"ListItem\",\"position\":2,\"name\":\"Tooted\",\"item\":\"https:\\\/\\\/lahingupood.ee\\\/tooted\\\/\"},{\"@type\":\"ListItem\",\"position\":3,\"name\":\"AAP01 GBB Full Auto\\\/Semi Auto Black (Action Army)\"}]},{\"@type\":\"WebSite\",\"@id\":\"https:\\\/\\\/lahingupood.ee\\\/#website\",\"url\":\"https:\\\/\\\/lahingupood.ee\\\/\",\"name\":\"Lahingurada e-pood\",\"description\":\"Airsoft\",\"publisher\":{\"@id\":\"https:\\\/\\\/lahingupood.ee\\\/#organization\"},\"potentialAction\":[{\"@type\":\"SearchAction\",\"target\":{\"@type\":\"EntryPoint\",\"urlTemplate\":\"https:\\\/\\\/lahingupood.ee\\\/?s={search_term_string}\"},\"query-input\":{\"@type\":\"PropertyValueSpecification\",\"valueRequired\":true,\"valueName\":\"search_term_string\"}}],\"inLanguage\":\"en-GB\"},{\"@type\":\"Organization\",\"@id\":\"https:\\\/\\\/lahingupood.ee\\\/#organization\",\"name\":\"Lahingurada\",\"url\":\"https:\\\/\\\/lahingupood.ee\\\/\",\"logo\":{\"@type\":\"ImageObject\",\"inLanguage\":\"en-GB\",\"@id\":\"https:\\\/\\\/lahingupood.ee\\\/#\\\/schema\\\/logo\\\/image\\\/\",\"url\":\"https:\\\/\\\/lahingupood.ee\\\/wp-content\\\/uploads\\\/2022\\\/03\\\/lahingurada-220318.jpg\",\"contentUrl\":\"https:\\\/\\\/lahingupood.ee\\\/wp-content\\\/uploads\\\/2022\\\/03\\\/lahingurada-220318.jpg\",\"width\":800,\"height\":500,\"caption\":\"Lahingurada\"},\"image\":{\"@id\":\"https:\\\/\\\/lahingupood.ee\\\/#\\\/schema\\\/logo\\\/image\\\/\"},\"sameAs\":[\"https:\\\/\\\/www.facebook.com\\\/Lahingurada-629940247212967\"]}]}<\/script>\n<!-- \/ Yoast SEO Premium plugin. -->","yoast_head_json":{"title":"AAP01 GBB Full Auto\/Semi Auto Black (Action Army)","description":"AAP01 GBB Full Auto\/Semi Auto Black (Action Army) Kuulsa Ruger Assasin p\u00fcstoli modifitseeritud replika. Vaatamata omap\u00e4rasele kujule on see \u00fcks mugavamaid","robots":{"index":"index","follow":"follow","max-snippet":"max-snippet:-1","max-image-preview":"max-image-preview:large","max-video-preview":"max-video-preview:-1"},"canonical":"https:\/\/lahingupood.ee\/en\/product\/aap01-gbb-full-auto-semi-auto-black-action-army\/","og_locale":"en_GB","og_type":"article","og_title":"AAP01 GBB Full Auto\/Semi Auto Black (Action Army)","og_description":"AAP01 GBB Full Auto\/Semi Auto Black (Action Army) Kuulsa Ruger Assasin p\u00fcstoli modifitseeritud replika. Vaatamata omap\u00e4rasele kujule on see \u00fcks mugavamaid","og_url":"https:\/\/lahingupood.ee\/en\/product\/aap01-gbb-full-auto-semi-auto-black-action-army\/","og_site_name":"Lahingurada e-pood","article_publisher":"https:\/\/www.facebook.com\/Lahingurada-629940247212967","article_modified_time":"2026-04-12T15:15:06+00:00","og_image":[{"width":930,"height":651,"url":"https:\/\/lahingupood.ee\/wp-content\/uploads\/2022\/12\/30259.jpg","type":"image\/jpeg"}],"twitter_card":"summary_large_image","twitter_misc":{"Estimated reading time":"1 minute"},"schema":{"@context":"https:\/\/schema.org","@graph":[{"@type":"WebPage","@id":"https:\/\/lahingupood.ee\/toode\/aap01-gbb-full-auto-semi-auto-black-action-army\/","url":"https:\/\/lahingupood.ee\/toode\/aap01-gbb-full-auto-semi-auto-black-action-army\/","name":"AAP01 GBB Full Auto\/Semi Auto Black (Action Army)","isPartOf":{"@id":"https:\/\/lahingupood.ee\/#website"},"primaryImageOfPage":{"@id":"https:\/\/lahingupood.ee\/toode\/aap01-gbb-full-auto-semi-auto-black-action-army\/#primaryimage"},"image":{"@id":"https:\/\/lahingupood.ee\/toode\/aap01-gbb-full-auto-semi-auto-black-action-army\/#primaryimage"},"thumbnailUrl":"https:\/\/lahingupood.ee\/wp-content\/uploads\/2022\/12\/30259.jpg","datePublished":"2022-12-30T15:20:52+00:00","dateModified":"2026-04-12T15:15:06+00:00","description":"AAP01 GBB Full Auto\/Semi Auto Black (Action Army) Kuulsa Ruger Assasin p\u00fcstoli modifitseeritud replika. Vaatamata omap\u00e4rasele kujule on see \u00fcks mugavamaid","breadcrumb":{"@id":"https:\/\/lahingupood.ee\/toode\/aap01-gbb-full-auto-semi-auto-black-action-army\/#breadcrumb"},"inLanguage":"en-GB","potentialAction":[{"@type":"ReadAction","target":["https:\/\/lahingupood.ee\/toode\/aap01-gbb-full-auto-semi-auto-black-action-army\/"]}]},{"@type":"ImageObject","inLanguage":"en-GB","@id":"https:\/\/lahingupood.ee\/toode\/aap01-gbb-full-auto-semi-auto-black-action-army\/#primaryimage","url":"https:\/\/lahingupood.ee\/wp-content\/uploads\/2022\/12\/30259.jpg","contentUrl":"https:\/\/lahingupood.ee\/wp-content\/uploads\/2022\/12\/30259.jpg","width":930,"height":651,"caption":"aap01-gbb-full-auto-semi-auto-black-action-army"},{"@type":"BreadcrumbList","@id":"https:\/\/lahingupood.ee\/toode\/aap01-gbb-full-auto-semi-auto-black-action-army\/#breadcrumb","itemListElement":[{"@type":"ListItem","position":1,"name":"Home","item":"https:\/\/lahingupood.ee\/"},{"@type":"ListItem","position":2,"name":"Tooted","item":"https:\/\/lahingupood.ee\/tooted\/"},{"@type":"ListItem","position":3,"name":"AAP01 GBB Full Auto\/Semi Auto Black (Action Army)"}]},{"@type":"WebSite","@id":"https:\/\/lahingupood.ee\/#website","url":"https:\/\/lahingupood.ee\/","name":"Lahingurada e-pood","description":"Airsoft","publisher":{"@id":"https:\/\/lahingupood.ee\/#organization"},"potentialAction":[{"@type":"SearchAction","target":{"@type":"EntryPoint","urlTemplate":"https:\/\/lahingupood.ee\/?s={search_term_string}"},"query-input":{"@type":"PropertyValueSpecification","valueRequired":true,"valueName":"search_term_string"}}],"inLanguage":"en-GB"},{"@type":"Organization","@id":"https:\/\/lahingupood.ee\/#organization","name":"Lahingurada","url":"https:\/\/lahingupood.ee\/","logo":{"@type":"ImageObject","inLanguage":"en-GB","@id":"https:\/\/lahingupood.ee\/#\/schema\/logo\/image\/","url":"https:\/\/lahingupood.ee\/wp-content\/uploads\/2022\/03\/lahingurada-220318.jpg","contentUrl":"https:\/\/lahingupood.ee\/wp-content\/uploads\/2022\/03\/lahingurada-220318.jpg","width":800,"height":500,"caption":"Lahingurada"},"image":{"@id":"https:\/\/lahingupood.ee\/#\/schema\/logo\/image\/"},"sameAs":["https:\/\/www.facebook.com\/Lahingurada-629940247212967"]}]}},"_links":{"self":[{"href":"https:\/\/lahingupood.ee\/en\/wp-json\/wp\/v2\/product\/2740","targetHints":{"allow":["GET"]}}],"collection":[{"href":"https:\/\/lahingupood.ee\/en\/wp-json\/wp\/v2\/product"}],"about":[{"href":"https:\/\/lahingupood.ee\/en\/wp-json\/wp\/v2\/types\/product"}],"wp:featuredmedia":[{"embeddable":true,"href":"https:\/\/lahingupood.ee\/en\/wp-json\/wp\/v2\/media\/2741"}],"wp:attachment":[{"href":"https:\/\/lahingupood.ee\/en\/wp-json\/wp\/v2\/media?parent=2740"}],"wp:term":[{"taxonomy":"product_brand","embeddable":true,"href":"https:\/\/lahingupood.ee\/en\/wp-json\/wp\/v2\/product_brand?post=2740"},{"taxonomy":"product_cat","embeddable":true,"href":"https:\/\/lahingupood.ee\/en\/wp-json\/wp\/v2\/product_cat?post=2740"},{"taxonomy":"product_tag","embeddable":true,"href":"https:\/\/lahingupood.ee\/en\/wp-json\/wp\/v2\/product_tag?post=2740"}],"curies":[{"name":"wp","href":"https:\/\/api.w.org\/{rel}","templated":true}]}}