{"id":2510,"date":"2022-10-20T16:26:43","date_gmt":"2022-10-20T13:26:43","guid":{"rendered":"https:\/\/lahingupood.ee\/?post_type=product&#038;p=2510"},"modified":"2026-05-02T20:00:05","modified_gmt":"2026-05-02T17:00:05","slug":"fast-pj-cfh-helmet-replica-foliage-green-l-xl","status":"publish","type":"product","link":"https:\/\/lahingupood.ee\/en\/product\/fast-pj-cfh-helmet-replica-foliage-green-l-xl\/","title":{"rendered":"FAST PJ CFH Helmet Replica &#8211; Foliage Green (L\/XL)"},"content":{"rendered":"<p>FAST PJ CFH Helmet Replica Foliage Green L\/XL on taktikaline airsoft kiiver, mis on loodud pakkuma head kaitset, mugavust ja funktsionaalsust m\u00e4ngu ajal. Tegemist on kerge replica kiivriga, mis sobib h\u00e4sti nii airsofti kui ka treeningute jaoks. Disain on inspireeritud kaasaegsetest militaarsetest kiivris\u00fcsteemidest, pakkudes head tasakaalu kaitse ja mugavuse vahel. Kiiver istub kindlalt peas ning v\u00f5imaldab pikemaajalist kasutamist ilma ebamugavustundeta.<\/p>\n<p>&nbsp;<\/p>","protected":false},"excerpt":{"rendered":"<p>FAST PJ CFH Helmet Replica Foliage Green L\/XL on taktikaline airsoft kiiver, mis on loodud pakkuma head kaitset, mugavust ja funktsionaalsust m\u00e4ngu ajal. Tegemist on kerge replica kiivriga, mis sobib h\u00e4sti nii airsofti kui ka treeningute jaoks. Disain on inspireeritud kaasaegsetest militaarsetest kiivris\u00fcsteemidest, pakkudes head tasakaalu kaitse ja mugavuse vahel. Kiiver istub kindlalt peas ning [&#8230;]\n","protected":false},"featured_media":2511,"template":"","meta":[],"product_brand":[],"product_cat":[44,77],"product_tag":[],"class_list":{"0":"post-2510","1":"product","2":"type-product","3":"status-publish","4":"has-post-thumbnail","6":"product_cat-kiivrid-ja-katted","7":"product_cat-sooduspakkumised","9":"first","10":"instock","11":"sale","12":"taxable","13":"shipping-taxable","14":"purchasable","15":"product-type-simple"},"yoast_head":"<!-- This site is optimized with the Yoast SEO Premium plugin v27.5 (Yoast SEO v27.5) - https:\/\/yoast.com\/product\/yoast-seo-premium-wordpress\/ -->\n<title>FAST PJ CFH Helmet Replica Foliage Green L\/XL \u2013 airsoft kiiver<\/title>\n<meta name=\"description\" content=\"FAST PJ CFH Helmet Replica Foliage Green L\/XL on kerge ja vastupidav airsoft kiiver. Tagab mugavuse ja kaitse taktikalistes m\u00e4ngudes.\" \/>\n<meta name=\"robots\" content=\"index, follow, max-snippet:-1, max-image-preview:large, max-video-preview:-1\" \/>\n<link rel=\"canonical\" href=\"https:\/\/lahingupood.ee\/en\/product\/fast-pj-cfh-helmet-replica-foliage-green-l-xl\/\" \/>\n<meta property=\"og:locale\" content=\"en_GB\" \/>\n<meta property=\"og:type\" content=\"article\" \/>\n<meta property=\"og:title\" content=\"FAST PJ CFH Helmet Replica - Foliage Green (L\/XL)\" \/>\n<meta property=\"og:description\" content=\"FAST PJ CFH Helmet Replica Foliage Green L\/XL on kerge ja vastupidav airsoft kiiver. Tagab mugavuse ja kaitse taktikalistes m\u00e4ngudes.\" \/>\n<meta property=\"og:url\" content=\"https:\/\/lahingupood.ee\/en\/product\/fast-pj-cfh-helmet-replica-foliage-green-l-xl\/\" \/>\n<meta property=\"og:site_name\" content=\"Lahingurada e-pood\" \/>\n<meta property=\"article:publisher\" content=\"https:\/\/www.facebook.com\/Lahingurada-629940247212967\" \/>\n<meta property=\"article:modified_time\" content=\"2026-05-02T17:00:05+00:00\" \/>\n<meta property=\"og:image\" content=\"https:\/\/lahingupood.ee\/wp-content\/uploads\/2022\/10\/1152206590_1.webp\" \/>\n\t<meta property=\"og:image:width\" content=\"800\" \/>\n\t<meta property=\"og:image:height\" content=\"533\" \/>\n\t<meta property=\"og:image:type\" content=\"image\/webp\" \/>\n<meta name=\"twitter:card\" content=\"summary_large_image\" \/>\n<meta name=\"twitter:label1\" content=\"Estimated reading time\" \/>\n\t<meta name=\"twitter:data1\" content=\"1 minute\" \/>\n<script type=\"application\/ld+json\" class=\"yoast-schema-graph\">{\"@context\":\"https:\\\/\\\/schema.org\",\"@graph\":[{\"@type\":\"WebPage\",\"@id\":\"https:\\\/\\\/lahingupood.ee\\\/toode\\\/fast-pj-cfh-helmet-replica-foliage-green-l-xl\\\/\",\"url\":\"https:\\\/\\\/lahingupood.ee\\\/toode\\\/fast-pj-cfh-helmet-replica-foliage-green-l-xl\\\/\",\"name\":\"FAST PJ CFH Helmet Replica Foliage Green L\\\/XL \u2013 airsoft kiiver\",\"isPartOf\":{\"@id\":\"https:\\\/\\\/lahingupood.ee\\\/#website\"},\"primaryImageOfPage\":{\"@id\":\"https:\\\/\\\/lahingupood.ee\\\/toode\\\/fast-pj-cfh-helmet-replica-foliage-green-l-xl\\\/#primaryimage\"},\"image\":{\"@id\":\"https:\\\/\\\/lahingupood.ee\\\/toode\\\/fast-pj-cfh-helmet-replica-foliage-green-l-xl\\\/#primaryimage\"},\"thumbnailUrl\":\"https:\\\/\\\/lahingupood.ee\\\/wp-content\\\/uploads\\\/2022\\\/10\\\/1152206590_1.webp\",\"datePublished\":\"2022-10-20T13:26:43+00:00\",\"dateModified\":\"2026-05-02T17:00:05+00:00\",\"description\":\"FAST PJ CFH Helmet Replica Foliage Green L\\\/XL on kerge ja vastupidav airsoft kiiver. Tagab mugavuse ja kaitse taktikalistes m\u00e4ngudes.\",\"breadcrumb\":{\"@id\":\"https:\\\/\\\/lahingupood.ee\\\/toode\\\/fast-pj-cfh-helmet-replica-foliage-green-l-xl\\\/#breadcrumb\"},\"inLanguage\":\"en-GB\",\"potentialAction\":[{\"@type\":\"ReadAction\",\"target\":[\"https:\\\/\\\/lahingupood.ee\\\/toode\\\/fast-pj-cfh-helmet-replica-foliage-green-l-xl\\\/\"]}]},{\"@type\":\"ImageObject\",\"inLanguage\":\"en-GB\",\"@id\":\"https:\\\/\\\/lahingupood.ee\\\/toode\\\/fast-pj-cfh-helmet-replica-foliage-green-l-xl\\\/#primaryimage\",\"url\":\"https:\\\/\\\/lahingupood.ee\\\/wp-content\\\/uploads\\\/2022\\\/10\\\/1152206590_1.webp\",\"contentUrl\":\"https:\\\/\\\/lahingupood.ee\\\/wp-content\\\/uploads\\\/2022\\\/10\\\/1152206590_1.webp\",\"width\":800,\"height\":533,\"caption\":\"FAST PJ CFH Helmet Replica Foliage Green L\\\/XL \u2013 kerge ja vastupidav airsoft kiiver mugavaks ja turvaliseks m\u00e4nguks.\"},{\"@type\":\"BreadcrumbList\",\"@id\":\"https:\\\/\\\/lahingupood.ee\\\/toode\\\/fast-pj-cfh-helmet-replica-foliage-green-l-xl\\\/#breadcrumb\",\"itemListElement\":[{\"@type\":\"ListItem\",\"position\":1,\"name\":\"Home\",\"item\":\"https:\\\/\\\/lahingupood.ee\\\/\"},{\"@type\":\"ListItem\",\"position\":2,\"name\":\"Tooted\",\"item\":\"https:\\\/\\\/lahingupood.ee\\\/tooted\\\/\"},{\"@type\":\"ListItem\",\"position\":3,\"name\":\"FAST PJ CFH Helmet Replica &#8211; Foliage Green (L\\\/XL)\"}]},{\"@type\":\"WebSite\",\"@id\":\"https:\\\/\\\/lahingupood.ee\\\/#website\",\"url\":\"https:\\\/\\\/lahingupood.ee\\\/\",\"name\":\"Lahingurada e-pood\",\"description\":\"Airsoft\",\"publisher\":{\"@id\":\"https:\\\/\\\/lahingupood.ee\\\/#organization\"},\"potentialAction\":[{\"@type\":\"SearchAction\",\"target\":{\"@type\":\"EntryPoint\",\"urlTemplate\":\"https:\\\/\\\/lahingupood.ee\\\/?s={search_term_string}\"},\"query-input\":{\"@type\":\"PropertyValueSpecification\",\"valueRequired\":true,\"valueName\":\"search_term_string\"}}],\"inLanguage\":\"en-GB\"},{\"@type\":\"Organization\",\"@id\":\"https:\\\/\\\/lahingupood.ee\\\/#organization\",\"name\":\"Lahingurada\",\"url\":\"https:\\\/\\\/lahingupood.ee\\\/\",\"logo\":{\"@type\":\"ImageObject\",\"inLanguage\":\"en-GB\",\"@id\":\"https:\\\/\\\/lahingupood.ee\\\/#\\\/schema\\\/logo\\\/image\\\/\",\"url\":\"https:\\\/\\\/lahingupood.ee\\\/wp-content\\\/uploads\\\/2022\\\/03\\\/lahingurada-220318.jpg\",\"contentUrl\":\"https:\\\/\\\/lahingupood.ee\\\/wp-content\\\/uploads\\\/2022\\\/03\\\/lahingurada-220318.jpg\",\"width\":800,\"height\":500,\"caption\":\"Lahingurada\"},\"image\":{\"@id\":\"https:\\\/\\\/lahingupood.ee\\\/#\\\/schema\\\/logo\\\/image\\\/\"},\"sameAs\":[\"https:\\\/\\\/www.facebook.com\\\/Lahingurada-629940247212967\"]}]}<\/script>\n<!-- \/ Yoast SEO Premium plugin. -->","yoast_head_json":{"title":"FAST PJ CFH Helmet Replica Foliage Green L\/XL \u2013 airsoft kiiver","description":"FAST PJ CFH Helmet Replica Foliage Green L\/XL on kerge ja vastupidav airsoft kiiver. Tagab mugavuse ja kaitse taktikalistes m\u00e4ngudes.","robots":{"index":"index","follow":"follow","max-snippet":"max-snippet:-1","max-image-preview":"max-image-preview:large","max-video-preview":"max-video-preview:-1"},"canonical":"https:\/\/lahingupood.ee\/en\/product\/fast-pj-cfh-helmet-replica-foliage-green-l-xl\/","og_locale":"en_GB","og_type":"article","og_title":"FAST PJ CFH Helmet Replica - Foliage Green (L\/XL)","og_description":"FAST PJ CFH Helmet Replica Foliage Green L\/XL on kerge ja vastupidav airsoft kiiver. Tagab mugavuse ja kaitse taktikalistes m\u00e4ngudes.","og_url":"https:\/\/lahingupood.ee\/en\/product\/fast-pj-cfh-helmet-replica-foliage-green-l-xl\/","og_site_name":"Lahingurada e-pood","article_publisher":"https:\/\/www.facebook.com\/Lahingurada-629940247212967","article_modified_time":"2026-05-02T17:00:05+00:00","og_image":[{"width":800,"height":533,"url":"https:\/\/lahingupood.ee\/wp-content\/uploads\/2022\/10\/1152206590_1.webp","type":"image\/webp"}],"twitter_card":"summary_large_image","twitter_misc":{"Estimated reading time":"1 minute"},"schema":{"@context":"https:\/\/schema.org","@graph":[{"@type":"WebPage","@id":"https:\/\/lahingupood.ee\/toode\/fast-pj-cfh-helmet-replica-foliage-green-l-xl\/","url":"https:\/\/lahingupood.ee\/toode\/fast-pj-cfh-helmet-replica-foliage-green-l-xl\/","name":"FAST PJ CFH Helmet Replica Foliage Green L\/XL \u2013 airsoft kiiver","isPartOf":{"@id":"https:\/\/lahingupood.ee\/#website"},"primaryImageOfPage":{"@id":"https:\/\/lahingupood.ee\/toode\/fast-pj-cfh-helmet-replica-foliage-green-l-xl\/#primaryimage"},"image":{"@id":"https:\/\/lahingupood.ee\/toode\/fast-pj-cfh-helmet-replica-foliage-green-l-xl\/#primaryimage"},"thumbnailUrl":"https:\/\/lahingupood.ee\/wp-content\/uploads\/2022\/10\/1152206590_1.webp","datePublished":"2022-10-20T13:26:43+00:00","dateModified":"2026-05-02T17:00:05+00:00","description":"FAST PJ CFH Helmet Replica Foliage Green L\/XL on kerge ja vastupidav airsoft kiiver. Tagab mugavuse ja kaitse taktikalistes m\u00e4ngudes.","breadcrumb":{"@id":"https:\/\/lahingupood.ee\/toode\/fast-pj-cfh-helmet-replica-foliage-green-l-xl\/#breadcrumb"},"inLanguage":"en-GB","potentialAction":[{"@type":"ReadAction","target":["https:\/\/lahingupood.ee\/toode\/fast-pj-cfh-helmet-replica-foliage-green-l-xl\/"]}]},{"@type":"ImageObject","inLanguage":"en-GB","@id":"https:\/\/lahingupood.ee\/toode\/fast-pj-cfh-helmet-replica-foliage-green-l-xl\/#primaryimage","url":"https:\/\/lahingupood.ee\/wp-content\/uploads\/2022\/10\/1152206590_1.webp","contentUrl":"https:\/\/lahingupood.ee\/wp-content\/uploads\/2022\/10\/1152206590_1.webp","width":800,"height":533,"caption":"FAST PJ CFH Helmet Replica Foliage Green L\/XL \u2013 kerge ja vastupidav airsoft kiiver mugavaks ja turvaliseks m\u00e4nguks."},{"@type":"BreadcrumbList","@id":"https:\/\/lahingupood.ee\/toode\/fast-pj-cfh-helmet-replica-foliage-green-l-xl\/#breadcrumb","itemListElement":[{"@type":"ListItem","position":1,"name":"Home","item":"https:\/\/lahingupood.ee\/"},{"@type":"ListItem","position":2,"name":"Tooted","item":"https:\/\/lahingupood.ee\/tooted\/"},{"@type":"ListItem","position":3,"name":"FAST PJ CFH Helmet Replica &#8211; Foliage Green (L\/XL)"}]},{"@type":"WebSite","@id":"https:\/\/lahingupood.ee\/#website","url":"https:\/\/lahingupood.ee\/","name":"Lahingurada e-pood","description":"Airsoft","publisher":{"@id":"https:\/\/lahingupood.ee\/#organization"},"potentialAction":[{"@type":"SearchAction","target":{"@type":"EntryPoint","urlTemplate":"https:\/\/lahingupood.ee\/?s={search_term_string}"},"query-input":{"@type":"PropertyValueSpecification","valueRequired":true,"valueName":"search_term_string"}}],"inLanguage":"en-GB"},{"@type":"Organization","@id":"https:\/\/lahingupood.ee\/#organization","name":"Lahingurada","url":"https:\/\/lahingupood.ee\/","logo":{"@type":"ImageObject","inLanguage":"en-GB","@id":"https:\/\/lahingupood.ee\/#\/schema\/logo\/image\/","url":"https:\/\/lahingupood.ee\/wp-content\/uploads\/2022\/03\/lahingurada-220318.jpg","contentUrl":"https:\/\/lahingupood.ee\/wp-content\/uploads\/2022\/03\/lahingurada-220318.jpg","width":800,"height":500,"caption":"Lahingurada"},"image":{"@id":"https:\/\/lahingupood.ee\/#\/schema\/logo\/image\/"},"sameAs":["https:\/\/www.facebook.com\/Lahingurada-629940247212967"]}]}},"_links":{"self":[{"href":"https:\/\/lahingupood.ee\/en\/wp-json\/wp\/v2\/product\/2510","targetHints":{"allow":["GET"]}}],"collection":[{"href":"https:\/\/lahingupood.ee\/en\/wp-json\/wp\/v2\/product"}],"about":[{"href":"https:\/\/lahingupood.ee\/en\/wp-json\/wp\/v2\/types\/product"}],"wp:featuredmedia":[{"embeddable":true,"href":"https:\/\/lahingupood.ee\/en\/wp-json\/wp\/v2\/media\/2511"}],"wp:attachment":[{"href":"https:\/\/lahingupood.ee\/en\/wp-json\/wp\/v2\/media?parent=2510"}],"wp:term":[{"taxonomy":"product_brand","embeddable":true,"href":"https:\/\/lahingupood.ee\/en\/wp-json\/wp\/v2\/product_brand?post=2510"},{"taxonomy":"product_cat","embeddable":true,"href":"https:\/\/lahingupood.ee\/en\/wp-json\/wp\/v2\/product_cat?post=2510"},{"taxonomy":"product_tag","embeddable":true,"href":"https:\/\/lahingupood.ee\/en\/wp-json\/wp\/v2\/product_tag?post=2510"}],"curies":[{"name":"wp","href":"https:\/\/api.w.org\/{rel}","templated":true}]}}