{"id":2383,"date":"2022-10-06T14:06:57","date_gmt":"2022-10-06T11:06:57","guid":{"rendered":"https:\/\/lahingupood.ee\/?post_type=product&#038;p=2383"},"modified":"2026-04-12T20:30:05","modified_gmt":"2026-04-12T17:30:05","slug":"trauma-shear-with-pouch","status":"publish","type":"product","link":"https:\/\/lahingupood.ee\/en\/product\/trauma-shear-with-pouch\/","title":{"rendered":"TRAUMA SHEAR with Pouch"},"content":{"rendered":"<p>TRAUMA SHEAR with Pouch<\/p>\n<p>Meedikuk\u00e4\u00e4rid on m\u00f5eldud eelk\u00f5ige riiete kiireks eemaldamiseks traumade avastamiseks. Tera on kaetud v\u00e4ikeste hammastega, mis v\u00e4listavad tera libisemist kangal. l\u00f5ikab kergesti ka Cordurat. Komplekti kuulub ka k\u00e4\u00e4ride tasku mida saab kinnitada molle k\u00fclge.<\/p>","protected":false},"excerpt":{"rendered":"<p>TRAUMA SHEAR with Pouch Meedikuk\u00e4\u00e4rid on m\u00f5eldud eelk\u00f5ige riiete kiireks eemaldamiseks traumade avastamiseks. Tera on kaetud v\u00e4ikeste hammastega, mis v\u00e4listavad tera libisemist kangal. l\u00f5ikab kergesti ka Cordurat. Komplekti kuulub ka k\u00e4\u00e4ride tasku mida saab kinnitada molle k\u00fclge.<\/p>","protected":false},"featured_media":2384,"template":"","meta":[],"product_brand":[],"product_cat":[96],"product_tag":[],"class_list":{"0":"post-2383","1":"product","2":"type-product","3":"status-publish","4":"has-post-thumbnail","6":"product_cat-muu-kasulik-kraam","8":"first","9":"instock","10":"taxable","11":"shipping-taxable","12":"purchasable","13":"product-type-simple"},"yoast_head":"<!-- This site is optimized with the Yoast SEO Premium plugin v27.3 (Yoast SEO v27.3) - https:\/\/yoast.com\/product\/yoast-seo-premium-wordpress\/ -->\n<title>TRAUMA SHEAR with Pouch - Lahingurada e-pood<\/title>\n<meta name=\"description\" content=\"TRAUMA SHEAR with Pouch Meedikuk\u00e4\u00e4rid on m\u00f5eldud eelk\u00f5ige riiete kiireks eemaldamiseks traumade avastamiseks. Tera on kaetud v\u00e4ikeste hammastega\" \/>\n<meta name=\"robots\" content=\"index, follow, max-snippet:-1, max-image-preview:large, max-video-preview:-1\" \/>\n<link rel=\"canonical\" href=\"https:\/\/lahingupood.ee\/en\/product\/trauma-shear-with-pouch\/\" \/>\n<meta property=\"og:locale\" content=\"en_GB\" \/>\n<meta property=\"og:type\" content=\"article\" \/>\n<meta property=\"og:title\" content=\"TRAUMA SHEAR with Pouch\" \/>\n<meta property=\"og:description\" content=\"TRAUMA SHEAR with Pouch Meedikuk\u00e4\u00e4rid on m\u00f5eldud eelk\u00f5ige riiete kiireks eemaldamiseks traumade avastamiseks. Tera on kaetud v\u00e4ikeste hammastega\" \/>\n<meta property=\"og:url\" content=\"https:\/\/lahingupood.ee\/en\/product\/trauma-shear-with-pouch\/\" \/>\n<meta property=\"og:site_name\" content=\"Lahingurada e-pood\" \/>\n<meta property=\"article:publisher\" content=\"https:\/\/www.facebook.com\/Lahingurada-629940247212967\" \/>\n<meta property=\"article:modified_time\" content=\"2026-04-12T17:30:05+00:00\" \/>\n<meta property=\"og:image\" content=\"https:\/\/lahingupood.ee\/wp-content\/uploads\/2022\/10\/Siccessors_2d975ab8-3e4c-47fd-b87d-060dd989f8f4_900x.jpg.webp\" \/>\n\t<meta property=\"og:image:width\" content=\"900\" \/>\n\t<meta property=\"og:image:height\" content=\"630\" \/>\n\t<meta property=\"og:image:type\" content=\"image\/webp\" \/>\n<meta name=\"twitter:card\" content=\"summary_large_image\" \/>\n<meta name=\"twitter:label1\" content=\"Estimated reading time\" \/>\n\t<meta name=\"twitter:data1\" content=\"1 minute\" \/>\n<script type=\"application\/ld+json\" class=\"yoast-schema-graph\">{\"@context\":\"https:\\\/\\\/schema.org\",\"@graph\":[{\"@type\":\"WebPage\",\"@id\":\"https:\\\/\\\/lahingupood.ee\\\/toode\\\/trauma-shear-with-pouch\\\/\",\"url\":\"https:\\\/\\\/lahingupood.ee\\\/toode\\\/trauma-shear-with-pouch\\\/\",\"name\":\"TRAUMA SHEAR with Pouch - Lahingurada e-pood\",\"isPartOf\":{\"@id\":\"https:\\\/\\\/lahingupood.ee\\\/#website\"},\"primaryImageOfPage\":{\"@id\":\"https:\\\/\\\/lahingupood.ee\\\/toode\\\/trauma-shear-with-pouch\\\/#primaryimage\"},\"image\":{\"@id\":\"https:\\\/\\\/lahingupood.ee\\\/toode\\\/trauma-shear-with-pouch\\\/#primaryimage\"},\"thumbnailUrl\":\"https:\\\/\\\/lahingupood.ee\\\/wp-content\\\/uploads\\\/2022\\\/10\\\/Siccessors_2d975ab8-3e4c-47fd-b87d-060dd989f8f4_900x.jpg.webp\",\"datePublished\":\"2022-10-06T11:06:57+00:00\",\"dateModified\":\"2026-04-12T17:30:05+00:00\",\"description\":\"TRAUMA SHEAR with Pouch Meedikuk\u00e4\u00e4rid on m\u00f5eldud eelk\u00f5ige riiete kiireks eemaldamiseks traumade avastamiseks. Tera on kaetud v\u00e4ikeste hammastega\",\"breadcrumb\":{\"@id\":\"https:\\\/\\\/lahingupood.ee\\\/toode\\\/trauma-shear-with-pouch\\\/#breadcrumb\"},\"inLanguage\":\"en-GB\",\"potentialAction\":[{\"@type\":\"ReadAction\",\"target\":[\"https:\\\/\\\/lahingupood.ee\\\/toode\\\/trauma-shear-with-pouch\\\/\"]}]},{\"@type\":\"ImageObject\",\"inLanguage\":\"en-GB\",\"@id\":\"https:\\\/\\\/lahingupood.ee\\\/toode\\\/trauma-shear-with-pouch\\\/#primaryimage\",\"url\":\"https:\\\/\\\/lahingupood.ee\\\/wp-content\\\/uploads\\\/2022\\\/10\\\/Siccessors_2d975ab8-3e4c-47fd-b87d-060dd989f8f4_900x.jpg.webp\",\"contentUrl\":\"https:\\\/\\\/lahingupood.ee\\\/wp-content\\\/uploads\\\/2022\\\/10\\\/Siccessors_2d975ab8-3e4c-47fd-b87d-060dd989f8f4_900x.jpg.webp\",\"width\":900,\"height\":630,\"caption\":\"trauma-shear-with-pouch\"},{\"@type\":\"BreadcrumbList\",\"@id\":\"https:\\\/\\\/lahingupood.ee\\\/toode\\\/trauma-shear-with-pouch\\\/#breadcrumb\",\"itemListElement\":[{\"@type\":\"ListItem\",\"position\":1,\"name\":\"Home\",\"item\":\"https:\\\/\\\/lahingupood.ee\\\/\"},{\"@type\":\"ListItem\",\"position\":2,\"name\":\"Tooted\",\"item\":\"https:\\\/\\\/lahingupood.ee\\\/tooted\\\/\"},{\"@type\":\"ListItem\",\"position\":3,\"name\":\"TRAUMA SHEAR with Pouch\"}]},{\"@type\":\"WebSite\",\"@id\":\"https:\\\/\\\/lahingupood.ee\\\/#website\",\"url\":\"https:\\\/\\\/lahingupood.ee\\\/\",\"name\":\"Lahingurada e-pood\",\"description\":\"Airsoft\",\"publisher\":{\"@id\":\"https:\\\/\\\/lahingupood.ee\\\/#organization\"},\"potentialAction\":[{\"@type\":\"SearchAction\",\"target\":{\"@type\":\"EntryPoint\",\"urlTemplate\":\"https:\\\/\\\/lahingupood.ee\\\/?s={search_term_string}\"},\"query-input\":{\"@type\":\"PropertyValueSpecification\",\"valueRequired\":true,\"valueName\":\"search_term_string\"}}],\"inLanguage\":\"en-GB\"},{\"@type\":\"Organization\",\"@id\":\"https:\\\/\\\/lahingupood.ee\\\/#organization\",\"name\":\"Lahingurada\",\"url\":\"https:\\\/\\\/lahingupood.ee\\\/\",\"logo\":{\"@type\":\"ImageObject\",\"inLanguage\":\"en-GB\",\"@id\":\"https:\\\/\\\/lahingupood.ee\\\/#\\\/schema\\\/logo\\\/image\\\/\",\"url\":\"https:\\\/\\\/lahingupood.ee\\\/wp-content\\\/uploads\\\/2022\\\/03\\\/lahingurada-220318.jpg\",\"contentUrl\":\"https:\\\/\\\/lahingupood.ee\\\/wp-content\\\/uploads\\\/2022\\\/03\\\/lahingurada-220318.jpg\",\"width\":800,\"height\":500,\"caption\":\"Lahingurada\"},\"image\":{\"@id\":\"https:\\\/\\\/lahingupood.ee\\\/#\\\/schema\\\/logo\\\/image\\\/\"},\"sameAs\":[\"https:\\\/\\\/www.facebook.com\\\/Lahingurada-629940247212967\"]}]}<\/script>\n<!-- \/ Yoast SEO Premium plugin. -->","yoast_head_json":{"title":"TRAUMA SHEAR with Pouch - Lahingurada e-pood","description":"TRAUMA SHEAR with Pouch Meedikuk\u00e4\u00e4rid on m\u00f5eldud eelk\u00f5ige riiete kiireks eemaldamiseks traumade avastamiseks. Tera on kaetud v\u00e4ikeste hammastega","robots":{"index":"index","follow":"follow","max-snippet":"max-snippet:-1","max-image-preview":"max-image-preview:large","max-video-preview":"max-video-preview:-1"},"canonical":"https:\/\/lahingupood.ee\/en\/product\/trauma-shear-with-pouch\/","og_locale":"en_GB","og_type":"article","og_title":"TRAUMA SHEAR with Pouch","og_description":"TRAUMA SHEAR with Pouch Meedikuk\u00e4\u00e4rid on m\u00f5eldud eelk\u00f5ige riiete kiireks eemaldamiseks traumade avastamiseks. Tera on kaetud v\u00e4ikeste hammastega","og_url":"https:\/\/lahingupood.ee\/en\/product\/trauma-shear-with-pouch\/","og_site_name":"Lahingurada e-pood","article_publisher":"https:\/\/www.facebook.com\/Lahingurada-629940247212967","article_modified_time":"2026-04-12T17:30:05+00:00","og_image":[{"width":900,"height":630,"url":"https:\/\/lahingupood.ee\/wp-content\/uploads\/2022\/10\/Siccessors_2d975ab8-3e4c-47fd-b87d-060dd989f8f4_900x.jpg.webp","type":"image\/webp"}],"twitter_card":"summary_large_image","twitter_misc":{"Estimated reading time":"1 minute"},"schema":{"@context":"https:\/\/schema.org","@graph":[{"@type":"WebPage","@id":"https:\/\/lahingupood.ee\/toode\/trauma-shear-with-pouch\/","url":"https:\/\/lahingupood.ee\/toode\/trauma-shear-with-pouch\/","name":"TRAUMA SHEAR with Pouch - Lahingurada e-pood","isPartOf":{"@id":"https:\/\/lahingupood.ee\/#website"},"primaryImageOfPage":{"@id":"https:\/\/lahingupood.ee\/toode\/trauma-shear-with-pouch\/#primaryimage"},"image":{"@id":"https:\/\/lahingupood.ee\/toode\/trauma-shear-with-pouch\/#primaryimage"},"thumbnailUrl":"https:\/\/lahingupood.ee\/wp-content\/uploads\/2022\/10\/Siccessors_2d975ab8-3e4c-47fd-b87d-060dd989f8f4_900x.jpg.webp","datePublished":"2022-10-06T11:06:57+00:00","dateModified":"2026-04-12T17:30:05+00:00","description":"TRAUMA SHEAR with Pouch Meedikuk\u00e4\u00e4rid on m\u00f5eldud eelk\u00f5ige riiete kiireks eemaldamiseks traumade avastamiseks. Tera on kaetud v\u00e4ikeste hammastega","breadcrumb":{"@id":"https:\/\/lahingupood.ee\/toode\/trauma-shear-with-pouch\/#breadcrumb"},"inLanguage":"en-GB","potentialAction":[{"@type":"ReadAction","target":["https:\/\/lahingupood.ee\/toode\/trauma-shear-with-pouch\/"]}]},{"@type":"ImageObject","inLanguage":"en-GB","@id":"https:\/\/lahingupood.ee\/toode\/trauma-shear-with-pouch\/#primaryimage","url":"https:\/\/lahingupood.ee\/wp-content\/uploads\/2022\/10\/Siccessors_2d975ab8-3e4c-47fd-b87d-060dd989f8f4_900x.jpg.webp","contentUrl":"https:\/\/lahingupood.ee\/wp-content\/uploads\/2022\/10\/Siccessors_2d975ab8-3e4c-47fd-b87d-060dd989f8f4_900x.jpg.webp","width":900,"height":630,"caption":"trauma-shear-with-pouch"},{"@type":"BreadcrumbList","@id":"https:\/\/lahingupood.ee\/toode\/trauma-shear-with-pouch\/#breadcrumb","itemListElement":[{"@type":"ListItem","position":1,"name":"Home","item":"https:\/\/lahingupood.ee\/"},{"@type":"ListItem","position":2,"name":"Tooted","item":"https:\/\/lahingupood.ee\/tooted\/"},{"@type":"ListItem","position":3,"name":"TRAUMA SHEAR with Pouch"}]},{"@type":"WebSite","@id":"https:\/\/lahingupood.ee\/#website","url":"https:\/\/lahingupood.ee\/","name":"Lahingurada e-pood","description":"Airsoft","publisher":{"@id":"https:\/\/lahingupood.ee\/#organization"},"potentialAction":[{"@type":"SearchAction","target":{"@type":"EntryPoint","urlTemplate":"https:\/\/lahingupood.ee\/?s={search_term_string}"},"query-input":{"@type":"PropertyValueSpecification","valueRequired":true,"valueName":"search_term_string"}}],"inLanguage":"en-GB"},{"@type":"Organization","@id":"https:\/\/lahingupood.ee\/#organization","name":"Lahingurada","url":"https:\/\/lahingupood.ee\/","logo":{"@type":"ImageObject","inLanguage":"en-GB","@id":"https:\/\/lahingupood.ee\/#\/schema\/logo\/image\/","url":"https:\/\/lahingupood.ee\/wp-content\/uploads\/2022\/03\/lahingurada-220318.jpg","contentUrl":"https:\/\/lahingupood.ee\/wp-content\/uploads\/2022\/03\/lahingurada-220318.jpg","width":800,"height":500,"caption":"Lahingurada"},"image":{"@id":"https:\/\/lahingupood.ee\/#\/schema\/logo\/image\/"},"sameAs":["https:\/\/www.facebook.com\/Lahingurada-629940247212967"]}]}},"_links":{"self":[{"href":"https:\/\/lahingupood.ee\/en\/wp-json\/wp\/v2\/product\/2383","targetHints":{"allow":["GET"]}}],"collection":[{"href":"https:\/\/lahingupood.ee\/en\/wp-json\/wp\/v2\/product"}],"about":[{"href":"https:\/\/lahingupood.ee\/en\/wp-json\/wp\/v2\/types\/product"}],"wp:featuredmedia":[{"embeddable":true,"href":"https:\/\/lahingupood.ee\/en\/wp-json\/wp\/v2\/media\/2384"}],"wp:attachment":[{"href":"https:\/\/lahingupood.ee\/en\/wp-json\/wp\/v2\/media?parent=2383"}],"wp:term":[{"taxonomy":"product_brand","embeddable":true,"href":"https:\/\/lahingupood.ee\/en\/wp-json\/wp\/v2\/product_brand?post=2383"},{"taxonomy":"product_cat","embeddable":true,"href":"https:\/\/lahingupood.ee\/en\/wp-json\/wp\/v2\/product_cat?post=2383"},{"taxonomy":"product_tag","embeddable":true,"href":"https:\/\/lahingupood.ee\/en\/wp-json\/wp\/v2\/product_tag?post=2383"}],"curies":[{"name":"wp","href":"https:\/\/api.w.org\/{rel}","templated":true}]}}