{"id":2379,"date":"2022-10-06T13:58:15","date_gmt":"2022-10-06T10:58:15","guid":{"rendered":"https:\/\/lahingupood.ee\/?post_type=product&#038;p=2379"},"modified":"2026-05-03T02:30:06","modified_gmt":"2026-05-02T23:30:06","slug":"small-utility-pouch-ranger-green","status":"publish","type":"product","link":"https:\/\/lahingupood.ee\/en\/product\/small-utility-pouch-ranger-green\/","title":{"rendered":"SMALL UTILITY POUCH Ranger Green"},"content":{"rendered":"<p>Small Utility Pouch Ranger Green on kompaktne ja mitmek\u00fclgne taktikaline tasku, mis on m\u00f5eldud v\u00e4ikese varustuse organiseeritud hoiustamiseks. Seda kasutatakse laialdaselt airsoftis ja militaarstiilis varustuse juures, kus oluline on kiire ligip\u00e4\u00e4s ja hea organiseeritus.<\/p>\n<p>&nbsp;<\/p>","protected":false},"excerpt":{"rendered":"<p>Small Utility Pouch Ranger Green on kompaktne ja mitmek\u00fclgne taktikaline tasku, mis on m\u00f5eldud v\u00e4ikese varustuse organiseeritud hoiustamiseks. Seda kasutatakse laialdaselt airsoftis ja militaarstiilis varustuse juures, kus oluline on kiire ligip\u00e4\u00e4s ja hea organiseeritus. &nbsp;<\/p>","protected":false},"featured_media":2381,"template":"","meta":[],"product_brand":[],"product_cat":[215,67],"product_tag":[],"class_list":{"0":"post-2379","1":"product","2":"type-product","3":"status-publish","4":"has-post-thumbnail","6":"product_cat-rg-od","7":"product_cat-varustuse-taskud","9":"first","10":"instock","11":"taxable","12":"shipping-taxable","13":"purchasable","14":"product-type-simple"},"yoast_head":"<!-- This site is optimized with the Yoast SEO Premium plugin v27.5 (Yoast SEO v27.5) - https:\/\/yoast.com\/product\/yoast-seo-premium-wordpress\/ -->\n<title>Small Utility Pouch Ranger Green \u2013 kompaktne taktikaline tasku<\/title>\n<meta name=\"description\" content=\"Small Utility Pouch Ranger Green on vastupidav ja kompaktne taktikaline tasku varustuse hoiustamiseks. Sobib airsofti ja MOLLE s\u00fcsteemidele.\" \/>\n<meta name=\"robots\" content=\"index, follow, max-snippet:-1, max-image-preview:large, max-video-preview:-1\" \/>\n<link rel=\"canonical\" href=\"https:\/\/lahingupood.ee\/en\/product\/small-utility-pouch-ranger-green\/\" \/>\n<meta property=\"og:locale\" content=\"en_GB\" \/>\n<meta property=\"og:type\" content=\"article\" \/>\n<meta property=\"og:title\" content=\"SMALL UTILITY POUCH Ranger Green\" \/>\n<meta property=\"og:description\" content=\"Small Utility Pouch Ranger Green on vastupidav ja kompaktne taktikaline tasku varustuse hoiustamiseks. Sobib airsofti ja MOLLE s\u00fcsteemidele.\" \/>\n<meta property=\"og:url\" content=\"https:\/\/lahingupood.ee\/en\/product\/small-utility-pouch-ranger-green\/\" \/>\n<meta property=\"og:site_name\" content=\"Lahingurada e-pood\" \/>\n<meta property=\"article:publisher\" content=\"https:\/\/www.facebook.com\/Lahingurada-629940247212967\" \/>\n<meta property=\"article:modified_time\" content=\"2026-05-02T23:30:06+00:00\" \/>\n<meta property=\"og:image\" content=\"https:\/\/lahingupood.ee\/wp-content\/uploads\/2022\/10\/SHE-23033-3_900x.jpg.webp\" \/>\n\t<meta property=\"og:image:width\" content=\"900\" \/>\n\t<meta property=\"og:image:height\" content=\"600\" \/>\n\t<meta property=\"og:image:type\" content=\"image\/webp\" \/>\n<meta name=\"twitter:card\" content=\"summary_large_image\" \/>\n<meta name=\"twitter:label1\" content=\"Estimated reading time\" \/>\n\t<meta name=\"twitter:data1\" content=\"1 minute\" \/>\n<script type=\"application\/ld+json\" class=\"yoast-schema-graph\">{\"@context\":\"https:\\\/\\\/schema.org\",\"@graph\":[{\"@type\":\"WebPage\",\"@id\":\"https:\\\/\\\/lahingupood.ee\\\/toode\\\/small-utility-pouch-ranger-green\\\/\",\"url\":\"https:\\\/\\\/lahingupood.ee\\\/toode\\\/small-utility-pouch-ranger-green\\\/\",\"name\":\"Small Utility Pouch Ranger Green \u2013 kompaktne taktikaline tasku\",\"isPartOf\":{\"@id\":\"https:\\\/\\\/lahingupood.ee\\\/#website\"},\"primaryImageOfPage\":{\"@id\":\"https:\\\/\\\/lahingupood.ee\\\/toode\\\/small-utility-pouch-ranger-green\\\/#primaryimage\"},\"image\":{\"@id\":\"https:\\\/\\\/lahingupood.ee\\\/toode\\\/small-utility-pouch-ranger-green\\\/#primaryimage\"},\"thumbnailUrl\":\"https:\\\/\\\/lahingupood.ee\\\/wp-content\\\/uploads\\\/2022\\\/10\\\/SHE-23033-3_900x.jpg.webp\",\"datePublished\":\"2022-10-06T10:58:15+00:00\",\"dateModified\":\"2026-05-02T23:30:06+00:00\",\"description\":\"Small Utility Pouch Ranger Green on vastupidav ja kompaktne taktikaline tasku varustuse hoiustamiseks. Sobib airsofti ja MOLLE s\u00fcsteemidele.\",\"breadcrumb\":{\"@id\":\"https:\\\/\\\/lahingupood.ee\\\/toode\\\/small-utility-pouch-ranger-green\\\/#breadcrumb\"},\"inLanguage\":\"en-GB\",\"potentialAction\":[{\"@type\":\"ReadAction\",\"target\":[\"https:\\\/\\\/lahingupood.ee\\\/toode\\\/small-utility-pouch-ranger-green\\\/\"]}]},{\"@type\":\"ImageObject\",\"inLanguage\":\"en-GB\",\"@id\":\"https:\\\/\\\/lahingupood.ee\\\/toode\\\/small-utility-pouch-ranger-green\\\/#primaryimage\",\"url\":\"https:\\\/\\\/lahingupood.ee\\\/wp-content\\\/uploads\\\/2022\\\/10\\\/SHE-23033-3_900x.jpg.webp\",\"contentUrl\":\"https:\\\/\\\/lahingupood.ee\\\/wp-content\\\/uploads\\\/2022\\\/10\\\/SHE-23033-3_900x.jpg.webp\",\"width\":900,\"height\":600,\"caption\":\"Small Utility Pouch Ranger Green \u2013 kompaktne ja vastupidav MOLLE tasku v\u00e4ikese varustuse organiseerimiseks airsoftis.\"},{\"@type\":\"BreadcrumbList\",\"@id\":\"https:\\\/\\\/lahingupood.ee\\\/toode\\\/small-utility-pouch-ranger-green\\\/#breadcrumb\",\"itemListElement\":[{\"@type\":\"ListItem\",\"position\":1,\"name\":\"Home\",\"item\":\"https:\\\/\\\/lahingupood.ee\\\/\"},{\"@type\":\"ListItem\",\"position\":2,\"name\":\"Tooted\",\"item\":\"https:\\\/\\\/lahingupood.ee\\\/tooted\\\/\"},{\"@type\":\"ListItem\",\"position\":3,\"name\":\"SMALL UTILITY POUCH Ranger Green\"}]},{\"@type\":\"WebSite\",\"@id\":\"https:\\\/\\\/lahingupood.ee\\\/#website\",\"url\":\"https:\\\/\\\/lahingupood.ee\\\/\",\"name\":\"Lahingurada e-pood\",\"description\":\"Airsoft\",\"publisher\":{\"@id\":\"https:\\\/\\\/lahingupood.ee\\\/#organization\"},\"potentialAction\":[{\"@type\":\"SearchAction\",\"target\":{\"@type\":\"EntryPoint\",\"urlTemplate\":\"https:\\\/\\\/lahingupood.ee\\\/?s={search_term_string}\"},\"query-input\":{\"@type\":\"PropertyValueSpecification\",\"valueRequired\":true,\"valueName\":\"search_term_string\"}}],\"inLanguage\":\"en-GB\"},{\"@type\":\"Organization\",\"@id\":\"https:\\\/\\\/lahingupood.ee\\\/#organization\",\"name\":\"Lahingurada\",\"url\":\"https:\\\/\\\/lahingupood.ee\\\/\",\"logo\":{\"@type\":\"ImageObject\",\"inLanguage\":\"en-GB\",\"@id\":\"https:\\\/\\\/lahingupood.ee\\\/#\\\/schema\\\/logo\\\/image\\\/\",\"url\":\"https:\\\/\\\/lahingupood.ee\\\/wp-content\\\/uploads\\\/2022\\\/03\\\/lahingurada-220318.jpg\",\"contentUrl\":\"https:\\\/\\\/lahingupood.ee\\\/wp-content\\\/uploads\\\/2022\\\/03\\\/lahingurada-220318.jpg\",\"width\":800,\"height\":500,\"caption\":\"Lahingurada\"},\"image\":{\"@id\":\"https:\\\/\\\/lahingupood.ee\\\/#\\\/schema\\\/logo\\\/image\\\/\"},\"sameAs\":[\"https:\\\/\\\/www.facebook.com\\\/Lahingurada-629940247212967\"]}]}<\/script>\n<!-- \/ Yoast SEO Premium plugin. -->","yoast_head_json":{"title":"Small Utility Pouch Ranger Green \u2013 kompaktne taktikaline tasku","description":"Small Utility Pouch Ranger Green on vastupidav ja kompaktne taktikaline tasku varustuse hoiustamiseks. Sobib airsofti ja MOLLE s\u00fcsteemidele.","robots":{"index":"index","follow":"follow","max-snippet":"max-snippet:-1","max-image-preview":"max-image-preview:large","max-video-preview":"max-video-preview:-1"},"canonical":"https:\/\/lahingupood.ee\/en\/product\/small-utility-pouch-ranger-green\/","og_locale":"en_GB","og_type":"article","og_title":"SMALL UTILITY POUCH Ranger Green","og_description":"Small Utility Pouch Ranger Green on vastupidav ja kompaktne taktikaline tasku varustuse hoiustamiseks. Sobib airsofti ja MOLLE s\u00fcsteemidele.","og_url":"https:\/\/lahingupood.ee\/en\/product\/small-utility-pouch-ranger-green\/","og_site_name":"Lahingurada e-pood","article_publisher":"https:\/\/www.facebook.com\/Lahingurada-629940247212967","article_modified_time":"2026-05-02T23:30:06+00:00","og_image":[{"width":900,"height":600,"url":"https:\/\/lahingupood.ee\/wp-content\/uploads\/2022\/10\/SHE-23033-3_900x.jpg.webp","type":"image\/webp"}],"twitter_card":"summary_large_image","twitter_misc":{"Estimated reading time":"1 minute"},"schema":{"@context":"https:\/\/schema.org","@graph":[{"@type":"WebPage","@id":"https:\/\/lahingupood.ee\/toode\/small-utility-pouch-ranger-green\/","url":"https:\/\/lahingupood.ee\/toode\/small-utility-pouch-ranger-green\/","name":"Small Utility Pouch Ranger Green \u2013 kompaktne taktikaline tasku","isPartOf":{"@id":"https:\/\/lahingupood.ee\/#website"},"primaryImageOfPage":{"@id":"https:\/\/lahingupood.ee\/toode\/small-utility-pouch-ranger-green\/#primaryimage"},"image":{"@id":"https:\/\/lahingupood.ee\/toode\/small-utility-pouch-ranger-green\/#primaryimage"},"thumbnailUrl":"https:\/\/lahingupood.ee\/wp-content\/uploads\/2022\/10\/SHE-23033-3_900x.jpg.webp","datePublished":"2022-10-06T10:58:15+00:00","dateModified":"2026-05-02T23:30:06+00:00","description":"Small Utility Pouch Ranger Green on vastupidav ja kompaktne taktikaline tasku varustuse hoiustamiseks. Sobib airsofti ja MOLLE s\u00fcsteemidele.","breadcrumb":{"@id":"https:\/\/lahingupood.ee\/toode\/small-utility-pouch-ranger-green\/#breadcrumb"},"inLanguage":"en-GB","potentialAction":[{"@type":"ReadAction","target":["https:\/\/lahingupood.ee\/toode\/small-utility-pouch-ranger-green\/"]}]},{"@type":"ImageObject","inLanguage":"en-GB","@id":"https:\/\/lahingupood.ee\/toode\/small-utility-pouch-ranger-green\/#primaryimage","url":"https:\/\/lahingupood.ee\/wp-content\/uploads\/2022\/10\/SHE-23033-3_900x.jpg.webp","contentUrl":"https:\/\/lahingupood.ee\/wp-content\/uploads\/2022\/10\/SHE-23033-3_900x.jpg.webp","width":900,"height":600,"caption":"Small Utility Pouch Ranger Green \u2013 kompaktne ja vastupidav MOLLE tasku v\u00e4ikese varustuse organiseerimiseks airsoftis."},{"@type":"BreadcrumbList","@id":"https:\/\/lahingupood.ee\/toode\/small-utility-pouch-ranger-green\/#breadcrumb","itemListElement":[{"@type":"ListItem","position":1,"name":"Home","item":"https:\/\/lahingupood.ee\/"},{"@type":"ListItem","position":2,"name":"Tooted","item":"https:\/\/lahingupood.ee\/tooted\/"},{"@type":"ListItem","position":3,"name":"SMALL UTILITY POUCH Ranger Green"}]},{"@type":"WebSite","@id":"https:\/\/lahingupood.ee\/#website","url":"https:\/\/lahingupood.ee\/","name":"Lahingurada e-pood","description":"Airsoft","publisher":{"@id":"https:\/\/lahingupood.ee\/#organization"},"potentialAction":[{"@type":"SearchAction","target":{"@type":"EntryPoint","urlTemplate":"https:\/\/lahingupood.ee\/?s={search_term_string}"},"query-input":{"@type":"PropertyValueSpecification","valueRequired":true,"valueName":"search_term_string"}}],"inLanguage":"en-GB"},{"@type":"Organization","@id":"https:\/\/lahingupood.ee\/#organization","name":"Lahingurada","url":"https:\/\/lahingupood.ee\/","logo":{"@type":"ImageObject","inLanguage":"en-GB","@id":"https:\/\/lahingupood.ee\/#\/schema\/logo\/image\/","url":"https:\/\/lahingupood.ee\/wp-content\/uploads\/2022\/03\/lahingurada-220318.jpg","contentUrl":"https:\/\/lahingupood.ee\/wp-content\/uploads\/2022\/03\/lahingurada-220318.jpg","width":800,"height":500,"caption":"Lahingurada"},"image":{"@id":"https:\/\/lahingupood.ee\/#\/schema\/logo\/image\/"},"sameAs":["https:\/\/www.facebook.com\/Lahingurada-629940247212967"]}]}},"_links":{"self":[{"href":"https:\/\/lahingupood.ee\/en\/wp-json\/wp\/v2\/product\/2379","targetHints":{"allow":["GET"]}}],"collection":[{"href":"https:\/\/lahingupood.ee\/en\/wp-json\/wp\/v2\/product"}],"about":[{"href":"https:\/\/lahingupood.ee\/en\/wp-json\/wp\/v2\/types\/product"}],"wp:featuredmedia":[{"embeddable":true,"href":"https:\/\/lahingupood.ee\/en\/wp-json\/wp\/v2\/media\/2381"}],"wp:attachment":[{"href":"https:\/\/lahingupood.ee\/en\/wp-json\/wp\/v2\/media?parent=2379"}],"wp:term":[{"taxonomy":"product_brand","embeddable":true,"href":"https:\/\/lahingupood.ee\/en\/wp-json\/wp\/v2\/product_brand?post=2379"},{"taxonomy":"product_cat","embeddable":true,"href":"https:\/\/lahingupood.ee\/en\/wp-json\/wp\/v2\/product_cat?post=2379"},{"taxonomy":"product_tag","embeddable":true,"href":"https:\/\/lahingupood.ee\/en\/wp-json\/wp\/v2\/product_tag?post=2379"}],"curies":[{"name":"wp","href":"https:\/\/api.w.org\/{rel}","templated":true}]}}