{"id":2349,"date":"2022-09-29T16:27:29","date_gmt":"2022-09-29T13:27:29","guid":{"rendered":"https:\/\/lahingupood.ee\/?post_type=product&#038;p=2349"},"modified":"2026-04-12T20:30:03","modified_gmt":"2026-04-12T17:30:03","slug":"field-knife-78-black-glock","status":"publish","type":"product","link":"https:\/\/lahingupood.ee\/en\/product\/field-knife-78-black-glock\/","title":{"rendered":"Field Knife 78 Black (Glock)"},"content":{"rendered":"<p>Field Knife 78 Black (Glock)<\/p>\n<p>Kvaliteetne Glocki nuga, mida nimetatakse ka Glocki t\u00e4\u00e4giks. Enamus kasutajaid ei tea, et Glock alustas just nugade ja sap\u00f6\u00f6rilabite tootmisest. Hiljem konstrueeris ta maailmakuulsa Glock p\u00fcstoli.<\/p>\n<p>Komplekti kuulub ka tugevast plastikust noatupp<\/p>","protected":false},"excerpt":{"rendered":"<p>Field Knife 78 Black (Glock) Kvaliteetne Glocki nuga, mida nimetatakse ka Glocki t\u00e4\u00e4giks. Enamus kasutajaid ei tea, et Glock alustas just nugade ja sap\u00f6\u00f6rilabite tootmisest. Hiljem konstrueeris ta maailmakuulsa Glock p\u00fcstoli. Komplekti kuulub ka tugevast plastikust noatupp<\/p>","protected":false},"featured_media":2350,"template":"","meta":[],"product_brand":[],"product_cat":[95],"product_tag":[],"class_list":{"0":"post-2349","1":"product","2":"type-product","3":"status-publish","4":"has-post-thumbnail","6":"product_cat-noad-ja-terariistad","8":"first","9":"outofstock","10":"taxable","11":"shipping-taxable","12":"purchasable","13":"product-type-simple"},"yoast_head":"<!-- This site is optimized with the Yoast SEO Premium plugin v27.3 (Yoast SEO v27.3) - https:\/\/yoast.com\/product\/yoast-seo-premium-wordpress\/ -->\n<title>Field Knife 78 Black (Glock) - Lahingurada e-pood<\/title>\n<meta name=\"description\" content=\"Field Knife 78 Black (Glock) Kvaliteetne Glocki nuga, mida nimetatakse ka Glocki t\u00e4\u00e4giks. Enamus kasutajaid ei tea, et Glock\" \/>\n<meta name=\"robots\" content=\"index, follow, max-snippet:-1, max-image-preview:large, max-video-preview:-1\" \/>\n<link rel=\"canonical\" href=\"https:\/\/lahingupood.ee\/en\/product\/field-knife-78-black-glock\/\" \/>\n<meta property=\"og:locale\" content=\"en_GB\" \/>\n<meta property=\"og:type\" content=\"article\" \/>\n<meta property=\"og:title\" content=\"Field Knife 78 Black (Glock)\" \/>\n<meta property=\"og:description\" content=\"Field Knife 78 Black (Glock) Kvaliteetne Glocki nuga, mida nimetatakse ka Glocki t\u00e4\u00e4giks. Enamus kasutajaid ei tea, et Glock\" \/>\n<meta property=\"og:url\" content=\"https:\/\/lahingupood.ee\/en\/product\/field-knife-78-black-glock\/\" \/>\n<meta property=\"og:site_name\" content=\"Lahingurada e-pood\" \/>\n<meta property=\"article:publisher\" content=\"https:\/\/www.facebook.com\/Lahingurada-629940247212967\" \/>\n<meta property=\"article:modified_time\" content=\"2026-04-12T17:30:03+00:00\" \/>\n<meta property=\"og:image\" content=\"https:\/\/lahingupood.ee\/wp-content\/uploads\/2022\/09\/8464.png\" \/>\n\t<meta property=\"og:image:width\" content=\"930\" \/>\n\t<meta property=\"og:image:height\" content=\"651\" \/>\n\t<meta property=\"og:image:type\" content=\"image\/png\" \/>\n<meta name=\"twitter:card\" content=\"summary_large_image\" \/>\n<meta name=\"twitter:label1\" content=\"Estimated reading time\" \/>\n\t<meta name=\"twitter:data1\" content=\"1 minute\" \/>\n<script type=\"application\/ld+json\" class=\"yoast-schema-graph\">{\"@context\":\"https:\\\/\\\/schema.org\",\"@graph\":[{\"@type\":\"WebPage\",\"@id\":\"https:\\\/\\\/lahingupood.ee\\\/toode\\\/field-knife-78-black-glock\\\/\",\"url\":\"https:\\\/\\\/lahingupood.ee\\\/toode\\\/field-knife-78-black-glock\\\/\",\"name\":\"Field Knife 78 Black (Glock) - Lahingurada e-pood\",\"isPartOf\":{\"@id\":\"https:\\\/\\\/lahingupood.ee\\\/#website\"},\"primaryImageOfPage\":{\"@id\":\"https:\\\/\\\/lahingupood.ee\\\/toode\\\/field-knife-78-black-glock\\\/#primaryimage\"},\"image\":{\"@id\":\"https:\\\/\\\/lahingupood.ee\\\/toode\\\/field-knife-78-black-glock\\\/#primaryimage\"},\"thumbnailUrl\":\"https:\\\/\\\/lahingupood.ee\\\/wp-content\\\/uploads\\\/2022\\\/09\\\/8464.png\",\"datePublished\":\"2022-09-29T13:27:29+00:00\",\"dateModified\":\"2026-04-12T17:30:03+00:00\",\"description\":\"Field Knife 78 Black (Glock) Kvaliteetne Glocki nuga, mida nimetatakse ka Glocki t\u00e4\u00e4giks. Enamus kasutajaid ei tea, et Glock\",\"breadcrumb\":{\"@id\":\"https:\\\/\\\/lahingupood.ee\\\/toode\\\/field-knife-78-black-glock\\\/#breadcrumb\"},\"inLanguage\":\"en-GB\",\"potentialAction\":[{\"@type\":\"ReadAction\",\"target\":[\"https:\\\/\\\/lahingupood.ee\\\/toode\\\/field-knife-78-black-glock\\\/\"]}]},{\"@type\":\"ImageObject\",\"inLanguage\":\"en-GB\",\"@id\":\"https:\\\/\\\/lahingupood.ee\\\/toode\\\/field-knife-78-black-glock\\\/#primaryimage\",\"url\":\"https:\\\/\\\/lahingupood.ee\\\/wp-content\\\/uploads\\\/2022\\\/09\\\/8464.png\",\"contentUrl\":\"https:\\\/\\\/lahingupood.ee\\\/wp-content\\\/uploads\\\/2022\\\/09\\\/8464.png\",\"width\":930,\"height\":651,\"caption\":\"field-knife-78-black-glock\"},{\"@type\":\"BreadcrumbList\",\"@id\":\"https:\\\/\\\/lahingupood.ee\\\/toode\\\/field-knife-78-black-glock\\\/#breadcrumb\",\"itemListElement\":[{\"@type\":\"ListItem\",\"position\":1,\"name\":\"Home\",\"item\":\"https:\\\/\\\/lahingupood.ee\\\/\"},{\"@type\":\"ListItem\",\"position\":2,\"name\":\"Tooted\",\"item\":\"https:\\\/\\\/lahingupood.ee\\\/tooted\\\/\"},{\"@type\":\"ListItem\",\"position\":3,\"name\":\"Field Knife 78 Black (Glock)\"}]},{\"@type\":\"WebSite\",\"@id\":\"https:\\\/\\\/lahingupood.ee\\\/#website\",\"url\":\"https:\\\/\\\/lahingupood.ee\\\/\",\"name\":\"Lahingurada e-pood\",\"description\":\"Airsoft\",\"publisher\":{\"@id\":\"https:\\\/\\\/lahingupood.ee\\\/#organization\"},\"potentialAction\":[{\"@type\":\"SearchAction\",\"target\":{\"@type\":\"EntryPoint\",\"urlTemplate\":\"https:\\\/\\\/lahingupood.ee\\\/?s={search_term_string}\"},\"query-input\":{\"@type\":\"PropertyValueSpecification\",\"valueRequired\":true,\"valueName\":\"search_term_string\"}}],\"inLanguage\":\"en-GB\"},{\"@type\":\"Organization\",\"@id\":\"https:\\\/\\\/lahingupood.ee\\\/#organization\",\"name\":\"Lahingurada\",\"url\":\"https:\\\/\\\/lahingupood.ee\\\/\",\"logo\":{\"@type\":\"ImageObject\",\"inLanguage\":\"en-GB\",\"@id\":\"https:\\\/\\\/lahingupood.ee\\\/#\\\/schema\\\/logo\\\/image\\\/\",\"url\":\"https:\\\/\\\/lahingupood.ee\\\/wp-content\\\/uploads\\\/2022\\\/03\\\/lahingurada-220318.jpg\",\"contentUrl\":\"https:\\\/\\\/lahingupood.ee\\\/wp-content\\\/uploads\\\/2022\\\/03\\\/lahingurada-220318.jpg\",\"width\":800,\"height\":500,\"caption\":\"Lahingurada\"},\"image\":{\"@id\":\"https:\\\/\\\/lahingupood.ee\\\/#\\\/schema\\\/logo\\\/image\\\/\"},\"sameAs\":[\"https:\\\/\\\/www.facebook.com\\\/Lahingurada-629940247212967\"]}]}<\/script>\n<!-- \/ Yoast SEO Premium plugin. -->","yoast_head_json":{"title":"Field Knife 78 Black (Glock) - Lahingurada e-pood","description":"Field Knife 78 Black (Glock) Kvaliteetne Glocki nuga, mida nimetatakse ka Glocki t\u00e4\u00e4giks. Enamus kasutajaid ei tea, et Glock","robots":{"index":"index","follow":"follow","max-snippet":"max-snippet:-1","max-image-preview":"max-image-preview:large","max-video-preview":"max-video-preview:-1"},"canonical":"https:\/\/lahingupood.ee\/en\/product\/field-knife-78-black-glock\/","og_locale":"en_GB","og_type":"article","og_title":"Field Knife 78 Black (Glock)","og_description":"Field Knife 78 Black (Glock) Kvaliteetne Glocki nuga, mida nimetatakse ka Glocki t\u00e4\u00e4giks. Enamus kasutajaid ei tea, et Glock","og_url":"https:\/\/lahingupood.ee\/en\/product\/field-knife-78-black-glock\/","og_site_name":"Lahingurada e-pood","article_publisher":"https:\/\/www.facebook.com\/Lahingurada-629940247212967","article_modified_time":"2026-04-12T17:30:03+00:00","og_image":[{"width":930,"height":651,"url":"https:\/\/lahingupood.ee\/wp-content\/uploads\/2022\/09\/8464.png","type":"image\/png"}],"twitter_card":"summary_large_image","twitter_misc":{"Estimated reading time":"1 minute"},"schema":{"@context":"https:\/\/schema.org","@graph":[{"@type":"WebPage","@id":"https:\/\/lahingupood.ee\/toode\/field-knife-78-black-glock\/","url":"https:\/\/lahingupood.ee\/toode\/field-knife-78-black-glock\/","name":"Field Knife 78 Black (Glock) - Lahingurada e-pood","isPartOf":{"@id":"https:\/\/lahingupood.ee\/#website"},"primaryImageOfPage":{"@id":"https:\/\/lahingupood.ee\/toode\/field-knife-78-black-glock\/#primaryimage"},"image":{"@id":"https:\/\/lahingupood.ee\/toode\/field-knife-78-black-glock\/#primaryimage"},"thumbnailUrl":"https:\/\/lahingupood.ee\/wp-content\/uploads\/2022\/09\/8464.png","datePublished":"2022-09-29T13:27:29+00:00","dateModified":"2026-04-12T17:30:03+00:00","description":"Field Knife 78 Black (Glock) Kvaliteetne Glocki nuga, mida nimetatakse ka Glocki t\u00e4\u00e4giks. Enamus kasutajaid ei tea, et Glock","breadcrumb":{"@id":"https:\/\/lahingupood.ee\/toode\/field-knife-78-black-glock\/#breadcrumb"},"inLanguage":"en-GB","potentialAction":[{"@type":"ReadAction","target":["https:\/\/lahingupood.ee\/toode\/field-knife-78-black-glock\/"]}]},{"@type":"ImageObject","inLanguage":"en-GB","@id":"https:\/\/lahingupood.ee\/toode\/field-knife-78-black-glock\/#primaryimage","url":"https:\/\/lahingupood.ee\/wp-content\/uploads\/2022\/09\/8464.png","contentUrl":"https:\/\/lahingupood.ee\/wp-content\/uploads\/2022\/09\/8464.png","width":930,"height":651,"caption":"field-knife-78-black-glock"},{"@type":"BreadcrumbList","@id":"https:\/\/lahingupood.ee\/toode\/field-knife-78-black-glock\/#breadcrumb","itemListElement":[{"@type":"ListItem","position":1,"name":"Home","item":"https:\/\/lahingupood.ee\/"},{"@type":"ListItem","position":2,"name":"Tooted","item":"https:\/\/lahingupood.ee\/tooted\/"},{"@type":"ListItem","position":3,"name":"Field Knife 78 Black (Glock)"}]},{"@type":"WebSite","@id":"https:\/\/lahingupood.ee\/#website","url":"https:\/\/lahingupood.ee\/","name":"Lahingurada e-pood","description":"Airsoft","publisher":{"@id":"https:\/\/lahingupood.ee\/#organization"},"potentialAction":[{"@type":"SearchAction","target":{"@type":"EntryPoint","urlTemplate":"https:\/\/lahingupood.ee\/?s={search_term_string}"},"query-input":{"@type":"PropertyValueSpecification","valueRequired":true,"valueName":"search_term_string"}}],"inLanguage":"en-GB"},{"@type":"Organization","@id":"https:\/\/lahingupood.ee\/#organization","name":"Lahingurada","url":"https:\/\/lahingupood.ee\/","logo":{"@type":"ImageObject","inLanguage":"en-GB","@id":"https:\/\/lahingupood.ee\/#\/schema\/logo\/image\/","url":"https:\/\/lahingupood.ee\/wp-content\/uploads\/2022\/03\/lahingurada-220318.jpg","contentUrl":"https:\/\/lahingupood.ee\/wp-content\/uploads\/2022\/03\/lahingurada-220318.jpg","width":800,"height":500,"caption":"Lahingurada"},"image":{"@id":"https:\/\/lahingupood.ee\/#\/schema\/logo\/image\/"},"sameAs":["https:\/\/www.facebook.com\/Lahingurada-629940247212967"]}]}},"_links":{"self":[{"href":"https:\/\/lahingupood.ee\/en\/wp-json\/wp\/v2\/product\/2349","targetHints":{"allow":["GET"]}}],"collection":[{"href":"https:\/\/lahingupood.ee\/en\/wp-json\/wp\/v2\/product"}],"about":[{"href":"https:\/\/lahingupood.ee\/en\/wp-json\/wp\/v2\/types\/product"}],"wp:featuredmedia":[{"embeddable":true,"href":"https:\/\/lahingupood.ee\/en\/wp-json\/wp\/v2\/media\/2350"}],"wp:attachment":[{"href":"https:\/\/lahingupood.ee\/en\/wp-json\/wp\/v2\/media?parent=2349"}],"wp:term":[{"taxonomy":"product_brand","embeddable":true,"href":"https:\/\/lahingupood.ee\/en\/wp-json\/wp\/v2\/product_brand?post=2349"},{"taxonomy":"product_cat","embeddable":true,"href":"https:\/\/lahingupood.ee\/en\/wp-json\/wp\/v2\/product_cat?post=2349"},{"taxonomy":"product_tag","embeddable":true,"href":"https:\/\/lahingupood.ee\/en\/wp-json\/wp\/v2\/product_tag?post=2349"}],"curies":[{"name":"wp","href":"https:\/\/api.w.org\/{rel}","templated":true}]}}