{"id":2333,"date":"2022-09-29T15:22:37","date_gmt":"2022-09-29T12:22:37","guid":{"rendered":"https:\/\/lahingupood.ee\/?post_type=product&#038;p=2333"},"modified":"2026-05-16T05:15:04","modified_gmt":"2026-05-16T02:15:04","slug":"punane-valguspulk-6-tolli-clawgear","status":"publish","type":"product","link":"https:\/\/lahingupood.ee\/en\/product\/punane-valguspulk-6-tolli-clawgear\/","title":{"rendered":"Clawgear 6-tolline valguspulk \u2013 punane"},"content":{"rendered":"<p><strong data-start=\"587\" data-end=\"608\">Punane valguspulk<\/strong> on 6-tolline \u00fchekordne valgusallikas. See sobib m\u00e4rgistamiseks, airsoftiks, matkamiseks, laagris kasutamiseks ja h\u00e4daolukordadeks. Valguspulk t\u00f6\u00f6tab ilma patareide ja laadimiseta.<\/p>","protected":false},"excerpt":{"rendered":"<p>Punane valguspulk on 6-tolline \u00fchekordne valgusallikas. See sobib m\u00e4rgistamiseks, airsoftiks, matkamiseks, laagris kasutamiseks ja h\u00e4daolukordadeks. Valguspulk t\u00f6\u00f6tab ilma patareide ja laadimiseta.<\/p>","protected":false},"featured_media":2334,"template":"","meta":[],"product_brand":[],"product_cat":[96],"product_tag":[],"class_list":{"0":"post-2333","1":"product","2":"type-product","3":"status-publish","4":"has-post-thumbnail","6":"product_cat-muu-kasulik-kraam","8":"first","9":"instock","10":"taxable","11":"shipping-taxable","12":"purchasable","13":"product-type-simple"},"yoast_head":"<!-- This site is optimized with the Yoast SEO Premium plugin v27.6 (Yoast SEO v27.6) - https:\/\/yoast.com\/product\/yoast-seo-premium-wordpress\/ -->\n<title>Punane valguspulk 6 tolli | Clawgear<\/title>\n<meta name=\"description\" content=\"Punane valguspulk Clawgearilt on 6-tolline \u00fchekordne valgusallikas m\u00e4rgistamiseks, matkaks, airsoftiks ja h\u00e4daolukordadeks.\" \/>\n<meta name=\"robots\" content=\"index, follow, max-snippet:-1, max-image-preview:large, max-video-preview:-1\" \/>\n<link rel=\"canonical\" href=\"https:\/\/lahingupood.ee\/en\/product\/punane-valguspulk-6-tolli-clawgear\/\" \/>\n<meta property=\"og:locale\" content=\"en_GB\" \/>\n<meta property=\"og:type\" content=\"article\" \/>\n<meta property=\"og:title\" content=\"Clawgear 6-tolline valguspulk \u2013 punane\" \/>\n<meta property=\"og:description\" content=\"Punane valguspulk Clawgearilt on 6-tolline \u00fchekordne valgusallikas m\u00e4rgistamiseks, matkaks, airsoftiks ja h\u00e4daolukordadeks.\" \/>\n<meta property=\"og:url\" content=\"https:\/\/lahingupood.ee\/en\/product\/punane-valguspulk-6-tolli-clawgear\/\" \/>\n<meta property=\"og:site_name\" content=\"Lahingurada e-pood\" \/>\n<meta property=\"article:publisher\" content=\"https:\/\/www.facebook.com\/Lahingurada-629940247212967\" \/>\n<meta property=\"article:modified_time\" content=\"2026-05-16T02:15:04+00:00\" \/>\n<meta property=\"og:image\" content=\"https:\/\/lahingupood.ee\/wp-content\/uploads\/2022\/09\/11515.png\" \/>\n\t<meta property=\"og:image:width\" content=\"930\" \/>\n\t<meta property=\"og:image:height\" content=\"651\" \/>\n\t<meta property=\"og:image:type\" content=\"image\/png\" \/>\n<meta name=\"twitter:card\" content=\"summary_large_image\" \/>\n<meta name=\"twitter:label1\" content=\"Estimated reading time\" \/>\n\t<meta name=\"twitter:data1\" content=\"1 minute\" \/>\n<script type=\"application\/ld+json\" class=\"yoast-schema-graph\">{\"@context\":\"https:\\\/\\\/schema.org\",\"@graph\":[{\"@type\":\"WebPage\",\"@id\":\"https:\\\/\\\/lahingupood.ee\\\/toode\\\/punane-valguspulk-6-tolli-clawgear\\\/\",\"url\":\"https:\\\/\\\/lahingupood.ee\\\/toode\\\/punane-valguspulk-6-tolli-clawgear\\\/\",\"name\":\"Punane valguspulk 6 tolli | Clawgear\",\"isPartOf\":{\"@id\":\"https:\\\/\\\/lahingupood.ee\\\/#website\"},\"primaryImageOfPage\":{\"@id\":\"https:\\\/\\\/lahingupood.ee\\\/toode\\\/punane-valguspulk-6-tolli-clawgear\\\/#primaryimage\"},\"image\":{\"@id\":\"https:\\\/\\\/lahingupood.ee\\\/toode\\\/punane-valguspulk-6-tolli-clawgear\\\/#primaryimage\"},\"thumbnailUrl\":\"https:\\\/\\\/lahingupood.ee\\\/wp-content\\\/uploads\\\/2022\\\/09\\\/11515.png\",\"datePublished\":\"2022-09-29T12:22:37+00:00\",\"dateModified\":\"2026-05-16T02:15:04+00:00\",\"description\":\"Punane valguspulk Clawgearilt on 6-tolline \u00fchekordne valgusallikas m\u00e4rgistamiseks, matkaks, airsoftiks ja h\u00e4daolukordadeks.\",\"breadcrumb\":{\"@id\":\"https:\\\/\\\/lahingupood.ee\\\/toode\\\/punane-valguspulk-6-tolli-clawgear\\\/#breadcrumb\"},\"inLanguage\":\"en-GB\",\"potentialAction\":[{\"@type\":\"ReadAction\",\"target\":[\"https:\\\/\\\/lahingupood.ee\\\/toode\\\/punane-valguspulk-6-tolli-clawgear\\\/\"]}]},{\"@type\":\"ImageObject\",\"inLanguage\":\"en-GB\",\"@id\":\"https:\\\/\\\/lahingupood.ee\\\/toode\\\/punane-valguspulk-6-tolli-clawgear\\\/#primaryimage\",\"url\":\"https:\\\/\\\/lahingupood.ee\\\/wp-content\\\/uploads\\\/2022\\\/09\\\/11515.png\",\"contentUrl\":\"https:\\\/\\\/lahingupood.ee\\\/wp-content\\\/uploads\\\/2022\\\/09\\\/11515.png\",\"width\":930,\"height\":651,\"caption\":\"6-inch-light-stick-red-clawgear\"},{\"@type\":\"BreadcrumbList\",\"@id\":\"https:\\\/\\\/lahingupood.ee\\\/toode\\\/punane-valguspulk-6-tolli-clawgear\\\/#breadcrumb\",\"itemListElement\":[{\"@type\":\"ListItem\",\"position\":1,\"name\":\"Home\",\"item\":\"https:\\\/\\\/lahingupood.ee\\\/\"},{\"@type\":\"ListItem\",\"position\":2,\"name\":\"Tooted\",\"item\":\"https:\\\/\\\/lahingupood.ee\\\/tooted\\\/\"},{\"@type\":\"ListItem\",\"position\":3,\"name\":\"Clawgear 6-tolline valguspulk \u2013 punane\"}]},{\"@type\":\"WebSite\",\"@id\":\"https:\\\/\\\/lahingupood.ee\\\/#website\",\"url\":\"https:\\\/\\\/lahingupood.ee\\\/\",\"name\":\"Lahingurada e-pood\",\"description\":\"Airsoft\",\"publisher\":{\"@id\":\"https:\\\/\\\/lahingupood.ee\\\/#organization\"},\"potentialAction\":[{\"@type\":\"SearchAction\",\"target\":{\"@type\":\"EntryPoint\",\"urlTemplate\":\"https:\\\/\\\/lahingupood.ee\\\/?s={search_term_string}\"},\"query-input\":{\"@type\":\"PropertyValueSpecification\",\"valueRequired\":true,\"valueName\":\"search_term_string\"}}],\"inLanguage\":\"en-GB\"},{\"@type\":\"Organization\",\"@id\":\"https:\\\/\\\/lahingupood.ee\\\/#organization\",\"name\":\"Lahingurada\",\"url\":\"https:\\\/\\\/lahingupood.ee\\\/\",\"logo\":{\"@type\":\"ImageObject\",\"inLanguage\":\"en-GB\",\"@id\":\"https:\\\/\\\/lahingupood.ee\\\/#\\\/schema\\\/logo\\\/image\\\/\",\"url\":\"https:\\\/\\\/lahingupood.ee\\\/wp-content\\\/uploads\\\/2022\\\/03\\\/lahingurada-220318.jpg\",\"contentUrl\":\"https:\\\/\\\/lahingupood.ee\\\/wp-content\\\/uploads\\\/2022\\\/03\\\/lahingurada-220318.jpg\",\"width\":800,\"height\":500,\"caption\":\"Lahingurada\"},\"image\":{\"@id\":\"https:\\\/\\\/lahingupood.ee\\\/#\\\/schema\\\/logo\\\/image\\\/\"},\"sameAs\":[\"https:\\\/\\\/www.facebook.com\\\/Lahingurada-629940247212967\"]}]}<\/script>\n<!-- \/ Yoast SEO Premium plugin. -->","yoast_head_json":{"title":"Punane valguspulk 6 tolli | Clawgear","description":"Punane valguspulk Clawgearilt on 6-tolline \u00fchekordne valgusallikas m\u00e4rgistamiseks, matkaks, airsoftiks ja h\u00e4daolukordadeks.","robots":{"index":"index","follow":"follow","max-snippet":"max-snippet:-1","max-image-preview":"max-image-preview:large","max-video-preview":"max-video-preview:-1"},"canonical":"https:\/\/lahingupood.ee\/en\/product\/punane-valguspulk-6-tolli-clawgear\/","og_locale":"en_GB","og_type":"article","og_title":"Clawgear 6-tolline valguspulk \u2013 punane","og_description":"Punane valguspulk Clawgearilt on 6-tolline \u00fchekordne valgusallikas m\u00e4rgistamiseks, matkaks, airsoftiks ja h\u00e4daolukordadeks.","og_url":"https:\/\/lahingupood.ee\/en\/product\/punane-valguspulk-6-tolli-clawgear\/","og_site_name":"Lahingurada e-pood","article_publisher":"https:\/\/www.facebook.com\/Lahingurada-629940247212967","article_modified_time":"2026-05-16T02:15:04+00:00","og_image":[{"width":930,"height":651,"url":"https:\/\/lahingupood.ee\/wp-content\/uploads\/2022\/09\/11515.png","type":"image\/png"}],"twitter_card":"summary_large_image","twitter_misc":{"Estimated reading time":"1 minute"},"schema":{"@context":"https:\/\/schema.org","@graph":[{"@type":"WebPage","@id":"https:\/\/lahingupood.ee\/toode\/punane-valguspulk-6-tolli-clawgear\/","url":"https:\/\/lahingupood.ee\/toode\/punane-valguspulk-6-tolli-clawgear\/","name":"Punane valguspulk 6 tolli | Clawgear","isPartOf":{"@id":"https:\/\/lahingupood.ee\/#website"},"primaryImageOfPage":{"@id":"https:\/\/lahingupood.ee\/toode\/punane-valguspulk-6-tolli-clawgear\/#primaryimage"},"image":{"@id":"https:\/\/lahingupood.ee\/toode\/punane-valguspulk-6-tolli-clawgear\/#primaryimage"},"thumbnailUrl":"https:\/\/lahingupood.ee\/wp-content\/uploads\/2022\/09\/11515.png","datePublished":"2022-09-29T12:22:37+00:00","dateModified":"2026-05-16T02:15:04+00:00","description":"Punane valguspulk Clawgearilt on 6-tolline \u00fchekordne valgusallikas m\u00e4rgistamiseks, matkaks, airsoftiks ja h\u00e4daolukordadeks.","breadcrumb":{"@id":"https:\/\/lahingupood.ee\/toode\/punane-valguspulk-6-tolli-clawgear\/#breadcrumb"},"inLanguage":"en-GB","potentialAction":[{"@type":"ReadAction","target":["https:\/\/lahingupood.ee\/toode\/punane-valguspulk-6-tolli-clawgear\/"]}]},{"@type":"ImageObject","inLanguage":"en-GB","@id":"https:\/\/lahingupood.ee\/toode\/punane-valguspulk-6-tolli-clawgear\/#primaryimage","url":"https:\/\/lahingupood.ee\/wp-content\/uploads\/2022\/09\/11515.png","contentUrl":"https:\/\/lahingupood.ee\/wp-content\/uploads\/2022\/09\/11515.png","width":930,"height":651,"caption":"6-inch-light-stick-red-clawgear"},{"@type":"BreadcrumbList","@id":"https:\/\/lahingupood.ee\/toode\/punane-valguspulk-6-tolli-clawgear\/#breadcrumb","itemListElement":[{"@type":"ListItem","position":1,"name":"Home","item":"https:\/\/lahingupood.ee\/"},{"@type":"ListItem","position":2,"name":"Tooted","item":"https:\/\/lahingupood.ee\/tooted\/"},{"@type":"ListItem","position":3,"name":"Clawgear 6-tolline valguspulk \u2013 punane"}]},{"@type":"WebSite","@id":"https:\/\/lahingupood.ee\/#website","url":"https:\/\/lahingupood.ee\/","name":"Lahingurada e-pood","description":"Airsoft","publisher":{"@id":"https:\/\/lahingupood.ee\/#organization"},"potentialAction":[{"@type":"SearchAction","target":{"@type":"EntryPoint","urlTemplate":"https:\/\/lahingupood.ee\/?s={search_term_string}"},"query-input":{"@type":"PropertyValueSpecification","valueRequired":true,"valueName":"search_term_string"}}],"inLanguage":"en-GB"},{"@type":"Organization","@id":"https:\/\/lahingupood.ee\/#organization","name":"Lahingurada","url":"https:\/\/lahingupood.ee\/","logo":{"@type":"ImageObject","inLanguage":"en-GB","@id":"https:\/\/lahingupood.ee\/#\/schema\/logo\/image\/","url":"https:\/\/lahingupood.ee\/wp-content\/uploads\/2022\/03\/lahingurada-220318.jpg","contentUrl":"https:\/\/lahingupood.ee\/wp-content\/uploads\/2022\/03\/lahingurada-220318.jpg","width":800,"height":500,"caption":"Lahingurada"},"image":{"@id":"https:\/\/lahingupood.ee\/#\/schema\/logo\/image\/"},"sameAs":["https:\/\/www.facebook.com\/Lahingurada-629940247212967"]}]}},"_links":{"self":[{"href":"https:\/\/lahingupood.ee\/en\/wp-json\/wp\/v2\/product\/2333","targetHints":{"allow":["GET"]}}],"collection":[{"href":"https:\/\/lahingupood.ee\/en\/wp-json\/wp\/v2\/product"}],"about":[{"href":"https:\/\/lahingupood.ee\/en\/wp-json\/wp\/v2\/types\/product"}],"wp:featuredmedia":[{"embeddable":true,"href":"https:\/\/lahingupood.ee\/en\/wp-json\/wp\/v2\/media\/2334"}],"wp:attachment":[{"href":"https:\/\/lahingupood.ee\/en\/wp-json\/wp\/v2\/media?parent=2333"}],"wp:term":[{"taxonomy":"product_brand","embeddable":true,"href":"https:\/\/lahingupood.ee\/en\/wp-json\/wp\/v2\/product_brand?post=2333"},{"taxonomy":"product_cat","embeddable":true,"href":"https:\/\/lahingupood.ee\/en\/wp-json\/wp\/v2\/product_cat?post=2333"},{"taxonomy":"product_tag","embeddable":true,"href":"https:\/\/lahingupood.ee\/en\/wp-json\/wp\/v2\/product_tag?post=2333"}],"curies":[{"name":"wp","href":"https:\/\/api.w.org\/{rel}","templated":true}]}}