{"id":2319,"date":"2022-09-29T12:35:48","date_gmt":"2022-09-29T09:35:48","guid":{"rendered":"https:\/\/lahingupood.ee\/?post_type=product&#038;p=2319"},"modified":"2026-04-12T20:00:01","modified_gmt":"2026-04-12T17:00:01","slug":"tactical-sling-for-ak-replicas-olive-drab","status":"publish","type":"product","link":"https:\/\/lahingupood.ee\/en\/product\/tactical-sling-for-ak-replicas-olive-drab\/","title":{"rendered":"Tactical Sling for AK Replicas &#8211; Olive Drab"},"content":{"rendered":"<p>Tactical Sling for AK Replicas &#8211; Olive Drab<\/p>\n<p>AK originaalrihm. Soovitatav paigaldada klassikalise v\u00e4limusega <a href=\"https:\/\/lahingupood.ee\/en\/product\/el-elak74n-essential-carbine-replica\/\">AK replikatele<\/a>, anturaa\u017eika v\u00e4limuse s\u00e4ilitamiseks.<\/p>","protected":false},"excerpt":{"rendered":"<p>Tactical Sling for AK Replicas &#8211; Olive Drab AK originaalrihm. Soovitatav paigaldada klassikalise v\u00e4limusega AK replikatele, anturaa\u017eika v\u00e4limuse s\u00e4ilitamiseks.<\/p>","protected":false},"featured_media":2320,"template":"","meta":[],"product_brand":[],"product_cat":[70],"product_tag":[],"class_list":{"0":"post-2319","1":"product","2":"type-product","3":"status-publish","4":"has-post-thumbnail","6":"product_cat-relvarihmad","8":"first","9":"outofstock","10":"taxable","11":"shipping-taxable","12":"purchasable","13":"product-type-simple"},"yoast_head":"<!-- This site is optimized with the Yoast SEO Premium plugin v27.3 (Yoast SEO v27.3) - https:\/\/yoast.com\/product\/yoast-seo-premium-wordpress\/ -->\n<title>Tactical Sling for AK Replicas - Olive Drab - Lahingurada e-pood<\/title>\n<meta name=\"description\" content=\"Tactical Sling for AK Replicas - Olive Drab AK originaalrihm. Soovitatav paigaldada klassikalise v\u00e4limusega AK replikatele, anturaa\u017eika v\u00e4limuse s\u00e4ilitamis\" \/>\n<meta name=\"robots\" content=\"index, follow, max-snippet:-1, max-image-preview:large, max-video-preview:-1\" \/>\n<link rel=\"canonical\" href=\"https:\/\/lahingupood.ee\/en\/product\/tactical-sling-for-ak-replicas-olive-drab\/\" \/>\n<meta property=\"og:locale\" content=\"en_GB\" \/>\n<meta property=\"og:type\" content=\"article\" \/>\n<meta property=\"og:title\" content=\"Tactical Sling for AK Replicas - Olive Drab\" \/>\n<meta property=\"og:description\" content=\"Tactical Sling for AK Replicas - Olive Drab AK originaalrihm. Soovitatav paigaldada klassikalise v\u00e4limusega AK replikatele, anturaa\u017eika v\u00e4limuse s\u00e4ilitamis\" \/>\n<meta property=\"og:url\" content=\"https:\/\/lahingupood.ee\/en\/product\/tactical-sling-for-ak-replicas-olive-drab\/\" \/>\n<meta property=\"og:site_name\" content=\"Lahingurada e-pood\" \/>\n<meta property=\"article:publisher\" content=\"https:\/\/www.facebook.com\/Lahingurada-629940247212967\" \/>\n<meta property=\"article:modified_time\" content=\"2026-04-12T17:00:01+00:00\" \/>\n<meta property=\"og:image\" content=\"https:\/\/lahingupood.ee\/wp-content\/uploads\/2022\/09\/1152209855_1.jpeg\" \/>\n\t<meta property=\"og:image:width\" content=\"800\" \/>\n\t<meta property=\"og:image:height\" content=\"533\" \/>\n\t<meta property=\"og:image:type\" content=\"image\/jpeg\" \/>\n<meta name=\"twitter:card\" content=\"summary_large_image\" \/>\n<meta name=\"twitter:label1\" content=\"Estimated reading time\" \/>\n\t<meta name=\"twitter:data1\" content=\"1 minute\" \/>\n<script type=\"application\/ld+json\" class=\"yoast-schema-graph\">{\"@context\":\"https:\\\/\\\/schema.org\",\"@graph\":[{\"@type\":\"WebPage\",\"@id\":\"https:\\\/\\\/lahingupood.ee\\\/toode\\\/tactical-sling-for-ak-replicas-olive-drab\\\/\",\"url\":\"https:\\\/\\\/lahingupood.ee\\\/toode\\\/tactical-sling-for-ak-replicas-olive-drab\\\/\",\"name\":\"Tactical Sling for AK Replicas - Olive Drab - Lahingurada e-pood\",\"isPartOf\":{\"@id\":\"https:\\\/\\\/lahingupood.ee\\\/#website\"},\"primaryImageOfPage\":{\"@id\":\"https:\\\/\\\/lahingupood.ee\\\/toode\\\/tactical-sling-for-ak-replicas-olive-drab\\\/#primaryimage\"},\"image\":{\"@id\":\"https:\\\/\\\/lahingupood.ee\\\/toode\\\/tactical-sling-for-ak-replicas-olive-drab\\\/#primaryimage\"},\"thumbnailUrl\":\"https:\\\/\\\/lahingupood.ee\\\/wp-content\\\/uploads\\\/2022\\\/09\\\/1152209855_1.jpeg\",\"datePublished\":\"2022-09-29T09:35:48+00:00\",\"dateModified\":\"2026-04-12T17:00:01+00:00\",\"description\":\"Tactical Sling for AK Replicas - Olive Drab AK originaalrihm. Soovitatav paigaldada klassikalise v\u00e4limusega AK replikatele, anturaa\u017eika v\u00e4limuse s\u00e4ilitamis\",\"breadcrumb\":{\"@id\":\"https:\\\/\\\/lahingupood.ee\\\/toode\\\/tactical-sling-for-ak-replicas-olive-drab\\\/#breadcrumb\"},\"inLanguage\":\"en-GB\",\"potentialAction\":[{\"@type\":\"ReadAction\",\"target\":[\"https:\\\/\\\/lahingupood.ee\\\/toode\\\/tactical-sling-for-ak-replicas-olive-drab\\\/\"]}]},{\"@type\":\"ImageObject\",\"inLanguage\":\"en-GB\",\"@id\":\"https:\\\/\\\/lahingupood.ee\\\/toode\\\/tactical-sling-for-ak-replicas-olive-drab\\\/#primaryimage\",\"url\":\"https:\\\/\\\/lahingupood.ee\\\/wp-content\\\/uploads\\\/2022\\\/09\\\/1152209855_1.jpeg\",\"contentUrl\":\"https:\\\/\\\/lahingupood.ee\\\/wp-content\\\/uploads\\\/2022\\\/09\\\/1152209855_1.jpeg\",\"width\":800,\"height\":533,\"caption\":\"tactical-sling-for-ak-replicas-olive-drab\"},{\"@type\":\"BreadcrumbList\",\"@id\":\"https:\\\/\\\/lahingupood.ee\\\/toode\\\/tactical-sling-for-ak-replicas-olive-drab\\\/#breadcrumb\",\"itemListElement\":[{\"@type\":\"ListItem\",\"position\":1,\"name\":\"Home\",\"item\":\"https:\\\/\\\/lahingupood.ee\\\/\"},{\"@type\":\"ListItem\",\"position\":2,\"name\":\"Tooted\",\"item\":\"https:\\\/\\\/lahingupood.ee\\\/tooted\\\/\"},{\"@type\":\"ListItem\",\"position\":3,\"name\":\"Tactical Sling for AK Replicas &#8211; Olive Drab\"}]},{\"@type\":\"WebSite\",\"@id\":\"https:\\\/\\\/lahingupood.ee\\\/#website\",\"url\":\"https:\\\/\\\/lahingupood.ee\\\/\",\"name\":\"Lahingurada e-pood\",\"description\":\"Airsoft\",\"publisher\":{\"@id\":\"https:\\\/\\\/lahingupood.ee\\\/#organization\"},\"potentialAction\":[{\"@type\":\"SearchAction\",\"target\":{\"@type\":\"EntryPoint\",\"urlTemplate\":\"https:\\\/\\\/lahingupood.ee\\\/?s={search_term_string}\"},\"query-input\":{\"@type\":\"PropertyValueSpecification\",\"valueRequired\":true,\"valueName\":\"search_term_string\"}}],\"inLanguage\":\"en-GB\"},{\"@type\":\"Organization\",\"@id\":\"https:\\\/\\\/lahingupood.ee\\\/#organization\",\"name\":\"Lahingurada\",\"url\":\"https:\\\/\\\/lahingupood.ee\\\/\",\"logo\":{\"@type\":\"ImageObject\",\"inLanguage\":\"en-GB\",\"@id\":\"https:\\\/\\\/lahingupood.ee\\\/#\\\/schema\\\/logo\\\/image\\\/\",\"url\":\"https:\\\/\\\/lahingupood.ee\\\/wp-content\\\/uploads\\\/2022\\\/03\\\/lahingurada-220318.jpg\",\"contentUrl\":\"https:\\\/\\\/lahingupood.ee\\\/wp-content\\\/uploads\\\/2022\\\/03\\\/lahingurada-220318.jpg\",\"width\":800,\"height\":500,\"caption\":\"Lahingurada\"},\"image\":{\"@id\":\"https:\\\/\\\/lahingupood.ee\\\/#\\\/schema\\\/logo\\\/image\\\/\"},\"sameAs\":[\"https:\\\/\\\/www.facebook.com\\\/Lahingurada-629940247212967\"]}]}<\/script>\n<!-- \/ Yoast SEO Premium plugin. -->","yoast_head_json":{"title":"Tactical Sling for AK Replicas - Olive Drab - Lahingurada e-pood","description":"Tactical Sling for AK Replicas - Olive Drab AK originaalrihm. Soovitatav paigaldada klassikalise v\u00e4limusega AK replikatele, anturaa\u017eika v\u00e4limuse s\u00e4ilitamis","robots":{"index":"index","follow":"follow","max-snippet":"max-snippet:-1","max-image-preview":"max-image-preview:large","max-video-preview":"max-video-preview:-1"},"canonical":"https:\/\/lahingupood.ee\/en\/product\/tactical-sling-for-ak-replicas-olive-drab\/","og_locale":"en_GB","og_type":"article","og_title":"Tactical Sling for AK Replicas - Olive Drab","og_description":"Tactical Sling for AK Replicas - Olive Drab AK originaalrihm. Soovitatav paigaldada klassikalise v\u00e4limusega AK replikatele, anturaa\u017eika v\u00e4limuse s\u00e4ilitamis","og_url":"https:\/\/lahingupood.ee\/en\/product\/tactical-sling-for-ak-replicas-olive-drab\/","og_site_name":"Lahingurada e-pood","article_publisher":"https:\/\/www.facebook.com\/Lahingurada-629940247212967","article_modified_time":"2026-04-12T17:00:01+00:00","og_image":[{"width":800,"height":533,"url":"https:\/\/lahingupood.ee\/wp-content\/uploads\/2022\/09\/1152209855_1.jpeg","type":"image\/jpeg"}],"twitter_card":"summary_large_image","twitter_misc":{"Estimated reading time":"1 minute"},"schema":{"@context":"https:\/\/schema.org","@graph":[{"@type":"WebPage","@id":"https:\/\/lahingupood.ee\/toode\/tactical-sling-for-ak-replicas-olive-drab\/","url":"https:\/\/lahingupood.ee\/toode\/tactical-sling-for-ak-replicas-olive-drab\/","name":"Tactical Sling for AK Replicas - Olive Drab - Lahingurada e-pood","isPartOf":{"@id":"https:\/\/lahingupood.ee\/#website"},"primaryImageOfPage":{"@id":"https:\/\/lahingupood.ee\/toode\/tactical-sling-for-ak-replicas-olive-drab\/#primaryimage"},"image":{"@id":"https:\/\/lahingupood.ee\/toode\/tactical-sling-for-ak-replicas-olive-drab\/#primaryimage"},"thumbnailUrl":"https:\/\/lahingupood.ee\/wp-content\/uploads\/2022\/09\/1152209855_1.jpeg","datePublished":"2022-09-29T09:35:48+00:00","dateModified":"2026-04-12T17:00:01+00:00","description":"Tactical Sling for AK Replicas - Olive Drab AK originaalrihm. Soovitatav paigaldada klassikalise v\u00e4limusega AK replikatele, anturaa\u017eika v\u00e4limuse s\u00e4ilitamis","breadcrumb":{"@id":"https:\/\/lahingupood.ee\/toode\/tactical-sling-for-ak-replicas-olive-drab\/#breadcrumb"},"inLanguage":"en-GB","potentialAction":[{"@type":"ReadAction","target":["https:\/\/lahingupood.ee\/toode\/tactical-sling-for-ak-replicas-olive-drab\/"]}]},{"@type":"ImageObject","inLanguage":"en-GB","@id":"https:\/\/lahingupood.ee\/toode\/tactical-sling-for-ak-replicas-olive-drab\/#primaryimage","url":"https:\/\/lahingupood.ee\/wp-content\/uploads\/2022\/09\/1152209855_1.jpeg","contentUrl":"https:\/\/lahingupood.ee\/wp-content\/uploads\/2022\/09\/1152209855_1.jpeg","width":800,"height":533,"caption":"tactical-sling-for-ak-replicas-olive-drab"},{"@type":"BreadcrumbList","@id":"https:\/\/lahingupood.ee\/toode\/tactical-sling-for-ak-replicas-olive-drab\/#breadcrumb","itemListElement":[{"@type":"ListItem","position":1,"name":"Home","item":"https:\/\/lahingupood.ee\/"},{"@type":"ListItem","position":2,"name":"Tooted","item":"https:\/\/lahingupood.ee\/tooted\/"},{"@type":"ListItem","position":3,"name":"Tactical Sling for AK Replicas &#8211; Olive Drab"}]},{"@type":"WebSite","@id":"https:\/\/lahingupood.ee\/#website","url":"https:\/\/lahingupood.ee\/","name":"Lahingurada e-pood","description":"Airsoft","publisher":{"@id":"https:\/\/lahingupood.ee\/#organization"},"potentialAction":[{"@type":"SearchAction","target":{"@type":"EntryPoint","urlTemplate":"https:\/\/lahingupood.ee\/?s={search_term_string}"},"query-input":{"@type":"PropertyValueSpecification","valueRequired":true,"valueName":"search_term_string"}}],"inLanguage":"en-GB"},{"@type":"Organization","@id":"https:\/\/lahingupood.ee\/#organization","name":"Lahingurada","url":"https:\/\/lahingupood.ee\/","logo":{"@type":"ImageObject","inLanguage":"en-GB","@id":"https:\/\/lahingupood.ee\/#\/schema\/logo\/image\/","url":"https:\/\/lahingupood.ee\/wp-content\/uploads\/2022\/03\/lahingurada-220318.jpg","contentUrl":"https:\/\/lahingupood.ee\/wp-content\/uploads\/2022\/03\/lahingurada-220318.jpg","width":800,"height":500,"caption":"Lahingurada"},"image":{"@id":"https:\/\/lahingupood.ee\/#\/schema\/logo\/image\/"},"sameAs":["https:\/\/www.facebook.com\/Lahingurada-629940247212967"]}]}},"_links":{"self":[{"href":"https:\/\/lahingupood.ee\/en\/wp-json\/wp\/v2\/product\/2319","targetHints":{"allow":["GET"]}}],"collection":[{"href":"https:\/\/lahingupood.ee\/en\/wp-json\/wp\/v2\/product"}],"about":[{"href":"https:\/\/lahingupood.ee\/en\/wp-json\/wp\/v2\/types\/product"}],"wp:featuredmedia":[{"embeddable":true,"href":"https:\/\/lahingupood.ee\/en\/wp-json\/wp\/v2\/media\/2320"}],"wp:attachment":[{"href":"https:\/\/lahingupood.ee\/en\/wp-json\/wp\/v2\/media?parent=2319"}],"wp:term":[{"taxonomy":"product_brand","embeddable":true,"href":"https:\/\/lahingupood.ee\/en\/wp-json\/wp\/v2\/product_brand?post=2319"},{"taxonomy":"product_cat","embeddable":true,"href":"https:\/\/lahingupood.ee\/en\/wp-json\/wp\/v2\/product_cat?post=2319"},{"taxonomy":"product_tag","embeddable":true,"href":"https:\/\/lahingupood.ee\/en\/wp-json\/wp\/v2\/product_tag?post=2319"}],"curies":[{"name":"wp","href":"https:\/\/api.w.org\/{rel}","templated":true}]}}