{"id":220,"date":"2022-03-23T15:20:46","date_gmt":"2022-03-23T13:20:46","guid":{"rendered":"https:\/\/lahingupood.ee\/?post_type=product&#038;p=220"},"modified":"2026-05-02T20:00:02","modified_gmt":"2026-05-02T17:00:02","slug":"korvakaitsmed-fast-kiivrile","status":"publish","type":"product","link":"https:\/\/lahingupood.ee\/en\/product\/korvakaitsmed-fast-kiivrile\/","title":{"rendered":"K\u00f5rvakaitsmed FAST kiivrile"},"content":{"rendered":"<p data-start=\"334\" data-end=\"559\">FAST kiivri k\u00f5rvakaitsmed on spetsiaalne taktikaline lisavarustus, mis on m\u00f5eldud FAST t\u00fc\u00fcpi kiivritele. Nende eesm\u00e4rk on pakkuda lisakaitset k\u00f5rvadele ning suurendada kasutaja turvalisust Airsoft m\u00e4ngude ja treeningute ajal.<\/p>\n<p data-start=\"561\" data-end=\"811\">FAST kiivri k\u00f5rvakaitsmed aitavad v\u00e4hendada l\u00f6\u00f6kide ja juhuslike kontaktide m\u00f5ju, mis v\u00f5ib tekkida intensiivses m\u00e4ngus v\u00f5i kitsastes oludes. See muudab need oluliseks lisaks m\u00e4ngijatele, kes soovivad oma varustust t\u00e4iendada ja turvalisust suurendada.<\/p>","protected":false},"excerpt":{"rendered":"<p>FAST kiivri k\u00f5rvakaitsmed on spetsiaalne taktikaline lisavarustus, mis on m\u00f5eldud FAST t\u00fc\u00fcpi kiivritele. Nende eesm\u00e4rk on pakkuda lisakaitset k\u00f5rvadele ning suurendada kasutaja turvalisust Airsoft m\u00e4ngude ja treeningute ajal. FAST kiivri k\u00f5rvakaitsmed aitavad v\u00e4hendada l\u00f6\u00f6kide ja juhuslike kontaktide m\u00f5ju, mis v\u00f5ib tekkida intensiivses m\u00e4ngus v\u00f5i kitsastes oludes. See muudab need oluliseks lisaks m\u00e4ngijatele, kes soovivad oma [&#8230;]\n","protected":false},"featured_media":221,"template":"","meta":[],"product_brand":[],"product_cat":[44,77],"product_tag":[],"class_list":{"0":"post-220","1":"product","2":"type-product","3":"status-publish","4":"has-post-thumbnail","6":"product_cat-kiivrid-ja-katted","7":"product_cat-sooduspakkumised","9":"first","10":"instock","11":"sale","12":"taxable","13":"shipping-taxable","14":"purchasable","15":"product-type-simple"},"yoast_head":"<!-- This site is optimized with the Yoast SEO Premium plugin v27.5 (Yoast SEO v27.5) - https:\/\/yoast.com\/product\/yoast-seo-premium-wordpress\/ -->\n<title>FAST Kiivri K\u00f5rvakaitsmed \u2013 taktikaline lisakaitse<\/title>\n<meta name=\"description\" content=\"FAST kiivri k\u00f5rvakaitsmed on taktikaline lisavarustus, mis kaitseb k\u00f5rvu ja v\u00f5imaldab mugavat kasutamist koos kiivriga Airsoft m\u00e4ngudes.\" \/>\n<meta name=\"robots\" content=\"index, follow, max-snippet:-1, max-image-preview:large, max-video-preview:-1\" \/>\n<link rel=\"canonical\" href=\"https:\/\/lahingupood.ee\/en\/product\/korvakaitsmed-fast-kiivrile\/\" \/>\n<meta property=\"og:locale\" content=\"en_GB\" \/>\n<meta property=\"og:type\" content=\"article\" \/>\n<meta property=\"og:title\" content=\"K\u00f5rvakaitsmed FAST kiivrile\" \/>\n<meta property=\"og:description\" content=\"FAST kiivri k\u00f5rvakaitsmed on taktikaline lisavarustus, mis kaitseb k\u00f5rvu ja v\u00f5imaldab mugavat kasutamist koos kiivriga Airsoft m\u00e4ngudes.\" \/>\n<meta property=\"og:url\" content=\"https:\/\/lahingupood.ee\/en\/product\/korvakaitsmed-fast-kiivrile\/\" \/>\n<meta property=\"og:site_name\" content=\"Lahingurada e-pood\" \/>\n<meta property=\"article:publisher\" content=\"https:\/\/www.facebook.com\/Lahingurada-629940247212967\" \/>\n<meta property=\"article:modified_time\" content=\"2026-05-02T17:00:02+00:00\" \/>\n<meta property=\"og:image\" content=\"https:\/\/lahingupood.ee\/wp-content\/uploads\/2022\/03\/1152199718_1.jpeg\" \/>\n\t<meta property=\"og:image:width\" content=\"500\" \/>\n\t<meta property=\"og:image:height\" content=\"390\" \/>\n\t<meta property=\"og:image:type\" content=\"image\/jpeg\" \/>\n<meta name=\"twitter:card\" content=\"summary_large_image\" \/>\n<meta name=\"twitter:label1\" content=\"Estimated reading time\" \/>\n\t<meta name=\"twitter:data1\" content=\"1 minute\" \/>\n<script type=\"application\/ld+json\" class=\"yoast-schema-graph\">{\"@context\":\"https:\\\/\\\/schema.org\",\"@graph\":[{\"@type\":\"WebPage\",\"@id\":\"https:\\\/\\\/lahingupood.ee\\\/toode\\\/korvakaitsmed-fast-kiivrile\\\/\",\"url\":\"https:\\\/\\\/lahingupood.ee\\\/toode\\\/korvakaitsmed-fast-kiivrile\\\/\",\"name\":\"FAST Kiivri K\u00f5rvakaitsmed \u2013 taktikaline lisakaitse\",\"isPartOf\":{\"@id\":\"https:\\\/\\\/lahingupood.ee\\\/#website\"},\"primaryImageOfPage\":{\"@id\":\"https:\\\/\\\/lahingupood.ee\\\/toode\\\/korvakaitsmed-fast-kiivrile\\\/#primaryimage\"},\"image\":{\"@id\":\"https:\\\/\\\/lahingupood.ee\\\/toode\\\/korvakaitsmed-fast-kiivrile\\\/#primaryimage\"},\"thumbnailUrl\":\"https:\\\/\\\/lahingupood.ee\\\/wp-content\\\/uploads\\\/2022\\\/03\\\/1152199718_1.jpeg\",\"datePublished\":\"2022-03-23T13:20:46+00:00\",\"dateModified\":\"2026-05-02T17:00:02+00:00\",\"description\":\"FAST kiivri k\u00f5rvakaitsmed on taktikaline lisavarustus, mis kaitseb k\u00f5rvu ja v\u00f5imaldab mugavat kasutamist koos kiivriga Airsoft m\u00e4ngudes.\",\"breadcrumb\":{\"@id\":\"https:\\\/\\\/lahingupood.ee\\\/toode\\\/korvakaitsmed-fast-kiivrile\\\/#breadcrumb\"},\"inLanguage\":\"en-GB\",\"potentialAction\":[{\"@type\":\"ReadAction\",\"target\":[\"https:\\\/\\\/lahingupood.ee\\\/toode\\\/korvakaitsmed-fast-kiivrile\\\/\"]}]},{\"@type\":\"ImageObject\",\"inLanguage\":\"en-GB\",\"@id\":\"https:\\\/\\\/lahingupood.ee\\\/toode\\\/korvakaitsmed-fast-kiivrile\\\/#primaryimage\",\"url\":\"https:\\\/\\\/lahingupood.ee\\\/wp-content\\\/uploads\\\/2022\\\/03\\\/1152199718_1.jpeg\",\"contentUrl\":\"https:\\\/\\\/lahingupood.ee\\\/wp-content\\\/uploads\\\/2022\\\/03\\\/1152199718_1.jpeg\",\"width\":500,\"height\":390,\"caption\":\"FAST kiivri k\u00f5rvakaitsmed taktikaline lisakaitse Airsoft kiivrile\"},{\"@type\":\"BreadcrumbList\",\"@id\":\"https:\\\/\\\/lahingupood.ee\\\/toode\\\/korvakaitsmed-fast-kiivrile\\\/#breadcrumb\",\"itemListElement\":[{\"@type\":\"ListItem\",\"position\":1,\"name\":\"Home\",\"item\":\"https:\\\/\\\/lahingupood.ee\\\/\"},{\"@type\":\"ListItem\",\"position\":2,\"name\":\"Tooted\",\"item\":\"https:\\\/\\\/lahingupood.ee\\\/tooted\\\/\"},{\"@type\":\"ListItem\",\"position\":3,\"name\":\"K\u00f5rvakaitsmed FAST kiivrile\"}]},{\"@type\":\"WebSite\",\"@id\":\"https:\\\/\\\/lahingupood.ee\\\/#website\",\"url\":\"https:\\\/\\\/lahingupood.ee\\\/\",\"name\":\"Lahingurada e-pood\",\"description\":\"Airsoft\",\"publisher\":{\"@id\":\"https:\\\/\\\/lahingupood.ee\\\/#organization\"},\"potentialAction\":[{\"@type\":\"SearchAction\",\"target\":{\"@type\":\"EntryPoint\",\"urlTemplate\":\"https:\\\/\\\/lahingupood.ee\\\/?s={search_term_string}\"},\"query-input\":{\"@type\":\"PropertyValueSpecification\",\"valueRequired\":true,\"valueName\":\"search_term_string\"}}],\"inLanguage\":\"en-GB\"},{\"@type\":\"Organization\",\"@id\":\"https:\\\/\\\/lahingupood.ee\\\/#organization\",\"name\":\"Lahingurada\",\"url\":\"https:\\\/\\\/lahingupood.ee\\\/\",\"logo\":{\"@type\":\"ImageObject\",\"inLanguage\":\"en-GB\",\"@id\":\"https:\\\/\\\/lahingupood.ee\\\/#\\\/schema\\\/logo\\\/image\\\/\",\"url\":\"https:\\\/\\\/lahingupood.ee\\\/wp-content\\\/uploads\\\/2022\\\/03\\\/lahingurada-220318.jpg\",\"contentUrl\":\"https:\\\/\\\/lahingupood.ee\\\/wp-content\\\/uploads\\\/2022\\\/03\\\/lahingurada-220318.jpg\",\"width\":800,\"height\":500,\"caption\":\"Lahingurada\"},\"image\":{\"@id\":\"https:\\\/\\\/lahingupood.ee\\\/#\\\/schema\\\/logo\\\/image\\\/\"},\"sameAs\":[\"https:\\\/\\\/www.facebook.com\\\/Lahingurada-629940247212967\"]}]}<\/script>\n<!-- \/ Yoast SEO Premium plugin. -->","yoast_head_json":{"title":"FAST Kiivri K\u00f5rvakaitsmed \u2013 taktikaline lisakaitse","description":"FAST kiivri k\u00f5rvakaitsmed on taktikaline lisavarustus, mis kaitseb k\u00f5rvu ja v\u00f5imaldab mugavat kasutamist koos kiivriga Airsoft m\u00e4ngudes.","robots":{"index":"index","follow":"follow","max-snippet":"max-snippet:-1","max-image-preview":"max-image-preview:large","max-video-preview":"max-video-preview:-1"},"canonical":"https:\/\/lahingupood.ee\/en\/product\/korvakaitsmed-fast-kiivrile\/","og_locale":"en_GB","og_type":"article","og_title":"K\u00f5rvakaitsmed FAST kiivrile","og_description":"FAST kiivri k\u00f5rvakaitsmed on taktikaline lisavarustus, mis kaitseb k\u00f5rvu ja v\u00f5imaldab mugavat kasutamist koos kiivriga Airsoft m\u00e4ngudes.","og_url":"https:\/\/lahingupood.ee\/en\/product\/korvakaitsmed-fast-kiivrile\/","og_site_name":"Lahingurada e-pood","article_publisher":"https:\/\/www.facebook.com\/Lahingurada-629940247212967","article_modified_time":"2026-05-02T17:00:02+00:00","og_image":[{"width":500,"height":390,"url":"https:\/\/lahingupood.ee\/wp-content\/uploads\/2022\/03\/1152199718_1.jpeg","type":"image\/jpeg"}],"twitter_card":"summary_large_image","twitter_misc":{"Estimated reading time":"1 minute"},"schema":{"@context":"https:\/\/schema.org","@graph":[{"@type":"WebPage","@id":"https:\/\/lahingupood.ee\/toode\/korvakaitsmed-fast-kiivrile\/","url":"https:\/\/lahingupood.ee\/toode\/korvakaitsmed-fast-kiivrile\/","name":"FAST Kiivri K\u00f5rvakaitsmed \u2013 taktikaline lisakaitse","isPartOf":{"@id":"https:\/\/lahingupood.ee\/#website"},"primaryImageOfPage":{"@id":"https:\/\/lahingupood.ee\/toode\/korvakaitsmed-fast-kiivrile\/#primaryimage"},"image":{"@id":"https:\/\/lahingupood.ee\/toode\/korvakaitsmed-fast-kiivrile\/#primaryimage"},"thumbnailUrl":"https:\/\/lahingupood.ee\/wp-content\/uploads\/2022\/03\/1152199718_1.jpeg","datePublished":"2022-03-23T13:20:46+00:00","dateModified":"2026-05-02T17:00:02+00:00","description":"FAST kiivri k\u00f5rvakaitsmed on taktikaline lisavarustus, mis kaitseb k\u00f5rvu ja v\u00f5imaldab mugavat kasutamist koos kiivriga Airsoft m\u00e4ngudes.","breadcrumb":{"@id":"https:\/\/lahingupood.ee\/toode\/korvakaitsmed-fast-kiivrile\/#breadcrumb"},"inLanguage":"en-GB","potentialAction":[{"@type":"ReadAction","target":["https:\/\/lahingupood.ee\/toode\/korvakaitsmed-fast-kiivrile\/"]}]},{"@type":"ImageObject","inLanguage":"en-GB","@id":"https:\/\/lahingupood.ee\/toode\/korvakaitsmed-fast-kiivrile\/#primaryimage","url":"https:\/\/lahingupood.ee\/wp-content\/uploads\/2022\/03\/1152199718_1.jpeg","contentUrl":"https:\/\/lahingupood.ee\/wp-content\/uploads\/2022\/03\/1152199718_1.jpeg","width":500,"height":390,"caption":"FAST kiivri k\u00f5rvakaitsmed taktikaline lisakaitse Airsoft kiivrile"},{"@type":"BreadcrumbList","@id":"https:\/\/lahingupood.ee\/toode\/korvakaitsmed-fast-kiivrile\/#breadcrumb","itemListElement":[{"@type":"ListItem","position":1,"name":"Home","item":"https:\/\/lahingupood.ee\/"},{"@type":"ListItem","position":2,"name":"Tooted","item":"https:\/\/lahingupood.ee\/tooted\/"},{"@type":"ListItem","position":3,"name":"K\u00f5rvakaitsmed FAST kiivrile"}]},{"@type":"WebSite","@id":"https:\/\/lahingupood.ee\/#website","url":"https:\/\/lahingupood.ee\/","name":"Lahingurada e-pood","description":"Airsoft","publisher":{"@id":"https:\/\/lahingupood.ee\/#organization"},"potentialAction":[{"@type":"SearchAction","target":{"@type":"EntryPoint","urlTemplate":"https:\/\/lahingupood.ee\/?s={search_term_string}"},"query-input":{"@type":"PropertyValueSpecification","valueRequired":true,"valueName":"search_term_string"}}],"inLanguage":"en-GB"},{"@type":"Organization","@id":"https:\/\/lahingupood.ee\/#organization","name":"Lahingurada","url":"https:\/\/lahingupood.ee\/","logo":{"@type":"ImageObject","inLanguage":"en-GB","@id":"https:\/\/lahingupood.ee\/#\/schema\/logo\/image\/","url":"https:\/\/lahingupood.ee\/wp-content\/uploads\/2022\/03\/lahingurada-220318.jpg","contentUrl":"https:\/\/lahingupood.ee\/wp-content\/uploads\/2022\/03\/lahingurada-220318.jpg","width":800,"height":500,"caption":"Lahingurada"},"image":{"@id":"https:\/\/lahingupood.ee\/#\/schema\/logo\/image\/"},"sameAs":["https:\/\/www.facebook.com\/Lahingurada-629940247212967"]}]}},"_links":{"self":[{"href":"https:\/\/lahingupood.ee\/en\/wp-json\/wp\/v2\/product\/220","targetHints":{"allow":["GET"]}}],"collection":[{"href":"https:\/\/lahingupood.ee\/en\/wp-json\/wp\/v2\/product"}],"about":[{"href":"https:\/\/lahingupood.ee\/en\/wp-json\/wp\/v2\/types\/product"}],"wp:featuredmedia":[{"embeddable":true,"href":"https:\/\/lahingupood.ee\/en\/wp-json\/wp\/v2\/media\/221"}],"wp:attachment":[{"href":"https:\/\/lahingupood.ee\/en\/wp-json\/wp\/v2\/media?parent=220"}],"wp:term":[{"taxonomy":"product_brand","embeddable":true,"href":"https:\/\/lahingupood.ee\/en\/wp-json\/wp\/v2\/product_brand?post=220"},{"taxonomy":"product_cat","embeddable":true,"href":"https:\/\/lahingupood.ee\/en\/wp-json\/wp\/v2\/product_cat?post=220"},{"taxonomy":"product_tag","embeddable":true,"href":"https:\/\/lahingupood.ee\/en\/wp-json\/wp\/v2\/product_tag?post=220"}],"curies":[{"name":"wp","href":"https:\/\/api.w.org\/{rel}","templated":true}]}}