{"id":2163,"date":"2022-09-02T15:04:05","date_gmt":"2022-09-02T12:04:05","guid":{"rendered":"https:\/\/lahingupood.ee\/?post_type=product&#038;p=2163"},"modified":"2026-04-12T20:30:06","modified_gmt":"2026-04-12T17:30:06","slug":"el-elak74n-essential-carbine-replica","status":"publish","type":"product","link":"https:\/\/lahingupood.ee\/en\/product\/el-elak74n-essential-carbine-replica\/","title":{"rendered":"E&#038;L ELAK74N Essential Carbine Replica"},"content":{"rendered":"<p>E&amp;L ELAK74N Essential Carbine Replica<\/p>\n<p>E&amp;L replikaid on tunnistatud AK seeria k\u00f5ige realistlikumateks tulirelvade koopiateks. Relv on valmistatud valdavalt terasest. Antud mudelil on laes\u00e4\u00e4r ja kaba lakitud puidust. Realistlik v\u00e4limus ja tugev sisu teeb sellest hea valiku n\u00f5udlikumale kasutajale.<\/p>\n<p><a href=\"https:\/\/lahingupood.ee\/en\/product\/el-ak74mn\/\">Veel<\/a><\/p>\n<p><a href=\"https:\/\/www.youtube.com\/watch?v=KToE4m48fvQ\">crushtest<\/a><\/p>","protected":false},"excerpt":{"rendered":"<p>E&amp;L ELAK74N Essential Carbine Replica E&amp;L replikaid on tunnistatud AK seeria k\u00f5ige realistlikumateks tulirelvade koopiateks. Relv on valmistatud valdavalt terasest. Antud mudelil on laes\u00e4\u00e4r ja kaba lakitud puidust. Realistlik v\u00e4limus ja tugev sisu teeb sellest hea valiku n\u00f5udlikumale kasutajale. Veel crushtest<\/p>","protected":false},"featured_media":2164,"template":"","meta":[],"product_brand":[],"product_cat":[23],"product_tag":[],"class_list":{"0":"post-2163","1":"product","2":"type-product","3":"status-publish","4":"has-post-thumbnail","6":"product_cat-elektrilised-relvad","8":"first","9":"outofstock","10":"taxable","11":"shipping-taxable","12":"purchasable","13":"product-type-simple"},"yoast_head":"<!-- This site is optimized with the Yoast SEO Premium plugin v27.3 (Yoast SEO v27.3) - https:\/\/yoast.com\/product\/yoast-seo-premium-wordpress\/ -->\n<title>E&amp;L ELAK74N Essential Carbine Replica - Lahingurada e-pood<\/title>\n<meta name=\"description\" content=\"E&amp;L ELAK74N Essential Carbine Replica E&amp;L replikaid on tunnistatud AK seeria k\u00f5ige realistlikumateks tulirelvade koopiateks. Relv on valmistatud valdavalt\" \/>\n<meta name=\"robots\" content=\"index, follow, max-snippet:-1, max-image-preview:large, max-video-preview:-1\" \/>\n<link rel=\"canonical\" href=\"https:\/\/lahingupood.ee\/en\/product\/el-elak74n-essential-carbine-replica\/\" \/>\n<meta property=\"og:locale\" content=\"en_GB\" \/>\n<meta property=\"og:type\" content=\"article\" \/>\n<meta property=\"og:title\" content=\"E&amp;L ELAK74N Essential Carbine Replica\" \/>\n<meta property=\"og:description\" content=\"E&amp;L ELAK74N Essential Carbine Replica E&amp;L replikaid on tunnistatud AK seeria k\u00f5ige realistlikumateks tulirelvade koopiateks. Relv on valmistatud valdavalt\" \/>\n<meta property=\"og:url\" content=\"https:\/\/lahingupood.ee\/en\/product\/el-elak74n-essential-carbine-replica\/\" \/>\n<meta property=\"og:site_name\" content=\"Lahingurada e-pood\" \/>\n<meta property=\"article:publisher\" content=\"https:\/\/www.facebook.com\/Lahingurada-629940247212967\" \/>\n<meta property=\"article:modified_time\" content=\"2026-04-12T17:30:06+00:00\" \/>\n<meta property=\"og:image\" content=\"https:\/\/lahingupood.ee\/wp-content\/uploads\/2022\/09\/1152229058_3.webp\" \/>\n\t<meta property=\"og:image:width\" content=\"1920\" \/>\n\t<meta property=\"og:image:height\" content=\"1280\" \/>\n\t<meta property=\"og:image:type\" content=\"image\/webp\" \/>\n<meta name=\"twitter:card\" content=\"summary_large_image\" \/>\n<meta name=\"twitter:label1\" content=\"Estimated reading time\" \/>\n\t<meta name=\"twitter:data1\" content=\"1 minute\" \/>\n<script type=\"application\/ld+json\" class=\"yoast-schema-graph\">{\"@context\":\"https:\\\/\\\/schema.org\",\"@graph\":[{\"@type\":\"WebPage\",\"@id\":\"https:\\\/\\\/lahingupood.ee\\\/toode\\\/el-elak74n-essential-carbine-replica\\\/\",\"url\":\"https:\\\/\\\/lahingupood.ee\\\/toode\\\/el-elak74n-essential-carbine-replica\\\/\",\"name\":\"E&L ELAK74N Essential Carbine Replica - Lahingurada e-pood\",\"isPartOf\":{\"@id\":\"https:\\\/\\\/lahingupood.ee\\\/#website\"},\"primaryImageOfPage\":{\"@id\":\"https:\\\/\\\/lahingupood.ee\\\/toode\\\/el-elak74n-essential-carbine-replica\\\/#primaryimage\"},\"image\":{\"@id\":\"https:\\\/\\\/lahingupood.ee\\\/toode\\\/el-elak74n-essential-carbine-replica\\\/#primaryimage\"},\"thumbnailUrl\":\"https:\\\/\\\/lahingupood.ee\\\/wp-content\\\/uploads\\\/2022\\\/09\\\/1152229058_3.webp\",\"datePublished\":\"2022-09-02T12:04:05+00:00\",\"dateModified\":\"2026-04-12T17:30:06+00:00\",\"description\":\"E&L ELAK74N Essential Carbine Replica E&L replikaid on tunnistatud AK seeria k\u00f5ige realistlikumateks tulirelvade koopiateks. Relv on valmistatud valdavalt\",\"breadcrumb\":{\"@id\":\"https:\\\/\\\/lahingupood.ee\\\/toode\\\/el-elak74n-essential-carbine-replica\\\/#breadcrumb\"},\"inLanguage\":\"en-GB\",\"potentialAction\":[{\"@type\":\"ReadAction\",\"target\":[\"https:\\\/\\\/lahingupood.ee\\\/toode\\\/el-elak74n-essential-carbine-replica\\\/\"]}]},{\"@type\":\"ImageObject\",\"inLanguage\":\"en-GB\",\"@id\":\"https:\\\/\\\/lahingupood.ee\\\/toode\\\/el-elak74n-essential-carbine-replica\\\/#primaryimage\",\"url\":\"https:\\\/\\\/lahingupood.ee\\\/wp-content\\\/uploads\\\/2022\\\/09\\\/1152229058_3.webp\",\"contentUrl\":\"https:\\\/\\\/lahingupood.ee\\\/wp-content\\\/uploads\\\/2022\\\/09\\\/1152229058_3.webp\",\"width\":1920,\"height\":1280,\"caption\":\"el-elak74n-essential-carbine-replica\"},{\"@type\":\"BreadcrumbList\",\"@id\":\"https:\\\/\\\/lahingupood.ee\\\/toode\\\/el-elak74n-essential-carbine-replica\\\/#breadcrumb\",\"itemListElement\":[{\"@type\":\"ListItem\",\"position\":1,\"name\":\"Home\",\"item\":\"https:\\\/\\\/lahingupood.ee\\\/\"},{\"@type\":\"ListItem\",\"position\":2,\"name\":\"Tooted\",\"item\":\"https:\\\/\\\/lahingupood.ee\\\/tooted\\\/\"},{\"@type\":\"ListItem\",\"position\":3,\"name\":\"E&#038;L ELAK74N Essential Carbine Replica\"}]},{\"@type\":\"WebSite\",\"@id\":\"https:\\\/\\\/lahingupood.ee\\\/#website\",\"url\":\"https:\\\/\\\/lahingupood.ee\\\/\",\"name\":\"Lahingurada e-pood\",\"description\":\"Airsoft\",\"publisher\":{\"@id\":\"https:\\\/\\\/lahingupood.ee\\\/#organization\"},\"potentialAction\":[{\"@type\":\"SearchAction\",\"target\":{\"@type\":\"EntryPoint\",\"urlTemplate\":\"https:\\\/\\\/lahingupood.ee\\\/?s={search_term_string}\"},\"query-input\":{\"@type\":\"PropertyValueSpecification\",\"valueRequired\":true,\"valueName\":\"search_term_string\"}}],\"inLanguage\":\"en-GB\"},{\"@type\":\"Organization\",\"@id\":\"https:\\\/\\\/lahingupood.ee\\\/#organization\",\"name\":\"Lahingurada\",\"url\":\"https:\\\/\\\/lahingupood.ee\\\/\",\"logo\":{\"@type\":\"ImageObject\",\"inLanguage\":\"en-GB\",\"@id\":\"https:\\\/\\\/lahingupood.ee\\\/#\\\/schema\\\/logo\\\/image\\\/\",\"url\":\"https:\\\/\\\/lahingupood.ee\\\/wp-content\\\/uploads\\\/2022\\\/03\\\/lahingurada-220318.jpg\",\"contentUrl\":\"https:\\\/\\\/lahingupood.ee\\\/wp-content\\\/uploads\\\/2022\\\/03\\\/lahingurada-220318.jpg\",\"width\":800,\"height\":500,\"caption\":\"Lahingurada\"},\"image\":{\"@id\":\"https:\\\/\\\/lahingupood.ee\\\/#\\\/schema\\\/logo\\\/image\\\/\"},\"sameAs\":[\"https:\\\/\\\/www.facebook.com\\\/Lahingurada-629940247212967\"]}]}<\/script>\n<!-- \/ Yoast SEO Premium plugin. -->","yoast_head_json":{"title":"E&L ELAK74N Essential Carbine Replica - Lahingurada e-pood","description":"E&L ELAK74N Essential Carbine Replica E&L replikaid on tunnistatud AK seeria k\u00f5ige realistlikumateks tulirelvade koopiateks. Relv on valmistatud valdavalt","robots":{"index":"index","follow":"follow","max-snippet":"max-snippet:-1","max-image-preview":"max-image-preview:large","max-video-preview":"max-video-preview:-1"},"canonical":"https:\/\/lahingupood.ee\/en\/product\/el-elak74n-essential-carbine-replica\/","og_locale":"en_GB","og_type":"article","og_title":"E&L ELAK74N Essential Carbine Replica","og_description":"E&L ELAK74N Essential Carbine Replica E&L replikaid on tunnistatud AK seeria k\u00f5ige realistlikumateks tulirelvade koopiateks. Relv on valmistatud valdavalt","og_url":"https:\/\/lahingupood.ee\/en\/product\/el-elak74n-essential-carbine-replica\/","og_site_name":"Lahingurada e-pood","article_publisher":"https:\/\/www.facebook.com\/Lahingurada-629940247212967","article_modified_time":"2026-04-12T17:30:06+00:00","og_image":[{"width":1920,"height":1280,"url":"https:\/\/lahingupood.ee\/wp-content\/uploads\/2022\/09\/1152229058_3.webp","type":"image\/webp"}],"twitter_card":"summary_large_image","twitter_misc":{"Estimated reading time":"1 minute"},"schema":{"@context":"https:\/\/schema.org","@graph":[{"@type":"WebPage","@id":"https:\/\/lahingupood.ee\/toode\/el-elak74n-essential-carbine-replica\/","url":"https:\/\/lahingupood.ee\/toode\/el-elak74n-essential-carbine-replica\/","name":"E&L ELAK74N Essential Carbine Replica - Lahingurada e-pood","isPartOf":{"@id":"https:\/\/lahingupood.ee\/#website"},"primaryImageOfPage":{"@id":"https:\/\/lahingupood.ee\/toode\/el-elak74n-essential-carbine-replica\/#primaryimage"},"image":{"@id":"https:\/\/lahingupood.ee\/toode\/el-elak74n-essential-carbine-replica\/#primaryimage"},"thumbnailUrl":"https:\/\/lahingupood.ee\/wp-content\/uploads\/2022\/09\/1152229058_3.webp","datePublished":"2022-09-02T12:04:05+00:00","dateModified":"2026-04-12T17:30:06+00:00","description":"E&L ELAK74N Essential Carbine Replica E&L replikaid on tunnistatud AK seeria k\u00f5ige realistlikumateks tulirelvade koopiateks. Relv on valmistatud valdavalt","breadcrumb":{"@id":"https:\/\/lahingupood.ee\/toode\/el-elak74n-essential-carbine-replica\/#breadcrumb"},"inLanguage":"en-GB","potentialAction":[{"@type":"ReadAction","target":["https:\/\/lahingupood.ee\/toode\/el-elak74n-essential-carbine-replica\/"]}]},{"@type":"ImageObject","inLanguage":"en-GB","@id":"https:\/\/lahingupood.ee\/toode\/el-elak74n-essential-carbine-replica\/#primaryimage","url":"https:\/\/lahingupood.ee\/wp-content\/uploads\/2022\/09\/1152229058_3.webp","contentUrl":"https:\/\/lahingupood.ee\/wp-content\/uploads\/2022\/09\/1152229058_3.webp","width":1920,"height":1280,"caption":"el-elak74n-essential-carbine-replica"},{"@type":"BreadcrumbList","@id":"https:\/\/lahingupood.ee\/toode\/el-elak74n-essential-carbine-replica\/#breadcrumb","itemListElement":[{"@type":"ListItem","position":1,"name":"Home","item":"https:\/\/lahingupood.ee\/"},{"@type":"ListItem","position":2,"name":"Tooted","item":"https:\/\/lahingupood.ee\/tooted\/"},{"@type":"ListItem","position":3,"name":"E&#038;L ELAK74N Essential Carbine Replica"}]},{"@type":"WebSite","@id":"https:\/\/lahingupood.ee\/#website","url":"https:\/\/lahingupood.ee\/","name":"Lahingurada e-pood","description":"Airsoft","publisher":{"@id":"https:\/\/lahingupood.ee\/#organization"},"potentialAction":[{"@type":"SearchAction","target":{"@type":"EntryPoint","urlTemplate":"https:\/\/lahingupood.ee\/?s={search_term_string}"},"query-input":{"@type":"PropertyValueSpecification","valueRequired":true,"valueName":"search_term_string"}}],"inLanguage":"en-GB"},{"@type":"Organization","@id":"https:\/\/lahingupood.ee\/#organization","name":"Lahingurada","url":"https:\/\/lahingupood.ee\/","logo":{"@type":"ImageObject","inLanguage":"en-GB","@id":"https:\/\/lahingupood.ee\/#\/schema\/logo\/image\/","url":"https:\/\/lahingupood.ee\/wp-content\/uploads\/2022\/03\/lahingurada-220318.jpg","contentUrl":"https:\/\/lahingupood.ee\/wp-content\/uploads\/2022\/03\/lahingurada-220318.jpg","width":800,"height":500,"caption":"Lahingurada"},"image":{"@id":"https:\/\/lahingupood.ee\/#\/schema\/logo\/image\/"},"sameAs":["https:\/\/www.facebook.com\/Lahingurada-629940247212967"]}]}},"_links":{"self":[{"href":"https:\/\/lahingupood.ee\/en\/wp-json\/wp\/v2\/product\/2163","targetHints":{"allow":["GET"]}}],"collection":[{"href":"https:\/\/lahingupood.ee\/en\/wp-json\/wp\/v2\/product"}],"about":[{"href":"https:\/\/lahingupood.ee\/en\/wp-json\/wp\/v2\/types\/product"}],"wp:featuredmedia":[{"embeddable":true,"href":"https:\/\/lahingupood.ee\/en\/wp-json\/wp\/v2\/media\/2164"}],"wp:attachment":[{"href":"https:\/\/lahingupood.ee\/en\/wp-json\/wp\/v2\/media?parent=2163"}],"wp:term":[{"taxonomy":"product_brand","embeddable":true,"href":"https:\/\/lahingupood.ee\/en\/wp-json\/wp\/v2\/product_brand?post=2163"},{"taxonomy":"product_cat","embeddable":true,"href":"https:\/\/lahingupood.ee\/en\/wp-json\/wp\/v2\/product_cat?post=2163"},{"taxonomy":"product_tag","embeddable":true,"href":"https:\/\/lahingupood.ee\/en\/wp-json\/wp\/v2\/product_tag?post=2163"}],"curies":[{"name":"wp","href":"https:\/\/api.w.org\/{rel}","templated":true}]}}