{"id":2134,"date":"2022-08-25T15:29:45","date_gmt":"2022-08-25T12:29:45","guid":{"rendered":"https:\/\/lahingupood.ee\/?post_type=product&#038;p=2134"},"modified":"2026-04-30T07:15:03","modified_gmt":"2026-04-30T04:15:03","slug":"u94-ptt-kenwood-connector-black-z-tactical","status":"publish","type":"product","link":"https:\/\/lahingupood.ee\/en\/product\/u94-ptt-kenwood-connector-black-z-tactical\/","title":{"rendered":"U94 PTT Kenwood Connector Black (Z-Tactical)"},"content":{"rendered":"<p>U94 PTT Kenwood Connector Black (Z-Tactical)<\/p>\n<p>Kenwood \u00fchendusega tangent. \u00dchildub enamuse <a href=\"https:\/\/lahingupood.ee\/en\/product\/specna-arms-shortie-82-jaam-baofeng-uv82\/\">jaamdega<\/a> ning <a href=\"https:\/\/lahingupood.ee\/en\/product\/evo-ii-headset-foliage-green-z-tactical\/\">peakomplektidega<\/a>. Tugev klamber hoiab seda tugevalt varustuse v\u00f5i riiete k\u00fcljes.<\/p>","protected":false},"excerpt":{"rendered":"<p>U94 PTT Kenwood Connector Black (Z-Tactical) Kenwood \u00fchendusega tangent. \u00dchildub enamuse jaamdega ning peakomplektidega. Tugev klamber hoiab seda tugevalt varustuse v\u00f5i riiete k\u00fcljes.<\/p>","protected":false},"featured_media":2135,"template":"","meta":[],"product_brand":[],"product_cat":[66],"product_tag":[],"class_list":{"0":"post-2134","1":"product","2":"type-product","3":"status-publish","4":"has-post-thumbnail","6":"product_cat-side","8":"first","9":"outofstock","10":"taxable","11":"shipping-taxable","12":"purchasable","13":"product-type-simple"},"_links":{"self":[{"href":"https:\/\/lahingupood.ee\/en\/wp-json\/wp\/v2\/product\/2134","targetHints":{"allow":["GET"]}}],"collection":[{"href":"https:\/\/lahingupood.ee\/en\/wp-json\/wp\/v2\/product"}],"about":[{"href":"https:\/\/lahingupood.ee\/en\/wp-json\/wp\/v2\/types\/product"}],"wp:featuredmedia":[{"embeddable":true,"href":"https:\/\/lahingupood.ee\/en\/wp-json\/wp\/v2\/media\/2135"}],"wp:attachment":[{"href":"https:\/\/lahingupood.ee\/en\/wp-json\/wp\/v2\/media?parent=2134"}],"wp:term":[{"taxonomy":"product_brand","embeddable":true,"href":"https:\/\/lahingupood.ee\/en\/wp-json\/wp\/v2\/product_brand?post=2134"},{"taxonomy":"product_cat","embeddable":true,"href":"https:\/\/lahingupood.ee\/en\/wp-json\/wp\/v2\/product_cat?post=2134"},{"taxonomy":"product_tag","embeddable":true,"href":"https:\/\/lahingupood.ee\/en\/wp-json\/wp\/v2\/product_tag?post=2134"}],"curies":[{"name":"wp","href":"https:\/\/api.w.org\/{rel}","templated":true}]}}