{"id":2126,"date":"2022-08-25T15:03:06","date_gmt":"2022-08-25T12:03:06","guid":{"rendered":"https:\/\/lahingupood.ee\/?post_type=product&#038;p=2126"},"modified":"2026-04-30T09:15:02","modified_gmt":"2026-04-30T06:15:02","slug":"srd-headset-military-standard-plug-foliage-green-z-tactical","status":"publish","type":"product","link":"https:\/\/lahingupood.ee\/en\/product\/srd-headset-military-standard-plug-foliage-green-z-tactical\/","title":{"rendered":"SRD Headset Military Standard Plug Foliage Green (Z-Tactical)"},"content":{"rendered":"<p>SRD Headset Military Standard Plug Foliage Green (Z-Tactical)<\/p>\n<p>Mikrofoniga ning jaama \u00fchendusega aktiivklapid.v\u00f5imendab vaikset heli ja summutab valjuheli. Asendamatu laskmisel v\u00f5i p\u00fcrotehniliste toodete k\u00e4sitsemisel.<\/p>","protected":false},"excerpt":{"rendered":"<p>SRD Headset Military Standard Plug Foliage Green (Z-Tactical) Mikrofoniga ning jaama \u00fchendusega aktiivklapid.v\u00f5imendab vaikset heli ja summutab valjuheli. Asendamatu laskmisel v\u00f5i p\u00fcrotehniliste toodete k\u00e4sitsemisel.<\/p>","protected":false},"featured_media":2127,"template":"","meta":[],"product_brand":[],"product_cat":[66],"product_tag":[],"class_list":{"0":"post-2126","1":"product","2":"type-product","3":"status-publish","4":"has-post-thumbnail","6":"product_cat-side","8":"first","9":"outofstock","10":"taxable","11":"shipping-taxable","12":"purchasable","13":"product-type-simple"},"_links":{"self":[{"href":"https:\/\/lahingupood.ee\/en\/wp-json\/wp\/v2\/product\/2126","targetHints":{"allow":["GET"]}}],"collection":[{"href":"https:\/\/lahingupood.ee\/en\/wp-json\/wp\/v2\/product"}],"about":[{"href":"https:\/\/lahingupood.ee\/en\/wp-json\/wp\/v2\/types\/product"}],"wp:featuredmedia":[{"embeddable":true,"href":"https:\/\/lahingupood.ee\/en\/wp-json\/wp\/v2\/media\/2127"}],"wp:attachment":[{"href":"https:\/\/lahingupood.ee\/en\/wp-json\/wp\/v2\/media?parent=2126"}],"wp:term":[{"taxonomy":"product_brand","embeddable":true,"href":"https:\/\/lahingupood.ee\/en\/wp-json\/wp\/v2\/product_brand?post=2126"},{"taxonomy":"product_cat","embeddable":true,"href":"https:\/\/lahingupood.ee\/en\/wp-json\/wp\/v2\/product_cat?post=2126"},{"taxonomy":"product_tag","embeddable":true,"href":"https:\/\/lahingupood.ee\/en\/wp-json\/wp\/v2\/product_tag?post=2126"}],"curies":[{"name":"wp","href":"https:\/\/api.w.org\/{rel}","templated":true}]}}