{"id":2067,"date":"2022-08-19T13:15:11","date_gmt":"2022-08-19T10:15:11","guid":{"rendered":"https:\/\/lahingupood.ee\/?post_type=product&#038;p=2067"},"modified":"2026-04-12T20:30:06","modified_gmt":"2026-04-12T17:30:06","slug":"elite-ops-hydration-carrier-cad","status":"publish","type":"product","link":"https:\/\/lahingupood.ee\/en\/product\/elite-ops-hydration-carrier-cad\/","title":{"rendered":"Elite Ops Hydration Carrier CAD"},"content":{"rendered":"<p>Elite Ops Hydration Carrier CAD<\/p>\n<p>Veekoti \u00fcmbris, kinnitamiseks molle vestile v\u00f5i plaadikandjale. Ilma sisuta. Kvaliteetne Cordura1000 kangas kannatab ka k\u00f5ige ekstreemsemaid kasutustingimusi.<\/p>\n<p>The Shadow Elite Ops Hydration Carrier. Can accommodate a single 3 liter (100oz) bladder. Designed to be low profile, and fully compatible with all standard MOLLE systems. The flap section has a Velcro Patch for insignia patches and flags. The inside of the Carrier is lined with Black Grip material for extra strength and insulation. Includes drainage grommets at bottom for water ops. Size 8in (20cm) x 15.5in (40cm) x 4in (10cm) Capacity 3 Liters (100oz).<\/p>","protected":false},"excerpt":{"rendered":"<p>Elite Ops Hydration Carrier CAD Veekoti \u00fcmbris, kinnitamiseks molle vestile v\u00f5i plaadikandjale. Ilma sisuta. Kvaliteetne Cordura1000 kangas kannatab ka k\u00f5ige ekstreemsemaid kasutustingimusi. The Shadow Elite Ops Hydration Carrier. Can accommodate a single 3 liter (100oz) bladder. Designed to be low profile, and fully compatible with all standard MOLLE systems. The flap section has a Velcro [&#8230;]\n","protected":false},"featured_media":2068,"template":"","meta":[],"product_brand":[],"product_cat":[52],"product_tag":[],"class_list":{"0":"post-2067","1":"product","2":"type-product","3":"status-publish","4":"has-post-thumbnail","6":"product_cat-veekotid","8":"first","9":"outofstock","10":"taxable","11":"shipping-taxable","12":"purchasable","13":"product-type-simple"},"yoast_head":"<!-- This site is optimized with the Yoast SEO Premium plugin v27.3 (Yoast SEO v27.3) - https:\/\/yoast.com\/product\/yoast-seo-premium-wordpress\/ -->\n<title>Elite Ops Hydration Carrier CAD - Lahingurada e-pood<\/title>\n<meta name=\"description\" content=\"Elite Ops Hydration Carrier CAD Veekoti \u00fcmbris, kinnitamiseks molle vestile v\u00f5i plaadikandjale. Ilma sisuta. Kvaliteetne Cordura1000 kangas kannatab\" \/>\n<meta name=\"robots\" content=\"index, follow, max-snippet:-1, max-image-preview:large, max-video-preview:-1\" \/>\n<link rel=\"canonical\" href=\"https:\/\/lahingupood.ee\/en\/product\/elite-ops-hydration-carrier-cad\/\" \/>\n<meta property=\"og:locale\" content=\"en_GB\" \/>\n<meta property=\"og:type\" content=\"article\" \/>\n<meta property=\"og:title\" content=\"Elite Ops Hydration Carrier CAD\" \/>\n<meta property=\"og:description\" content=\"Elite Ops Hydration Carrier CAD Veekoti \u00fcmbris, kinnitamiseks molle vestile v\u00f5i plaadikandjale. Ilma sisuta. Kvaliteetne Cordura1000 kangas kannatab\" \/>\n<meta property=\"og:url\" content=\"https:\/\/lahingupood.ee\/en\/product\/elite-ops-hydration-carrier-cad\/\" \/>\n<meta property=\"og:site_name\" content=\"Lahingurada e-pood\" \/>\n<meta property=\"article:publisher\" content=\"https:\/\/www.facebook.com\/Lahingurada-629940247212967\" \/>\n<meta property=\"article:modified_time\" content=\"2026-04-12T17:30:06+00:00\" \/>\n<meta property=\"og:image\" content=\"https:\/\/lahingupood.ee\/wp-content\/uploads\/2022\/08\/DSC_8615_1_0d23dcff-fef5-48c4-ad1f-fb8b7615e7d5_900x.jpg.webp\" \/>\n\t<meta property=\"og:image:width\" content=\"900\" \/>\n\t<meta property=\"og:image:height\" content=\"600\" \/>\n\t<meta property=\"og:image:type\" content=\"image\/webp\" \/>\n<meta name=\"twitter:card\" content=\"summary_large_image\" \/>\n<meta name=\"twitter:label1\" content=\"Estimated reading time\" \/>\n\t<meta name=\"twitter:data1\" content=\"1 minute\" \/>\n<script type=\"application\/ld+json\" class=\"yoast-schema-graph\">{\"@context\":\"https:\\\/\\\/schema.org\",\"@graph\":[{\"@type\":\"WebPage\",\"@id\":\"https:\\\/\\\/lahingupood.ee\\\/toode\\\/elite-ops-hydration-carrier-cad\\\/\",\"url\":\"https:\\\/\\\/lahingupood.ee\\\/toode\\\/elite-ops-hydration-carrier-cad\\\/\",\"name\":\"Elite Ops Hydration Carrier CAD - Lahingurada e-pood\",\"isPartOf\":{\"@id\":\"https:\\\/\\\/lahingupood.ee\\\/#website\"},\"primaryImageOfPage\":{\"@id\":\"https:\\\/\\\/lahingupood.ee\\\/toode\\\/elite-ops-hydration-carrier-cad\\\/#primaryimage\"},\"image\":{\"@id\":\"https:\\\/\\\/lahingupood.ee\\\/toode\\\/elite-ops-hydration-carrier-cad\\\/#primaryimage\"},\"thumbnailUrl\":\"https:\\\/\\\/lahingupood.ee\\\/wp-content\\\/uploads\\\/2022\\\/08\\\/DSC_8615_1_0d23dcff-fef5-48c4-ad1f-fb8b7615e7d5_900x.jpg.webp\",\"datePublished\":\"2022-08-19T10:15:11+00:00\",\"dateModified\":\"2026-04-12T17:30:06+00:00\",\"description\":\"Elite Ops Hydration Carrier CAD Veekoti \u00fcmbris, kinnitamiseks molle vestile v\u00f5i plaadikandjale. Ilma sisuta. Kvaliteetne Cordura1000 kangas kannatab\",\"breadcrumb\":{\"@id\":\"https:\\\/\\\/lahingupood.ee\\\/toode\\\/elite-ops-hydration-carrier-cad\\\/#breadcrumb\"},\"inLanguage\":\"en-GB\",\"potentialAction\":[{\"@type\":\"ReadAction\",\"target\":[\"https:\\\/\\\/lahingupood.ee\\\/toode\\\/elite-ops-hydration-carrier-cad\\\/\"]}]},{\"@type\":\"ImageObject\",\"inLanguage\":\"en-GB\",\"@id\":\"https:\\\/\\\/lahingupood.ee\\\/toode\\\/elite-ops-hydration-carrier-cad\\\/#primaryimage\",\"url\":\"https:\\\/\\\/lahingupood.ee\\\/wp-content\\\/uploads\\\/2022\\\/08\\\/DSC_8615_1_0d23dcff-fef5-48c4-ad1f-fb8b7615e7d5_900x.jpg.webp\",\"contentUrl\":\"https:\\\/\\\/lahingupood.ee\\\/wp-content\\\/uploads\\\/2022\\\/08\\\/DSC_8615_1_0d23dcff-fef5-48c4-ad1f-fb8b7615e7d5_900x.jpg.webp\",\"width\":900,\"height\":600,\"caption\":\"elite-ops-hydration-carrier-cad\"},{\"@type\":\"BreadcrumbList\",\"@id\":\"https:\\\/\\\/lahingupood.ee\\\/toode\\\/elite-ops-hydration-carrier-cad\\\/#breadcrumb\",\"itemListElement\":[{\"@type\":\"ListItem\",\"position\":1,\"name\":\"Home\",\"item\":\"https:\\\/\\\/lahingupood.ee\\\/\"},{\"@type\":\"ListItem\",\"position\":2,\"name\":\"Tooted\",\"item\":\"https:\\\/\\\/lahingupood.ee\\\/tooted\\\/\"},{\"@type\":\"ListItem\",\"position\":3,\"name\":\"Elite Ops Hydration Carrier CAD\"}]},{\"@type\":\"WebSite\",\"@id\":\"https:\\\/\\\/lahingupood.ee\\\/#website\",\"url\":\"https:\\\/\\\/lahingupood.ee\\\/\",\"name\":\"Lahingurada e-pood\",\"description\":\"Airsoft\",\"publisher\":{\"@id\":\"https:\\\/\\\/lahingupood.ee\\\/#organization\"},\"potentialAction\":[{\"@type\":\"SearchAction\",\"target\":{\"@type\":\"EntryPoint\",\"urlTemplate\":\"https:\\\/\\\/lahingupood.ee\\\/?s={search_term_string}\"},\"query-input\":{\"@type\":\"PropertyValueSpecification\",\"valueRequired\":true,\"valueName\":\"search_term_string\"}}],\"inLanguage\":\"en-GB\"},{\"@type\":\"Organization\",\"@id\":\"https:\\\/\\\/lahingupood.ee\\\/#organization\",\"name\":\"Lahingurada\",\"url\":\"https:\\\/\\\/lahingupood.ee\\\/\",\"logo\":{\"@type\":\"ImageObject\",\"inLanguage\":\"en-GB\",\"@id\":\"https:\\\/\\\/lahingupood.ee\\\/#\\\/schema\\\/logo\\\/image\\\/\",\"url\":\"https:\\\/\\\/lahingupood.ee\\\/wp-content\\\/uploads\\\/2022\\\/03\\\/lahingurada-220318.jpg\",\"contentUrl\":\"https:\\\/\\\/lahingupood.ee\\\/wp-content\\\/uploads\\\/2022\\\/03\\\/lahingurada-220318.jpg\",\"width\":800,\"height\":500,\"caption\":\"Lahingurada\"},\"image\":{\"@id\":\"https:\\\/\\\/lahingupood.ee\\\/#\\\/schema\\\/logo\\\/image\\\/\"},\"sameAs\":[\"https:\\\/\\\/www.facebook.com\\\/Lahingurada-629940247212967\"]}]}<\/script>\n<!-- \/ Yoast SEO Premium plugin. -->","yoast_head_json":{"title":"Elite Ops Hydration Carrier CAD - Lahingurada e-pood","description":"Elite Ops Hydration Carrier CAD Veekoti \u00fcmbris, kinnitamiseks molle vestile v\u00f5i plaadikandjale. Ilma sisuta. Kvaliteetne Cordura1000 kangas kannatab","robots":{"index":"index","follow":"follow","max-snippet":"max-snippet:-1","max-image-preview":"max-image-preview:large","max-video-preview":"max-video-preview:-1"},"canonical":"https:\/\/lahingupood.ee\/en\/product\/elite-ops-hydration-carrier-cad\/","og_locale":"en_GB","og_type":"article","og_title":"Elite Ops Hydration Carrier CAD","og_description":"Elite Ops Hydration Carrier CAD Veekoti \u00fcmbris, kinnitamiseks molle vestile v\u00f5i plaadikandjale. Ilma sisuta. Kvaliteetne Cordura1000 kangas kannatab","og_url":"https:\/\/lahingupood.ee\/en\/product\/elite-ops-hydration-carrier-cad\/","og_site_name":"Lahingurada e-pood","article_publisher":"https:\/\/www.facebook.com\/Lahingurada-629940247212967","article_modified_time":"2026-04-12T17:30:06+00:00","og_image":[{"width":900,"height":600,"url":"https:\/\/lahingupood.ee\/wp-content\/uploads\/2022\/08\/DSC_8615_1_0d23dcff-fef5-48c4-ad1f-fb8b7615e7d5_900x.jpg.webp","type":"image\/webp"}],"twitter_card":"summary_large_image","twitter_misc":{"Estimated reading time":"1 minute"},"schema":{"@context":"https:\/\/schema.org","@graph":[{"@type":"WebPage","@id":"https:\/\/lahingupood.ee\/toode\/elite-ops-hydration-carrier-cad\/","url":"https:\/\/lahingupood.ee\/toode\/elite-ops-hydration-carrier-cad\/","name":"Elite Ops Hydration Carrier CAD - Lahingurada e-pood","isPartOf":{"@id":"https:\/\/lahingupood.ee\/#website"},"primaryImageOfPage":{"@id":"https:\/\/lahingupood.ee\/toode\/elite-ops-hydration-carrier-cad\/#primaryimage"},"image":{"@id":"https:\/\/lahingupood.ee\/toode\/elite-ops-hydration-carrier-cad\/#primaryimage"},"thumbnailUrl":"https:\/\/lahingupood.ee\/wp-content\/uploads\/2022\/08\/DSC_8615_1_0d23dcff-fef5-48c4-ad1f-fb8b7615e7d5_900x.jpg.webp","datePublished":"2022-08-19T10:15:11+00:00","dateModified":"2026-04-12T17:30:06+00:00","description":"Elite Ops Hydration Carrier CAD Veekoti \u00fcmbris, kinnitamiseks molle vestile v\u00f5i plaadikandjale. Ilma sisuta. Kvaliteetne Cordura1000 kangas kannatab","breadcrumb":{"@id":"https:\/\/lahingupood.ee\/toode\/elite-ops-hydration-carrier-cad\/#breadcrumb"},"inLanguage":"en-GB","potentialAction":[{"@type":"ReadAction","target":["https:\/\/lahingupood.ee\/toode\/elite-ops-hydration-carrier-cad\/"]}]},{"@type":"ImageObject","inLanguage":"en-GB","@id":"https:\/\/lahingupood.ee\/toode\/elite-ops-hydration-carrier-cad\/#primaryimage","url":"https:\/\/lahingupood.ee\/wp-content\/uploads\/2022\/08\/DSC_8615_1_0d23dcff-fef5-48c4-ad1f-fb8b7615e7d5_900x.jpg.webp","contentUrl":"https:\/\/lahingupood.ee\/wp-content\/uploads\/2022\/08\/DSC_8615_1_0d23dcff-fef5-48c4-ad1f-fb8b7615e7d5_900x.jpg.webp","width":900,"height":600,"caption":"elite-ops-hydration-carrier-cad"},{"@type":"BreadcrumbList","@id":"https:\/\/lahingupood.ee\/toode\/elite-ops-hydration-carrier-cad\/#breadcrumb","itemListElement":[{"@type":"ListItem","position":1,"name":"Home","item":"https:\/\/lahingupood.ee\/"},{"@type":"ListItem","position":2,"name":"Tooted","item":"https:\/\/lahingupood.ee\/tooted\/"},{"@type":"ListItem","position":3,"name":"Elite Ops Hydration Carrier CAD"}]},{"@type":"WebSite","@id":"https:\/\/lahingupood.ee\/#website","url":"https:\/\/lahingupood.ee\/","name":"Lahingurada e-pood","description":"Airsoft","publisher":{"@id":"https:\/\/lahingupood.ee\/#organization"},"potentialAction":[{"@type":"SearchAction","target":{"@type":"EntryPoint","urlTemplate":"https:\/\/lahingupood.ee\/?s={search_term_string}"},"query-input":{"@type":"PropertyValueSpecification","valueRequired":true,"valueName":"search_term_string"}}],"inLanguage":"en-GB"},{"@type":"Organization","@id":"https:\/\/lahingupood.ee\/#organization","name":"Lahingurada","url":"https:\/\/lahingupood.ee\/","logo":{"@type":"ImageObject","inLanguage":"en-GB","@id":"https:\/\/lahingupood.ee\/#\/schema\/logo\/image\/","url":"https:\/\/lahingupood.ee\/wp-content\/uploads\/2022\/03\/lahingurada-220318.jpg","contentUrl":"https:\/\/lahingupood.ee\/wp-content\/uploads\/2022\/03\/lahingurada-220318.jpg","width":800,"height":500,"caption":"Lahingurada"},"image":{"@id":"https:\/\/lahingupood.ee\/#\/schema\/logo\/image\/"},"sameAs":["https:\/\/www.facebook.com\/Lahingurada-629940247212967"]}]}},"_links":{"self":[{"href":"https:\/\/lahingupood.ee\/en\/wp-json\/wp\/v2\/product\/2067","targetHints":{"allow":["GET"]}}],"collection":[{"href":"https:\/\/lahingupood.ee\/en\/wp-json\/wp\/v2\/product"}],"about":[{"href":"https:\/\/lahingupood.ee\/en\/wp-json\/wp\/v2\/types\/product"}],"wp:featuredmedia":[{"embeddable":true,"href":"https:\/\/lahingupood.ee\/en\/wp-json\/wp\/v2\/media\/2068"}],"wp:attachment":[{"href":"https:\/\/lahingupood.ee\/en\/wp-json\/wp\/v2\/media?parent=2067"}],"wp:term":[{"taxonomy":"product_brand","embeddable":true,"href":"https:\/\/lahingupood.ee\/en\/wp-json\/wp\/v2\/product_brand?post=2067"},{"taxonomy":"product_cat","embeddable":true,"href":"https:\/\/lahingupood.ee\/en\/wp-json\/wp\/v2\/product_cat?post=2067"},{"taxonomy":"product_tag","embeddable":true,"href":"https:\/\/lahingupood.ee\/en\/wp-json\/wp\/v2\/product_tag?post=2067"}],"curies":[{"name":"wp","href":"https:\/\/api.w.org\/{rel}","templated":true}]}}