{"id":2025,"date":"2022-08-06T02:05:39","date_gmt":"2022-08-05T23:05:39","guid":{"rendered":"https:\/\/lahingupood.ee\/?post_type=product&#038;p=2025"},"modified":"2026-05-14T13:37:13","modified_gmt":"2026-05-14T10:37:13","slug":"ukraina-vapiga-patch","status":"publish","type":"product","link":"https:\/\/lahingupood.ee\/en\/product\/ukraina-vapiga-patch\/","title":{"rendered":"Vapiga Ukraina lipu patch takjaalusel"},"content":{"rendered":"<p><strong data-start=\"616\" data-end=\"640\">Ukraina vapiga patch<\/strong> on takjaalusel embleem varustuse, riiete v\u00f5i koti k\u00fclge kinnitamiseks. Patch \u00fchendab Ukraina lipu v\u00e4rvid ja vapi kujunduse ning sobib plate carrierile, jopele, m\u00fctsile, seljakotile v\u00f5i muule takjapaneeliga varustusele.\u00a0M\u00f5\u00f5dud 5x8cm<\/p>","protected":false},"excerpt":{"rendered":"<p>Ukraina vapiga patch on takjaalusel embleem varustuse, riiete v\u00f5i koti k\u00fclge kinnitamiseks. Patch \u00fchendab Ukraina lipu v\u00e4rvid ja vapi kujunduse ning sobib plate carrierile, jopele, m\u00fctsile, seljakotile v\u00f5i muule takjapaneeliga varustusele.\u00a0M\u00f5\u00f5dud 5x8cm<\/p>","protected":false},"featured_media":2026,"template":"","meta":[],"product_brand":[],"product_cat":[104],"product_tag":[],"class_list":{"0":"post-2025","1":"product","2":"type-product","3":"status-publish","4":"has-post-thumbnail","6":"product_cat-patchid","8":"first","9":"instock","10":"taxable","11":"shipping-taxable","12":"purchasable","13":"product-type-simple"},"yoast_head":"<!-- This site is optimized with the Yoast SEO Premium plugin v27.6 (Yoast SEO v27.6) - https:\/\/yoast.com\/product\/yoast-seo-premium-wordpress\/ -->\n<title>Ukraina vapiga patch takjaalusel<\/title>\n<meta name=\"description\" content=\"Ukraina vapiga patch on takjaalusel lipuembleem taktikalisele varustusele, jopele, seljakotile v\u00f5i plaadikandjale. Sobib varustusele takja olemasolul.\" \/>\n<meta name=\"robots\" content=\"index, follow, max-snippet:-1, max-image-preview:large, max-video-preview:-1\" \/>\n<link rel=\"canonical\" href=\"https:\/\/lahingupood.ee\/en\/product\/ukraina-vapiga-patch\/\" \/>\n<meta property=\"og:locale\" content=\"en_GB\" \/>\n<meta property=\"og:type\" content=\"article\" \/>\n<meta property=\"og:title\" content=\"Vapiga Ukraina lipu patch takjaalusel\" \/>\n<meta property=\"og:description\" content=\"Ukraina vapiga patch on takjaalusel lipuembleem taktikalisele varustusele, jopele, seljakotile v\u00f5i plaadikandjale. Sobib varustusele takja olemasolul.\" \/>\n<meta property=\"og:url\" content=\"https:\/\/lahingupood.ee\/en\/product\/ukraina-vapiga-patch\/\" \/>\n<meta property=\"og:site_name\" content=\"Lahingurada e-pood\" \/>\n<meta property=\"article:publisher\" content=\"https:\/\/www.facebook.com\/Lahingurada-629940247212967\" \/>\n<meta property=\"article:modified_time\" content=\"2026-05-14T10:37:13+00:00\" \/>\n<meta property=\"og:image\" content=\"https:\/\/lahingupood.ee\/wp-content\/uploads\/2022\/08\/IMG_5473.jpg\" \/>\n\t<meta property=\"og:image:width\" content=\"800\" \/>\n\t<meta property=\"og:image:height\" content=\"800\" \/>\n\t<meta property=\"og:image:type\" content=\"image\/jpeg\" \/>\n<meta name=\"twitter:card\" content=\"summary_large_image\" \/>\n<meta name=\"twitter:label1\" content=\"Estimated reading time\" \/>\n\t<meta name=\"twitter:data1\" content=\"1 minute\" \/>\n<script type=\"application\/ld+json\" class=\"yoast-schema-graph\">{\"@context\":\"https:\\\/\\\/schema.org\",\"@graph\":[{\"@type\":\"WebPage\",\"@id\":\"https:\\\/\\\/lahingupood.ee\\\/toode\\\/ukraina-vapiga-patch\\\/\",\"url\":\"https:\\\/\\\/lahingupood.ee\\\/toode\\\/ukraina-vapiga-patch\\\/\",\"name\":\"Ukraina vapiga patch takjaalusel\",\"isPartOf\":{\"@id\":\"https:\\\/\\\/lahingupood.ee\\\/#website\"},\"primaryImageOfPage\":{\"@id\":\"https:\\\/\\\/lahingupood.ee\\\/toode\\\/ukraina-vapiga-patch\\\/#primaryimage\"},\"image\":{\"@id\":\"https:\\\/\\\/lahingupood.ee\\\/toode\\\/ukraina-vapiga-patch\\\/#primaryimage\"},\"thumbnailUrl\":\"https:\\\/\\\/lahingupood.ee\\\/wp-content\\\/uploads\\\/2022\\\/08\\\/IMG_5473.jpg\",\"datePublished\":\"2022-08-05T23:05:39+00:00\",\"dateModified\":\"2026-05-14T10:37:13+00:00\",\"description\":\"Ukraina vapiga patch on takjaalusel lipuembleem taktikalisele varustusele, jopele, seljakotile v\u00f5i plaadikandjale. Sobib varustusele takja olemasolul.\",\"breadcrumb\":{\"@id\":\"https:\\\/\\\/lahingupood.ee\\\/toode\\\/ukraina-vapiga-patch\\\/#breadcrumb\"},\"inLanguage\":\"en-GB\",\"potentialAction\":[{\"@type\":\"ReadAction\",\"target\":[\"https:\\\/\\\/lahingupood.ee\\\/toode\\\/ukraina-vapiga-patch\\\/\"]}]},{\"@type\":\"ImageObject\",\"inLanguage\":\"en-GB\",\"@id\":\"https:\\\/\\\/lahingupood.ee\\\/toode\\\/ukraina-vapiga-patch\\\/#primaryimage\",\"url\":\"https:\\\/\\\/lahingupood.ee\\\/wp-content\\\/uploads\\\/2022\\\/08\\\/IMG_5473.jpg\",\"contentUrl\":\"https:\\\/\\\/lahingupood.ee\\\/wp-content\\\/uploads\\\/2022\\\/08\\\/IMG_5473.jpg\",\"width\":800,\"height\":800,\"caption\":\"vapiga-ukraina-lipu-patch-takjaalusel\"},{\"@type\":\"BreadcrumbList\",\"@id\":\"https:\\\/\\\/lahingupood.ee\\\/toode\\\/ukraina-vapiga-patch\\\/#breadcrumb\",\"itemListElement\":[{\"@type\":\"ListItem\",\"position\":1,\"name\":\"Home\",\"item\":\"https:\\\/\\\/lahingupood.ee\\\/\"},{\"@type\":\"ListItem\",\"position\":2,\"name\":\"Tooted\",\"item\":\"https:\\\/\\\/lahingupood.ee\\\/tooted\\\/\"},{\"@type\":\"ListItem\",\"position\":3,\"name\":\"Vapiga Ukraina lipu patch takjaalusel\"}]},{\"@type\":\"WebSite\",\"@id\":\"https:\\\/\\\/lahingupood.ee\\\/#website\",\"url\":\"https:\\\/\\\/lahingupood.ee\\\/\",\"name\":\"Lahingurada e-pood\",\"description\":\"Airsoft\",\"publisher\":{\"@id\":\"https:\\\/\\\/lahingupood.ee\\\/#organization\"},\"potentialAction\":[{\"@type\":\"SearchAction\",\"target\":{\"@type\":\"EntryPoint\",\"urlTemplate\":\"https:\\\/\\\/lahingupood.ee\\\/?s={search_term_string}\"},\"query-input\":{\"@type\":\"PropertyValueSpecification\",\"valueRequired\":true,\"valueName\":\"search_term_string\"}}],\"inLanguage\":\"en-GB\"},{\"@type\":\"Organization\",\"@id\":\"https:\\\/\\\/lahingupood.ee\\\/#organization\",\"name\":\"Lahingurada\",\"url\":\"https:\\\/\\\/lahingupood.ee\\\/\",\"logo\":{\"@type\":\"ImageObject\",\"inLanguage\":\"en-GB\",\"@id\":\"https:\\\/\\\/lahingupood.ee\\\/#\\\/schema\\\/logo\\\/image\\\/\",\"url\":\"https:\\\/\\\/lahingupood.ee\\\/wp-content\\\/uploads\\\/2022\\\/03\\\/lahingurada-220318.jpg\",\"contentUrl\":\"https:\\\/\\\/lahingupood.ee\\\/wp-content\\\/uploads\\\/2022\\\/03\\\/lahingurada-220318.jpg\",\"width\":800,\"height\":500,\"caption\":\"Lahingurada\"},\"image\":{\"@id\":\"https:\\\/\\\/lahingupood.ee\\\/#\\\/schema\\\/logo\\\/image\\\/\"},\"sameAs\":[\"https:\\\/\\\/www.facebook.com\\\/Lahingurada-629940247212967\"]}]}<\/script>\n<!-- \/ Yoast SEO Premium plugin. -->","yoast_head_json":{"title":"Ukraina vapiga patch takjaalusel","description":"Ukraina vapiga patch on takjaalusel lipuembleem taktikalisele varustusele, jopele, seljakotile v\u00f5i plaadikandjale. Sobib varustusele takja olemasolul.","robots":{"index":"index","follow":"follow","max-snippet":"max-snippet:-1","max-image-preview":"max-image-preview:large","max-video-preview":"max-video-preview:-1"},"canonical":"https:\/\/lahingupood.ee\/en\/product\/ukraina-vapiga-patch\/","og_locale":"en_GB","og_type":"article","og_title":"Vapiga Ukraina lipu patch takjaalusel","og_description":"Ukraina vapiga patch on takjaalusel lipuembleem taktikalisele varustusele, jopele, seljakotile v\u00f5i plaadikandjale. Sobib varustusele takja olemasolul.","og_url":"https:\/\/lahingupood.ee\/en\/product\/ukraina-vapiga-patch\/","og_site_name":"Lahingurada e-pood","article_publisher":"https:\/\/www.facebook.com\/Lahingurada-629940247212967","article_modified_time":"2026-05-14T10:37:13+00:00","og_image":[{"width":800,"height":800,"url":"https:\/\/lahingupood.ee\/wp-content\/uploads\/2022\/08\/IMG_5473.jpg","type":"image\/jpeg"}],"twitter_card":"summary_large_image","twitter_misc":{"Estimated reading time":"1 minute"},"schema":{"@context":"https:\/\/schema.org","@graph":[{"@type":"WebPage","@id":"https:\/\/lahingupood.ee\/toode\/ukraina-vapiga-patch\/","url":"https:\/\/lahingupood.ee\/toode\/ukraina-vapiga-patch\/","name":"Ukraina vapiga patch takjaalusel","isPartOf":{"@id":"https:\/\/lahingupood.ee\/#website"},"primaryImageOfPage":{"@id":"https:\/\/lahingupood.ee\/toode\/ukraina-vapiga-patch\/#primaryimage"},"image":{"@id":"https:\/\/lahingupood.ee\/toode\/ukraina-vapiga-patch\/#primaryimage"},"thumbnailUrl":"https:\/\/lahingupood.ee\/wp-content\/uploads\/2022\/08\/IMG_5473.jpg","datePublished":"2022-08-05T23:05:39+00:00","dateModified":"2026-05-14T10:37:13+00:00","description":"Ukraina vapiga patch on takjaalusel lipuembleem taktikalisele varustusele, jopele, seljakotile v\u00f5i plaadikandjale. Sobib varustusele takja olemasolul.","breadcrumb":{"@id":"https:\/\/lahingupood.ee\/toode\/ukraina-vapiga-patch\/#breadcrumb"},"inLanguage":"en-GB","potentialAction":[{"@type":"ReadAction","target":["https:\/\/lahingupood.ee\/toode\/ukraina-vapiga-patch\/"]}]},{"@type":"ImageObject","inLanguage":"en-GB","@id":"https:\/\/lahingupood.ee\/toode\/ukraina-vapiga-patch\/#primaryimage","url":"https:\/\/lahingupood.ee\/wp-content\/uploads\/2022\/08\/IMG_5473.jpg","contentUrl":"https:\/\/lahingupood.ee\/wp-content\/uploads\/2022\/08\/IMG_5473.jpg","width":800,"height":800,"caption":"vapiga-ukraina-lipu-patch-takjaalusel"},{"@type":"BreadcrumbList","@id":"https:\/\/lahingupood.ee\/toode\/ukraina-vapiga-patch\/#breadcrumb","itemListElement":[{"@type":"ListItem","position":1,"name":"Home","item":"https:\/\/lahingupood.ee\/"},{"@type":"ListItem","position":2,"name":"Tooted","item":"https:\/\/lahingupood.ee\/tooted\/"},{"@type":"ListItem","position":3,"name":"Vapiga Ukraina lipu patch takjaalusel"}]},{"@type":"WebSite","@id":"https:\/\/lahingupood.ee\/#website","url":"https:\/\/lahingupood.ee\/","name":"Lahingurada e-pood","description":"Airsoft","publisher":{"@id":"https:\/\/lahingupood.ee\/#organization"},"potentialAction":[{"@type":"SearchAction","target":{"@type":"EntryPoint","urlTemplate":"https:\/\/lahingupood.ee\/?s={search_term_string}"},"query-input":{"@type":"PropertyValueSpecification","valueRequired":true,"valueName":"search_term_string"}}],"inLanguage":"en-GB"},{"@type":"Organization","@id":"https:\/\/lahingupood.ee\/#organization","name":"Lahingurada","url":"https:\/\/lahingupood.ee\/","logo":{"@type":"ImageObject","inLanguage":"en-GB","@id":"https:\/\/lahingupood.ee\/#\/schema\/logo\/image\/","url":"https:\/\/lahingupood.ee\/wp-content\/uploads\/2022\/03\/lahingurada-220318.jpg","contentUrl":"https:\/\/lahingupood.ee\/wp-content\/uploads\/2022\/03\/lahingurada-220318.jpg","width":800,"height":500,"caption":"Lahingurada"},"image":{"@id":"https:\/\/lahingupood.ee\/#\/schema\/logo\/image\/"},"sameAs":["https:\/\/www.facebook.com\/Lahingurada-629940247212967"]}]}},"_links":{"self":[{"href":"https:\/\/lahingupood.ee\/en\/wp-json\/wp\/v2\/product\/2025","targetHints":{"allow":["GET"]}}],"collection":[{"href":"https:\/\/lahingupood.ee\/en\/wp-json\/wp\/v2\/product"}],"about":[{"href":"https:\/\/lahingupood.ee\/en\/wp-json\/wp\/v2\/types\/product"}],"wp:featuredmedia":[{"embeddable":true,"href":"https:\/\/lahingupood.ee\/en\/wp-json\/wp\/v2\/media\/2026"}],"wp:attachment":[{"href":"https:\/\/lahingupood.ee\/en\/wp-json\/wp\/v2\/media?parent=2025"}],"wp:term":[{"taxonomy":"product_brand","embeddable":true,"href":"https:\/\/lahingupood.ee\/en\/wp-json\/wp\/v2\/product_brand?post=2025"},{"taxonomy":"product_cat","embeddable":true,"href":"https:\/\/lahingupood.ee\/en\/wp-json\/wp\/v2\/product_cat?post=2025"},{"taxonomy":"product_tag","embeddable":true,"href":"https:\/\/lahingupood.ee\/en\/wp-json\/wp\/v2\/product_tag?post=2025"}],"curies":[{"name":"wp","href":"https:\/\/api.w.org\/{rel}","templated":true}]}}