{"id":2015,"date":"2022-08-06T01:35:59","date_gmt":"2022-08-05T22:35:59","guid":{"rendered":"https:\/\/lahingupood.ee\/?post_type=product&#038;p=2015"},"modified":"2026-04-12T20:30:04","modified_gmt":"2026-04-12T17:30:04","slug":"asg-kaitseprillid-clear","status":"publish","type":"product","link":"https:\/\/lahingupood.ee\/en\/product\/asg-kaitseprillid-clear\/","title":{"rendered":"ASG Kaitseprillid Clear"},"content":{"rendered":"<p>ASG Kaitseprillid Clear<\/p>\n<p>Stiilsed reguleeritavate sangade ja ventileeritud raamiga prillid pakuvad t\u00e4ielikku kaitset ja mugavust. Sobivad kasutamiseks igas olukorras \u2013 ka t\u00f6\u00f6prillidena.<\/p>\n<p>Omadused:<\/p>\n<p>Uue disainiga ventileeritud ninaosa laseb soojusel hajuda ning v\u00e4hendab udu teket.<br \/>\nKvaliteetsed klaasid on \u00e4\u00e4rmiselt selged ning ei moonuta vaadet.<br \/>\nRaami \u00fclaosas on ventilatsiooniavad mis lasevad \u00f5hul liikuda ning aitavad v\u00e4ltida udu teket.<br \/>\nKumera kujuga klaas kaitseb ka k\u00fclgedelt tuule ning kuulide eest.<br \/>\nV\u00e4hendavad pimestamise ohtu.<br \/>\nAnnavad 99% kaitse kahjuliku UV-A ja UV-B kiirguse vastu.<br \/>\n\u00dcletavad ANSI Z87.1-2003 n\u00f5udeid l\u00f6\u00f6gij\u00f5ule.<br \/>\nCAN\/CSA Z94.3-07<br \/>\nCE EN166 sertifikaat<\/p>","protected":false},"excerpt":{"rendered":"<p>ASG Kaitseprillid Clear Stiilsed reguleeritavate sangade ja ventileeritud raamiga prillid pakuvad t\u00e4ielikku kaitset ja mugavust. Sobivad kasutamiseks igas olukorras \u2013 ka t\u00f6\u00f6prillidena. Omadused: Uue disainiga ventileeritud ninaosa laseb soojusel hajuda ning v\u00e4hendab udu teket. Kvaliteetsed klaasid on \u00e4\u00e4rmiselt selged ning ei moonuta vaadet. Raami \u00fclaosas on ventilatsiooniavad mis lasevad \u00f5hul liikuda ning aitavad v\u00e4ltida udu [&#8230;]\n","protected":false},"featured_media":2016,"template":"","meta":[],"product_brand":[],"product_cat":[62],"product_tag":[],"class_list":{"0":"post-2015","1":"product","2":"type-product","3":"status-publish","4":"has-post-thumbnail","6":"product_cat-prillid","8":"first","9":"outofstock","10":"taxable","11":"shipping-taxable","12":"purchasable","13":"product-type-simple"},"yoast_head":"<!-- This site is optimized with the Yoast SEO Premium plugin v27.3 (Yoast SEO v27.3) - https:\/\/yoast.com\/product\/yoast-seo-premium-wordpress\/ -->\n<title>ASG Kaitseprillid Clear - Lahingurada e-pood<\/title>\n<meta name=\"description\" content=\"ASG Kaitseprillid Clear Stiilsed reguleeritavate sangade ja ventileeritud raamiga prillid pakuvad t\u00e4ielikku kaitset ja mugavust.\" \/>\n<meta name=\"robots\" content=\"index, follow, max-snippet:-1, max-image-preview:large, max-video-preview:-1\" \/>\n<link rel=\"canonical\" href=\"https:\/\/lahingupood.ee\/en\/product\/asg-kaitseprillid-clear\/\" \/>\n<meta property=\"og:locale\" content=\"en_GB\" \/>\n<meta property=\"og:type\" content=\"article\" \/>\n<meta property=\"og:title\" content=\"ASG Kaitseprillid Clear\" \/>\n<meta property=\"og:description\" content=\"ASG Kaitseprillid Clear Stiilsed reguleeritavate sangade ja ventileeritud raamiga prillid pakuvad t\u00e4ielikku kaitset ja mugavust.\" \/>\n<meta property=\"og:url\" content=\"https:\/\/lahingupood.ee\/en\/product\/asg-kaitseprillid-clear\/\" \/>\n<meta property=\"og:site_name\" content=\"Lahingurada e-pood\" \/>\n<meta property=\"article:publisher\" content=\"https:\/\/www.facebook.com\/Lahingurada-629940247212967\" \/>\n<meta property=\"article:modified_time\" content=\"2026-04-12T17:30:04+00:00\" \/>\n<meta property=\"og:image\" content=\"https:\/\/lahingupood.ee\/wp-content\/uploads\/2022\/08\/17006-000.jpeg\" \/>\n\t<meta property=\"og:image:width\" content=\"1600\" \/>\n\t<meta property=\"og:image:height\" content=\"1200\" \/>\n\t<meta property=\"og:image:type\" content=\"image\/jpeg\" \/>\n<meta name=\"twitter:card\" content=\"summary_large_image\" \/>\n<meta name=\"twitter:label1\" content=\"Estimated reading time\" \/>\n\t<meta name=\"twitter:data1\" content=\"1 minute\" \/>\n<script type=\"application\/ld+json\" class=\"yoast-schema-graph\">{\"@context\":\"https:\\\/\\\/schema.org\",\"@graph\":[{\"@type\":\"WebPage\",\"@id\":\"https:\\\/\\\/lahingupood.ee\\\/toode\\\/asg-kaitseprillid-clear\\\/\",\"url\":\"https:\\\/\\\/lahingupood.ee\\\/toode\\\/asg-kaitseprillid-clear\\\/\",\"name\":\"ASG Kaitseprillid Clear - Lahingurada e-pood\",\"isPartOf\":{\"@id\":\"https:\\\/\\\/lahingupood.ee\\\/#website\"},\"primaryImageOfPage\":{\"@id\":\"https:\\\/\\\/lahingupood.ee\\\/toode\\\/asg-kaitseprillid-clear\\\/#primaryimage\"},\"image\":{\"@id\":\"https:\\\/\\\/lahingupood.ee\\\/toode\\\/asg-kaitseprillid-clear\\\/#primaryimage\"},\"thumbnailUrl\":\"https:\\\/\\\/lahingupood.ee\\\/wp-content\\\/uploads\\\/2022\\\/08\\\/17006-000.jpeg\",\"datePublished\":\"2022-08-05T22:35:59+00:00\",\"dateModified\":\"2026-04-12T17:30:04+00:00\",\"description\":\"ASG Kaitseprillid Clear Stiilsed reguleeritavate sangade ja ventileeritud raamiga prillid pakuvad t\u00e4ielikku kaitset ja mugavust.\",\"breadcrumb\":{\"@id\":\"https:\\\/\\\/lahingupood.ee\\\/toode\\\/asg-kaitseprillid-clear\\\/#breadcrumb\"},\"inLanguage\":\"en-GB\",\"potentialAction\":[{\"@type\":\"ReadAction\",\"target\":[\"https:\\\/\\\/lahingupood.ee\\\/toode\\\/asg-kaitseprillid-clear\\\/\"]}]},{\"@type\":\"ImageObject\",\"inLanguage\":\"en-GB\",\"@id\":\"https:\\\/\\\/lahingupood.ee\\\/toode\\\/asg-kaitseprillid-clear\\\/#primaryimage\",\"url\":\"https:\\\/\\\/lahingupood.ee\\\/wp-content\\\/uploads\\\/2022\\\/08\\\/17006-000.jpeg\",\"contentUrl\":\"https:\\\/\\\/lahingupood.ee\\\/wp-content\\\/uploads\\\/2022\\\/08\\\/17006-000.jpeg\",\"width\":1600,\"height\":1200,\"caption\":\"asg-kaitseprillid-clear\"},{\"@type\":\"BreadcrumbList\",\"@id\":\"https:\\\/\\\/lahingupood.ee\\\/toode\\\/asg-kaitseprillid-clear\\\/#breadcrumb\",\"itemListElement\":[{\"@type\":\"ListItem\",\"position\":1,\"name\":\"Home\",\"item\":\"https:\\\/\\\/lahingupood.ee\\\/\"},{\"@type\":\"ListItem\",\"position\":2,\"name\":\"Tooted\",\"item\":\"https:\\\/\\\/lahingupood.ee\\\/tooted\\\/\"},{\"@type\":\"ListItem\",\"position\":3,\"name\":\"ASG Kaitseprillid Clear\"}]},{\"@type\":\"WebSite\",\"@id\":\"https:\\\/\\\/lahingupood.ee\\\/#website\",\"url\":\"https:\\\/\\\/lahingupood.ee\\\/\",\"name\":\"Lahingurada e-pood\",\"description\":\"Airsoft\",\"publisher\":{\"@id\":\"https:\\\/\\\/lahingupood.ee\\\/#organization\"},\"potentialAction\":[{\"@type\":\"SearchAction\",\"target\":{\"@type\":\"EntryPoint\",\"urlTemplate\":\"https:\\\/\\\/lahingupood.ee\\\/?s={search_term_string}\"},\"query-input\":{\"@type\":\"PropertyValueSpecification\",\"valueRequired\":true,\"valueName\":\"search_term_string\"}}],\"inLanguage\":\"en-GB\"},{\"@type\":\"Organization\",\"@id\":\"https:\\\/\\\/lahingupood.ee\\\/#organization\",\"name\":\"Lahingurada\",\"url\":\"https:\\\/\\\/lahingupood.ee\\\/\",\"logo\":{\"@type\":\"ImageObject\",\"inLanguage\":\"en-GB\",\"@id\":\"https:\\\/\\\/lahingupood.ee\\\/#\\\/schema\\\/logo\\\/image\\\/\",\"url\":\"https:\\\/\\\/lahingupood.ee\\\/wp-content\\\/uploads\\\/2022\\\/03\\\/lahingurada-220318.jpg\",\"contentUrl\":\"https:\\\/\\\/lahingupood.ee\\\/wp-content\\\/uploads\\\/2022\\\/03\\\/lahingurada-220318.jpg\",\"width\":800,\"height\":500,\"caption\":\"Lahingurada\"},\"image\":{\"@id\":\"https:\\\/\\\/lahingupood.ee\\\/#\\\/schema\\\/logo\\\/image\\\/\"},\"sameAs\":[\"https:\\\/\\\/www.facebook.com\\\/Lahingurada-629940247212967\"]}]}<\/script>\n<!-- \/ Yoast SEO Premium plugin. -->","yoast_head_json":{"title":"ASG Kaitseprillid Clear - Lahingurada e-pood","description":"ASG Kaitseprillid Clear Stiilsed reguleeritavate sangade ja ventileeritud raamiga prillid pakuvad t\u00e4ielikku kaitset ja mugavust.","robots":{"index":"index","follow":"follow","max-snippet":"max-snippet:-1","max-image-preview":"max-image-preview:large","max-video-preview":"max-video-preview:-1"},"canonical":"https:\/\/lahingupood.ee\/en\/product\/asg-kaitseprillid-clear\/","og_locale":"en_GB","og_type":"article","og_title":"ASG Kaitseprillid Clear","og_description":"ASG Kaitseprillid Clear Stiilsed reguleeritavate sangade ja ventileeritud raamiga prillid pakuvad t\u00e4ielikku kaitset ja mugavust.","og_url":"https:\/\/lahingupood.ee\/en\/product\/asg-kaitseprillid-clear\/","og_site_name":"Lahingurada e-pood","article_publisher":"https:\/\/www.facebook.com\/Lahingurada-629940247212967","article_modified_time":"2026-04-12T17:30:04+00:00","og_image":[{"width":1600,"height":1200,"url":"https:\/\/lahingupood.ee\/wp-content\/uploads\/2022\/08\/17006-000.jpeg","type":"image\/jpeg"}],"twitter_card":"summary_large_image","twitter_misc":{"Estimated reading time":"1 minute"},"schema":{"@context":"https:\/\/schema.org","@graph":[{"@type":"WebPage","@id":"https:\/\/lahingupood.ee\/toode\/asg-kaitseprillid-clear\/","url":"https:\/\/lahingupood.ee\/toode\/asg-kaitseprillid-clear\/","name":"ASG Kaitseprillid Clear - Lahingurada e-pood","isPartOf":{"@id":"https:\/\/lahingupood.ee\/#website"},"primaryImageOfPage":{"@id":"https:\/\/lahingupood.ee\/toode\/asg-kaitseprillid-clear\/#primaryimage"},"image":{"@id":"https:\/\/lahingupood.ee\/toode\/asg-kaitseprillid-clear\/#primaryimage"},"thumbnailUrl":"https:\/\/lahingupood.ee\/wp-content\/uploads\/2022\/08\/17006-000.jpeg","datePublished":"2022-08-05T22:35:59+00:00","dateModified":"2026-04-12T17:30:04+00:00","description":"ASG Kaitseprillid Clear Stiilsed reguleeritavate sangade ja ventileeritud raamiga prillid pakuvad t\u00e4ielikku kaitset ja mugavust.","breadcrumb":{"@id":"https:\/\/lahingupood.ee\/toode\/asg-kaitseprillid-clear\/#breadcrumb"},"inLanguage":"en-GB","potentialAction":[{"@type":"ReadAction","target":["https:\/\/lahingupood.ee\/toode\/asg-kaitseprillid-clear\/"]}]},{"@type":"ImageObject","inLanguage":"en-GB","@id":"https:\/\/lahingupood.ee\/toode\/asg-kaitseprillid-clear\/#primaryimage","url":"https:\/\/lahingupood.ee\/wp-content\/uploads\/2022\/08\/17006-000.jpeg","contentUrl":"https:\/\/lahingupood.ee\/wp-content\/uploads\/2022\/08\/17006-000.jpeg","width":1600,"height":1200,"caption":"asg-kaitseprillid-clear"},{"@type":"BreadcrumbList","@id":"https:\/\/lahingupood.ee\/toode\/asg-kaitseprillid-clear\/#breadcrumb","itemListElement":[{"@type":"ListItem","position":1,"name":"Home","item":"https:\/\/lahingupood.ee\/"},{"@type":"ListItem","position":2,"name":"Tooted","item":"https:\/\/lahingupood.ee\/tooted\/"},{"@type":"ListItem","position":3,"name":"ASG Kaitseprillid Clear"}]},{"@type":"WebSite","@id":"https:\/\/lahingupood.ee\/#website","url":"https:\/\/lahingupood.ee\/","name":"Lahingurada e-pood","description":"Airsoft","publisher":{"@id":"https:\/\/lahingupood.ee\/#organization"},"potentialAction":[{"@type":"SearchAction","target":{"@type":"EntryPoint","urlTemplate":"https:\/\/lahingupood.ee\/?s={search_term_string}"},"query-input":{"@type":"PropertyValueSpecification","valueRequired":true,"valueName":"search_term_string"}}],"inLanguage":"en-GB"},{"@type":"Organization","@id":"https:\/\/lahingupood.ee\/#organization","name":"Lahingurada","url":"https:\/\/lahingupood.ee\/","logo":{"@type":"ImageObject","inLanguage":"en-GB","@id":"https:\/\/lahingupood.ee\/#\/schema\/logo\/image\/","url":"https:\/\/lahingupood.ee\/wp-content\/uploads\/2022\/03\/lahingurada-220318.jpg","contentUrl":"https:\/\/lahingupood.ee\/wp-content\/uploads\/2022\/03\/lahingurada-220318.jpg","width":800,"height":500,"caption":"Lahingurada"},"image":{"@id":"https:\/\/lahingupood.ee\/#\/schema\/logo\/image\/"},"sameAs":["https:\/\/www.facebook.com\/Lahingurada-629940247212967"]}]}},"_links":{"self":[{"href":"https:\/\/lahingupood.ee\/en\/wp-json\/wp\/v2\/product\/2015","targetHints":{"allow":["GET"]}}],"collection":[{"href":"https:\/\/lahingupood.ee\/en\/wp-json\/wp\/v2\/product"}],"about":[{"href":"https:\/\/lahingupood.ee\/en\/wp-json\/wp\/v2\/types\/product"}],"wp:featuredmedia":[{"embeddable":true,"href":"https:\/\/lahingupood.ee\/en\/wp-json\/wp\/v2\/media\/2016"}],"wp:attachment":[{"href":"https:\/\/lahingupood.ee\/en\/wp-json\/wp\/v2\/media?parent=2015"}],"wp:term":[{"taxonomy":"product_brand","embeddable":true,"href":"https:\/\/lahingupood.ee\/en\/wp-json\/wp\/v2\/product_brand?post=2015"},{"taxonomy":"product_cat","embeddable":true,"href":"https:\/\/lahingupood.ee\/en\/wp-json\/wp\/v2\/product_cat?post=2015"},{"taxonomy":"product_tag","embeddable":true,"href":"https:\/\/lahingupood.ee\/en\/wp-json\/wp\/v2\/product_tag?post=2015"}],"curies":[{"name":"wp","href":"https:\/\/api.w.org\/{rel}","templated":true}]}}