{"id":2009,"date":"2022-08-06T01:19:50","date_gmt":"2022-08-05T22:19:50","guid":{"rendered":"https:\/\/lahingupood.ee\/?post_type=product&#038;p=2009"},"modified":"2026-04-12T20:30:04","modified_gmt":"2026-04-12T17:30:04","slug":"asg-lipo-11-1v-1000mah-deans","status":"publish","type":"product","link":"https:\/\/lahingupood.ee\/en\/product\/asg-lipo-11-1v-1000mah-deans\/","title":{"rendered":"ASG LiPo 11.1V 1000mAh Deans"},"content":{"rendered":"<p>ASG LiPo 11.1V 1000mAh Deans<\/p>\n<p>Pikk ja peenike pulkaku sobib ideaalselt AK t\u00fc\u00fcpi ja Scorpion EVO3 relvadele. Akul on Deans otsik. Kui soovid muud \u00fchendust anna meile teada.<\/p>","protected":false},"excerpt":{"rendered":"<p>ASG LiPo 11.1V 1000mAh Deans Pikk ja peenike pulkaku sobib ideaalselt AK t\u00fc\u00fcpi ja Scorpion EVO3 relvadele. Akul on Deans otsik. Kui soovid muud \u00fchendust anna meile teada.<\/p>","protected":false},"featured_media":2010,"template":"","meta":[],"product_brand":[],"product_cat":[21],"product_tag":[],"class_list":{"0":"post-2009","1":"product","2":"type-product","3":"status-publish","4":"has-post-thumbnail","6":"product_cat-11-1v-akud","8":"first","9":"outofstock","10":"taxable","11":"shipping-taxable","12":"purchasable","13":"product-type-simple"},"yoast_head":"<!-- This site is optimized with the Yoast SEO Premium plugin v27.3 (Yoast SEO v27.3) - https:\/\/yoast.com\/product\/yoast-seo-premium-wordpress\/ -->\n<title>ASG LiPo 11.1V 1000mAh Deans - Lahingurada e-pood<\/title>\n<meta name=\"description\" content=\"ASG LiPo 11.1V 1000mAh Deans Pikk ja peenike pulkaku sobib ideaalselt AK t\u00fc\u00fcpi ja Scorpion EVO3 relvadele. Akul on Deans otsik.\" \/>\n<meta name=\"robots\" content=\"index, follow, max-snippet:-1, max-image-preview:large, max-video-preview:-1\" \/>\n<link rel=\"canonical\" href=\"https:\/\/lahingupood.ee\/en\/product\/asg-lipo-11-1v-1000mah-deans\/\" \/>\n<meta property=\"og:locale\" content=\"en_GB\" \/>\n<meta property=\"og:type\" content=\"article\" \/>\n<meta property=\"og:title\" content=\"ASG LiPo 11.1V 1000mAh Deans\" \/>\n<meta property=\"og:description\" content=\"ASG LiPo 11.1V 1000mAh Deans Pikk ja peenike pulkaku sobib ideaalselt AK t\u00fc\u00fcpi ja Scorpion EVO3 relvadele. Akul on Deans otsik.\" \/>\n<meta property=\"og:url\" content=\"https:\/\/lahingupood.ee\/en\/product\/asg-lipo-11-1v-1000mah-deans\/\" \/>\n<meta property=\"og:site_name\" content=\"Lahingurada e-pood\" \/>\n<meta property=\"article:publisher\" content=\"https:\/\/www.facebook.com\/Lahingurada-629940247212967\" \/>\n<meta property=\"article:modified_time\" content=\"2026-04-12T17:30:04+00:00\" \/>\n<meta property=\"og:image\" content=\"https:\/\/lahingupood.ee\/wp-content\/uploads\/2022\/08\/19364-000.jpeg\" \/>\n\t<meta property=\"og:image:width\" content=\"1920\" \/>\n\t<meta property=\"og:image:height\" content=\"1440\" \/>\n\t<meta property=\"og:image:type\" content=\"image\/jpeg\" \/>\n<meta name=\"twitter:card\" content=\"summary_large_image\" \/>\n<meta name=\"twitter:label1\" content=\"Estimated reading time\" \/>\n\t<meta name=\"twitter:data1\" content=\"1 minute\" \/>\n<script type=\"application\/ld+json\" class=\"yoast-schema-graph\">{\"@context\":\"https:\\\/\\\/schema.org\",\"@graph\":[{\"@type\":\"WebPage\",\"@id\":\"https:\\\/\\\/lahingupood.ee\\\/toode\\\/asg-lipo-11-1v-1000mah-deans\\\/\",\"url\":\"https:\\\/\\\/lahingupood.ee\\\/toode\\\/asg-lipo-11-1v-1000mah-deans\\\/\",\"name\":\"ASG LiPo 11.1V 1000mAh Deans - Lahingurada e-pood\",\"isPartOf\":{\"@id\":\"https:\\\/\\\/lahingupood.ee\\\/#website\"},\"primaryImageOfPage\":{\"@id\":\"https:\\\/\\\/lahingupood.ee\\\/toode\\\/asg-lipo-11-1v-1000mah-deans\\\/#primaryimage\"},\"image\":{\"@id\":\"https:\\\/\\\/lahingupood.ee\\\/toode\\\/asg-lipo-11-1v-1000mah-deans\\\/#primaryimage\"},\"thumbnailUrl\":\"https:\\\/\\\/lahingupood.ee\\\/wp-content\\\/uploads\\\/2022\\\/08\\\/19364-000.jpeg\",\"datePublished\":\"2022-08-05T22:19:50+00:00\",\"dateModified\":\"2026-04-12T17:30:04+00:00\",\"description\":\"ASG LiPo 11.1V 1000mAh Deans Pikk ja peenike pulkaku sobib ideaalselt AK t\u00fc\u00fcpi ja Scorpion EVO3 relvadele. Akul on Deans otsik.\",\"breadcrumb\":{\"@id\":\"https:\\\/\\\/lahingupood.ee\\\/toode\\\/asg-lipo-11-1v-1000mah-deans\\\/#breadcrumb\"},\"inLanguage\":\"en-GB\",\"potentialAction\":[{\"@type\":\"ReadAction\",\"target\":[\"https:\\\/\\\/lahingupood.ee\\\/toode\\\/asg-lipo-11-1v-1000mah-deans\\\/\"]}]},{\"@type\":\"ImageObject\",\"inLanguage\":\"en-GB\",\"@id\":\"https:\\\/\\\/lahingupood.ee\\\/toode\\\/asg-lipo-11-1v-1000mah-deans\\\/#primaryimage\",\"url\":\"https:\\\/\\\/lahingupood.ee\\\/wp-content\\\/uploads\\\/2022\\\/08\\\/19364-000.jpeg\",\"contentUrl\":\"https:\\\/\\\/lahingupood.ee\\\/wp-content\\\/uploads\\\/2022\\\/08\\\/19364-000.jpeg\",\"width\":1920,\"height\":1440,\"caption\":\"asg-lipo-111v-1000mah-deans\"},{\"@type\":\"BreadcrumbList\",\"@id\":\"https:\\\/\\\/lahingupood.ee\\\/toode\\\/asg-lipo-11-1v-1000mah-deans\\\/#breadcrumb\",\"itemListElement\":[{\"@type\":\"ListItem\",\"position\":1,\"name\":\"Home\",\"item\":\"https:\\\/\\\/lahingupood.ee\\\/\"},{\"@type\":\"ListItem\",\"position\":2,\"name\":\"Tooted\",\"item\":\"https:\\\/\\\/lahingupood.ee\\\/tooted\\\/\"},{\"@type\":\"ListItem\",\"position\":3,\"name\":\"ASG LiPo 11.1V 1000mAh Deans\"}]},{\"@type\":\"WebSite\",\"@id\":\"https:\\\/\\\/lahingupood.ee\\\/#website\",\"url\":\"https:\\\/\\\/lahingupood.ee\\\/\",\"name\":\"Lahingurada e-pood\",\"description\":\"Airsoft\",\"publisher\":{\"@id\":\"https:\\\/\\\/lahingupood.ee\\\/#organization\"},\"potentialAction\":[{\"@type\":\"SearchAction\",\"target\":{\"@type\":\"EntryPoint\",\"urlTemplate\":\"https:\\\/\\\/lahingupood.ee\\\/?s={search_term_string}\"},\"query-input\":{\"@type\":\"PropertyValueSpecification\",\"valueRequired\":true,\"valueName\":\"search_term_string\"}}],\"inLanguage\":\"en-GB\"},{\"@type\":\"Organization\",\"@id\":\"https:\\\/\\\/lahingupood.ee\\\/#organization\",\"name\":\"Lahingurada\",\"url\":\"https:\\\/\\\/lahingupood.ee\\\/\",\"logo\":{\"@type\":\"ImageObject\",\"inLanguage\":\"en-GB\",\"@id\":\"https:\\\/\\\/lahingupood.ee\\\/#\\\/schema\\\/logo\\\/image\\\/\",\"url\":\"https:\\\/\\\/lahingupood.ee\\\/wp-content\\\/uploads\\\/2022\\\/03\\\/lahingurada-220318.jpg\",\"contentUrl\":\"https:\\\/\\\/lahingupood.ee\\\/wp-content\\\/uploads\\\/2022\\\/03\\\/lahingurada-220318.jpg\",\"width\":800,\"height\":500,\"caption\":\"Lahingurada\"},\"image\":{\"@id\":\"https:\\\/\\\/lahingupood.ee\\\/#\\\/schema\\\/logo\\\/image\\\/\"},\"sameAs\":[\"https:\\\/\\\/www.facebook.com\\\/Lahingurada-629940247212967\"]}]}<\/script>\n<!-- \/ Yoast SEO Premium plugin. -->","yoast_head_json":{"title":"ASG LiPo 11.1V 1000mAh Deans - Lahingurada e-pood","description":"ASG LiPo 11.1V 1000mAh Deans Pikk ja peenike pulkaku sobib ideaalselt AK t\u00fc\u00fcpi ja Scorpion EVO3 relvadele. Akul on Deans otsik.","robots":{"index":"index","follow":"follow","max-snippet":"max-snippet:-1","max-image-preview":"max-image-preview:large","max-video-preview":"max-video-preview:-1"},"canonical":"https:\/\/lahingupood.ee\/en\/product\/asg-lipo-11-1v-1000mah-deans\/","og_locale":"en_GB","og_type":"article","og_title":"ASG LiPo 11.1V 1000mAh Deans","og_description":"ASG LiPo 11.1V 1000mAh Deans Pikk ja peenike pulkaku sobib ideaalselt AK t\u00fc\u00fcpi ja Scorpion EVO3 relvadele. Akul on Deans otsik.","og_url":"https:\/\/lahingupood.ee\/en\/product\/asg-lipo-11-1v-1000mah-deans\/","og_site_name":"Lahingurada e-pood","article_publisher":"https:\/\/www.facebook.com\/Lahingurada-629940247212967","article_modified_time":"2026-04-12T17:30:04+00:00","og_image":[{"width":1920,"height":1440,"url":"https:\/\/lahingupood.ee\/wp-content\/uploads\/2022\/08\/19364-000.jpeg","type":"image\/jpeg"}],"twitter_card":"summary_large_image","twitter_misc":{"Estimated reading time":"1 minute"},"schema":{"@context":"https:\/\/schema.org","@graph":[{"@type":"WebPage","@id":"https:\/\/lahingupood.ee\/toode\/asg-lipo-11-1v-1000mah-deans\/","url":"https:\/\/lahingupood.ee\/toode\/asg-lipo-11-1v-1000mah-deans\/","name":"ASG LiPo 11.1V 1000mAh Deans - Lahingurada e-pood","isPartOf":{"@id":"https:\/\/lahingupood.ee\/#website"},"primaryImageOfPage":{"@id":"https:\/\/lahingupood.ee\/toode\/asg-lipo-11-1v-1000mah-deans\/#primaryimage"},"image":{"@id":"https:\/\/lahingupood.ee\/toode\/asg-lipo-11-1v-1000mah-deans\/#primaryimage"},"thumbnailUrl":"https:\/\/lahingupood.ee\/wp-content\/uploads\/2022\/08\/19364-000.jpeg","datePublished":"2022-08-05T22:19:50+00:00","dateModified":"2026-04-12T17:30:04+00:00","description":"ASG LiPo 11.1V 1000mAh Deans Pikk ja peenike pulkaku sobib ideaalselt AK t\u00fc\u00fcpi ja Scorpion EVO3 relvadele. Akul on Deans otsik.","breadcrumb":{"@id":"https:\/\/lahingupood.ee\/toode\/asg-lipo-11-1v-1000mah-deans\/#breadcrumb"},"inLanguage":"en-GB","potentialAction":[{"@type":"ReadAction","target":["https:\/\/lahingupood.ee\/toode\/asg-lipo-11-1v-1000mah-deans\/"]}]},{"@type":"ImageObject","inLanguage":"en-GB","@id":"https:\/\/lahingupood.ee\/toode\/asg-lipo-11-1v-1000mah-deans\/#primaryimage","url":"https:\/\/lahingupood.ee\/wp-content\/uploads\/2022\/08\/19364-000.jpeg","contentUrl":"https:\/\/lahingupood.ee\/wp-content\/uploads\/2022\/08\/19364-000.jpeg","width":1920,"height":1440,"caption":"asg-lipo-111v-1000mah-deans"},{"@type":"BreadcrumbList","@id":"https:\/\/lahingupood.ee\/toode\/asg-lipo-11-1v-1000mah-deans\/#breadcrumb","itemListElement":[{"@type":"ListItem","position":1,"name":"Home","item":"https:\/\/lahingupood.ee\/"},{"@type":"ListItem","position":2,"name":"Tooted","item":"https:\/\/lahingupood.ee\/tooted\/"},{"@type":"ListItem","position":3,"name":"ASG LiPo 11.1V 1000mAh Deans"}]},{"@type":"WebSite","@id":"https:\/\/lahingupood.ee\/#website","url":"https:\/\/lahingupood.ee\/","name":"Lahingurada e-pood","description":"Airsoft","publisher":{"@id":"https:\/\/lahingupood.ee\/#organization"},"potentialAction":[{"@type":"SearchAction","target":{"@type":"EntryPoint","urlTemplate":"https:\/\/lahingupood.ee\/?s={search_term_string}"},"query-input":{"@type":"PropertyValueSpecification","valueRequired":true,"valueName":"search_term_string"}}],"inLanguage":"en-GB"},{"@type":"Organization","@id":"https:\/\/lahingupood.ee\/#organization","name":"Lahingurada","url":"https:\/\/lahingupood.ee\/","logo":{"@type":"ImageObject","inLanguage":"en-GB","@id":"https:\/\/lahingupood.ee\/#\/schema\/logo\/image\/","url":"https:\/\/lahingupood.ee\/wp-content\/uploads\/2022\/03\/lahingurada-220318.jpg","contentUrl":"https:\/\/lahingupood.ee\/wp-content\/uploads\/2022\/03\/lahingurada-220318.jpg","width":800,"height":500,"caption":"Lahingurada"},"image":{"@id":"https:\/\/lahingupood.ee\/#\/schema\/logo\/image\/"},"sameAs":["https:\/\/www.facebook.com\/Lahingurada-629940247212967"]}]}},"_links":{"self":[{"href":"https:\/\/lahingupood.ee\/en\/wp-json\/wp\/v2\/product\/2009","targetHints":{"allow":["GET"]}}],"collection":[{"href":"https:\/\/lahingupood.ee\/en\/wp-json\/wp\/v2\/product"}],"about":[{"href":"https:\/\/lahingupood.ee\/en\/wp-json\/wp\/v2\/types\/product"}],"wp:featuredmedia":[{"embeddable":true,"href":"https:\/\/lahingupood.ee\/en\/wp-json\/wp\/v2\/media\/2010"}],"wp:attachment":[{"href":"https:\/\/lahingupood.ee\/en\/wp-json\/wp\/v2\/media?parent=2009"}],"wp:term":[{"taxonomy":"product_brand","embeddable":true,"href":"https:\/\/lahingupood.ee\/en\/wp-json\/wp\/v2\/product_brand?post=2009"},{"taxonomy":"product_cat","embeddable":true,"href":"https:\/\/lahingupood.ee\/en\/wp-json\/wp\/v2\/product_cat?post=2009"},{"taxonomy":"product_tag","embeddable":true,"href":"https:\/\/lahingupood.ee\/en\/wp-json\/wp\/v2\/product_tag?post=2009"}],"curies":[{"name":"wp","href":"https:\/\/api.w.org\/{rel}","templated":true}]}}