{"id":1998,"date":"2022-08-06T00:50:25","date_gmt":"2022-08-05T21:50:25","guid":{"rendered":"https:\/\/lahingupood.ee\/?post_type=product&#038;p=1998"},"modified":"2026-04-12T20:30:03","modified_gmt":"2026-04-12T17:30:03","slug":"asg-cz-scorpion-evo3-a1-b-e-t","status":"publish","type":"product","link":"https:\/\/lahingupood.ee\/en\/product\/asg-cz-scorpion-evo3-a1-b-e-t\/","title":{"rendered":"ASG CZ Scorpion EVO3 A1 B.E.T."},"content":{"rendered":"<p>ASG CZ Scorpion EVO3 A1 B.E.T.<\/p>\n<p>ASG CZ Scorpion EVO3 A1 B.E.T. valiti 2019 ja 2021 aastal parimaks elektriliseks airsoft relvaks. See on esimene airsoft relv, mis on konstrueeritud, toodetud ja kokku pandud Euroopas. Relva konstrueerimisel on \u00fcritatud j\u00e4ljendada p\u00e4ris EVO 3 tulirelva. Nagu p\u00e4ris relv l\u00f5petab ka\u00a0EVO3\u00a0laskmise kui selle salv on t\u00fchi ning peale salve vahetust on vaja relv lukuriivist aktiveerida. Kui enamasti \u00fcritatakse airsoft relvade puhul kopeerida vaid relva v\u00e4liskuju siis EVO 3 puhul on kopeeritud k\u00f5ik alates tulirelva funktsioonidest ja l\u00f5petades selle tugeva konstruktsiooniga. Relva tootmisel. on kasutatud sama pol\u00fcmeeri, mis EVO 3 tulirelval, mist\u00f5ttu on kahtlemata tegemist \u00fche vastupidavaima airsoft relvaga.<\/p>\n<p>Relva jaoks on konstrueeritud t\u00e4iesti uut t\u00fc\u00fcpi alumiiniumisulamist, elektrooniliselt kontrollitud gearbox millest on k\u00f5rvaldatud peamised ver 2 ja ver 3 t\u00fc\u00fcpi gearboxi n\u00f5rgad kohad. Samas on gearboxi sees kasutusel standardsed osad mist\u00f5ttu ei pea muretsema varuosade k\u00e4ttesaadavuse p\u00e4rast. Gearboxi kere on konstrueeritud vastu pidama kuni M150 vedruga tuuningule ning elektroonika on sobiv kasutamaks kuni 11,1 V Li-Po akusid. B.E.T. versioonil on 407mm sisetoru, mis on peidetud summuti sisse ning 0 type silinder. Relva vedru vahetamiseks ei pea relva lahti v\u00f5tma \u2013 piisab kruvikeerajaga vedrujuhi eemaldamisest. Relval on lisaks pool- ja t\u00e4isautomaatsele laskereziimile ka 3-lasuline laskereziim. Relval on deans aku pistik.<\/p>","protected":false},"excerpt":{"rendered":"<p>ASG CZ Scorpion EVO3 A1 B.E.T. ASG CZ Scorpion EVO3 A1 B.E.T. valiti 2019 ja 2021 aastal parimaks elektriliseks airsoft relvaks. See on esimene airsoft relv, mis on konstrueeritud, toodetud ja kokku pandud Euroopas. Relva konstrueerimisel on \u00fcritatud j\u00e4ljendada p\u00e4ris EVO 3 tulirelva. Nagu p\u00e4ris relv l\u00f5petab ka\u00a0EVO3\u00a0laskmise kui selle salv on t\u00fchi ning peale [&#8230;]\n","protected":false},"featured_media":1999,"template":"","meta":[],"product_brand":[],"product_cat":[23],"product_tag":[],"class_list":{"0":"post-1998","1":"product","2":"type-product","3":"status-publish","4":"has-post-thumbnail","6":"product_cat-elektrilised-relvad","8":"first","9":"outofstock","10":"taxable","11":"shipping-taxable","12":"purchasable","13":"product-type-simple"},"yoast_head":"<!-- This site is optimized with the Yoast SEO Premium plugin v27.3 (Yoast SEO v27.3) - https:\/\/yoast.com\/product\/yoast-seo-premium-wordpress\/ -->\n<title>ASG CZ Scorpion EVO3 A1 B.E.T. - Lahingurada e-pood<\/title>\n<meta name=\"description\" content=\"ASG CZ Scorpion EVO3 A1 B.E.T. ASG CZ Scorpion EVO3 A1 B.E.T. valiti 2019 ja 2021 aastal parimaks elektriliseks airsoft relvaks.\" \/>\n<meta name=\"robots\" content=\"index, follow, max-snippet:-1, max-image-preview:large, max-video-preview:-1\" \/>\n<link rel=\"canonical\" href=\"https:\/\/lahingupood.ee\/en\/product\/asg-cz-scorpion-evo3-a1-b-e-t\/\" \/>\n<meta property=\"og:locale\" content=\"en_GB\" \/>\n<meta property=\"og:type\" content=\"article\" \/>\n<meta property=\"og:title\" content=\"ASG CZ Scorpion EVO3 A1 B.E.T.\" \/>\n<meta property=\"og:description\" content=\"ASG CZ Scorpion EVO3 A1 B.E.T. ASG CZ Scorpion EVO3 A1 B.E.T. valiti 2019 ja 2021 aastal parimaks elektriliseks airsoft relvaks.\" \/>\n<meta property=\"og:url\" content=\"https:\/\/lahingupood.ee\/en\/product\/asg-cz-scorpion-evo3-a1-b-e-t\/\" \/>\n<meta property=\"og:site_name\" content=\"Lahingurada e-pood\" \/>\n<meta property=\"article:publisher\" content=\"https:\/\/www.facebook.com\/Lahingurada-629940247212967\" \/>\n<meta property=\"article:modified_time\" content=\"2026-04-12T17:30:03+00:00\" \/>\n<meta property=\"og:image\" content=\"https:\/\/lahingupood.ee\/wp-content\/uploads\/2022\/08\/18694-000.jpeg\" \/>\n\t<meta property=\"og:image:width\" content=\"1600\" \/>\n\t<meta property=\"og:image:height\" content=\"1200\" \/>\n\t<meta property=\"og:image:type\" content=\"image\/jpeg\" \/>\n<meta name=\"twitter:card\" content=\"summary_large_image\" \/>\n<meta name=\"twitter:label1\" content=\"Estimated reading time\" \/>\n\t<meta name=\"twitter:data1\" content=\"2 minutes\" \/>\n<script type=\"application\/ld+json\" class=\"yoast-schema-graph\">{\"@context\":\"https:\\\/\\\/schema.org\",\"@graph\":[{\"@type\":\"WebPage\",\"@id\":\"https:\\\/\\\/lahingupood.ee\\\/toode\\\/asg-cz-scorpion-evo3-a1-b-e-t\\\/\",\"url\":\"https:\\\/\\\/lahingupood.ee\\\/toode\\\/asg-cz-scorpion-evo3-a1-b-e-t\\\/\",\"name\":\"ASG CZ Scorpion EVO3 A1 B.E.T. - Lahingurada e-pood\",\"isPartOf\":{\"@id\":\"https:\\\/\\\/lahingupood.ee\\\/#website\"},\"primaryImageOfPage\":{\"@id\":\"https:\\\/\\\/lahingupood.ee\\\/toode\\\/asg-cz-scorpion-evo3-a1-b-e-t\\\/#primaryimage\"},\"image\":{\"@id\":\"https:\\\/\\\/lahingupood.ee\\\/toode\\\/asg-cz-scorpion-evo3-a1-b-e-t\\\/#primaryimage\"},\"thumbnailUrl\":\"https:\\\/\\\/lahingupood.ee\\\/wp-content\\\/uploads\\\/2022\\\/08\\\/18694-000.jpeg\",\"datePublished\":\"2022-08-05T21:50:25+00:00\",\"dateModified\":\"2026-04-12T17:30:03+00:00\",\"description\":\"ASG CZ Scorpion EVO3 A1 B.E.T. ASG CZ Scorpion EVO3 A1 B.E.T. valiti 2019 ja 2021 aastal parimaks elektriliseks airsoft relvaks.\",\"breadcrumb\":{\"@id\":\"https:\\\/\\\/lahingupood.ee\\\/toode\\\/asg-cz-scorpion-evo3-a1-b-e-t\\\/#breadcrumb\"},\"inLanguage\":\"en-GB\",\"potentialAction\":[{\"@type\":\"ReadAction\",\"target\":[\"https:\\\/\\\/lahingupood.ee\\\/toode\\\/asg-cz-scorpion-evo3-a1-b-e-t\\\/\"]}]},{\"@type\":\"ImageObject\",\"inLanguage\":\"en-GB\",\"@id\":\"https:\\\/\\\/lahingupood.ee\\\/toode\\\/asg-cz-scorpion-evo3-a1-b-e-t\\\/#primaryimage\",\"url\":\"https:\\\/\\\/lahingupood.ee\\\/wp-content\\\/uploads\\\/2022\\\/08\\\/18694-000.jpeg\",\"contentUrl\":\"https:\\\/\\\/lahingupood.ee\\\/wp-content\\\/uploads\\\/2022\\\/08\\\/18694-000.jpeg\",\"width\":1600,\"height\":1200,\"caption\":\"asg-cz-scorpion-evo3-a1-b-e-t\"},{\"@type\":\"BreadcrumbList\",\"@id\":\"https:\\\/\\\/lahingupood.ee\\\/toode\\\/asg-cz-scorpion-evo3-a1-b-e-t\\\/#breadcrumb\",\"itemListElement\":[{\"@type\":\"ListItem\",\"position\":1,\"name\":\"Home\",\"item\":\"https:\\\/\\\/lahingupood.ee\\\/\"},{\"@type\":\"ListItem\",\"position\":2,\"name\":\"Tooted\",\"item\":\"https:\\\/\\\/lahingupood.ee\\\/tooted\\\/\"},{\"@type\":\"ListItem\",\"position\":3,\"name\":\"ASG CZ Scorpion EVO3 A1 B.E.T.\"}]},{\"@type\":\"WebSite\",\"@id\":\"https:\\\/\\\/lahingupood.ee\\\/#website\",\"url\":\"https:\\\/\\\/lahingupood.ee\\\/\",\"name\":\"Lahingurada e-pood\",\"description\":\"Airsoft\",\"publisher\":{\"@id\":\"https:\\\/\\\/lahingupood.ee\\\/#organization\"},\"potentialAction\":[{\"@type\":\"SearchAction\",\"target\":{\"@type\":\"EntryPoint\",\"urlTemplate\":\"https:\\\/\\\/lahingupood.ee\\\/?s={search_term_string}\"},\"query-input\":{\"@type\":\"PropertyValueSpecification\",\"valueRequired\":true,\"valueName\":\"search_term_string\"}}],\"inLanguage\":\"en-GB\"},{\"@type\":\"Organization\",\"@id\":\"https:\\\/\\\/lahingupood.ee\\\/#organization\",\"name\":\"Lahingurada\",\"url\":\"https:\\\/\\\/lahingupood.ee\\\/\",\"logo\":{\"@type\":\"ImageObject\",\"inLanguage\":\"en-GB\",\"@id\":\"https:\\\/\\\/lahingupood.ee\\\/#\\\/schema\\\/logo\\\/image\\\/\",\"url\":\"https:\\\/\\\/lahingupood.ee\\\/wp-content\\\/uploads\\\/2022\\\/03\\\/lahingurada-220318.jpg\",\"contentUrl\":\"https:\\\/\\\/lahingupood.ee\\\/wp-content\\\/uploads\\\/2022\\\/03\\\/lahingurada-220318.jpg\",\"width\":800,\"height\":500,\"caption\":\"Lahingurada\"},\"image\":{\"@id\":\"https:\\\/\\\/lahingupood.ee\\\/#\\\/schema\\\/logo\\\/image\\\/\"},\"sameAs\":[\"https:\\\/\\\/www.facebook.com\\\/Lahingurada-629940247212967\"]}]}<\/script>\n<!-- \/ Yoast SEO Premium plugin. -->","yoast_head_json":{"title":"ASG CZ Scorpion EVO3 A1 B.E.T. - Lahingurada e-pood","description":"ASG CZ Scorpion EVO3 A1 B.E.T. ASG CZ Scorpion EVO3 A1 B.E.T. valiti 2019 ja 2021 aastal parimaks elektriliseks airsoft relvaks.","robots":{"index":"index","follow":"follow","max-snippet":"max-snippet:-1","max-image-preview":"max-image-preview:large","max-video-preview":"max-video-preview:-1"},"canonical":"https:\/\/lahingupood.ee\/en\/product\/asg-cz-scorpion-evo3-a1-b-e-t\/","og_locale":"en_GB","og_type":"article","og_title":"ASG CZ Scorpion EVO3 A1 B.E.T.","og_description":"ASG CZ Scorpion EVO3 A1 B.E.T. ASG CZ Scorpion EVO3 A1 B.E.T. valiti 2019 ja 2021 aastal parimaks elektriliseks airsoft relvaks.","og_url":"https:\/\/lahingupood.ee\/en\/product\/asg-cz-scorpion-evo3-a1-b-e-t\/","og_site_name":"Lahingurada e-pood","article_publisher":"https:\/\/www.facebook.com\/Lahingurada-629940247212967","article_modified_time":"2026-04-12T17:30:03+00:00","og_image":[{"width":1600,"height":1200,"url":"https:\/\/lahingupood.ee\/wp-content\/uploads\/2022\/08\/18694-000.jpeg","type":"image\/jpeg"}],"twitter_card":"summary_large_image","twitter_misc":{"Estimated reading time":"2 minutes"},"schema":{"@context":"https:\/\/schema.org","@graph":[{"@type":"WebPage","@id":"https:\/\/lahingupood.ee\/toode\/asg-cz-scorpion-evo3-a1-b-e-t\/","url":"https:\/\/lahingupood.ee\/toode\/asg-cz-scorpion-evo3-a1-b-e-t\/","name":"ASG CZ Scorpion EVO3 A1 B.E.T. - Lahingurada e-pood","isPartOf":{"@id":"https:\/\/lahingupood.ee\/#website"},"primaryImageOfPage":{"@id":"https:\/\/lahingupood.ee\/toode\/asg-cz-scorpion-evo3-a1-b-e-t\/#primaryimage"},"image":{"@id":"https:\/\/lahingupood.ee\/toode\/asg-cz-scorpion-evo3-a1-b-e-t\/#primaryimage"},"thumbnailUrl":"https:\/\/lahingupood.ee\/wp-content\/uploads\/2022\/08\/18694-000.jpeg","datePublished":"2022-08-05T21:50:25+00:00","dateModified":"2026-04-12T17:30:03+00:00","description":"ASG CZ Scorpion EVO3 A1 B.E.T. ASG CZ Scorpion EVO3 A1 B.E.T. valiti 2019 ja 2021 aastal parimaks elektriliseks airsoft relvaks.","breadcrumb":{"@id":"https:\/\/lahingupood.ee\/toode\/asg-cz-scorpion-evo3-a1-b-e-t\/#breadcrumb"},"inLanguage":"en-GB","potentialAction":[{"@type":"ReadAction","target":["https:\/\/lahingupood.ee\/toode\/asg-cz-scorpion-evo3-a1-b-e-t\/"]}]},{"@type":"ImageObject","inLanguage":"en-GB","@id":"https:\/\/lahingupood.ee\/toode\/asg-cz-scorpion-evo3-a1-b-e-t\/#primaryimage","url":"https:\/\/lahingupood.ee\/wp-content\/uploads\/2022\/08\/18694-000.jpeg","contentUrl":"https:\/\/lahingupood.ee\/wp-content\/uploads\/2022\/08\/18694-000.jpeg","width":1600,"height":1200,"caption":"asg-cz-scorpion-evo3-a1-b-e-t"},{"@type":"BreadcrumbList","@id":"https:\/\/lahingupood.ee\/toode\/asg-cz-scorpion-evo3-a1-b-e-t\/#breadcrumb","itemListElement":[{"@type":"ListItem","position":1,"name":"Home","item":"https:\/\/lahingupood.ee\/"},{"@type":"ListItem","position":2,"name":"Tooted","item":"https:\/\/lahingupood.ee\/tooted\/"},{"@type":"ListItem","position":3,"name":"ASG CZ Scorpion EVO3 A1 B.E.T."}]},{"@type":"WebSite","@id":"https:\/\/lahingupood.ee\/#website","url":"https:\/\/lahingupood.ee\/","name":"Lahingurada e-pood","description":"Airsoft","publisher":{"@id":"https:\/\/lahingupood.ee\/#organization"},"potentialAction":[{"@type":"SearchAction","target":{"@type":"EntryPoint","urlTemplate":"https:\/\/lahingupood.ee\/?s={search_term_string}"},"query-input":{"@type":"PropertyValueSpecification","valueRequired":true,"valueName":"search_term_string"}}],"inLanguage":"en-GB"},{"@type":"Organization","@id":"https:\/\/lahingupood.ee\/#organization","name":"Lahingurada","url":"https:\/\/lahingupood.ee\/","logo":{"@type":"ImageObject","inLanguage":"en-GB","@id":"https:\/\/lahingupood.ee\/#\/schema\/logo\/image\/","url":"https:\/\/lahingupood.ee\/wp-content\/uploads\/2022\/03\/lahingurada-220318.jpg","contentUrl":"https:\/\/lahingupood.ee\/wp-content\/uploads\/2022\/03\/lahingurada-220318.jpg","width":800,"height":500,"caption":"Lahingurada"},"image":{"@id":"https:\/\/lahingupood.ee\/#\/schema\/logo\/image\/"},"sameAs":["https:\/\/www.facebook.com\/Lahingurada-629940247212967"]}]}},"_links":{"self":[{"href":"https:\/\/lahingupood.ee\/en\/wp-json\/wp\/v2\/product\/1998","targetHints":{"allow":["GET"]}}],"collection":[{"href":"https:\/\/lahingupood.ee\/en\/wp-json\/wp\/v2\/product"}],"about":[{"href":"https:\/\/lahingupood.ee\/en\/wp-json\/wp\/v2\/types\/product"}],"wp:featuredmedia":[{"embeddable":true,"href":"https:\/\/lahingupood.ee\/en\/wp-json\/wp\/v2\/media\/1999"}],"wp:attachment":[{"href":"https:\/\/lahingupood.ee\/en\/wp-json\/wp\/v2\/media?parent=1998"}],"wp:term":[{"taxonomy":"product_brand","embeddable":true,"href":"https:\/\/lahingupood.ee\/en\/wp-json\/wp\/v2\/product_brand?post=1998"},{"taxonomy":"product_cat","embeddable":true,"href":"https:\/\/lahingupood.ee\/en\/wp-json\/wp\/v2\/product_cat?post=1998"},{"taxonomy":"product_tag","embeddable":true,"href":"https:\/\/lahingupood.ee\/en\/wp-json\/wp\/v2\/product_tag?post=1998"}],"curies":[{"name":"wp","href":"https:\/\/api.w.org\/{rel}","templated":true}]}}