{"id":1977,"date":"2022-08-04T20:51:45","date_gmt":"2022-08-04T17:51:45","guid":{"rendered":"https:\/\/lahingupood.ee\/?post_type=product&#038;p=1977"},"modified":"2026-04-12T20:30:02","modified_gmt":"2026-04-12T17:30:02","slug":"mre-ratsioon-india-3-toidukorda-741g","status":"publish","type":"product","link":"https:\/\/lahingupood.ee\/en\/product\/mre-ratsioon-india-3-toidukorda-741g\/","title":{"rendered":"MRE Ratsioon INDIA 3 toidukorda 741g"},"content":{"rendered":"<p><span style=\"color: #000000; font-family: Calibri; font-size: medium;\">MRE Ratsioon INDIA 3 toidukorda 741g<\/span><\/p>\n<p>Tactical Foodpack ratsioonid Golf, Hotel ja India on m\u00f5eldud selleks, et saaksid ise oma aega ja toidukordi planeerida. K\u00f5rge toitev\u00e4\u00e4rtusega pakid sisaldavad kolme Tactical Foodpacki einet, erinevaid vahepalasid ning magustoiduks k\u00fclmkuivatatud k\u00fcpsisepalle. Kosutavaks joogiks saad teha kohvi v\u00f5i kakaod. Lisadena on kaasas lusikas, Tactical joogitops ning enda h\u00fcgieeni tagamiseks Tactical shower ja desinfitseerivad k\u00e4tepuhastuslapid. Ratsiooni pakk on taassuletav.<\/p>\n<p><strong>\u00c4ra lase end punasesse \u2013 hoia oma energiatase k\u00f5rgel!<\/strong><\/p>\n<p>Pakk sisaldab allj\u00e4rgnevat:<\/p>\n<ul>\n<li>Kr\u00f5be m\u00fcsli maasikatega -netokaal\u00a0 125 g, energiasisaldus portsjoni kohta 504 kcal<\/li>\n<li>Veise-kartulipada- netokaal\u00a0 100 g, energiasisaldus portsjoni kohta 515 kcal<\/li>\n<li>Nuudliroog kanaga-netokaal\u00a0\u00a0115 g, energiasisaldus portsjoni kohta 550 kcal<\/li>\n<li>Leib \u2013 netokaal\u00a0 100 g, energiasisaldus portsjoni kohta 262 kcal<\/li>\n<li>Core Shake Tropical Mix \u2013 netokaal\u00a0 60 g, energiasisaldus portsjoni kohta 306 kcal<\/li>\n<li>Turkey Jerky Mee ja Sinepi \u2013 netokaal\u00a0 40 g, energiasisaldus portsjoni kohta 112 kcal<\/li>\n<li>Veri Beri Puuviljaribad kirsimaitselised \u2013 netokaal\u00a0 50 g, energiasisaldus portsjoni kohta 174 kcal<\/li>\n<li>Energiabatoon maap\u00e4hkli- netokaal\u00a0 120 g, energiasisaldus portsjoni kohta 570 kcal<\/li>\n<li>K\u00fclmkuivatatud k\u00fcpsisepallid 68g, energiasisaldus portsjoni kohta 280 kcal<\/li>\n<li>Kohv \u2013 netokaal\u00a0 2,4 g<\/li>\n<li>Suhkur -netokaal\u00a0 6 g, energiasisaldus portsjoni kohta 23,7 kcal<\/li>\n<li>Kakao- netokaal\u00a0 25 g, energiasisaldus portsjoni kohta 97,5 kcal<\/li>\n<li>Lusikas<\/li>\n<li>Joogitops<\/li>\n<li>Tactical Shower<\/li>\n<li>3x Desinfitseeriv k\u00e4tepuhastuslapp<\/li>\n<\/ul>\n<p>3 Meal Ration India energiasisaldus: 2714 kcal<\/p>\n<p>Netokaal: 680 g<\/p>\n<p><strong>Parim enne<\/strong>:<br clear=\"none\" \/>8 aastat p\u00f5hitoitudele<br clear=\"none\" \/>3 aastat vahepaladele<\/p>","protected":false},"excerpt":{"rendered":"<p>MRE Ratsioon INDIA 3 toidukorda 741g Tactical Foodpack ratsioonid Golf, Hotel ja India on m\u00f5eldud selleks, et saaksid ise oma aega ja toidukordi planeerida. K\u00f5rge toitev\u00e4\u00e4rtusega pakid sisaldavad kolme Tactical Foodpacki einet, erinevaid vahepalasid ning magustoiduks k\u00fclmkuivatatud k\u00fcpsisepalle. Kosutavaks joogiks saad teha kohvi v\u00f5i kakaod. Lisadena on kaasas lusikas, Tactical joogitops ning enda h\u00fcgieeni tagamiseks [&#8230;]\n","protected":false},"featured_media":1978,"template":"","meta":[],"product_brand":[],"product_cat":[77],"product_tag":[],"class_list":{"0":"post-1977","1":"product","2":"type-product","3":"status-publish","4":"has-post-thumbnail","6":"product_cat-sooduspakkumised","8":"first","9":"outofstock","10":"sale","11":"taxable","12":"shipping-taxable","13":"purchasable","14":"product-type-simple"},"yoast_head":"<!-- This site is optimized with the Yoast SEO Premium plugin v27.3 (Yoast SEO v27.3) - https:\/\/yoast.com\/product\/yoast-seo-premium-wordpress\/ -->\n<title>MRE Ratsioon INDIA 3 toidukorda 741g - Lahingurada e-pood<\/title>\n<meta name=\"description\" content=\"MRE Ratsioon INDIA 3 toidukorda 741g Tactical Foodpack ratsioonid Golf, Hotel ja India on m\u00f5eldud selleks, et saaksid ise oma aega ja toidukordi planeerida.\" \/>\n<meta name=\"robots\" content=\"index, follow, max-snippet:-1, max-image-preview:large, max-video-preview:-1\" \/>\n<link rel=\"canonical\" href=\"https:\/\/lahingupood.ee\/en\/product\/mre-ratsioon-india-3-toidukorda-741g\/\" \/>\n<meta property=\"og:locale\" content=\"en_GB\" \/>\n<meta property=\"og:type\" content=\"article\" \/>\n<meta property=\"og:title\" content=\"MRE Ratsioon INDIA 3 toidukorda 741g\" \/>\n<meta property=\"og:description\" content=\"MRE Ratsioon INDIA 3 toidukorda 741g Tactical Foodpack ratsioonid Golf, Hotel ja India on m\u00f5eldud selleks, et saaksid ise oma aega ja toidukordi planeerida.\" \/>\n<meta property=\"og:url\" content=\"https:\/\/lahingupood.ee\/en\/product\/mre-ratsioon-india-3-toidukorda-741g\/\" \/>\n<meta property=\"og:site_name\" content=\"Lahingurada e-pood\" \/>\n<meta property=\"article:publisher\" content=\"https:\/\/www.facebook.com\/Lahingurada-629940247212967\" \/>\n<meta property=\"article:modified_time\" content=\"2026-04-12T17:30:02+00:00\" \/>\n<meta property=\"og:image\" content=\"https:\/\/lahingupood.ee\/wp-content\/uploads\/2022\/08\/Ration_3_meal_India-1024x1024.png\" \/>\n\t<meta property=\"og:image:width\" content=\"1024\" \/>\n\t<meta property=\"og:image:height\" content=\"1024\" \/>\n\t<meta property=\"og:image:type\" content=\"image\/png\" \/>\n<meta name=\"twitter:card\" content=\"summary_large_image\" \/>\n<meta name=\"twitter:label1\" content=\"Estimated reading time\" \/>\n\t<meta name=\"twitter:data1\" content=\"2 minutes\" \/>\n<script type=\"application\/ld+json\" class=\"yoast-schema-graph\">{\"@context\":\"https:\\\/\\\/schema.org\",\"@graph\":[{\"@type\":\"WebPage\",\"@id\":\"https:\\\/\\\/lahingupood.ee\\\/toode\\\/mre-ratsioon-india-3-toidukorda-741g\\\/\",\"url\":\"https:\\\/\\\/lahingupood.ee\\\/toode\\\/mre-ratsioon-india-3-toidukorda-741g\\\/\",\"name\":\"MRE Ratsioon INDIA 3 toidukorda 741g - Lahingurada e-pood\",\"isPartOf\":{\"@id\":\"https:\\\/\\\/lahingupood.ee\\\/#website\"},\"primaryImageOfPage\":{\"@id\":\"https:\\\/\\\/lahingupood.ee\\\/toode\\\/mre-ratsioon-india-3-toidukorda-741g\\\/#primaryimage\"},\"image\":{\"@id\":\"https:\\\/\\\/lahingupood.ee\\\/toode\\\/mre-ratsioon-india-3-toidukorda-741g\\\/#primaryimage\"},\"thumbnailUrl\":\"https:\\\/\\\/lahingupood.ee\\\/wp-content\\\/uploads\\\/2022\\\/08\\\/Ration_3_meal_India.png\",\"datePublished\":\"2022-08-04T17:51:45+00:00\",\"dateModified\":\"2026-04-12T17:30:02+00:00\",\"description\":\"MRE Ratsioon INDIA 3 toidukorda 741g Tactical Foodpack ratsioonid Golf, Hotel ja India on m\u00f5eldud selleks, et saaksid ise oma aega ja toidukordi planeerida.\",\"breadcrumb\":{\"@id\":\"https:\\\/\\\/lahingupood.ee\\\/toode\\\/mre-ratsioon-india-3-toidukorda-741g\\\/#breadcrumb\"},\"inLanguage\":\"en-GB\",\"potentialAction\":[{\"@type\":\"ReadAction\",\"target\":[\"https:\\\/\\\/lahingupood.ee\\\/toode\\\/mre-ratsioon-india-3-toidukorda-741g\\\/\"]}]},{\"@type\":\"ImageObject\",\"inLanguage\":\"en-GB\",\"@id\":\"https:\\\/\\\/lahingupood.ee\\\/toode\\\/mre-ratsioon-india-3-toidukorda-741g\\\/#primaryimage\",\"url\":\"https:\\\/\\\/lahingupood.ee\\\/wp-content\\\/uploads\\\/2022\\\/08\\\/Ration_3_meal_India.png\",\"contentUrl\":\"https:\\\/\\\/lahingupood.ee\\\/wp-content\\\/uploads\\\/2022\\\/08\\\/Ration_3_meal_India.png\",\"width\":1920,\"height\":1920,\"caption\":\"mre-ratsioon-india-3-toidukorda-741g\"},{\"@type\":\"BreadcrumbList\",\"@id\":\"https:\\\/\\\/lahingupood.ee\\\/toode\\\/mre-ratsioon-india-3-toidukorda-741g\\\/#breadcrumb\",\"itemListElement\":[{\"@type\":\"ListItem\",\"position\":1,\"name\":\"Home\",\"item\":\"https:\\\/\\\/lahingupood.ee\\\/\"},{\"@type\":\"ListItem\",\"position\":2,\"name\":\"Tooted\",\"item\":\"https:\\\/\\\/lahingupood.ee\\\/tooted\\\/\"},{\"@type\":\"ListItem\",\"position\":3,\"name\":\"MRE Ratsioon INDIA 3 toidukorda 741g\"}]},{\"@type\":\"WebSite\",\"@id\":\"https:\\\/\\\/lahingupood.ee\\\/#website\",\"url\":\"https:\\\/\\\/lahingupood.ee\\\/\",\"name\":\"Lahingurada e-pood\",\"description\":\"Airsoft\",\"publisher\":{\"@id\":\"https:\\\/\\\/lahingupood.ee\\\/#organization\"},\"potentialAction\":[{\"@type\":\"SearchAction\",\"target\":{\"@type\":\"EntryPoint\",\"urlTemplate\":\"https:\\\/\\\/lahingupood.ee\\\/?s={search_term_string}\"},\"query-input\":{\"@type\":\"PropertyValueSpecification\",\"valueRequired\":true,\"valueName\":\"search_term_string\"}}],\"inLanguage\":\"en-GB\"},{\"@type\":\"Organization\",\"@id\":\"https:\\\/\\\/lahingupood.ee\\\/#organization\",\"name\":\"Lahingurada\",\"url\":\"https:\\\/\\\/lahingupood.ee\\\/\",\"logo\":{\"@type\":\"ImageObject\",\"inLanguage\":\"en-GB\",\"@id\":\"https:\\\/\\\/lahingupood.ee\\\/#\\\/schema\\\/logo\\\/image\\\/\",\"url\":\"https:\\\/\\\/lahingupood.ee\\\/wp-content\\\/uploads\\\/2022\\\/03\\\/lahingurada-220318.jpg\",\"contentUrl\":\"https:\\\/\\\/lahingupood.ee\\\/wp-content\\\/uploads\\\/2022\\\/03\\\/lahingurada-220318.jpg\",\"width\":800,\"height\":500,\"caption\":\"Lahingurada\"},\"image\":{\"@id\":\"https:\\\/\\\/lahingupood.ee\\\/#\\\/schema\\\/logo\\\/image\\\/\"},\"sameAs\":[\"https:\\\/\\\/www.facebook.com\\\/Lahingurada-629940247212967\"]}]}<\/script>\n<!-- \/ Yoast SEO Premium plugin. -->","yoast_head_json":{"title":"MRE Ratsioon INDIA 3 toidukorda 741g - Lahingurada e-pood","description":"MRE Ratsioon INDIA 3 toidukorda 741g Tactical Foodpack ratsioonid Golf, Hotel ja India on m\u00f5eldud selleks, et saaksid ise oma aega ja toidukordi planeerida.","robots":{"index":"index","follow":"follow","max-snippet":"max-snippet:-1","max-image-preview":"max-image-preview:large","max-video-preview":"max-video-preview:-1"},"canonical":"https:\/\/lahingupood.ee\/en\/product\/mre-ratsioon-india-3-toidukorda-741g\/","og_locale":"en_GB","og_type":"article","og_title":"MRE Ratsioon INDIA 3 toidukorda 741g","og_description":"MRE Ratsioon INDIA 3 toidukorda 741g Tactical Foodpack ratsioonid Golf, Hotel ja India on m\u00f5eldud selleks, et saaksid ise oma aega ja toidukordi planeerida.","og_url":"https:\/\/lahingupood.ee\/en\/product\/mre-ratsioon-india-3-toidukorda-741g\/","og_site_name":"Lahingurada e-pood","article_publisher":"https:\/\/www.facebook.com\/Lahingurada-629940247212967","article_modified_time":"2026-04-12T17:30:02+00:00","og_image":[{"width":1024,"height":1024,"url":"https:\/\/lahingupood.ee\/wp-content\/uploads\/2022\/08\/Ration_3_meal_India-1024x1024.png","type":"image\/png"}],"twitter_card":"summary_large_image","twitter_misc":{"Estimated reading time":"2 minutes"},"schema":{"@context":"https:\/\/schema.org","@graph":[{"@type":"WebPage","@id":"https:\/\/lahingupood.ee\/toode\/mre-ratsioon-india-3-toidukorda-741g\/","url":"https:\/\/lahingupood.ee\/toode\/mre-ratsioon-india-3-toidukorda-741g\/","name":"MRE Ratsioon INDIA 3 toidukorda 741g - Lahingurada e-pood","isPartOf":{"@id":"https:\/\/lahingupood.ee\/#website"},"primaryImageOfPage":{"@id":"https:\/\/lahingupood.ee\/toode\/mre-ratsioon-india-3-toidukorda-741g\/#primaryimage"},"image":{"@id":"https:\/\/lahingupood.ee\/toode\/mre-ratsioon-india-3-toidukorda-741g\/#primaryimage"},"thumbnailUrl":"https:\/\/lahingupood.ee\/wp-content\/uploads\/2022\/08\/Ration_3_meal_India.png","datePublished":"2022-08-04T17:51:45+00:00","dateModified":"2026-04-12T17:30:02+00:00","description":"MRE Ratsioon INDIA 3 toidukorda 741g Tactical Foodpack ratsioonid Golf, Hotel ja India on m\u00f5eldud selleks, et saaksid ise oma aega ja toidukordi planeerida.","breadcrumb":{"@id":"https:\/\/lahingupood.ee\/toode\/mre-ratsioon-india-3-toidukorda-741g\/#breadcrumb"},"inLanguage":"en-GB","potentialAction":[{"@type":"ReadAction","target":["https:\/\/lahingupood.ee\/toode\/mre-ratsioon-india-3-toidukorda-741g\/"]}]},{"@type":"ImageObject","inLanguage":"en-GB","@id":"https:\/\/lahingupood.ee\/toode\/mre-ratsioon-india-3-toidukorda-741g\/#primaryimage","url":"https:\/\/lahingupood.ee\/wp-content\/uploads\/2022\/08\/Ration_3_meal_India.png","contentUrl":"https:\/\/lahingupood.ee\/wp-content\/uploads\/2022\/08\/Ration_3_meal_India.png","width":1920,"height":1920,"caption":"mre-ratsioon-india-3-toidukorda-741g"},{"@type":"BreadcrumbList","@id":"https:\/\/lahingupood.ee\/toode\/mre-ratsioon-india-3-toidukorda-741g\/#breadcrumb","itemListElement":[{"@type":"ListItem","position":1,"name":"Home","item":"https:\/\/lahingupood.ee\/"},{"@type":"ListItem","position":2,"name":"Tooted","item":"https:\/\/lahingupood.ee\/tooted\/"},{"@type":"ListItem","position":3,"name":"MRE Ratsioon INDIA 3 toidukorda 741g"}]},{"@type":"WebSite","@id":"https:\/\/lahingupood.ee\/#website","url":"https:\/\/lahingupood.ee\/","name":"Lahingurada e-pood","description":"Airsoft","publisher":{"@id":"https:\/\/lahingupood.ee\/#organization"},"potentialAction":[{"@type":"SearchAction","target":{"@type":"EntryPoint","urlTemplate":"https:\/\/lahingupood.ee\/?s={search_term_string}"},"query-input":{"@type":"PropertyValueSpecification","valueRequired":true,"valueName":"search_term_string"}}],"inLanguage":"en-GB"},{"@type":"Organization","@id":"https:\/\/lahingupood.ee\/#organization","name":"Lahingurada","url":"https:\/\/lahingupood.ee\/","logo":{"@type":"ImageObject","inLanguage":"en-GB","@id":"https:\/\/lahingupood.ee\/#\/schema\/logo\/image\/","url":"https:\/\/lahingupood.ee\/wp-content\/uploads\/2022\/03\/lahingurada-220318.jpg","contentUrl":"https:\/\/lahingupood.ee\/wp-content\/uploads\/2022\/03\/lahingurada-220318.jpg","width":800,"height":500,"caption":"Lahingurada"},"image":{"@id":"https:\/\/lahingupood.ee\/#\/schema\/logo\/image\/"},"sameAs":["https:\/\/www.facebook.com\/Lahingurada-629940247212967"]}]}},"_links":{"self":[{"href":"https:\/\/lahingupood.ee\/en\/wp-json\/wp\/v2\/product\/1977","targetHints":{"allow":["GET"]}}],"collection":[{"href":"https:\/\/lahingupood.ee\/en\/wp-json\/wp\/v2\/product"}],"about":[{"href":"https:\/\/lahingupood.ee\/en\/wp-json\/wp\/v2\/types\/product"}],"wp:featuredmedia":[{"embeddable":true,"href":"https:\/\/lahingupood.ee\/en\/wp-json\/wp\/v2\/media\/1978"}],"wp:attachment":[{"href":"https:\/\/lahingupood.ee\/en\/wp-json\/wp\/v2\/media?parent=1977"}],"wp:term":[{"taxonomy":"product_brand","embeddable":true,"href":"https:\/\/lahingupood.ee\/en\/wp-json\/wp\/v2\/product_brand?post=1977"},{"taxonomy":"product_cat","embeddable":true,"href":"https:\/\/lahingupood.ee\/en\/wp-json\/wp\/v2\/product_cat?post=1977"},{"taxonomy":"product_tag","embeddable":true,"href":"https:\/\/lahingupood.ee\/en\/wp-json\/wp\/v2\/product_tag?post=1977"}],"curies":[{"name":"wp","href":"https:\/\/api.w.org\/{rel}","templated":true}]}}