{"id":1974,"date":"2022-08-04T20:46:26","date_gmt":"2022-08-04T17:46:26","guid":{"rendered":"https:\/\/lahingupood.ee\/?post_type=product&#038;p=1974"},"modified":"2026-04-12T20:30:06","modified_gmt":"2026-04-12T17:30:06","slug":"mre-ratsioon-golf-3-toidukorda-724g","status":"publish","type":"product","link":"https:\/\/lahingupood.ee\/en\/product\/mre-ratsioon-golf-3-toidukorda-724g\/","title":{"rendered":"MRE Ratsioon GOLF 3 toidukorda 724g"},"content":{"rendered":"<p><span style=\"color: #000000; font-family: Calibri; font-size: medium;\">MRE Ratsioon GOLF 3 toidukorda 724g<\/span><\/p>\n<p>Tactical Foodpack ratsioonid Golf, Hotel ja India on m\u00f5eldud selleks, et saaksid ise oma aega ja toidukordi planeerida. K\u00f5rge toitev\u00e4\u00e4rtusega pakid sisaldavad kolme Tactical Foodpacki einet, erinevaid vahepalasid ning magustoiduks k\u00fclmkuivatatud kamabatoone. Kosutavaks joogiks saad teha kohvi v\u00f5i kakaod. Lisadena on kaasas lusikas, Tactical joogitops ning enda h\u00fcgieeni tagamiseks Tactical shower ja desinfitseerivad k\u00e4tepuhastuslapid. Ratsiooni pakk on taassuletav.<\/p>\n<p><strong>\u00c4ra lase end punasesse \u2013 hoia oma energiatase k\u00f5rgel!<\/strong><\/p>\n<p>Pakk sisaldab allj\u00e4rgnevat:<\/p>\n<ul>\n<li>Kaerahelbepuder \u00f5untega \u2013 netokaal 90 g, energiasisaldus portsjoni kohta 390 kcal<\/li>\n<li>Kartulipuder peekoniga \u2013 netokaal 110 g, energiasisaldus portsjoni kohta 601 kcal<\/li>\n<li>Tatraroog kalkuniga- netokaal 110 g, energiasisaldus portsjoni kohta 531 kcal<\/li>\n<li>Leib \u2013 netokaal 100 g, energiasisaldus portsjoni kohta 262 kcal<\/li>\n<li>Core Shake Berry Blast \u2013 netokaal 60 g, energiasisaldus portsjoni kohta 287 kcal<\/li>\n<li>Beef Jerky Original \u2013 netokaal 40 g, energiasisaldus portsjoni kohta 109.6 kcal<\/li>\n<li>Energiabatoon Chocochino -netokaal 120 g, energiasisaldus portsjoni kohta 570 kcal<\/li>\n<li>K\u00fclmkuivatatud kamabatoonid -netokaal 54 g, energiasisaldus portsjoni kohta 202 kcal<\/li>\n<li>2x Kohv \u2013 netokaal 4.8 g<\/li>\n<li>2x Suhkur \u2013 netokaal 12 g, energiasisaldus portsjoni kohta 47.5 kcal<\/li>\n<li>Lusikas<\/li>\n<li>Joogitops<\/li>\n<li>Tactical Shower<\/li>\n<li>3x Desinfitseeriv k\u00e4tepuhastuslapp<\/li>\n<li><\/li>\n<\/ul>\n<p>3 Meal Ration Golf energiasisaldus: 3053 kcal<\/p>\n<p>Netokaal: 724 g<\/p>\n<p><strong>Parim enne<\/strong>:<br clear=\"none\" \/>8 aastat p\u00f5hitoitudele<br clear=\"none\" \/>3 aastat vahepaladele<\/p>","protected":false},"excerpt":{"rendered":"<p>MRE Ratsioon GOLF 3 toidukorda 724g Tactical Foodpack ratsioonid Golf, Hotel ja India on m\u00f5eldud selleks, et saaksid ise oma aega ja toidukordi planeerida. K\u00f5rge toitev\u00e4\u00e4rtusega pakid sisaldavad kolme Tactical Foodpacki einet, erinevaid vahepalasid ning magustoiduks k\u00fclmkuivatatud kamabatoone. Kosutavaks joogiks saad teha kohvi v\u00f5i kakaod. Lisadena on kaasas lusikas, Tactical joogitops ning enda h\u00fcgieeni tagamiseks [&#8230;]\n","protected":false},"featured_media":1975,"template":"","meta":[],"product_brand":[],"product_cat":[77],"product_tag":[],"class_list":{"0":"post-1974","1":"product","2":"type-product","3":"status-publish","4":"has-post-thumbnail","6":"product_cat-sooduspakkumised","8":"first","9":"outofstock","10":"sale","11":"taxable","12":"shipping-taxable","13":"purchasable","14":"product-type-simple"},"yoast_head":"<!-- This site is optimized with the Yoast SEO Premium plugin v27.3 (Yoast SEO v27.3) - https:\/\/yoast.com\/product\/yoast-seo-premium-wordpress\/ -->\n<title>MRE Ratsioon GOLF 3 toidukorda 724g - Lahingurada e-pood<\/title>\n<meta name=\"description\" content=\"MRE Ratsioon GOLF 3 toidukorda 724g Tactical Foodpack ratsioonid Golf, Hotel ja India on m\u00f5eldud selleks, et saaksid ise oma aega ja toidukordi planeerida.\" \/>\n<meta name=\"robots\" content=\"index, follow, max-snippet:-1, max-image-preview:large, max-video-preview:-1\" \/>\n<link rel=\"canonical\" href=\"https:\/\/lahingupood.ee\/en\/product\/mre-ratsioon-golf-3-toidukorda-724g\/\" \/>\n<meta property=\"og:locale\" content=\"en_GB\" \/>\n<meta property=\"og:type\" content=\"article\" \/>\n<meta property=\"og:title\" content=\"MRE Ratsioon GOLF 3 toidukorda 724g\" \/>\n<meta property=\"og:description\" content=\"MRE Ratsioon GOLF 3 toidukorda 724g Tactical Foodpack ratsioonid Golf, Hotel ja India on m\u00f5eldud selleks, et saaksid ise oma aega ja toidukordi planeerida.\" \/>\n<meta property=\"og:url\" content=\"https:\/\/lahingupood.ee\/en\/product\/mre-ratsioon-golf-3-toidukorda-724g\/\" \/>\n<meta property=\"og:site_name\" content=\"Lahingurada e-pood\" \/>\n<meta property=\"article:publisher\" content=\"https:\/\/www.facebook.com\/Lahingurada-629940247212967\" \/>\n<meta property=\"article:modified_time\" content=\"2026-04-12T17:30:06+00:00\" \/>\n<meta property=\"og:image\" content=\"https:\/\/lahingupood.ee\/wp-content\/uploads\/2022\/08\/Ration_3_meal_Golf-1024x1024.png\" \/>\n\t<meta property=\"og:image:width\" content=\"1024\" \/>\n\t<meta property=\"og:image:height\" content=\"1024\" \/>\n\t<meta property=\"og:image:type\" content=\"image\/png\" \/>\n<meta name=\"twitter:card\" content=\"summary_large_image\" \/>\n<meta name=\"twitter:label1\" content=\"Estimated reading time\" \/>\n\t<meta name=\"twitter:data1\" content=\"2 minutes\" \/>\n<script type=\"application\/ld+json\" class=\"yoast-schema-graph\">{\"@context\":\"https:\\\/\\\/schema.org\",\"@graph\":[{\"@type\":\"WebPage\",\"@id\":\"https:\\\/\\\/lahingupood.ee\\\/toode\\\/mre-ratsioon-golf-3-toidukorda-724g\\\/\",\"url\":\"https:\\\/\\\/lahingupood.ee\\\/toode\\\/mre-ratsioon-golf-3-toidukorda-724g\\\/\",\"name\":\"MRE Ratsioon GOLF 3 toidukorda 724g - Lahingurada e-pood\",\"isPartOf\":{\"@id\":\"https:\\\/\\\/lahingupood.ee\\\/#website\"},\"primaryImageOfPage\":{\"@id\":\"https:\\\/\\\/lahingupood.ee\\\/toode\\\/mre-ratsioon-golf-3-toidukorda-724g\\\/#primaryimage\"},\"image\":{\"@id\":\"https:\\\/\\\/lahingupood.ee\\\/toode\\\/mre-ratsioon-golf-3-toidukorda-724g\\\/#primaryimage\"},\"thumbnailUrl\":\"https:\\\/\\\/lahingupood.ee\\\/wp-content\\\/uploads\\\/2022\\\/08\\\/Ration_3_meal_Golf.png\",\"datePublished\":\"2022-08-04T17:46:26+00:00\",\"dateModified\":\"2026-04-12T17:30:06+00:00\",\"description\":\"MRE Ratsioon GOLF 3 toidukorda 724g Tactical Foodpack ratsioonid Golf, Hotel ja India on m\u00f5eldud selleks, et saaksid ise oma aega ja toidukordi planeerida.\",\"breadcrumb\":{\"@id\":\"https:\\\/\\\/lahingupood.ee\\\/toode\\\/mre-ratsioon-golf-3-toidukorda-724g\\\/#breadcrumb\"},\"inLanguage\":\"en-GB\",\"potentialAction\":[{\"@type\":\"ReadAction\",\"target\":[\"https:\\\/\\\/lahingupood.ee\\\/toode\\\/mre-ratsioon-golf-3-toidukorda-724g\\\/\"]}]},{\"@type\":\"ImageObject\",\"inLanguage\":\"en-GB\",\"@id\":\"https:\\\/\\\/lahingupood.ee\\\/toode\\\/mre-ratsioon-golf-3-toidukorda-724g\\\/#primaryimage\",\"url\":\"https:\\\/\\\/lahingupood.ee\\\/wp-content\\\/uploads\\\/2022\\\/08\\\/Ration_3_meal_Golf.png\",\"contentUrl\":\"https:\\\/\\\/lahingupood.ee\\\/wp-content\\\/uploads\\\/2022\\\/08\\\/Ration_3_meal_Golf.png\",\"width\":1920,\"height\":1920,\"caption\":\"mre-ratsioon-golf-3-toidukorda-724g\"},{\"@type\":\"BreadcrumbList\",\"@id\":\"https:\\\/\\\/lahingupood.ee\\\/toode\\\/mre-ratsioon-golf-3-toidukorda-724g\\\/#breadcrumb\",\"itemListElement\":[{\"@type\":\"ListItem\",\"position\":1,\"name\":\"Home\",\"item\":\"https:\\\/\\\/lahingupood.ee\\\/\"},{\"@type\":\"ListItem\",\"position\":2,\"name\":\"Tooted\",\"item\":\"https:\\\/\\\/lahingupood.ee\\\/tooted\\\/\"},{\"@type\":\"ListItem\",\"position\":3,\"name\":\"MRE Ratsioon GOLF 3 toidukorda 724g\"}]},{\"@type\":\"WebSite\",\"@id\":\"https:\\\/\\\/lahingupood.ee\\\/#website\",\"url\":\"https:\\\/\\\/lahingupood.ee\\\/\",\"name\":\"Lahingurada e-pood\",\"description\":\"Airsoft\",\"publisher\":{\"@id\":\"https:\\\/\\\/lahingupood.ee\\\/#organization\"},\"potentialAction\":[{\"@type\":\"SearchAction\",\"target\":{\"@type\":\"EntryPoint\",\"urlTemplate\":\"https:\\\/\\\/lahingupood.ee\\\/?s={search_term_string}\"},\"query-input\":{\"@type\":\"PropertyValueSpecification\",\"valueRequired\":true,\"valueName\":\"search_term_string\"}}],\"inLanguage\":\"en-GB\"},{\"@type\":\"Organization\",\"@id\":\"https:\\\/\\\/lahingupood.ee\\\/#organization\",\"name\":\"Lahingurada\",\"url\":\"https:\\\/\\\/lahingupood.ee\\\/\",\"logo\":{\"@type\":\"ImageObject\",\"inLanguage\":\"en-GB\",\"@id\":\"https:\\\/\\\/lahingupood.ee\\\/#\\\/schema\\\/logo\\\/image\\\/\",\"url\":\"https:\\\/\\\/lahingupood.ee\\\/wp-content\\\/uploads\\\/2022\\\/03\\\/lahingurada-220318.jpg\",\"contentUrl\":\"https:\\\/\\\/lahingupood.ee\\\/wp-content\\\/uploads\\\/2022\\\/03\\\/lahingurada-220318.jpg\",\"width\":800,\"height\":500,\"caption\":\"Lahingurada\"},\"image\":{\"@id\":\"https:\\\/\\\/lahingupood.ee\\\/#\\\/schema\\\/logo\\\/image\\\/\"},\"sameAs\":[\"https:\\\/\\\/www.facebook.com\\\/Lahingurada-629940247212967\"]}]}<\/script>\n<!-- \/ Yoast SEO Premium plugin. -->","yoast_head_json":{"title":"MRE Ratsioon GOLF 3 toidukorda 724g - Lahingurada e-pood","description":"MRE Ratsioon GOLF 3 toidukorda 724g Tactical Foodpack ratsioonid Golf, Hotel ja India on m\u00f5eldud selleks, et saaksid ise oma aega ja toidukordi planeerida.","robots":{"index":"index","follow":"follow","max-snippet":"max-snippet:-1","max-image-preview":"max-image-preview:large","max-video-preview":"max-video-preview:-1"},"canonical":"https:\/\/lahingupood.ee\/en\/product\/mre-ratsioon-golf-3-toidukorda-724g\/","og_locale":"en_GB","og_type":"article","og_title":"MRE Ratsioon GOLF 3 toidukorda 724g","og_description":"MRE Ratsioon GOLF 3 toidukorda 724g Tactical Foodpack ratsioonid Golf, Hotel ja India on m\u00f5eldud selleks, et saaksid ise oma aega ja toidukordi planeerida.","og_url":"https:\/\/lahingupood.ee\/en\/product\/mre-ratsioon-golf-3-toidukorda-724g\/","og_site_name":"Lahingurada e-pood","article_publisher":"https:\/\/www.facebook.com\/Lahingurada-629940247212967","article_modified_time":"2026-04-12T17:30:06+00:00","og_image":[{"width":1024,"height":1024,"url":"https:\/\/lahingupood.ee\/wp-content\/uploads\/2022\/08\/Ration_3_meal_Golf-1024x1024.png","type":"image\/png"}],"twitter_card":"summary_large_image","twitter_misc":{"Estimated reading time":"2 minutes"},"schema":{"@context":"https:\/\/schema.org","@graph":[{"@type":"WebPage","@id":"https:\/\/lahingupood.ee\/toode\/mre-ratsioon-golf-3-toidukorda-724g\/","url":"https:\/\/lahingupood.ee\/toode\/mre-ratsioon-golf-3-toidukorda-724g\/","name":"MRE Ratsioon GOLF 3 toidukorda 724g - Lahingurada e-pood","isPartOf":{"@id":"https:\/\/lahingupood.ee\/#website"},"primaryImageOfPage":{"@id":"https:\/\/lahingupood.ee\/toode\/mre-ratsioon-golf-3-toidukorda-724g\/#primaryimage"},"image":{"@id":"https:\/\/lahingupood.ee\/toode\/mre-ratsioon-golf-3-toidukorda-724g\/#primaryimage"},"thumbnailUrl":"https:\/\/lahingupood.ee\/wp-content\/uploads\/2022\/08\/Ration_3_meal_Golf.png","datePublished":"2022-08-04T17:46:26+00:00","dateModified":"2026-04-12T17:30:06+00:00","description":"MRE Ratsioon GOLF 3 toidukorda 724g Tactical Foodpack ratsioonid Golf, Hotel ja India on m\u00f5eldud selleks, et saaksid ise oma aega ja toidukordi planeerida.","breadcrumb":{"@id":"https:\/\/lahingupood.ee\/toode\/mre-ratsioon-golf-3-toidukorda-724g\/#breadcrumb"},"inLanguage":"en-GB","potentialAction":[{"@type":"ReadAction","target":["https:\/\/lahingupood.ee\/toode\/mre-ratsioon-golf-3-toidukorda-724g\/"]}]},{"@type":"ImageObject","inLanguage":"en-GB","@id":"https:\/\/lahingupood.ee\/toode\/mre-ratsioon-golf-3-toidukorda-724g\/#primaryimage","url":"https:\/\/lahingupood.ee\/wp-content\/uploads\/2022\/08\/Ration_3_meal_Golf.png","contentUrl":"https:\/\/lahingupood.ee\/wp-content\/uploads\/2022\/08\/Ration_3_meal_Golf.png","width":1920,"height":1920,"caption":"mre-ratsioon-golf-3-toidukorda-724g"},{"@type":"BreadcrumbList","@id":"https:\/\/lahingupood.ee\/toode\/mre-ratsioon-golf-3-toidukorda-724g\/#breadcrumb","itemListElement":[{"@type":"ListItem","position":1,"name":"Home","item":"https:\/\/lahingupood.ee\/"},{"@type":"ListItem","position":2,"name":"Tooted","item":"https:\/\/lahingupood.ee\/tooted\/"},{"@type":"ListItem","position":3,"name":"MRE Ratsioon GOLF 3 toidukorda 724g"}]},{"@type":"WebSite","@id":"https:\/\/lahingupood.ee\/#website","url":"https:\/\/lahingupood.ee\/","name":"Lahingurada e-pood","description":"Airsoft","publisher":{"@id":"https:\/\/lahingupood.ee\/#organization"},"potentialAction":[{"@type":"SearchAction","target":{"@type":"EntryPoint","urlTemplate":"https:\/\/lahingupood.ee\/?s={search_term_string}"},"query-input":{"@type":"PropertyValueSpecification","valueRequired":true,"valueName":"search_term_string"}}],"inLanguage":"en-GB"},{"@type":"Organization","@id":"https:\/\/lahingupood.ee\/#organization","name":"Lahingurada","url":"https:\/\/lahingupood.ee\/","logo":{"@type":"ImageObject","inLanguage":"en-GB","@id":"https:\/\/lahingupood.ee\/#\/schema\/logo\/image\/","url":"https:\/\/lahingupood.ee\/wp-content\/uploads\/2022\/03\/lahingurada-220318.jpg","contentUrl":"https:\/\/lahingupood.ee\/wp-content\/uploads\/2022\/03\/lahingurada-220318.jpg","width":800,"height":500,"caption":"Lahingurada"},"image":{"@id":"https:\/\/lahingupood.ee\/#\/schema\/logo\/image\/"},"sameAs":["https:\/\/www.facebook.com\/Lahingurada-629940247212967"]}]}},"_links":{"self":[{"href":"https:\/\/lahingupood.ee\/en\/wp-json\/wp\/v2\/product\/1974","targetHints":{"allow":["GET"]}}],"collection":[{"href":"https:\/\/lahingupood.ee\/en\/wp-json\/wp\/v2\/product"}],"about":[{"href":"https:\/\/lahingupood.ee\/en\/wp-json\/wp\/v2\/types\/product"}],"wp:featuredmedia":[{"embeddable":true,"href":"https:\/\/lahingupood.ee\/en\/wp-json\/wp\/v2\/media\/1975"}],"wp:attachment":[{"href":"https:\/\/lahingupood.ee\/en\/wp-json\/wp\/v2\/media?parent=1974"}],"wp:term":[{"taxonomy":"product_brand","embeddable":true,"href":"https:\/\/lahingupood.ee\/en\/wp-json\/wp\/v2\/product_brand?post=1974"},{"taxonomy":"product_cat","embeddable":true,"href":"https:\/\/lahingupood.ee\/en\/wp-json\/wp\/v2\/product_cat?post=1974"},{"taxonomy":"product_tag","embeddable":true,"href":"https:\/\/lahingupood.ee\/en\/wp-json\/wp\/v2\/product_tag?post=1974"}],"curies":[{"name":"wp","href":"https:\/\/api.w.org\/{rel}","templated":true}]}}