{"id":1970,"date":"2022-08-04T20:40:25","date_gmt":"2022-08-04T17:40:25","guid":{"rendered":"https:\/\/lahingupood.ee\/?post_type=product&#038;p=1970"},"modified":"2026-04-12T20:30:02","modified_gmt":"2026-04-12T17:30:02","slug":"mre-ratsioon-vegan-3-toidukorda-501g","status":"publish","type":"product","link":"https:\/\/lahingupood.ee\/en\/product\/mre-ratsioon-vegan-3-toidukorda-501g\/","title":{"rendered":"MRE Ratsioon VEGAN 3 toidukorda 501g"},"content":{"rendered":"<p><span style=\"color: #000000; font-family: Calibri; font-size: medium;\">MRE Ratsioon VEGAN 3 toidukorda 501g<\/span><\/p>\n<p>Vegan Ratsioonid n\u00fc\u00fcd saadaval! Vegan 3 meal pakist leiad Riisiroa k\u00f6\u00f6giviljadega, K\u00f6\u00f6giviljavoki nuudlitega and Maroko l\u00e4\u00e4tsepaja. Vahepaladeks oleme lisanud leiva, puuviljaribad ja k\u00fclmkuivatatud \u00f5unakr\u00f5psud. P\u00e4eva alustamiseks leiad pakist kosutava kohvi ja l\u00f5petamiseks orgaanilise tee.<\/p>\n<p>Ela hetkes- n\u00e4lga tundmata!<\/p>\n<p><strong>Pakk sisaldab allj\u00e4rgnevat:<\/strong><\/p>\n<ul>\n<li>Riisiroog k\u00f6\u00f6giviljadega \u2013 netokaal 100g, energiasisaldus portsjoni kohta 520 kcal<\/li>\n<li>K\u00f6\u00f6giviljavokk nuudlitega \u2013 netokaa 100g, energiasisaldus portsjoni kohta 503 kcal<\/li>\n<li>Maroko l\u00e4\u00e4tsepada- netokaal 110 g, energiasisaldus portsjoni kohta 480 kcal<\/li>\n<li>Leib \u2013 netokaalt 100 g, energiasisaldus portsjoni kohta 262 kcal<\/li>\n<li>\u00d5unakr\u00f5psud\u2013 netokaal15 g, energiasisaldus portsjoni kohta 54 kcal<\/li>\n<li>Puuviljaribad musts\u00f5stramaitselised \u2013 netokaal 50 g, energiasisaldus portsjoni kohta 174 kcal<\/li>\n<li>Kohv \u2013 netokaal 2.4 g<\/li>\n<li>Suhkur \u2013 netokaal 6 g, energiasisaldus portsjoni kohta 23.7 kcal<\/li>\n<li>English Breakfast orgaaniline Tee<\/li>\n<li>Lusikas<\/li>\n<li>Joogitops<\/li>\n<li>Tactical Shower 15g<\/li>\n<li>3x Desinfitseeriv k\u00e4tepuhastuslapp<\/li>\n<li>3 Meal Ration Vegan energiasisaldus: 2017 kcal<\/li>\n<\/ul>\n<p>Netokaal: 501 g<\/p>\n<p>Parim enne:<br \/>\n8 aastat p\u00f5hitoitudele<br \/>\n3 aastat vahepaladele<\/p>","protected":false},"excerpt":{"rendered":"<p>MRE Ratsioon VEGAN 3 toidukorda 501g Vegan Ratsioonid n\u00fc\u00fcd saadaval! Vegan 3 meal pakist leiad Riisiroa k\u00f6\u00f6giviljadega, K\u00f6\u00f6giviljavoki nuudlitega and Maroko l\u00e4\u00e4tsepaja. Vahepaladeks oleme lisanud leiva, puuviljaribad ja k\u00fclmkuivatatud \u00f5unakr\u00f5psud. P\u00e4eva alustamiseks leiad pakist kosutava kohvi ja l\u00f5petamiseks orgaanilise tee. Ela hetkes- n\u00e4lga tundmata! Pakk sisaldab allj\u00e4rgnevat: Riisiroog k\u00f6\u00f6giviljadega \u2013 netokaal 100g, energiasisaldus portsjoni kohta [&#8230;]\n","protected":false},"featured_media":1971,"template":"","meta":[],"product_brand":[],"product_cat":[77],"product_tag":[],"class_list":{"0":"post-1970","1":"product","2":"type-product","3":"status-publish","4":"has-post-thumbnail","6":"product_cat-sooduspakkumised","8":"first","9":"outofstock","10":"sale","11":"taxable","12":"shipping-taxable","13":"purchasable","14":"product-type-simple"},"yoast_head":"<!-- This site is optimized with the Yoast SEO Premium plugin v27.3 (Yoast SEO v27.3) - https:\/\/yoast.com\/product\/yoast-seo-premium-wordpress\/ -->\n<title>MRE Ratsioon VEGAN 3 toidukorda 501g - Lahingurada e-pood<\/title>\n<meta name=\"description\" content=\"MRE Ratsioon VEGAN 3 toidukorda 501g Vegan Ratsioonid n\u00fc\u00fcd saadaval! Vegan 3 meal pakist leiad Riisiroa k\u00f6\u00f6giviljadega, K\u00f6\u00f6giviljavoki nuudlitega\" \/>\n<meta name=\"robots\" content=\"index, follow, max-snippet:-1, max-image-preview:large, max-video-preview:-1\" \/>\n<link rel=\"canonical\" href=\"https:\/\/lahingupood.ee\/en\/product\/mre-ratsioon-vegan-3-toidukorda-501g\/\" \/>\n<meta property=\"og:locale\" content=\"en_GB\" \/>\n<meta property=\"og:type\" content=\"article\" \/>\n<meta property=\"og:title\" content=\"MRE Ratsioon VEGAN 3 toidukorda 501g\" \/>\n<meta property=\"og:description\" content=\"MRE Ratsioon VEGAN 3 toidukorda 501g Vegan Ratsioonid n\u00fc\u00fcd saadaval! Vegan 3 meal pakist leiad Riisiroa k\u00f6\u00f6giviljadega, K\u00f6\u00f6giviljavoki nuudlitega\" \/>\n<meta property=\"og:url\" content=\"https:\/\/lahingupood.ee\/en\/product\/mre-ratsioon-vegan-3-toidukorda-501g\/\" \/>\n<meta property=\"og:site_name\" content=\"Lahingurada e-pood\" \/>\n<meta property=\"article:publisher\" content=\"https:\/\/www.facebook.com\/Lahingurada-629940247212967\" \/>\n<meta property=\"article:modified_time\" content=\"2026-04-12T17:30:02+00:00\" \/>\n<meta property=\"og:image\" content=\"https:\/\/lahingupood.ee\/wp-content\/uploads\/2022\/08\/1186412_1-1024x1024.png\" \/>\n\t<meta property=\"og:image:width\" content=\"1024\" \/>\n\t<meta property=\"og:image:height\" content=\"1024\" \/>\n\t<meta property=\"og:image:type\" content=\"image\/png\" \/>\n<meta name=\"twitter:card\" content=\"summary_large_image\" \/>\n<meta name=\"twitter:label1\" content=\"Estimated reading time\" \/>\n\t<meta name=\"twitter:data1\" content=\"1 minute\" \/>\n<script type=\"application\/ld+json\" class=\"yoast-schema-graph\">{\"@context\":\"https:\\\/\\\/schema.org\",\"@graph\":[{\"@type\":\"WebPage\",\"@id\":\"https:\\\/\\\/lahingupood.ee\\\/toode\\\/mre-ratsioon-vegan-3-toidukorda-501g\\\/\",\"url\":\"https:\\\/\\\/lahingupood.ee\\\/toode\\\/mre-ratsioon-vegan-3-toidukorda-501g\\\/\",\"name\":\"MRE Ratsioon VEGAN 3 toidukorda 501g - Lahingurada e-pood\",\"isPartOf\":{\"@id\":\"https:\\\/\\\/lahingupood.ee\\\/#website\"},\"primaryImageOfPage\":{\"@id\":\"https:\\\/\\\/lahingupood.ee\\\/toode\\\/mre-ratsioon-vegan-3-toidukorda-501g\\\/#primaryimage\"},\"image\":{\"@id\":\"https:\\\/\\\/lahingupood.ee\\\/toode\\\/mre-ratsioon-vegan-3-toidukorda-501g\\\/#primaryimage\"},\"thumbnailUrl\":\"https:\\\/\\\/lahingupood.ee\\\/wp-content\\\/uploads\\\/2022\\\/08\\\/1186412_1.png\",\"datePublished\":\"2022-08-04T17:40:25+00:00\",\"dateModified\":\"2026-04-12T17:30:02+00:00\",\"description\":\"MRE Ratsioon VEGAN 3 toidukorda 501g Vegan Ratsioonid n\u00fc\u00fcd saadaval! Vegan 3 meal pakist leiad Riisiroa k\u00f6\u00f6giviljadega, K\u00f6\u00f6giviljavoki nuudlitega\",\"breadcrumb\":{\"@id\":\"https:\\\/\\\/lahingupood.ee\\\/toode\\\/mre-ratsioon-vegan-3-toidukorda-501g\\\/#breadcrumb\"},\"inLanguage\":\"en-GB\",\"potentialAction\":[{\"@type\":\"ReadAction\",\"target\":[\"https:\\\/\\\/lahingupood.ee\\\/toode\\\/mre-ratsioon-vegan-3-toidukorda-501g\\\/\"]}]},{\"@type\":\"ImageObject\",\"inLanguage\":\"en-GB\",\"@id\":\"https:\\\/\\\/lahingupood.ee\\\/toode\\\/mre-ratsioon-vegan-3-toidukorda-501g\\\/#primaryimage\",\"url\":\"https:\\\/\\\/lahingupood.ee\\\/wp-content\\\/uploads\\\/2022\\\/08\\\/1186412_1.png\",\"contentUrl\":\"https:\\\/\\\/lahingupood.ee\\\/wp-content\\\/uploads\\\/2022\\\/08\\\/1186412_1.png\",\"width\":1920,\"height\":1920,\"caption\":\"mre-ratsioon-vegan-3-toidukorda-501g\"},{\"@type\":\"BreadcrumbList\",\"@id\":\"https:\\\/\\\/lahingupood.ee\\\/toode\\\/mre-ratsioon-vegan-3-toidukorda-501g\\\/#breadcrumb\",\"itemListElement\":[{\"@type\":\"ListItem\",\"position\":1,\"name\":\"Home\",\"item\":\"https:\\\/\\\/lahingupood.ee\\\/\"},{\"@type\":\"ListItem\",\"position\":2,\"name\":\"Tooted\",\"item\":\"https:\\\/\\\/lahingupood.ee\\\/tooted\\\/\"},{\"@type\":\"ListItem\",\"position\":3,\"name\":\"MRE Ratsioon VEGAN 3 toidukorda 501g\"}]},{\"@type\":\"WebSite\",\"@id\":\"https:\\\/\\\/lahingupood.ee\\\/#website\",\"url\":\"https:\\\/\\\/lahingupood.ee\\\/\",\"name\":\"Lahingurada e-pood\",\"description\":\"Airsoft\",\"publisher\":{\"@id\":\"https:\\\/\\\/lahingupood.ee\\\/#organization\"},\"potentialAction\":[{\"@type\":\"SearchAction\",\"target\":{\"@type\":\"EntryPoint\",\"urlTemplate\":\"https:\\\/\\\/lahingupood.ee\\\/?s={search_term_string}\"},\"query-input\":{\"@type\":\"PropertyValueSpecification\",\"valueRequired\":true,\"valueName\":\"search_term_string\"}}],\"inLanguage\":\"en-GB\"},{\"@type\":\"Organization\",\"@id\":\"https:\\\/\\\/lahingupood.ee\\\/#organization\",\"name\":\"Lahingurada\",\"url\":\"https:\\\/\\\/lahingupood.ee\\\/\",\"logo\":{\"@type\":\"ImageObject\",\"inLanguage\":\"en-GB\",\"@id\":\"https:\\\/\\\/lahingupood.ee\\\/#\\\/schema\\\/logo\\\/image\\\/\",\"url\":\"https:\\\/\\\/lahingupood.ee\\\/wp-content\\\/uploads\\\/2022\\\/03\\\/lahingurada-220318.jpg\",\"contentUrl\":\"https:\\\/\\\/lahingupood.ee\\\/wp-content\\\/uploads\\\/2022\\\/03\\\/lahingurada-220318.jpg\",\"width\":800,\"height\":500,\"caption\":\"Lahingurada\"},\"image\":{\"@id\":\"https:\\\/\\\/lahingupood.ee\\\/#\\\/schema\\\/logo\\\/image\\\/\"},\"sameAs\":[\"https:\\\/\\\/www.facebook.com\\\/Lahingurada-629940247212967\"]}]}<\/script>\n<!-- \/ Yoast SEO Premium plugin. -->","yoast_head_json":{"title":"MRE Ratsioon VEGAN 3 toidukorda 501g - Lahingurada e-pood","description":"MRE Ratsioon VEGAN 3 toidukorda 501g Vegan Ratsioonid n\u00fc\u00fcd saadaval! Vegan 3 meal pakist leiad Riisiroa k\u00f6\u00f6giviljadega, K\u00f6\u00f6giviljavoki nuudlitega","robots":{"index":"index","follow":"follow","max-snippet":"max-snippet:-1","max-image-preview":"max-image-preview:large","max-video-preview":"max-video-preview:-1"},"canonical":"https:\/\/lahingupood.ee\/en\/product\/mre-ratsioon-vegan-3-toidukorda-501g\/","og_locale":"en_GB","og_type":"article","og_title":"MRE Ratsioon VEGAN 3 toidukorda 501g","og_description":"MRE Ratsioon VEGAN 3 toidukorda 501g Vegan Ratsioonid n\u00fc\u00fcd saadaval! Vegan 3 meal pakist leiad Riisiroa k\u00f6\u00f6giviljadega, K\u00f6\u00f6giviljavoki nuudlitega","og_url":"https:\/\/lahingupood.ee\/en\/product\/mre-ratsioon-vegan-3-toidukorda-501g\/","og_site_name":"Lahingurada e-pood","article_publisher":"https:\/\/www.facebook.com\/Lahingurada-629940247212967","article_modified_time":"2026-04-12T17:30:02+00:00","og_image":[{"width":1024,"height":1024,"url":"https:\/\/lahingupood.ee\/wp-content\/uploads\/2022\/08\/1186412_1-1024x1024.png","type":"image\/png"}],"twitter_card":"summary_large_image","twitter_misc":{"Estimated reading time":"1 minute"},"schema":{"@context":"https:\/\/schema.org","@graph":[{"@type":"WebPage","@id":"https:\/\/lahingupood.ee\/toode\/mre-ratsioon-vegan-3-toidukorda-501g\/","url":"https:\/\/lahingupood.ee\/toode\/mre-ratsioon-vegan-3-toidukorda-501g\/","name":"MRE Ratsioon VEGAN 3 toidukorda 501g - Lahingurada e-pood","isPartOf":{"@id":"https:\/\/lahingupood.ee\/#website"},"primaryImageOfPage":{"@id":"https:\/\/lahingupood.ee\/toode\/mre-ratsioon-vegan-3-toidukorda-501g\/#primaryimage"},"image":{"@id":"https:\/\/lahingupood.ee\/toode\/mre-ratsioon-vegan-3-toidukorda-501g\/#primaryimage"},"thumbnailUrl":"https:\/\/lahingupood.ee\/wp-content\/uploads\/2022\/08\/1186412_1.png","datePublished":"2022-08-04T17:40:25+00:00","dateModified":"2026-04-12T17:30:02+00:00","description":"MRE Ratsioon VEGAN 3 toidukorda 501g Vegan Ratsioonid n\u00fc\u00fcd saadaval! Vegan 3 meal pakist leiad Riisiroa k\u00f6\u00f6giviljadega, K\u00f6\u00f6giviljavoki nuudlitega","breadcrumb":{"@id":"https:\/\/lahingupood.ee\/toode\/mre-ratsioon-vegan-3-toidukorda-501g\/#breadcrumb"},"inLanguage":"en-GB","potentialAction":[{"@type":"ReadAction","target":["https:\/\/lahingupood.ee\/toode\/mre-ratsioon-vegan-3-toidukorda-501g\/"]}]},{"@type":"ImageObject","inLanguage":"en-GB","@id":"https:\/\/lahingupood.ee\/toode\/mre-ratsioon-vegan-3-toidukorda-501g\/#primaryimage","url":"https:\/\/lahingupood.ee\/wp-content\/uploads\/2022\/08\/1186412_1.png","contentUrl":"https:\/\/lahingupood.ee\/wp-content\/uploads\/2022\/08\/1186412_1.png","width":1920,"height":1920,"caption":"mre-ratsioon-vegan-3-toidukorda-501g"},{"@type":"BreadcrumbList","@id":"https:\/\/lahingupood.ee\/toode\/mre-ratsioon-vegan-3-toidukorda-501g\/#breadcrumb","itemListElement":[{"@type":"ListItem","position":1,"name":"Home","item":"https:\/\/lahingupood.ee\/"},{"@type":"ListItem","position":2,"name":"Tooted","item":"https:\/\/lahingupood.ee\/tooted\/"},{"@type":"ListItem","position":3,"name":"MRE Ratsioon VEGAN 3 toidukorda 501g"}]},{"@type":"WebSite","@id":"https:\/\/lahingupood.ee\/#website","url":"https:\/\/lahingupood.ee\/","name":"Lahingurada e-pood","description":"Airsoft","publisher":{"@id":"https:\/\/lahingupood.ee\/#organization"},"potentialAction":[{"@type":"SearchAction","target":{"@type":"EntryPoint","urlTemplate":"https:\/\/lahingupood.ee\/?s={search_term_string}"},"query-input":{"@type":"PropertyValueSpecification","valueRequired":true,"valueName":"search_term_string"}}],"inLanguage":"en-GB"},{"@type":"Organization","@id":"https:\/\/lahingupood.ee\/#organization","name":"Lahingurada","url":"https:\/\/lahingupood.ee\/","logo":{"@type":"ImageObject","inLanguage":"en-GB","@id":"https:\/\/lahingupood.ee\/#\/schema\/logo\/image\/","url":"https:\/\/lahingupood.ee\/wp-content\/uploads\/2022\/03\/lahingurada-220318.jpg","contentUrl":"https:\/\/lahingupood.ee\/wp-content\/uploads\/2022\/03\/lahingurada-220318.jpg","width":800,"height":500,"caption":"Lahingurada"},"image":{"@id":"https:\/\/lahingupood.ee\/#\/schema\/logo\/image\/"},"sameAs":["https:\/\/www.facebook.com\/Lahingurada-629940247212967"]}]}},"_links":{"self":[{"href":"https:\/\/lahingupood.ee\/en\/wp-json\/wp\/v2\/product\/1970","targetHints":{"allow":["GET"]}}],"collection":[{"href":"https:\/\/lahingupood.ee\/en\/wp-json\/wp\/v2\/product"}],"about":[{"href":"https:\/\/lahingupood.ee\/en\/wp-json\/wp\/v2\/types\/product"}],"wp:featuredmedia":[{"embeddable":true,"href":"https:\/\/lahingupood.ee\/en\/wp-json\/wp\/v2\/media\/1971"}],"wp:attachment":[{"href":"https:\/\/lahingupood.ee\/en\/wp-json\/wp\/v2\/media?parent=1970"}],"wp:term":[{"taxonomy":"product_brand","embeddable":true,"href":"https:\/\/lahingupood.ee\/en\/wp-json\/wp\/v2\/product_brand?post=1970"},{"taxonomy":"product_cat","embeddable":true,"href":"https:\/\/lahingupood.ee\/en\/wp-json\/wp\/v2\/product_cat?post=1970"},{"taxonomy":"product_tag","embeddable":true,"href":"https:\/\/lahingupood.ee\/en\/wp-json\/wp\/v2\/product_tag?post=1970"}],"curies":[{"name":"wp","href":"https:\/\/api.w.org\/{rel}","templated":true}]}}