{"id":1967,"date":"2022-08-04T20:34:42","date_gmt":"2022-08-04T17:34:42","guid":{"rendered":"https:\/\/lahingupood.ee\/?post_type=product&#038;p=1967"},"modified":"2026-04-12T20:30:03","modified_gmt":"2026-04-12T17:30:03","slug":"mre-ratsioon-vegan-1-toidukord-352g","status":"publish","type":"product","link":"https:\/\/lahingupood.ee\/en\/product\/mre-ratsioon-vegan-1-toidukord-352g\/","title":{"rendered":"MRE Ratsioon VEGAN 1 toidukord 352g"},"content":{"rendered":"<p><span style=\"color: #000000; font-family: Calibri; font-size: medium;\">MRE Ratsioon VEGAN 1 toidukord 352g<\/span><\/p>\n<p>Avades oma Vegan 1 meal paki leiad seest \u00fclimaitsva Bataadi-kikerherne karri ja rukkileiva viilud. Energiataseme t\u00f5stmsieks oleme lisanud energiabatooni ja sidrunimaitselise energiajoogi.<\/p>\n<p id=\"tw-target-text\" class=\"tw-data-text tw-text-large XcVN5d tw-ta\" dir=\"ltr\" data-placeholder=\"Translation\"><strong><span lang=\"et\">J\u00e4tka samas vaimus! Me teame, et saate sellega hakkama!<\/span><\/strong><\/p>\n<p>Pakk sisaldab allj\u00e4rgnevat:<\/p>\n<ul>\n<li>Bataadi-kikerherne karri \u2013 netokaal 100 g, energiasisaldus portsjoni kohta 470 kcal<\/li>\n<li>Leib \u2013 netokaal 100 g, energy content per portion 262 kcal<\/li>\n<li>Energiabatoon Chocochino -netokaal 120 g, energiasisaldus portsjoni kohta 570 kcal<\/li>\n<li>Sidrunimaitselise energiajook\u2013 netokaal 30 g, energiasisaldus portsjoni kohta 114 kcal<\/li>\n<li>Lusikas<\/li>\n<li>Desinfitseeriv k\u00e4tepuhastuslapp<\/li>\n<\/ul>\n<p>1 Meal Ration Vegan energiasisaldus : 1416 kcal<\/p>\n<p>Netokaal: 352 g<\/p>\n<p><strong>Parim enne<\/strong>:<br clear=\"none\" \/>8 aastat p\u00f5hitoidule<br clear=\"none\" \/>2 aastat vahepaladele<\/p>","protected":false},"excerpt":{"rendered":"<p>MRE Ratsioon VEGAN 1 toidukord 352g Avades oma Vegan 1 meal paki leiad seest \u00fclimaitsva Bataadi-kikerherne karri ja rukkileiva viilud. Energiataseme t\u00f5stmsieks oleme lisanud energiabatooni ja sidrunimaitselise energiajoogi. J\u00e4tka samas vaimus! Me teame, et saate sellega hakkama! Pakk sisaldab allj\u00e4rgnevat: Bataadi-kikerherne karri \u2013 netokaal 100 g, energiasisaldus portsjoni kohta 470 kcal Leib \u2013 netokaal 100 [&#8230;]\n","protected":false},"featured_media":1968,"template":"","meta":[],"product_brand":[],"product_cat":[77],"product_tag":[],"class_list":{"0":"post-1967","1":"product","2":"type-product","3":"status-publish","4":"has-post-thumbnail","6":"product_cat-sooduspakkumised","8":"first","9":"outofstock","10":"sale","11":"taxable","12":"shipping-taxable","13":"purchasable","14":"product-type-simple"},"yoast_head":"<!-- This site is optimized with the Yoast SEO Premium plugin v27.3 (Yoast SEO v27.3) - https:\/\/yoast.com\/product\/yoast-seo-premium-wordpress\/ -->\n<title>MRE Ratsioon VEGAN 1 toidukord 352g - Lahingurada e-pood<\/title>\n<meta name=\"description\" content=\"MRE Ratsioon VEGAN 1 toidukord 352g Avades oma Vegan 1 meal paki leiad seest \u00fclimaitsva Bataadi-kikerherne karri ja rukkileiva viilud.\" \/>\n<meta name=\"robots\" content=\"index, follow, max-snippet:-1, max-image-preview:large, max-video-preview:-1\" \/>\n<link rel=\"canonical\" href=\"https:\/\/lahingupood.ee\/en\/product\/mre-ratsioon-vegan-1-toidukord-352g\/\" \/>\n<meta property=\"og:locale\" content=\"en_GB\" \/>\n<meta property=\"og:type\" content=\"article\" \/>\n<meta property=\"og:title\" content=\"MRE Ratsioon VEGAN 1 toidukord 352g\" \/>\n<meta property=\"og:description\" content=\"MRE Ratsioon VEGAN 1 toidukord 352g Avades oma Vegan 1 meal paki leiad seest \u00fclimaitsva Bataadi-kikerherne karri ja rukkileiva viilud.\" \/>\n<meta property=\"og:url\" content=\"https:\/\/lahingupood.ee\/en\/product\/mre-ratsioon-vegan-1-toidukord-352g\/\" \/>\n<meta property=\"og:site_name\" content=\"Lahingurada e-pood\" \/>\n<meta property=\"article:publisher\" content=\"https:\/\/www.facebook.com\/Lahingurada-629940247212967\" \/>\n<meta property=\"article:modified_time\" content=\"2026-04-12T17:30:03+00:00\" \/>\n<meta property=\"og:image\" content=\"https:\/\/lahingupood.ee\/wp-content\/uploads\/2022\/08\/Ration_1_meal_Vegan-1024x1024.png\" \/>\n\t<meta property=\"og:image:width\" content=\"1024\" \/>\n\t<meta property=\"og:image:height\" content=\"1024\" \/>\n\t<meta property=\"og:image:type\" content=\"image\/png\" \/>\n<meta name=\"twitter:card\" content=\"summary_large_image\" \/>\n<meta name=\"twitter:label1\" content=\"Estimated reading time\" \/>\n\t<meta name=\"twitter:data1\" content=\"1 minute\" \/>\n<script type=\"application\/ld+json\" class=\"yoast-schema-graph\">{\"@context\":\"https:\\\/\\\/schema.org\",\"@graph\":[{\"@type\":\"WebPage\",\"@id\":\"https:\\\/\\\/lahingupood.ee\\\/toode\\\/mre-ratsioon-vegan-1-toidukord-352g\\\/\",\"url\":\"https:\\\/\\\/lahingupood.ee\\\/toode\\\/mre-ratsioon-vegan-1-toidukord-352g\\\/\",\"name\":\"MRE Ratsioon VEGAN 1 toidukord 352g - Lahingurada e-pood\",\"isPartOf\":{\"@id\":\"https:\\\/\\\/lahingupood.ee\\\/#website\"},\"primaryImageOfPage\":{\"@id\":\"https:\\\/\\\/lahingupood.ee\\\/toode\\\/mre-ratsioon-vegan-1-toidukord-352g\\\/#primaryimage\"},\"image\":{\"@id\":\"https:\\\/\\\/lahingupood.ee\\\/toode\\\/mre-ratsioon-vegan-1-toidukord-352g\\\/#primaryimage\"},\"thumbnailUrl\":\"https:\\\/\\\/lahingupood.ee\\\/wp-content\\\/uploads\\\/2022\\\/08\\\/Ration_1_meal_Vegan.png\",\"datePublished\":\"2022-08-04T17:34:42+00:00\",\"dateModified\":\"2026-04-12T17:30:03+00:00\",\"description\":\"MRE Ratsioon VEGAN 1 toidukord 352g Avades oma Vegan 1 meal paki leiad seest \u00fclimaitsva Bataadi-kikerherne karri ja rukkileiva viilud.\",\"breadcrumb\":{\"@id\":\"https:\\\/\\\/lahingupood.ee\\\/toode\\\/mre-ratsioon-vegan-1-toidukord-352g\\\/#breadcrumb\"},\"inLanguage\":\"en-GB\",\"potentialAction\":[{\"@type\":\"ReadAction\",\"target\":[\"https:\\\/\\\/lahingupood.ee\\\/toode\\\/mre-ratsioon-vegan-1-toidukord-352g\\\/\"]}]},{\"@type\":\"ImageObject\",\"inLanguage\":\"en-GB\",\"@id\":\"https:\\\/\\\/lahingupood.ee\\\/toode\\\/mre-ratsioon-vegan-1-toidukord-352g\\\/#primaryimage\",\"url\":\"https:\\\/\\\/lahingupood.ee\\\/wp-content\\\/uploads\\\/2022\\\/08\\\/Ration_1_meal_Vegan.png\",\"contentUrl\":\"https:\\\/\\\/lahingupood.ee\\\/wp-content\\\/uploads\\\/2022\\\/08\\\/Ration_1_meal_Vegan.png\",\"width\":1920,\"height\":1920,\"caption\":\"mre-ratsioon-vegan-1-toidukord-352g\"},{\"@type\":\"BreadcrumbList\",\"@id\":\"https:\\\/\\\/lahingupood.ee\\\/toode\\\/mre-ratsioon-vegan-1-toidukord-352g\\\/#breadcrumb\",\"itemListElement\":[{\"@type\":\"ListItem\",\"position\":1,\"name\":\"Home\",\"item\":\"https:\\\/\\\/lahingupood.ee\\\/\"},{\"@type\":\"ListItem\",\"position\":2,\"name\":\"Tooted\",\"item\":\"https:\\\/\\\/lahingupood.ee\\\/tooted\\\/\"},{\"@type\":\"ListItem\",\"position\":3,\"name\":\"MRE Ratsioon VEGAN 1 toidukord 352g\"}]},{\"@type\":\"WebSite\",\"@id\":\"https:\\\/\\\/lahingupood.ee\\\/#website\",\"url\":\"https:\\\/\\\/lahingupood.ee\\\/\",\"name\":\"Lahingurada e-pood\",\"description\":\"Airsoft\",\"publisher\":{\"@id\":\"https:\\\/\\\/lahingupood.ee\\\/#organization\"},\"potentialAction\":[{\"@type\":\"SearchAction\",\"target\":{\"@type\":\"EntryPoint\",\"urlTemplate\":\"https:\\\/\\\/lahingupood.ee\\\/?s={search_term_string}\"},\"query-input\":{\"@type\":\"PropertyValueSpecification\",\"valueRequired\":true,\"valueName\":\"search_term_string\"}}],\"inLanguage\":\"en-GB\"},{\"@type\":\"Organization\",\"@id\":\"https:\\\/\\\/lahingupood.ee\\\/#organization\",\"name\":\"Lahingurada\",\"url\":\"https:\\\/\\\/lahingupood.ee\\\/\",\"logo\":{\"@type\":\"ImageObject\",\"inLanguage\":\"en-GB\",\"@id\":\"https:\\\/\\\/lahingupood.ee\\\/#\\\/schema\\\/logo\\\/image\\\/\",\"url\":\"https:\\\/\\\/lahingupood.ee\\\/wp-content\\\/uploads\\\/2022\\\/03\\\/lahingurada-220318.jpg\",\"contentUrl\":\"https:\\\/\\\/lahingupood.ee\\\/wp-content\\\/uploads\\\/2022\\\/03\\\/lahingurada-220318.jpg\",\"width\":800,\"height\":500,\"caption\":\"Lahingurada\"},\"image\":{\"@id\":\"https:\\\/\\\/lahingupood.ee\\\/#\\\/schema\\\/logo\\\/image\\\/\"},\"sameAs\":[\"https:\\\/\\\/www.facebook.com\\\/Lahingurada-629940247212967\"]}]}<\/script>\n<!-- \/ Yoast SEO Premium plugin. -->","yoast_head_json":{"title":"MRE Ratsioon VEGAN 1 toidukord 352g - Lahingurada e-pood","description":"MRE Ratsioon VEGAN 1 toidukord 352g Avades oma Vegan 1 meal paki leiad seest \u00fclimaitsva Bataadi-kikerherne karri ja rukkileiva viilud.","robots":{"index":"index","follow":"follow","max-snippet":"max-snippet:-1","max-image-preview":"max-image-preview:large","max-video-preview":"max-video-preview:-1"},"canonical":"https:\/\/lahingupood.ee\/en\/product\/mre-ratsioon-vegan-1-toidukord-352g\/","og_locale":"en_GB","og_type":"article","og_title":"MRE Ratsioon VEGAN 1 toidukord 352g","og_description":"MRE Ratsioon VEGAN 1 toidukord 352g Avades oma Vegan 1 meal paki leiad seest \u00fclimaitsva Bataadi-kikerherne karri ja rukkileiva viilud.","og_url":"https:\/\/lahingupood.ee\/en\/product\/mre-ratsioon-vegan-1-toidukord-352g\/","og_site_name":"Lahingurada e-pood","article_publisher":"https:\/\/www.facebook.com\/Lahingurada-629940247212967","article_modified_time":"2026-04-12T17:30:03+00:00","og_image":[{"width":1024,"height":1024,"url":"https:\/\/lahingupood.ee\/wp-content\/uploads\/2022\/08\/Ration_1_meal_Vegan-1024x1024.png","type":"image\/png"}],"twitter_card":"summary_large_image","twitter_misc":{"Estimated reading time":"1 minute"},"schema":{"@context":"https:\/\/schema.org","@graph":[{"@type":"WebPage","@id":"https:\/\/lahingupood.ee\/toode\/mre-ratsioon-vegan-1-toidukord-352g\/","url":"https:\/\/lahingupood.ee\/toode\/mre-ratsioon-vegan-1-toidukord-352g\/","name":"MRE Ratsioon VEGAN 1 toidukord 352g - Lahingurada e-pood","isPartOf":{"@id":"https:\/\/lahingupood.ee\/#website"},"primaryImageOfPage":{"@id":"https:\/\/lahingupood.ee\/toode\/mre-ratsioon-vegan-1-toidukord-352g\/#primaryimage"},"image":{"@id":"https:\/\/lahingupood.ee\/toode\/mre-ratsioon-vegan-1-toidukord-352g\/#primaryimage"},"thumbnailUrl":"https:\/\/lahingupood.ee\/wp-content\/uploads\/2022\/08\/Ration_1_meal_Vegan.png","datePublished":"2022-08-04T17:34:42+00:00","dateModified":"2026-04-12T17:30:03+00:00","description":"MRE Ratsioon VEGAN 1 toidukord 352g Avades oma Vegan 1 meal paki leiad seest \u00fclimaitsva Bataadi-kikerherne karri ja rukkileiva viilud.","breadcrumb":{"@id":"https:\/\/lahingupood.ee\/toode\/mre-ratsioon-vegan-1-toidukord-352g\/#breadcrumb"},"inLanguage":"en-GB","potentialAction":[{"@type":"ReadAction","target":["https:\/\/lahingupood.ee\/toode\/mre-ratsioon-vegan-1-toidukord-352g\/"]}]},{"@type":"ImageObject","inLanguage":"en-GB","@id":"https:\/\/lahingupood.ee\/toode\/mre-ratsioon-vegan-1-toidukord-352g\/#primaryimage","url":"https:\/\/lahingupood.ee\/wp-content\/uploads\/2022\/08\/Ration_1_meal_Vegan.png","contentUrl":"https:\/\/lahingupood.ee\/wp-content\/uploads\/2022\/08\/Ration_1_meal_Vegan.png","width":1920,"height":1920,"caption":"mre-ratsioon-vegan-1-toidukord-352g"},{"@type":"BreadcrumbList","@id":"https:\/\/lahingupood.ee\/toode\/mre-ratsioon-vegan-1-toidukord-352g\/#breadcrumb","itemListElement":[{"@type":"ListItem","position":1,"name":"Home","item":"https:\/\/lahingupood.ee\/"},{"@type":"ListItem","position":2,"name":"Tooted","item":"https:\/\/lahingupood.ee\/tooted\/"},{"@type":"ListItem","position":3,"name":"MRE Ratsioon VEGAN 1 toidukord 352g"}]},{"@type":"WebSite","@id":"https:\/\/lahingupood.ee\/#website","url":"https:\/\/lahingupood.ee\/","name":"Lahingurada e-pood","description":"Airsoft","publisher":{"@id":"https:\/\/lahingupood.ee\/#organization"},"potentialAction":[{"@type":"SearchAction","target":{"@type":"EntryPoint","urlTemplate":"https:\/\/lahingupood.ee\/?s={search_term_string}"},"query-input":{"@type":"PropertyValueSpecification","valueRequired":true,"valueName":"search_term_string"}}],"inLanguage":"en-GB"},{"@type":"Organization","@id":"https:\/\/lahingupood.ee\/#organization","name":"Lahingurada","url":"https:\/\/lahingupood.ee\/","logo":{"@type":"ImageObject","inLanguage":"en-GB","@id":"https:\/\/lahingupood.ee\/#\/schema\/logo\/image\/","url":"https:\/\/lahingupood.ee\/wp-content\/uploads\/2022\/03\/lahingurada-220318.jpg","contentUrl":"https:\/\/lahingupood.ee\/wp-content\/uploads\/2022\/03\/lahingurada-220318.jpg","width":800,"height":500,"caption":"Lahingurada"},"image":{"@id":"https:\/\/lahingupood.ee\/#\/schema\/logo\/image\/"},"sameAs":["https:\/\/www.facebook.com\/Lahingurada-629940247212967"]}]}},"_links":{"self":[{"href":"https:\/\/lahingupood.ee\/en\/wp-json\/wp\/v2\/product\/1967","targetHints":{"allow":["GET"]}}],"collection":[{"href":"https:\/\/lahingupood.ee\/en\/wp-json\/wp\/v2\/product"}],"about":[{"href":"https:\/\/lahingupood.ee\/en\/wp-json\/wp\/v2\/types\/product"}],"wp:featuredmedia":[{"embeddable":true,"href":"https:\/\/lahingupood.ee\/en\/wp-json\/wp\/v2\/media\/1968"}],"wp:attachment":[{"href":"https:\/\/lahingupood.ee\/en\/wp-json\/wp\/v2\/media?parent=1967"}],"wp:term":[{"taxonomy":"product_brand","embeddable":true,"href":"https:\/\/lahingupood.ee\/en\/wp-json\/wp\/v2\/product_brand?post=1967"},{"taxonomy":"product_cat","embeddable":true,"href":"https:\/\/lahingupood.ee\/en\/wp-json\/wp\/v2\/product_cat?post=1967"},{"taxonomy":"product_tag","embeddable":true,"href":"https:\/\/lahingupood.ee\/en\/wp-json\/wp\/v2\/product_tag?post=1967"}],"curies":[{"name":"wp","href":"https:\/\/api.w.org\/{rel}","templated":true}]}}