{"id":1964,"date":"2022-08-04T20:29:34","date_gmt":"2022-08-04T17:29:34","guid":{"rendered":"https:\/\/lahingupood.ee\/?post_type=product&#038;p=1964"},"modified":"2026-04-12T20:30:03","modified_gmt":"2026-04-12T17:30:03","slug":"mre-ratsioon-foxtrot-1-toidukord-331g","status":"publish","type":"product","link":"https:\/\/lahingupood.ee\/en\/product\/mre-ratsioon-foxtrot-1-toidukord-331g\/","title":{"rendered":"MRE Ratsioon FOXTROT 1 toidukord 331g"},"content":{"rendered":"<p><span style=\"color: #000000; font-family: Calibri; font-size: medium;\">MRE Ratsioon FOXTROT 1 toidukord 331g<\/span><\/p>\n<p>Tactical Foodpack ratsioonid Delta, Echo ja Foxtrot on m\u00f5eldud ajaliselt l\u00fchemateks v\u00e4ljakutseteks. Ratsioonid sisaldavad \u00fchte Tactical Foodpacki einet, erinevaid vahepalasid ning energiajooki. Lisadena kaasas lusikas, Tactical joogitops ning desinfitseeriv k\u00e4tepuhastuslapp. Ratsiooni pakk on taassuletav.<\/p>\n<p><strong>Ole oma \u00fclesannete v\u00e4\u00e4riline!<\/strong><\/p>\n<p>Pakk sisaldab allj\u00e4rgnevat:<\/p>\n<ul>\n<li>Veise-kartulipada- netokaal 100 g, energiasisaldus portsjoni kohta 515 kcal<\/li>\n<li>Leib \u2013 netokaal\u00a0 100 g, energiasisaldus portsjoni kohta 262 kcal<\/li>\n<li>Core Shake Tropical Mix \u2013 netokaal\u00a0 60 g, energiasisaldus portsjoni kohta 306 kcal<\/li>\n<li>Turkey Jerky Honey and Mustard \u2013 netokaal\u00a0 40 g, energiasisaldus portsjoni kohta 112 kcal<\/li>\n<li>Energiajook greibimaitseline- netokaal\u00a0 30 g, energiasisaldus portsjoni kohta 114 kcal<\/li>\n<li>Lusikas<\/li>\n<li>Desinfitseeriv k\u00e4tepuhastuslapp<\/li>\n<li><\/li>\n<\/ul>\n<p>1 Meal Ration Foxtrot energiasisaldus: 1309 kcal<\/p>\n<p>Netokaal: 331 g<\/p>\n<p><strong>Parim enne<\/strong>:<br clear=\"none\" \/>8 aastat p\u00f5hitoidule<br clear=\"none\" \/>2 aastat vahepaladele<\/p>","protected":false},"excerpt":{"rendered":"<p>MRE Ratsioon FOXTROT 1 toidukord 331g Tactical Foodpack ratsioonid Delta, Echo ja Foxtrot on m\u00f5eldud ajaliselt l\u00fchemateks v\u00e4ljakutseteks. Ratsioonid sisaldavad \u00fchte Tactical Foodpacki einet, erinevaid vahepalasid ning energiajooki. Lisadena kaasas lusikas, Tactical joogitops ning desinfitseeriv k\u00e4tepuhastuslapp. Ratsiooni pakk on taassuletav. Ole oma \u00fclesannete v\u00e4\u00e4riline! Pakk sisaldab allj\u00e4rgnevat: Veise-kartulipada- netokaal 100 g, energiasisaldus portsjoni kohta 515 [&#8230;]\n","protected":false},"featured_media":1965,"template":"","meta":[],"product_brand":[],"product_cat":[77],"product_tag":[],"class_list":{"0":"post-1964","1":"product","2":"type-product","3":"status-publish","4":"has-post-thumbnail","6":"product_cat-sooduspakkumised","8":"first","9":"outofstock","10":"sale","11":"taxable","12":"shipping-taxable","13":"purchasable","14":"product-type-simple"},"yoast_head":"<!-- This site is optimized with the Yoast SEO Premium plugin v27.3 (Yoast SEO v27.3) - https:\/\/yoast.com\/product\/yoast-seo-premium-wordpress\/ -->\n<title>MRE Ratsioon FOXTROT 1 toidukord 331g - Lahingurada e-pood<\/title>\n<meta name=\"description\" content=\"MRE Ratsioon FOXTROT 1 toidukord 331g Tactical Foodpack ratsioonid Delta, Echo ja Foxtrot on m\u00f5eldud ajaliselt l\u00fchemateks v\u00e4ljakutseteks.\" \/>\n<meta name=\"robots\" content=\"index, follow, max-snippet:-1, max-image-preview:large, max-video-preview:-1\" \/>\n<link rel=\"canonical\" href=\"https:\/\/lahingupood.ee\/en\/product\/mre-ratsioon-foxtrot-1-toidukord-331g\/\" \/>\n<meta property=\"og:locale\" content=\"en_GB\" \/>\n<meta property=\"og:type\" content=\"article\" \/>\n<meta property=\"og:title\" content=\"MRE Ratsioon FOXTROT 1 toidukord 331g\" \/>\n<meta property=\"og:description\" content=\"MRE Ratsioon FOXTROT 1 toidukord 331g Tactical Foodpack ratsioonid Delta, Echo ja Foxtrot on m\u00f5eldud ajaliselt l\u00fchemateks v\u00e4ljakutseteks.\" \/>\n<meta property=\"og:url\" content=\"https:\/\/lahingupood.ee\/en\/product\/mre-ratsioon-foxtrot-1-toidukord-331g\/\" \/>\n<meta property=\"og:site_name\" content=\"Lahingurada e-pood\" \/>\n<meta property=\"article:publisher\" content=\"https:\/\/www.facebook.com\/Lahingurada-629940247212967\" \/>\n<meta property=\"article:modified_time\" content=\"2026-04-12T17:30:03+00:00\" \/>\n<meta property=\"og:image\" content=\"https:\/\/lahingupood.ee\/wp-content\/uploads\/2022\/08\/Ration_1_meal_Foxtrot-1024x1024.png\" \/>\n\t<meta property=\"og:image:width\" content=\"1024\" \/>\n\t<meta property=\"og:image:height\" content=\"1024\" \/>\n\t<meta property=\"og:image:type\" content=\"image\/png\" \/>\n<meta name=\"twitter:card\" content=\"summary_large_image\" \/>\n<meta name=\"twitter:label1\" content=\"Estimated reading time\" \/>\n\t<meta name=\"twitter:data1\" content=\"1 minute\" \/>\n<script type=\"application\/ld+json\" class=\"yoast-schema-graph\">{\"@context\":\"https:\\\/\\\/schema.org\",\"@graph\":[{\"@type\":\"WebPage\",\"@id\":\"https:\\\/\\\/lahingupood.ee\\\/toode\\\/mre-ratsioon-foxtrot-1-toidukord-331g\\\/\",\"url\":\"https:\\\/\\\/lahingupood.ee\\\/toode\\\/mre-ratsioon-foxtrot-1-toidukord-331g\\\/\",\"name\":\"MRE Ratsioon FOXTROT 1 toidukord 331g - Lahingurada e-pood\",\"isPartOf\":{\"@id\":\"https:\\\/\\\/lahingupood.ee\\\/#website\"},\"primaryImageOfPage\":{\"@id\":\"https:\\\/\\\/lahingupood.ee\\\/toode\\\/mre-ratsioon-foxtrot-1-toidukord-331g\\\/#primaryimage\"},\"image\":{\"@id\":\"https:\\\/\\\/lahingupood.ee\\\/toode\\\/mre-ratsioon-foxtrot-1-toidukord-331g\\\/#primaryimage\"},\"thumbnailUrl\":\"https:\\\/\\\/lahingupood.ee\\\/wp-content\\\/uploads\\\/2022\\\/08\\\/Ration_1_meal_Foxtrot.png\",\"datePublished\":\"2022-08-04T17:29:34+00:00\",\"dateModified\":\"2026-04-12T17:30:03+00:00\",\"description\":\"MRE Ratsioon FOXTROT 1 toidukord 331g Tactical Foodpack ratsioonid Delta, Echo ja Foxtrot on m\u00f5eldud ajaliselt l\u00fchemateks v\u00e4ljakutseteks.\",\"breadcrumb\":{\"@id\":\"https:\\\/\\\/lahingupood.ee\\\/toode\\\/mre-ratsioon-foxtrot-1-toidukord-331g\\\/#breadcrumb\"},\"inLanguage\":\"en-GB\",\"potentialAction\":[{\"@type\":\"ReadAction\",\"target\":[\"https:\\\/\\\/lahingupood.ee\\\/toode\\\/mre-ratsioon-foxtrot-1-toidukord-331g\\\/\"]}]},{\"@type\":\"ImageObject\",\"inLanguage\":\"en-GB\",\"@id\":\"https:\\\/\\\/lahingupood.ee\\\/toode\\\/mre-ratsioon-foxtrot-1-toidukord-331g\\\/#primaryimage\",\"url\":\"https:\\\/\\\/lahingupood.ee\\\/wp-content\\\/uploads\\\/2022\\\/08\\\/Ration_1_meal_Foxtrot.png\",\"contentUrl\":\"https:\\\/\\\/lahingupood.ee\\\/wp-content\\\/uploads\\\/2022\\\/08\\\/Ration_1_meal_Foxtrot.png\",\"width\":1920,\"height\":1920,\"caption\":\"mre-ratsioon-foxtrot-1-toidukord-331g\"},{\"@type\":\"BreadcrumbList\",\"@id\":\"https:\\\/\\\/lahingupood.ee\\\/toode\\\/mre-ratsioon-foxtrot-1-toidukord-331g\\\/#breadcrumb\",\"itemListElement\":[{\"@type\":\"ListItem\",\"position\":1,\"name\":\"Home\",\"item\":\"https:\\\/\\\/lahingupood.ee\\\/\"},{\"@type\":\"ListItem\",\"position\":2,\"name\":\"Tooted\",\"item\":\"https:\\\/\\\/lahingupood.ee\\\/tooted\\\/\"},{\"@type\":\"ListItem\",\"position\":3,\"name\":\"MRE Ratsioon FOXTROT 1 toidukord 331g\"}]},{\"@type\":\"WebSite\",\"@id\":\"https:\\\/\\\/lahingupood.ee\\\/#website\",\"url\":\"https:\\\/\\\/lahingupood.ee\\\/\",\"name\":\"Lahingurada e-pood\",\"description\":\"Airsoft\",\"publisher\":{\"@id\":\"https:\\\/\\\/lahingupood.ee\\\/#organization\"},\"potentialAction\":[{\"@type\":\"SearchAction\",\"target\":{\"@type\":\"EntryPoint\",\"urlTemplate\":\"https:\\\/\\\/lahingupood.ee\\\/?s={search_term_string}\"},\"query-input\":{\"@type\":\"PropertyValueSpecification\",\"valueRequired\":true,\"valueName\":\"search_term_string\"}}],\"inLanguage\":\"en-GB\"},{\"@type\":\"Organization\",\"@id\":\"https:\\\/\\\/lahingupood.ee\\\/#organization\",\"name\":\"Lahingurada\",\"url\":\"https:\\\/\\\/lahingupood.ee\\\/\",\"logo\":{\"@type\":\"ImageObject\",\"inLanguage\":\"en-GB\",\"@id\":\"https:\\\/\\\/lahingupood.ee\\\/#\\\/schema\\\/logo\\\/image\\\/\",\"url\":\"https:\\\/\\\/lahingupood.ee\\\/wp-content\\\/uploads\\\/2022\\\/03\\\/lahingurada-220318.jpg\",\"contentUrl\":\"https:\\\/\\\/lahingupood.ee\\\/wp-content\\\/uploads\\\/2022\\\/03\\\/lahingurada-220318.jpg\",\"width\":800,\"height\":500,\"caption\":\"Lahingurada\"},\"image\":{\"@id\":\"https:\\\/\\\/lahingupood.ee\\\/#\\\/schema\\\/logo\\\/image\\\/\"},\"sameAs\":[\"https:\\\/\\\/www.facebook.com\\\/Lahingurada-629940247212967\"]}]}<\/script>\n<!-- \/ Yoast SEO Premium plugin. -->","yoast_head_json":{"title":"MRE Ratsioon FOXTROT 1 toidukord 331g - Lahingurada e-pood","description":"MRE Ratsioon FOXTROT 1 toidukord 331g Tactical Foodpack ratsioonid Delta, Echo ja Foxtrot on m\u00f5eldud ajaliselt l\u00fchemateks v\u00e4ljakutseteks.","robots":{"index":"index","follow":"follow","max-snippet":"max-snippet:-1","max-image-preview":"max-image-preview:large","max-video-preview":"max-video-preview:-1"},"canonical":"https:\/\/lahingupood.ee\/en\/product\/mre-ratsioon-foxtrot-1-toidukord-331g\/","og_locale":"en_GB","og_type":"article","og_title":"MRE Ratsioon FOXTROT 1 toidukord 331g","og_description":"MRE Ratsioon FOXTROT 1 toidukord 331g Tactical Foodpack ratsioonid Delta, Echo ja Foxtrot on m\u00f5eldud ajaliselt l\u00fchemateks v\u00e4ljakutseteks.","og_url":"https:\/\/lahingupood.ee\/en\/product\/mre-ratsioon-foxtrot-1-toidukord-331g\/","og_site_name":"Lahingurada e-pood","article_publisher":"https:\/\/www.facebook.com\/Lahingurada-629940247212967","article_modified_time":"2026-04-12T17:30:03+00:00","og_image":[{"width":1024,"height":1024,"url":"https:\/\/lahingupood.ee\/wp-content\/uploads\/2022\/08\/Ration_1_meal_Foxtrot-1024x1024.png","type":"image\/png"}],"twitter_card":"summary_large_image","twitter_misc":{"Estimated reading time":"1 minute"},"schema":{"@context":"https:\/\/schema.org","@graph":[{"@type":"WebPage","@id":"https:\/\/lahingupood.ee\/toode\/mre-ratsioon-foxtrot-1-toidukord-331g\/","url":"https:\/\/lahingupood.ee\/toode\/mre-ratsioon-foxtrot-1-toidukord-331g\/","name":"MRE Ratsioon FOXTROT 1 toidukord 331g - Lahingurada e-pood","isPartOf":{"@id":"https:\/\/lahingupood.ee\/#website"},"primaryImageOfPage":{"@id":"https:\/\/lahingupood.ee\/toode\/mre-ratsioon-foxtrot-1-toidukord-331g\/#primaryimage"},"image":{"@id":"https:\/\/lahingupood.ee\/toode\/mre-ratsioon-foxtrot-1-toidukord-331g\/#primaryimage"},"thumbnailUrl":"https:\/\/lahingupood.ee\/wp-content\/uploads\/2022\/08\/Ration_1_meal_Foxtrot.png","datePublished":"2022-08-04T17:29:34+00:00","dateModified":"2026-04-12T17:30:03+00:00","description":"MRE Ratsioon FOXTROT 1 toidukord 331g Tactical Foodpack ratsioonid Delta, Echo ja Foxtrot on m\u00f5eldud ajaliselt l\u00fchemateks v\u00e4ljakutseteks.","breadcrumb":{"@id":"https:\/\/lahingupood.ee\/toode\/mre-ratsioon-foxtrot-1-toidukord-331g\/#breadcrumb"},"inLanguage":"en-GB","potentialAction":[{"@type":"ReadAction","target":["https:\/\/lahingupood.ee\/toode\/mre-ratsioon-foxtrot-1-toidukord-331g\/"]}]},{"@type":"ImageObject","inLanguage":"en-GB","@id":"https:\/\/lahingupood.ee\/toode\/mre-ratsioon-foxtrot-1-toidukord-331g\/#primaryimage","url":"https:\/\/lahingupood.ee\/wp-content\/uploads\/2022\/08\/Ration_1_meal_Foxtrot.png","contentUrl":"https:\/\/lahingupood.ee\/wp-content\/uploads\/2022\/08\/Ration_1_meal_Foxtrot.png","width":1920,"height":1920,"caption":"mre-ratsioon-foxtrot-1-toidukord-331g"},{"@type":"BreadcrumbList","@id":"https:\/\/lahingupood.ee\/toode\/mre-ratsioon-foxtrot-1-toidukord-331g\/#breadcrumb","itemListElement":[{"@type":"ListItem","position":1,"name":"Home","item":"https:\/\/lahingupood.ee\/"},{"@type":"ListItem","position":2,"name":"Tooted","item":"https:\/\/lahingupood.ee\/tooted\/"},{"@type":"ListItem","position":3,"name":"MRE Ratsioon FOXTROT 1 toidukord 331g"}]},{"@type":"WebSite","@id":"https:\/\/lahingupood.ee\/#website","url":"https:\/\/lahingupood.ee\/","name":"Lahingurada e-pood","description":"Airsoft","publisher":{"@id":"https:\/\/lahingupood.ee\/#organization"},"potentialAction":[{"@type":"SearchAction","target":{"@type":"EntryPoint","urlTemplate":"https:\/\/lahingupood.ee\/?s={search_term_string}"},"query-input":{"@type":"PropertyValueSpecification","valueRequired":true,"valueName":"search_term_string"}}],"inLanguage":"en-GB"},{"@type":"Organization","@id":"https:\/\/lahingupood.ee\/#organization","name":"Lahingurada","url":"https:\/\/lahingupood.ee\/","logo":{"@type":"ImageObject","inLanguage":"en-GB","@id":"https:\/\/lahingupood.ee\/#\/schema\/logo\/image\/","url":"https:\/\/lahingupood.ee\/wp-content\/uploads\/2022\/03\/lahingurada-220318.jpg","contentUrl":"https:\/\/lahingupood.ee\/wp-content\/uploads\/2022\/03\/lahingurada-220318.jpg","width":800,"height":500,"caption":"Lahingurada"},"image":{"@id":"https:\/\/lahingupood.ee\/#\/schema\/logo\/image\/"},"sameAs":["https:\/\/www.facebook.com\/Lahingurada-629940247212967"]}]}},"_links":{"self":[{"href":"https:\/\/lahingupood.ee\/en\/wp-json\/wp\/v2\/product\/1964","targetHints":{"allow":["GET"]}}],"collection":[{"href":"https:\/\/lahingupood.ee\/en\/wp-json\/wp\/v2\/product"}],"about":[{"href":"https:\/\/lahingupood.ee\/en\/wp-json\/wp\/v2\/types\/product"}],"wp:featuredmedia":[{"embeddable":true,"href":"https:\/\/lahingupood.ee\/en\/wp-json\/wp\/v2\/media\/1965"}],"wp:attachment":[{"href":"https:\/\/lahingupood.ee\/en\/wp-json\/wp\/v2\/media?parent=1964"}],"wp:term":[{"taxonomy":"product_brand","embeddable":true,"href":"https:\/\/lahingupood.ee\/en\/wp-json\/wp\/v2\/product_brand?post=1964"},{"taxonomy":"product_cat","embeddable":true,"href":"https:\/\/lahingupood.ee\/en\/wp-json\/wp\/v2\/product_cat?post=1964"},{"taxonomy":"product_tag","embeddable":true,"href":"https:\/\/lahingupood.ee\/en\/wp-json\/wp\/v2\/product_tag?post=1964"}],"curies":[{"name":"wp","href":"https:\/\/api.w.org\/{rel}","templated":true}]}}