{"id":1942,"date":"2022-08-04T17:52:55","date_gmt":"2022-08-04T14:52:55","guid":{"rendered":"https:\/\/lahingupood.ee\/?post_type=product&#038;p=1942"},"modified":"2026-04-13T15:00:07","modified_gmt":"2026-04-13T12:00:07","slug":"riisiroog-koogiviljadega-100g","status":"publish","type":"product","link":"https:\/\/lahingupood.ee\/en\/product\/riisiroog-koogiviljadega-100g\/","title":{"rendered":"Riisiroog k\u00f6\u00f6giviljadega 100g"},"content":{"rendered":"<p><span style=\"color: #000000; font-family: Calibri; font-size: medium;\">Riisiroog k\u00f6\u00f6giviljadega 100g<\/span><\/p>\n<ul>\n<li>Suurep\u00e4rane veganroog<\/li>\n<li>V\u00e4rske kapsas annab roale v\u00e4rskust ja uba omakorda t\u00e4idlust<\/li>\n<li>Teeb silmad ette nii m\u00f5nelegi liharoale<\/li>\n<li><span lang=\"ET\">Naturaalne ja toodetud Eestis\u00a0<\/span><\/li>\n<li><span lang=\"ET\">Ei sisalda s\u00e4ilitus- ja lisaaineid<\/span><\/li>\n<li><span lang=\"ET\">Energiasisaldus portsjoni kohta on 520 kcal<\/span><\/li>\n<\/ul>\n<p><strong>Koostisosad:\u00a0<\/strong><\/p>\n<p>Riis (31%), uba (10,4%), v\u00e4rske kapsas (8,6%), tomatipasta, rapsi\u00f5li, porgand (6,9%), mais (5,2%), paprika (5,2%), <strong>varsseller<\/strong> (2,6%), suhkur, v\u00fcrtsid, \u00fcrdid, sool.<strong>Tulenevalt tootmisliinist v\u00f5ib toode sisaldada v\u00e4hesel m\u00e4\u00e4ral piima ja sinepit.<\/strong><\/p>","protected":false},"excerpt":{"rendered":"<p>Riisiroog k\u00f6\u00f6giviljadega 100g Suurep\u00e4rane veganroog V\u00e4rske kapsas annab roale v\u00e4rskust ja uba omakorda t\u00e4idlust Teeb silmad ette nii m\u00f5nelegi liharoale Naturaalne ja toodetud Eestis\u00a0 Ei sisalda s\u00e4ilitus- ja lisaaineid Energiasisaldus portsjoni kohta on 520 kcal Koostisosad:\u00a0 Riis (31%), uba (10,4%), v\u00e4rske kapsas (8,6%), tomatipasta, rapsi\u00f5li, porgand (6,9%), mais (5,2%), paprika (5,2%), varsseller (2,6%), suhkur, v\u00fcrtsid, [&#8230;]\n","protected":false},"featured_media":1943,"template":"","meta":[],"product_brand":[],"product_cat":[77],"product_tag":[],"class_list":{"0":"post-1942","1":"product","2":"type-product","3":"status-publish","4":"has-post-thumbnail","6":"product_cat-sooduspakkumised","8":"first","9":"outofstock","10":"sale","11":"taxable","12":"shipping-taxable","13":"purchasable","14":"product-type-simple"},"yoast_head":"<!-- This site is optimized with the Yoast SEO Premium plugin v27.3 (Yoast SEO v27.3) - https:\/\/yoast.com\/product\/yoast-seo-premium-wordpress\/ -->\n<title>Riisiroog k\u00f6\u00f6giviljadega 100g - Lahingurada e-pood<\/title>\n<meta name=\"description\" content=\"Riisiroog k\u00f6\u00f6giviljadega 100g Suurep\u00e4rane veganroog V\u00e4rske kapsas annab roale v\u00e4rskust ja uba omakorda t\u00e4idlust Teeb silmad ette nii m\u00f5nelegi liharoale\" \/>\n<meta name=\"robots\" content=\"index, follow, max-snippet:-1, max-image-preview:large, max-video-preview:-1\" \/>\n<link rel=\"canonical\" href=\"https:\/\/lahingupood.ee\/en\/product\/riisiroog-koogiviljadega-100g\/\" \/>\n<meta property=\"og:locale\" content=\"en_GB\" \/>\n<meta property=\"og:type\" content=\"article\" \/>\n<meta property=\"og:title\" content=\"Riisiroog k\u00f6\u00f6giviljadega 100g\" \/>\n<meta property=\"og:description\" content=\"Riisiroog k\u00f6\u00f6giviljadega 100g Suurep\u00e4rane veganroog V\u00e4rske kapsas annab roale v\u00e4rskust ja uba omakorda t\u00e4idlust Teeb silmad ette nii m\u00f5nelegi liharoale\" \/>\n<meta property=\"og:url\" content=\"https:\/\/lahingupood.ee\/en\/product\/riisiroog-koogiviljadega-100g\/\" \/>\n<meta property=\"og:site_name\" content=\"Lahingurada e-pood\" \/>\n<meta property=\"article:publisher\" content=\"https:\/\/www.facebook.com\/Lahingurada-629940247212967\" \/>\n<meta property=\"article:modified_time\" content=\"2026-04-13T12:00:07+00:00\" \/>\n<meta property=\"og:image\" content=\"https:\/\/lahingupood.ee\/wp-content\/uploads\/2022\/08\/Rice_and_veggies.png\" \/>\n\t<meta property=\"og:image:width\" content=\"1798\" \/>\n\t<meta property=\"og:image:height\" content=\"1434\" \/>\n\t<meta property=\"og:image:type\" content=\"image\/png\" \/>\n<meta name=\"twitter:card\" content=\"summary_large_image\" \/>\n<meta name=\"twitter:label1\" content=\"Estimated reading time\" \/>\n\t<meta name=\"twitter:data1\" content=\"1 minute\" \/>\n<script type=\"application\/ld+json\" class=\"yoast-schema-graph\">{\"@context\":\"https:\\\/\\\/schema.org\",\"@graph\":[{\"@type\":\"WebPage\",\"@id\":\"https:\\\/\\\/lahingupood.ee\\\/toode\\\/riisiroog-koogiviljadega-100g\\\/\",\"url\":\"https:\\\/\\\/lahingupood.ee\\\/toode\\\/riisiroog-koogiviljadega-100g\\\/\",\"name\":\"Riisiroog k\u00f6\u00f6giviljadega 100g - Lahingurada e-pood\",\"isPartOf\":{\"@id\":\"https:\\\/\\\/lahingupood.ee\\\/#website\"},\"primaryImageOfPage\":{\"@id\":\"https:\\\/\\\/lahingupood.ee\\\/toode\\\/riisiroog-koogiviljadega-100g\\\/#primaryimage\"},\"image\":{\"@id\":\"https:\\\/\\\/lahingupood.ee\\\/toode\\\/riisiroog-koogiviljadega-100g\\\/#primaryimage\"},\"thumbnailUrl\":\"https:\\\/\\\/lahingupood.ee\\\/wp-content\\\/uploads\\\/2022\\\/08\\\/Rice_and_veggies.png\",\"datePublished\":\"2022-08-04T14:52:55+00:00\",\"dateModified\":\"2026-04-13T12:00:07+00:00\",\"description\":\"Riisiroog k\u00f6\u00f6giviljadega 100g Suurep\u00e4rane veganroog V\u00e4rske kapsas annab roale v\u00e4rskust ja uba omakorda t\u00e4idlust Teeb silmad ette nii m\u00f5nelegi liharoale\",\"breadcrumb\":{\"@id\":\"https:\\\/\\\/lahingupood.ee\\\/toode\\\/riisiroog-koogiviljadega-100g\\\/#breadcrumb\"},\"inLanguage\":\"en-GB\",\"potentialAction\":[{\"@type\":\"ReadAction\",\"target\":[\"https:\\\/\\\/lahingupood.ee\\\/toode\\\/riisiroog-koogiviljadega-100g\\\/\"]}]},{\"@type\":\"ImageObject\",\"inLanguage\":\"en-GB\",\"@id\":\"https:\\\/\\\/lahingupood.ee\\\/toode\\\/riisiroog-koogiviljadega-100g\\\/#primaryimage\",\"url\":\"https:\\\/\\\/lahingupood.ee\\\/wp-content\\\/uploads\\\/2022\\\/08\\\/Rice_and_veggies.png\",\"contentUrl\":\"https:\\\/\\\/lahingupood.ee\\\/wp-content\\\/uploads\\\/2022\\\/08\\\/Rice_and_veggies.png\",\"width\":1798,\"height\":1434,\"caption\":\"riisiroog-koogiviljadega-100g\"},{\"@type\":\"BreadcrumbList\",\"@id\":\"https:\\\/\\\/lahingupood.ee\\\/toode\\\/riisiroog-koogiviljadega-100g\\\/#breadcrumb\",\"itemListElement\":[{\"@type\":\"ListItem\",\"position\":1,\"name\":\"Home\",\"item\":\"https:\\\/\\\/lahingupood.ee\\\/\"},{\"@type\":\"ListItem\",\"position\":2,\"name\":\"Tooted\",\"item\":\"https:\\\/\\\/lahingupood.ee\\\/tooted\\\/\"},{\"@type\":\"ListItem\",\"position\":3,\"name\":\"Riisiroog k\u00f6\u00f6giviljadega 100g\"}]},{\"@type\":\"WebSite\",\"@id\":\"https:\\\/\\\/lahingupood.ee\\\/#website\",\"url\":\"https:\\\/\\\/lahingupood.ee\\\/\",\"name\":\"Lahingurada e-pood\",\"description\":\"Airsoft\",\"publisher\":{\"@id\":\"https:\\\/\\\/lahingupood.ee\\\/#organization\"},\"potentialAction\":[{\"@type\":\"SearchAction\",\"target\":{\"@type\":\"EntryPoint\",\"urlTemplate\":\"https:\\\/\\\/lahingupood.ee\\\/?s={search_term_string}\"},\"query-input\":{\"@type\":\"PropertyValueSpecification\",\"valueRequired\":true,\"valueName\":\"search_term_string\"}}],\"inLanguage\":\"en-GB\"},{\"@type\":\"Organization\",\"@id\":\"https:\\\/\\\/lahingupood.ee\\\/#organization\",\"name\":\"Lahingurada\",\"url\":\"https:\\\/\\\/lahingupood.ee\\\/\",\"logo\":{\"@type\":\"ImageObject\",\"inLanguage\":\"en-GB\",\"@id\":\"https:\\\/\\\/lahingupood.ee\\\/#\\\/schema\\\/logo\\\/image\\\/\",\"url\":\"https:\\\/\\\/lahingupood.ee\\\/wp-content\\\/uploads\\\/2022\\\/03\\\/lahingurada-220318.jpg\",\"contentUrl\":\"https:\\\/\\\/lahingupood.ee\\\/wp-content\\\/uploads\\\/2022\\\/03\\\/lahingurada-220318.jpg\",\"width\":800,\"height\":500,\"caption\":\"Lahingurada\"},\"image\":{\"@id\":\"https:\\\/\\\/lahingupood.ee\\\/#\\\/schema\\\/logo\\\/image\\\/\"},\"sameAs\":[\"https:\\\/\\\/www.facebook.com\\\/Lahingurada-629940247212967\"]}]}<\/script>\n<!-- \/ Yoast SEO Premium plugin. -->","yoast_head_json":{"title":"Riisiroog k\u00f6\u00f6giviljadega 100g - Lahingurada e-pood","description":"Riisiroog k\u00f6\u00f6giviljadega 100g Suurep\u00e4rane veganroog V\u00e4rske kapsas annab roale v\u00e4rskust ja uba omakorda t\u00e4idlust Teeb silmad ette nii m\u00f5nelegi liharoale","robots":{"index":"index","follow":"follow","max-snippet":"max-snippet:-1","max-image-preview":"max-image-preview:large","max-video-preview":"max-video-preview:-1"},"canonical":"https:\/\/lahingupood.ee\/en\/product\/riisiroog-koogiviljadega-100g\/","og_locale":"en_GB","og_type":"article","og_title":"Riisiroog k\u00f6\u00f6giviljadega 100g","og_description":"Riisiroog k\u00f6\u00f6giviljadega 100g Suurep\u00e4rane veganroog V\u00e4rske kapsas annab roale v\u00e4rskust ja uba omakorda t\u00e4idlust Teeb silmad ette nii m\u00f5nelegi liharoale","og_url":"https:\/\/lahingupood.ee\/en\/product\/riisiroog-koogiviljadega-100g\/","og_site_name":"Lahingurada e-pood","article_publisher":"https:\/\/www.facebook.com\/Lahingurada-629940247212967","article_modified_time":"2026-04-13T12:00:07+00:00","og_image":[{"width":1798,"height":1434,"url":"https:\/\/lahingupood.ee\/wp-content\/uploads\/2022\/08\/Rice_and_veggies.png","type":"image\/png"}],"twitter_card":"summary_large_image","twitter_misc":{"Estimated reading time":"1 minute"},"schema":{"@context":"https:\/\/schema.org","@graph":[{"@type":"WebPage","@id":"https:\/\/lahingupood.ee\/toode\/riisiroog-koogiviljadega-100g\/","url":"https:\/\/lahingupood.ee\/toode\/riisiroog-koogiviljadega-100g\/","name":"Riisiroog k\u00f6\u00f6giviljadega 100g - Lahingurada e-pood","isPartOf":{"@id":"https:\/\/lahingupood.ee\/#website"},"primaryImageOfPage":{"@id":"https:\/\/lahingupood.ee\/toode\/riisiroog-koogiviljadega-100g\/#primaryimage"},"image":{"@id":"https:\/\/lahingupood.ee\/toode\/riisiroog-koogiviljadega-100g\/#primaryimage"},"thumbnailUrl":"https:\/\/lahingupood.ee\/wp-content\/uploads\/2022\/08\/Rice_and_veggies.png","datePublished":"2022-08-04T14:52:55+00:00","dateModified":"2026-04-13T12:00:07+00:00","description":"Riisiroog k\u00f6\u00f6giviljadega 100g Suurep\u00e4rane veganroog V\u00e4rske kapsas annab roale v\u00e4rskust ja uba omakorda t\u00e4idlust Teeb silmad ette nii m\u00f5nelegi liharoale","breadcrumb":{"@id":"https:\/\/lahingupood.ee\/toode\/riisiroog-koogiviljadega-100g\/#breadcrumb"},"inLanguage":"en-GB","potentialAction":[{"@type":"ReadAction","target":["https:\/\/lahingupood.ee\/toode\/riisiroog-koogiviljadega-100g\/"]}]},{"@type":"ImageObject","inLanguage":"en-GB","@id":"https:\/\/lahingupood.ee\/toode\/riisiroog-koogiviljadega-100g\/#primaryimage","url":"https:\/\/lahingupood.ee\/wp-content\/uploads\/2022\/08\/Rice_and_veggies.png","contentUrl":"https:\/\/lahingupood.ee\/wp-content\/uploads\/2022\/08\/Rice_and_veggies.png","width":1798,"height":1434,"caption":"riisiroog-koogiviljadega-100g"},{"@type":"BreadcrumbList","@id":"https:\/\/lahingupood.ee\/toode\/riisiroog-koogiviljadega-100g\/#breadcrumb","itemListElement":[{"@type":"ListItem","position":1,"name":"Home","item":"https:\/\/lahingupood.ee\/"},{"@type":"ListItem","position":2,"name":"Tooted","item":"https:\/\/lahingupood.ee\/tooted\/"},{"@type":"ListItem","position":3,"name":"Riisiroog k\u00f6\u00f6giviljadega 100g"}]},{"@type":"WebSite","@id":"https:\/\/lahingupood.ee\/#website","url":"https:\/\/lahingupood.ee\/","name":"Lahingurada e-pood","description":"Airsoft","publisher":{"@id":"https:\/\/lahingupood.ee\/#organization"},"potentialAction":[{"@type":"SearchAction","target":{"@type":"EntryPoint","urlTemplate":"https:\/\/lahingupood.ee\/?s={search_term_string}"},"query-input":{"@type":"PropertyValueSpecification","valueRequired":true,"valueName":"search_term_string"}}],"inLanguage":"en-GB"},{"@type":"Organization","@id":"https:\/\/lahingupood.ee\/#organization","name":"Lahingurada","url":"https:\/\/lahingupood.ee\/","logo":{"@type":"ImageObject","inLanguage":"en-GB","@id":"https:\/\/lahingupood.ee\/#\/schema\/logo\/image\/","url":"https:\/\/lahingupood.ee\/wp-content\/uploads\/2022\/03\/lahingurada-220318.jpg","contentUrl":"https:\/\/lahingupood.ee\/wp-content\/uploads\/2022\/03\/lahingurada-220318.jpg","width":800,"height":500,"caption":"Lahingurada"},"image":{"@id":"https:\/\/lahingupood.ee\/#\/schema\/logo\/image\/"},"sameAs":["https:\/\/www.facebook.com\/Lahingurada-629940247212967"]}]}},"_links":{"self":[{"href":"https:\/\/lahingupood.ee\/en\/wp-json\/wp\/v2\/product\/1942","targetHints":{"allow":["GET"]}}],"collection":[{"href":"https:\/\/lahingupood.ee\/en\/wp-json\/wp\/v2\/product"}],"about":[{"href":"https:\/\/lahingupood.ee\/en\/wp-json\/wp\/v2\/types\/product"}],"wp:featuredmedia":[{"embeddable":true,"href":"https:\/\/lahingupood.ee\/en\/wp-json\/wp\/v2\/media\/1943"}],"wp:attachment":[{"href":"https:\/\/lahingupood.ee\/en\/wp-json\/wp\/v2\/media?parent=1942"}],"wp:term":[{"taxonomy":"product_brand","embeddable":true,"href":"https:\/\/lahingupood.ee\/en\/wp-json\/wp\/v2\/product_brand?post=1942"},{"taxonomy":"product_cat","embeddable":true,"href":"https:\/\/lahingupood.ee\/en\/wp-json\/wp\/v2\/product_cat?post=1942"},{"taxonomy":"product_tag","embeddable":true,"href":"https:\/\/lahingupood.ee\/en\/wp-json\/wp\/v2\/product_tag?post=1942"}],"curies":[{"name":"wp","href":"https:\/\/api.w.org\/{rel}","templated":true}]}}