{"id":1926,"date":"2022-08-04T17:28:45","date_gmt":"2022-08-04T14:28:45","guid":{"rendered":"https:\/\/lahingupood.ee\/?post_type=product&#038;p=1926"},"modified":"2026-05-16T12:30:02","modified_gmt":"2026-05-16T09:30:02","slug":"bataadi-kikerherne-karri-100g","status":"publish","type":"product","link":"https:\/\/lahingupood.ee\/en\/product\/bataadi-kikerherne-karri-100g\/","title":{"rendered":"Bataadi-kikerherne karri 100g"},"content":{"rendered":"<p><span style=\"color: #000000; font-family: Calibri; font-size: medium;\">Bataadi-kikerherne karri 100g<\/span><\/p>\n<ul>\n<li>M\u00f5nus magus roog<\/li>\n<li>Kasutatud k\u00f5rgekvaliteetseid koostisosasid<\/li>\n<li>M\u00f5nusa maitsega<\/li>\n<li><span lang=\"ET\">Naturaalne ja toodetud Eestis\u00a0<\/span><\/li>\n<li><span lang=\"ET\">Ei sisalda s\u00e4ilitus- ja lisaaineid<\/span><\/li>\n<li><span lang=\"ET\">Energiasisaldus portsjoni kohta on 470 kcal<\/span><\/li>\n<\/ul>\n<p><strong>Koostisosad:<\/strong><br clear=\"none\" \/>Riis, kikerherned (16%), bataat (16%), purustatud tomat, sibul, kookospiim, rapsi\u00f5li, suhkur, k\u00fc\u00fcslauk, ingver, laimimahl, jahvatatud v\u00fcrtsk\u00f6\u00f6mned, karripulber, kurkum, koriander, t\u0161illihelbed. <strong>Tulenevalt tootmisliinist v\u00f5ib toode sisaldada v\u00e4hesel m\u00e4\u00e4ral sellerit, sinepit ja piima.<\/strong><\/p>","protected":false},"excerpt":{"rendered":"<p>Bataadi-kikerherne karri 100g M\u00f5nus magus roog Kasutatud k\u00f5rgekvaliteetseid koostisosasid M\u00f5nusa maitsega Naturaalne ja toodetud Eestis\u00a0 Ei sisalda s\u00e4ilitus- ja lisaaineid Energiasisaldus portsjoni kohta on 470 kcal Koostisosad:Riis, kikerherned (16%), bataat (16%), purustatud tomat, sibul, kookospiim, rapsi\u00f5li, suhkur, k\u00fc\u00fcslauk, ingver, laimimahl, jahvatatud v\u00fcrtsk\u00f6\u00f6mned, karripulber, kurkum, koriander, t\u0161illihelbed. Tulenevalt tootmisliinist v\u00f5ib toode sisaldada v\u00e4hesel m\u00e4\u00e4ral sellerit, sinepit [&#8230;]\n","protected":false},"featured_media":1927,"template":"","meta":[],"product_brand":[],"product_cat":[77],"product_tag":[],"class_list":{"0":"post-1926","1":"product","2":"type-product","3":"status-publish","4":"has-post-thumbnail","6":"product_cat-sooduspakkumised","8":"first","9":"outofstock","10":"sale","11":"taxable","12":"shipping-taxable","13":"purchasable","14":"product-type-simple"},"yoast_head":"<!-- This site is optimized with the Yoast SEO Premium plugin v27.6 (Yoast SEO v27.6) - https:\/\/yoast.com\/product\/yoast-seo-premium-wordpress\/ -->\n<title>Bataadi-kikerherne karri 100g - Lahingurada e-pood<\/title>\n<meta name=\"description\" content=\"Bataadi-kikerherne karri 100g M\u00f5nus magus roog Kasutatud k\u00f5rgekvaliteetseid koostisosasid M\u00f5nusa maitsega Naturaalne ja toodetud Eestis\u00a0\" \/>\n<meta name=\"robots\" content=\"index, follow, max-snippet:-1, max-image-preview:large, max-video-preview:-1\" \/>\n<link rel=\"canonical\" href=\"https:\/\/lahingupood.ee\/en\/product\/bataadi-kikerherne-karri-100g\/\" \/>\n<meta property=\"og:locale\" content=\"en_GB\" \/>\n<meta property=\"og:type\" content=\"article\" \/>\n<meta property=\"og:title\" content=\"Bataadi-kikerherne karri 100g\" \/>\n<meta property=\"og:description\" content=\"Bataadi-kikerherne karri 100g M\u00f5nus magus roog Kasutatud k\u00f5rgekvaliteetseid koostisosasid M\u00f5nusa maitsega Naturaalne ja toodetud Eestis\u00a0\" \/>\n<meta property=\"og:url\" content=\"https:\/\/lahingupood.ee\/en\/product\/bataadi-kikerherne-karri-100g\/\" \/>\n<meta property=\"og:site_name\" content=\"Lahingurada e-pood\" \/>\n<meta property=\"article:publisher\" content=\"https:\/\/www.facebook.com\/Lahingurada-629940247212967\" \/>\n<meta property=\"article:modified_time\" content=\"2026-05-16T09:30:02+00:00\" \/>\n<meta property=\"og:image\" content=\"https:\/\/lahingupood.ee\/wp-content\/uploads\/2022\/08\/Sweet_Potato_Curry.png\" \/>\n\t<meta property=\"og:image:width\" content=\"1798\" \/>\n\t<meta property=\"og:image:height\" content=\"1434\" \/>\n\t<meta property=\"og:image:type\" content=\"image\/png\" \/>\n<meta name=\"twitter:card\" content=\"summary_large_image\" \/>\n<meta name=\"twitter:label1\" content=\"Estimated reading time\" \/>\n\t<meta name=\"twitter:data1\" content=\"1 minute\" \/>\n<script type=\"application\/ld+json\" class=\"yoast-schema-graph\">{\"@context\":\"https:\\\/\\\/schema.org\",\"@graph\":[{\"@type\":\"WebPage\",\"@id\":\"https:\\\/\\\/lahingupood.ee\\\/toode\\\/bataadi-kikerherne-karri-100g\\\/\",\"url\":\"https:\\\/\\\/lahingupood.ee\\\/toode\\\/bataadi-kikerherne-karri-100g\\\/\",\"name\":\"Bataadi-kikerherne karri 100g - Lahingurada e-pood\",\"isPartOf\":{\"@id\":\"https:\\\/\\\/lahingupood.ee\\\/#website\"},\"primaryImageOfPage\":{\"@id\":\"https:\\\/\\\/lahingupood.ee\\\/toode\\\/bataadi-kikerherne-karri-100g\\\/#primaryimage\"},\"image\":{\"@id\":\"https:\\\/\\\/lahingupood.ee\\\/toode\\\/bataadi-kikerherne-karri-100g\\\/#primaryimage\"},\"thumbnailUrl\":\"https:\\\/\\\/lahingupood.ee\\\/wp-content\\\/uploads\\\/2022\\\/08\\\/Sweet_Potato_Curry.png\",\"datePublished\":\"2022-08-04T14:28:45+00:00\",\"dateModified\":\"2026-05-16T09:30:02+00:00\",\"description\":\"Bataadi-kikerherne karri 100g M\u00f5nus magus roog Kasutatud k\u00f5rgekvaliteetseid koostisosasid M\u00f5nusa maitsega Naturaalne ja toodetud Eestis\u00a0\",\"breadcrumb\":{\"@id\":\"https:\\\/\\\/lahingupood.ee\\\/toode\\\/bataadi-kikerherne-karri-100g\\\/#breadcrumb\"},\"inLanguage\":\"en-GB\",\"potentialAction\":[{\"@type\":\"ReadAction\",\"target\":[\"https:\\\/\\\/lahingupood.ee\\\/toode\\\/bataadi-kikerherne-karri-100g\\\/\"]}]},{\"@type\":\"ImageObject\",\"inLanguage\":\"en-GB\",\"@id\":\"https:\\\/\\\/lahingupood.ee\\\/toode\\\/bataadi-kikerherne-karri-100g\\\/#primaryimage\",\"url\":\"https:\\\/\\\/lahingupood.ee\\\/wp-content\\\/uploads\\\/2022\\\/08\\\/Sweet_Potato_Curry.png\",\"contentUrl\":\"https:\\\/\\\/lahingupood.ee\\\/wp-content\\\/uploads\\\/2022\\\/08\\\/Sweet_Potato_Curry.png\",\"width\":1798,\"height\":1434,\"caption\":\"bataadi-kikerherne-karri-100g\"},{\"@type\":\"BreadcrumbList\",\"@id\":\"https:\\\/\\\/lahingupood.ee\\\/toode\\\/bataadi-kikerherne-karri-100g\\\/#breadcrumb\",\"itemListElement\":[{\"@type\":\"ListItem\",\"position\":1,\"name\":\"Home\",\"item\":\"https:\\\/\\\/lahingupood.ee\\\/\"},{\"@type\":\"ListItem\",\"position\":2,\"name\":\"Tooted\",\"item\":\"https:\\\/\\\/lahingupood.ee\\\/tooted\\\/\"},{\"@type\":\"ListItem\",\"position\":3,\"name\":\"Bataadi-kikerherne karri 100g\"}]},{\"@type\":\"WebSite\",\"@id\":\"https:\\\/\\\/lahingupood.ee\\\/#website\",\"url\":\"https:\\\/\\\/lahingupood.ee\\\/\",\"name\":\"Lahingurada e-pood\",\"description\":\"Airsoft\",\"publisher\":{\"@id\":\"https:\\\/\\\/lahingupood.ee\\\/#organization\"},\"potentialAction\":[{\"@type\":\"SearchAction\",\"target\":{\"@type\":\"EntryPoint\",\"urlTemplate\":\"https:\\\/\\\/lahingupood.ee\\\/?s={search_term_string}\"},\"query-input\":{\"@type\":\"PropertyValueSpecification\",\"valueRequired\":true,\"valueName\":\"search_term_string\"}}],\"inLanguage\":\"en-GB\"},{\"@type\":\"Organization\",\"@id\":\"https:\\\/\\\/lahingupood.ee\\\/#organization\",\"name\":\"Lahingurada\",\"url\":\"https:\\\/\\\/lahingupood.ee\\\/\",\"logo\":{\"@type\":\"ImageObject\",\"inLanguage\":\"en-GB\",\"@id\":\"https:\\\/\\\/lahingupood.ee\\\/#\\\/schema\\\/logo\\\/image\\\/\",\"url\":\"https:\\\/\\\/lahingupood.ee\\\/wp-content\\\/uploads\\\/2022\\\/03\\\/lahingurada-220318.jpg\",\"contentUrl\":\"https:\\\/\\\/lahingupood.ee\\\/wp-content\\\/uploads\\\/2022\\\/03\\\/lahingurada-220318.jpg\",\"width\":800,\"height\":500,\"caption\":\"Lahingurada\"},\"image\":{\"@id\":\"https:\\\/\\\/lahingupood.ee\\\/#\\\/schema\\\/logo\\\/image\\\/\"},\"sameAs\":[\"https:\\\/\\\/www.facebook.com\\\/Lahingurada-629940247212967\"]}]}<\/script>\n<!-- \/ Yoast SEO Premium plugin. -->","yoast_head_json":{"title":"Bataadi-kikerherne karri 100g - Lahingurada e-pood","description":"Bataadi-kikerherne karri 100g M\u00f5nus magus roog Kasutatud k\u00f5rgekvaliteetseid koostisosasid M\u00f5nusa maitsega Naturaalne ja toodetud Eestis\u00a0","robots":{"index":"index","follow":"follow","max-snippet":"max-snippet:-1","max-image-preview":"max-image-preview:large","max-video-preview":"max-video-preview:-1"},"canonical":"https:\/\/lahingupood.ee\/en\/product\/bataadi-kikerherne-karri-100g\/","og_locale":"en_GB","og_type":"article","og_title":"Bataadi-kikerherne karri 100g","og_description":"Bataadi-kikerherne karri 100g M\u00f5nus magus roog Kasutatud k\u00f5rgekvaliteetseid koostisosasid M\u00f5nusa maitsega Naturaalne ja toodetud Eestis\u00a0","og_url":"https:\/\/lahingupood.ee\/en\/product\/bataadi-kikerherne-karri-100g\/","og_site_name":"Lahingurada e-pood","article_publisher":"https:\/\/www.facebook.com\/Lahingurada-629940247212967","article_modified_time":"2026-05-16T09:30:02+00:00","og_image":[{"width":1798,"height":1434,"url":"https:\/\/lahingupood.ee\/wp-content\/uploads\/2022\/08\/Sweet_Potato_Curry.png","type":"image\/png"}],"twitter_card":"summary_large_image","twitter_misc":{"Estimated reading time":"1 minute"},"schema":{"@context":"https:\/\/schema.org","@graph":[{"@type":"WebPage","@id":"https:\/\/lahingupood.ee\/toode\/bataadi-kikerherne-karri-100g\/","url":"https:\/\/lahingupood.ee\/toode\/bataadi-kikerherne-karri-100g\/","name":"Bataadi-kikerherne karri 100g - Lahingurada e-pood","isPartOf":{"@id":"https:\/\/lahingupood.ee\/#website"},"primaryImageOfPage":{"@id":"https:\/\/lahingupood.ee\/toode\/bataadi-kikerherne-karri-100g\/#primaryimage"},"image":{"@id":"https:\/\/lahingupood.ee\/toode\/bataadi-kikerherne-karri-100g\/#primaryimage"},"thumbnailUrl":"https:\/\/lahingupood.ee\/wp-content\/uploads\/2022\/08\/Sweet_Potato_Curry.png","datePublished":"2022-08-04T14:28:45+00:00","dateModified":"2026-05-16T09:30:02+00:00","description":"Bataadi-kikerherne karri 100g M\u00f5nus magus roog Kasutatud k\u00f5rgekvaliteetseid koostisosasid M\u00f5nusa maitsega Naturaalne ja toodetud Eestis\u00a0","breadcrumb":{"@id":"https:\/\/lahingupood.ee\/toode\/bataadi-kikerherne-karri-100g\/#breadcrumb"},"inLanguage":"en-GB","potentialAction":[{"@type":"ReadAction","target":["https:\/\/lahingupood.ee\/toode\/bataadi-kikerherne-karri-100g\/"]}]},{"@type":"ImageObject","inLanguage":"en-GB","@id":"https:\/\/lahingupood.ee\/toode\/bataadi-kikerherne-karri-100g\/#primaryimage","url":"https:\/\/lahingupood.ee\/wp-content\/uploads\/2022\/08\/Sweet_Potato_Curry.png","contentUrl":"https:\/\/lahingupood.ee\/wp-content\/uploads\/2022\/08\/Sweet_Potato_Curry.png","width":1798,"height":1434,"caption":"bataadi-kikerherne-karri-100g"},{"@type":"BreadcrumbList","@id":"https:\/\/lahingupood.ee\/toode\/bataadi-kikerherne-karri-100g\/#breadcrumb","itemListElement":[{"@type":"ListItem","position":1,"name":"Home","item":"https:\/\/lahingupood.ee\/"},{"@type":"ListItem","position":2,"name":"Tooted","item":"https:\/\/lahingupood.ee\/tooted\/"},{"@type":"ListItem","position":3,"name":"Bataadi-kikerherne karri 100g"}]},{"@type":"WebSite","@id":"https:\/\/lahingupood.ee\/#website","url":"https:\/\/lahingupood.ee\/","name":"Lahingurada e-pood","description":"Airsoft","publisher":{"@id":"https:\/\/lahingupood.ee\/#organization"},"potentialAction":[{"@type":"SearchAction","target":{"@type":"EntryPoint","urlTemplate":"https:\/\/lahingupood.ee\/?s={search_term_string}"},"query-input":{"@type":"PropertyValueSpecification","valueRequired":true,"valueName":"search_term_string"}}],"inLanguage":"en-GB"},{"@type":"Organization","@id":"https:\/\/lahingupood.ee\/#organization","name":"Lahingurada","url":"https:\/\/lahingupood.ee\/","logo":{"@type":"ImageObject","inLanguage":"en-GB","@id":"https:\/\/lahingupood.ee\/#\/schema\/logo\/image\/","url":"https:\/\/lahingupood.ee\/wp-content\/uploads\/2022\/03\/lahingurada-220318.jpg","contentUrl":"https:\/\/lahingupood.ee\/wp-content\/uploads\/2022\/03\/lahingurada-220318.jpg","width":800,"height":500,"caption":"Lahingurada"},"image":{"@id":"https:\/\/lahingupood.ee\/#\/schema\/logo\/image\/"},"sameAs":["https:\/\/www.facebook.com\/Lahingurada-629940247212967"]}]}},"_links":{"self":[{"href":"https:\/\/lahingupood.ee\/en\/wp-json\/wp\/v2\/product\/1926","targetHints":{"allow":["GET"]}}],"collection":[{"href":"https:\/\/lahingupood.ee\/en\/wp-json\/wp\/v2\/product"}],"about":[{"href":"https:\/\/lahingupood.ee\/en\/wp-json\/wp\/v2\/types\/product"}],"wp:featuredmedia":[{"embeddable":true,"href":"https:\/\/lahingupood.ee\/en\/wp-json\/wp\/v2\/media\/1927"}],"wp:attachment":[{"href":"https:\/\/lahingupood.ee\/en\/wp-json\/wp\/v2\/media?parent=1926"}],"wp:term":[{"taxonomy":"product_brand","embeddable":true,"href":"https:\/\/lahingupood.ee\/en\/wp-json\/wp\/v2\/product_brand?post=1926"},{"taxonomy":"product_cat","embeddable":true,"href":"https:\/\/lahingupood.ee\/en\/wp-json\/wp\/v2\/product_cat?post=1926"},{"taxonomy":"product_tag","embeddable":true,"href":"https:\/\/lahingupood.ee\/en\/wp-json\/wp\/v2\/product_tag?post=1926"}],"curies":[{"name":"wp","href":"https:\/\/api.w.org\/{rel}","templated":true}]}}