{"id":1905,"date":"2022-08-04T13:45:46","date_gmt":"2022-08-04T10:45:46","guid":{"rendered":"https:\/\/lahingupood.ee\/?post_type=product&#038;p=1905"},"modified":"2026-04-12T20:30:02","modified_gmt":"2026-04-12T17:30:02","slug":"riisipuding-marjadega-90g","status":"publish","type":"product","link":"https:\/\/lahingupood.ee\/en\/product\/riisipuding-marjadega-90g\/","title":{"rendered":"Riisipuding marjadega 90g"},"content":{"rendered":"<p id=\"-product-title-10-51\" class=\"oxy-product-title product_title entry-title oxy-woo-element\">Riisipuding marjadega 90g<\/p>\n<ul>\n<li><span lang=\"ET\">Maitsev hommikus\u00f6\u00f6k, millele on lisatud 10% purustatud vaarikaid<\/span><\/li>\n<li><span lang=\"ET\">M\u00f5nusalt magus ja energiarikas puder annab piisavalt j\u00f5udu p\u00e4eva k\u00e4ima t\u00f5mbamiseks<\/span><\/li>\n<li><span lang=\"ET\">Naturaalne ja toodetud Eestis\u00a0<\/span><\/li>\n<li><span lang=\"ET\">Ei sisalda s\u00e4ilitus- ja lisaaineid<\/span><\/li>\n<li><span lang=\"ET\">Energiasisaldus portsjoni kohta on 425 kcal<\/span><\/li>\n<\/ul>\n<p><span lang=\"ET\">Maitsev hommikus\u00f6\u00f6k, millele on lisatud 10% purustatud vaarikaid. M\u00f5nusalt magus ja energiarikas puder annab piisavalt j\u00f5udu p\u00e4eva k\u00e4ima t\u00f5mbamiseks. Toode t\u00e4iesti naturaalne ja Eestimaine, ei sisalda s\u00e4ilitus- ja lisaaineid. Energiasisaldus portsjoni kohta on 425 kcal.<\/span><\/p>\n<p><strong>Koostisosad:<\/strong><br \/>\n<strong>Riis (72%),\u00a0piim, vaarikas (10%),\u00a0vahukoor, suhkur, sool.\u00a0Tulenevalt tootmisliinist v\u00f5ib toode sisaldada v\u00e4hesel m\u00e4\u00e4ral sellerit ja sinepit.<\/strong><\/p>\n<p>Naudi kui maitsvat hommikus\u00f6\u00f6ki v\u00f5i hoopis muu toidukorra j\u00e4rgselt magustoiduna!<\/p>\n<p>Parim enne: 8 aastat<\/p>","protected":false},"excerpt":{"rendered":"<p>Riisipuding marjadega 90g Maitsev hommikus\u00f6\u00f6k, millele on lisatud 10% purustatud vaarikaid M\u00f5nusalt magus ja energiarikas puder annab piisavalt j\u00f5udu p\u00e4eva k\u00e4ima t\u00f5mbamiseks Naturaalne ja toodetud Eestis\u00a0 Ei sisalda s\u00e4ilitus- ja lisaaineid Energiasisaldus portsjoni kohta on 425 kcal Maitsev hommikus\u00f6\u00f6k, millele on lisatud 10% purustatud vaarikaid. M\u00f5nusalt magus ja energiarikas puder annab piisavalt j\u00f5udu p\u00e4eva k\u00e4ima [&#8230;]\n","protected":false},"featured_media":1908,"template":"","meta":[],"product_brand":[],"product_cat":[77],"product_tag":[],"class_list":{"0":"post-1905","1":"product","2":"type-product","3":"status-publish","4":"has-post-thumbnail","6":"product_cat-sooduspakkumised","8":"first","9":"outofstock","10":"sale","11":"taxable","12":"shipping-taxable","13":"purchasable","14":"product-type-simple"},"yoast_head":"<!-- This site is optimized with the Yoast SEO Premium plugin v27.3 (Yoast SEO v27.3) - https:\/\/yoast.com\/product\/yoast-seo-premium-wordpress\/ -->\n<title>Riisipuding marjadega 90g - Lahingurada e-pood<\/title>\n<meta name=\"description\" content=\"Riisipuding marjadega 90g Maitsev hommikus\u00f6\u00f6k, millele on lisatud 10% purustatud vaarikaidM\u00f5nusalt magus ja energiarikas puder\" \/>\n<meta name=\"robots\" content=\"index, follow, max-snippet:-1, max-image-preview:large, max-video-preview:-1\" \/>\n<link rel=\"canonical\" href=\"https:\/\/lahingupood.ee\/en\/product\/riisipuding-marjadega-90g\/\" \/>\n<meta property=\"og:locale\" content=\"en_GB\" \/>\n<meta property=\"og:type\" content=\"article\" \/>\n<meta property=\"og:title\" content=\"Riisipuding marjadega 90g\" \/>\n<meta property=\"og:description\" content=\"Riisipuding marjadega 90g Maitsev hommikus\u00f6\u00f6k, millele on lisatud 10% purustatud vaarikaidM\u00f5nusalt magus ja energiarikas puder\" \/>\n<meta property=\"og:url\" content=\"https:\/\/lahingupood.ee\/en\/product\/riisipuding-marjadega-90g\/\" \/>\n<meta property=\"og:site_name\" content=\"Lahingurada e-pood\" \/>\n<meta property=\"article:publisher\" content=\"https:\/\/www.facebook.com\/Lahingurada-629940247212967\" \/>\n<meta property=\"article:modified_time\" content=\"2026-04-12T17:30:02+00:00\" \/>\n<meta property=\"og:image\" content=\"https:\/\/lahingupood.ee\/wp-content\/uploads\/2022\/08\/Rice_pudding_berries-1.png\" \/>\n\t<meta property=\"og:image:width\" content=\"1354\" \/>\n\t<meta property=\"og:image:height\" content=\"1080\" \/>\n\t<meta property=\"og:image:type\" content=\"image\/png\" \/>\n<meta name=\"twitter:card\" content=\"summary_large_image\" \/>\n<meta name=\"twitter:label1\" content=\"Estimated reading time\" \/>\n\t<meta name=\"twitter:data1\" content=\"1 minute\" \/>\n<script type=\"application\/ld+json\" class=\"yoast-schema-graph\">{\"@context\":\"https:\\\/\\\/schema.org\",\"@graph\":[{\"@type\":\"WebPage\",\"@id\":\"https:\\\/\\\/lahingupood.ee\\\/toode\\\/riisipuding-marjadega-90g\\\/\",\"url\":\"https:\\\/\\\/lahingupood.ee\\\/toode\\\/riisipuding-marjadega-90g\\\/\",\"name\":\"Riisipuding marjadega 90g - Lahingurada e-pood\",\"isPartOf\":{\"@id\":\"https:\\\/\\\/lahingupood.ee\\\/#website\"},\"primaryImageOfPage\":{\"@id\":\"https:\\\/\\\/lahingupood.ee\\\/toode\\\/riisipuding-marjadega-90g\\\/#primaryimage\"},\"image\":{\"@id\":\"https:\\\/\\\/lahingupood.ee\\\/toode\\\/riisipuding-marjadega-90g\\\/#primaryimage\"},\"thumbnailUrl\":\"https:\\\/\\\/lahingupood.ee\\\/wp-content\\\/uploads\\\/2022\\\/08\\\/Rice_pudding_berries-1.png\",\"datePublished\":\"2022-08-04T10:45:46+00:00\",\"dateModified\":\"2026-04-12T17:30:02+00:00\",\"description\":\"Riisipuding marjadega 90g Maitsev hommikus\u00f6\u00f6k, millele on lisatud 10% purustatud vaarikaidM\u00f5nusalt magus ja energiarikas puder\",\"breadcrumb\":{\"@id\":\"https:\\\/\\\/lahingupood.ee\\\/toode\\\/riisipuding-marjadega-90g\\\/#breadcrumb\"},\"inLanguage\":\"en-GB\",\"potentialAction\":[{\"@type\":\"ReadAction\",\"target\":[\"https:\\\/\\\/lahingupood.ee\\\/toode\\\/riisipuding-marjadega-90g\\\/\"]}]},{\"@type\":\"ImageObject\",\"inLanguage\":\"en-GB\",\"@id\":\"https:\\\/\\\/lahingupood.ee\\\/toode\\\/riisipuding-marjadega-90g\\\/#primaryimage\",\"url\":\"https:\\\/\\\/lahingupood.ee\\\/wp-content\\\/uploads\\\/2022\\\/08\\\/Rice_pudding_berries-1.png\",\"contentUrl\":\"https:\\\/\\\/lahingupood.ee\\\/wp-content\\\/uploads\\\/2022\\\/08\\\/Rice_pudding_berries-1.png\",\"width\":1354,\"height\":1080,\"caption\":\"riisipuding-marjadega-90g\"},{\"@type\":\"BreadcrumbList\",\"@id\":\"https:\\\/\\\/lahingupood.ee\\\/toode\\\/riisipuding-marjadega-90g\\\/#breadcrumb\",\"itemListElement\":[{\"@type\":\"ListItem\",\"position\":1,\"name\":\"Home\",\"item\":\"https:\\\/\\\/lahingupood.ee\\\/\"},{\"@type\":\"ListItem\",\"position\":2,\"name\":\"Tooted\",\"item\":\"https:\\\/\\\/lahingupood.ee\\\/tooted\\\/\"},{\"@type\":\"ListItem\",\"position\":3,\"name\":\"Riisipuding marjadega 90g\"}]},{\"@type\":\"WebSite\",\"@id\":\"https:\\\/\\\/lahingupood.ee\\\/#website\",\"url\":\"https:\\\/\\\/lahingupood.ee\\\/\",\"name\":\"Lahingurada e-pood\",\"description\":\"Airsoft\",\"publisher\":{\"@id\":\"https:\\\/\\\/lahingupood.ee\\\/#organization\"},\"potentialAction\":[{\"@type\":\"SearchAction\",\"target\":{\"@type\":\"EntryPoint\",\"urlTemplate\":\"https:\\\/\\\/lahingupood.ee\\\/?s={search_term_string}\"},\"query-input\":{\"@type\":\"PropertyValueSpecification\",\"valueRequired\":true,\"valueName\":\"search_term_string\"}}],\"inLanguage\":\"en-GB\"},{\"@type\":\"Organization\",\"@id\":\"https:\\\/\\\/lahingupood.ee\\\/#organization\",\"name\":\"Lahingurada\",\"url\":\"https:\\\/\\\/lahingupood.ee\\\/\",\"logo\":{\"@type\":\"ImageObject\",\"inLanguage\":\"en-GB\",\"@id\":\"https:\\\/\\\/lahingupood.ee\\\/#\\\/schema\\\/logo\\\/image\\\/\",\"url\":\"https:\\\/\\\/lahingupood.ee\\\/wp-content\\\/uploads\\\/2022\\\/03\\\/lahingurada-220318.jpg\",\"contentUrl\":\"https:\\\/\\\/lahingupood.ee\\\/wp-content\\\/uploads\\\/2022\\\/03\\\/lahingurada-220318.jpg\",\"width\":800,\"height\":500,\"caption\":\"Lahingurada\"},\"image\":{\"@id\":\"https:\\\/\\\/lahingupood.ee\\\/#\\\/schema\\\/logo\\\/image\\\/\"},\"sameAs\":[\"https:\\\/\\\/www.facebook.com\\\/Lahingurada-629940247212967\"]}]}<\/script>\n<!-- \/ Yoast SEO Premium plugin. -->","yoast_head_json":{"title":"Riisipuding marjadega 90g - Lahingurada e-pood","description":"Riisipuding marjadega 90g Maitsev hommikus\u00f6\u00f6k, millele on lisatud 10% purustatud vaarikaidM\u00f5nusalt magus ja energiarikas puder","robots":{"index":"index","follow":"follow","max-snippet":"max-snippet:-1","max-image-preview":"max-image-preview:large","max-video-preview":"max-video-preview:-1"},"canonical":"https:\/\/lahingupood.ee\/en\/product\/riisipuding-marjadega-90g\/","og_locale":"en_GB","og_type":"article","og_title":"Riisipuding marjadega 90g","og_description":"Riisipuding marjadega 90g Maitsev hommikus\u00f6\u00f6k, millele on lisatud 10% purustatud vaarikaidM\u00f5nusalt magus ja energiarikas puder","og_url":"https:\/\/lahingupood.ee\/en\/product\/riisipuding-marjadega-90g\/","og_site_name":"Lahingurada e-pood","article_publisher":"https:\/\/www.facebook.com\/Lahingurada-629940247212967","article_modified_time":"2026-04-12T17:30:02+00:00","og_image":[{"width":1354,"height":1080,"url":"https:\/\/lahingupood.ee\/wp-content\/uploads\/2022\/08\/Rice_pudding_berries-1.png","type":"image\/png"}],"twitter_card":"summary_large_image","twitter_misc":{"Estimated reading time":"1 minute"},"schema":{"@context":"https:\/\/schema.org","@graph":[{"@type":"WebPage","@id":"https:\/\/lahingupood.ee\/toode\/riisipuding-marjadega-90g\/","url":"https:\/\/lahingupood.ee\/toode\/riisipuding-marjadega-90g\/","name":"Riisipuding marjadega 90g - Lahingurada e-pood","isPartOf":{"@id":"https:\/\/lahingupood.ee\/#website"},"primaryImageOfPage":{"@id":"https:\/\/lahingupood.ee\/toode\/riisipuding-marjadega-90g\/#primaryimage"},"image":{"@id":"https:\/\/lahingupood.ee\/toode\/riisipuding-marjadega-90g\/#primaryimage"},"thumbnailUrl":"https:\/\/lahingupood.ee\/wp-content\/uploads\/2022\/08\/Rice_pudding_berries-1.png","datePublished":"2022-08-04T10:45:46+00:00","dateModified":"2026-04-12T17:30:02+00:00","description":"Riisipuding marjadega 90g Maitsev hommikus\u00f6\u00f6k, millele on lisatud 10% purustatud vaarikaidM\u00f5nusalt magus ja energiarikas puder","breadcrumb":{"@id":"https:\/\/lahingupood.ee\/toode\/riisipuding-marjadega-90g\/#breadcrumb"},"inLanguage":"en-GB","potentialAction":[{"@type":"ReadAction","target":["https:\/\/lahingupood.ee\/toode\/riisipuding-marjadega-90g\/"]}]},{"@type":"ImageObject","inLanguage":"en-GB","@id":"https:\/\/lahingupood.ee\/toode\/riisipuding-marjadega-90g\/#primaryimage","url":"https:\/\/lahingupood.ee\/wp-content\/uploads\/2022\/08\/Rice_pudding_berries-1.png","contentUrl":"https:\/\/lahingupood.ee\/wp-content\/uploads\/2022\/08\/Rice_pudding_berries-1.png","width":1354,"height":1080,"caption":"riisipuding-marjadega-90g"},{"@type":"BreadcrumbList","@id":"https:\/\/lahingupood.ee\/toode\/riisipuding-marjadega-90g\/#breadcrumb","itemListElement":[{"@type":"ListItem","position":1,"name":"Home","item":"https:\/\/lahingupood.ee\/"},{"@type":"ListItem","position":2,"name":"Tooted","item":"https:\/\/lahingupood.ee\/tooted\/"},{"@type":"ListItem","position":3,"name":"Riisipuding marjadega 90g"}]},{"@type":"WebSite","@id":"https:\/\/lahingupood.ee\/#website","url":"https:\/\/lahingupood.ee\/","name":"Lahingurada e-pood","description":"Airsoft","publisher":{"@id":"https:\/\/lahingupood.ee\/#organization"},"potentialAction":[{"@type":"SearchAction","target":{"@type":"EntryPoint","urlTemplate":"https:\/\/lahingupood.ee\/?s={search_term_string}"},"query-input":{"@type":"PropertyValueSpecification","valueRequired":true,"valueName":"search_term_string"}}],"inLanguage":"en-GB"},{"@type":"Organization","@id":"https:\/\/lahingupood.ee\/#organization","name":"Lahingurada","url":"https:\/\/lahingupood.ee\/","logo":{"@type":"ImageObject","inLanguage":"en-GB","@id":"https:\/\/lahingupood.ee\/#\/schema\/logo\/image\/","url":"https:\/\/lahingupood.ee\/wp-content\/uploads\/2022\/03\/lahingurada-220318.jpg","contentUrl":"https:\/\/lahingupood.ee\/wp-content\/uploads\/2022\/03\/lahingurada-220318.jpg","width":800,"height":500,"caption":"Lahingurada"},"image":{"@id":"https:\/\/lahingupood.ee\/#\/schema\/logo\/image\/"},"sameAs":["https:\/\/www.facebook.com\/Lahingurada-629940247212967"]}]}},"_links":{"self":[{"href":"https:\/\/lahingupood.ee\/en\/wp-json\/wp\/v2\/product\/1905","targetHints":{"allow":["GET"]}}],"collection":[{"href":"https:\/\/lahingupood.ee\/en\/wp-json\/wp\/v2\/product"}],"about":[{"href":"https:\/\/lahingupood.ee\/en\/wp-json\/wp\/v2\/types\/product"}],"wp:featuredmedia":[{"embeddable":true,"href":"https:\/\/lahingupood.ee\/en\/wp-json\/wp\/v2\/media\/1908"}],"wp:attachment":[{"href":"https:\/\/lahingupood.ee\/en\/wp-json\/wp\/v2\/media?parent=1905"}],"wp:term":[{"taxonomy":"product_brand","embeddable":true,"href":"https:\/\/lahingupood.ee\/en\/wp-json\/wp\/v2\/product_brand?post=1905"},{"taxonomy":"product_cat","embeddable":true,"href":"https:\/\/lahingupood.ee\/en\/wp-json\/wp\/v2\/product_cat?post=1905"},{"taxonomy":"product_tag","embeddable":true,"href":"https:\/\/lahingupood.ee\/en\/wp-json\/wp\/v2\/product_tag?post=1905"}],"curies":[{"name":"wp","href":"https:\/\/api.w.org\/{rel}","templated":true}]}}