{"id":1857,"date":"2022-07-27T11:22:26","date_gmt":"2022-07-27T08:22:26","guid":{"rendered":"https:\/\/lahingupood.ee\/?post_type=product&#038;p=1857"},"modified":"2022-10-15T10:56:44","modified_gmt":"2022-10-15T07:56:44","slug":"dipol-d125-nvg-oovaatlusseade-gen1","status":"publish","type":"product","link":"https:\/\/lahingupood.ee\/en\/product\/dipol-d125-nvg-oovaatlusseade-gen1\/","title":{"rendered":"Dipol D125 NVG \u00f6\u00f6vaatlusseade Gen1"},"content":{"rendered":"<p>Dipol D125 NVG \u00f6\u00f6vaatlusseade Gen1<\/p>\n<p>D125-4x generatsioon 1 t\u00fc\u00fcpi \u00f6\u00f6vaatlusseade (Night vision goggle) tootjalt Dipol. V\u00e4ga praktiline seade h\u00e4marates ja t\u00e4iesti pimedates olukordades. Saab kasutada koos IR valgustusega. Korpus on tehtud vastupidavast p\u00f5rutuskindlast alumiiniumist. Objektiivi l\u00e4\u00e4ts on 52mm; pildi sensor kuvab kuni 300 mA\/luminit resolutsiooniga 35 liini\/mm kohta. Vaatev\u00e4li 12 protsenti. V\u00f5imalik tuvastada objekte isegi 240m kauguselt (n\u00e4iteks objekt suurusega 0.5 x 1.8m). Seadmel on kaitse liiga eredate valguste suhtes. Infra illuminaatoril on tugevus 110 mW, mis on palju tugevam kui tavaliselt genereeritav 30-40 mW. T\u00f6\u00f6tab kahe LR1 t\u00fc\u00fcpi patareiga, mis hoiavad seadet t\u00f6\u00f6s kuni 30h (ilma IR valgustuseta). Kaal: 490g; M\u00f5\u00f5dud: 204x58x74mm. V\u00f5imalik kombineerida koos kiivri- ja peakinnitustega. Komplekti kuulub kandekott ja manuaal.<\/p>","protected":false},"excerpt":{"rendered":"<p>Dipol D125 NVG \u00f6\u00f6vaatlusseade Gen1 D125-4x generatsioon 1 t\u00fc\u00fcpi \u00f6\u00f6vaatlusseade (Night vision goggle) tootjalt Dipol. V\u00e4ga praktiline seade h\u00e4marates ja t\u00e4iesti pimedates olukordades. Saab kasutada koos IR valgustusega. Korpus on tehtud vastupidavast p\u00f5rutuskindlast alumiiniumist. Objektiivi l\u00e4\u00e4ts on 52mm; pildi sensor kuvab kuni 300 mA\/luminit resolutsiooniga 35 liini\/mm kohta. Vaatev\u00e4li 12 protsenti. V\u00f5imalik tuvastada objekte isegi [&#8230;]\n","protected":false},"featured_media":1859,"template":"","meta":[],"product_brand":[],"product_cat":[96,77],"product_tag":[],"class_list":{"0":"post-1857","1":"product","2":"type-product","3":"status-publish","4":"has-post-thumbnail","6":"product_cat-muu-kasulik-kraam","7":"product_cat-sooduspakkumised","9":"first","10":"outofstock","11":"sale","12":"taxable","13":"shipping-taxable","14":"purchasable","15":"product-type-simple"},"yoast_head":"<!-- This site is optimized with the Yoast SEO Premium plugin v27.3 (Yoast SEO v27.3) - https:\/\/yoast.com\/product\/yoast-seo-premium-wordpress\/ -->\n<title>Dipol D125 NVG \u00f6\u00f6vaatlusseade Gen1 - Lahingurada e-pood<\/title>\n<meta name=\"robots\" content=\"index, follow, max-snippet:-1, max-image-preview:large, max-video-preview:-1\" \/>\n<link rel=\"canonical\" href=\"https:\/\/lahingupood.ee\/en\/product\/dipol-d125-nvg-oovaatlusseade-gen1\/\" \/>\n<meta property=\"og:locale\" content=\"en_GB\" \/>\n<meta property=\"og:type\" content=\"article\" \/>\n<meta property=\"og:title\" content=\"Dipol D125 NVG \u00f6\u00f6vaatlusseade Gen1\" \/>\n<meta property=\"og:description\" content=\"Dipol D125 NVG \u00f6\u00f6vaatlusseade Gen1 D125-4x generatsioon 1 t\u00fc\u00fcpi \u00f6\u00f6vaatlusseade (Night vision goggle) tootjalt Dipol. V\u00e4ga praktiline seade h\u00e4marates ja t\u00e4iesti pimedates olukordades. Saab kasutada koos IR valgustusega. Korpus on tehtud vastupidavast p\u00f5rutuskindlast alumiiniumist. Objektiivi l\u00e4\u00e4ts on 52mm; pildi sensor kuvab kuni 300 mA\/luminit resolutsiooniga 35 liini\/mm kohta. Vaatev\u00e4li 12 protsenti. V\u00f5imalik tuvastada objekte isegi [...]\" \/>\n<meta property=\"og:url\" content=\"https:\/\/lahingupood.ee\/en\/product\/dipol-d125-nvg-oovaatlusseade-gen1\/\" \/>\n<meta property=\"og:site_name\" content=\"Lahingurada e-pood\" \/>\n<meta property=\"article:publisher\" content=\"https:\/\/www.facebook.com\/Lahingurada-629940247212967\" \/>\n<meta property=\"article:modified_time\" content=\"2022-10-15T07:56:44+00:00\" \/>\n<meta property=\"og:image\" content=\"https:\/\/lahingupood.ee\/wp-content\/uploads\/2022\/07\/dipol-night-vision-monocular-d125-4-x-magnification-gen-i-field-sports-12020-p.jpeg\" \/>\n\t<meta property=\"og:image:width\" content=\"1000\" \/>\n\t<meta property=\"og:image:height\" content=\"1000\" \/>\n\t<meta property=\"og:image:type\" content=\"image\/jpeg\" \/>\n<meta name=\"twitter:card\" content=\"summary_large_image\" \/>\n<meta name=\"twitter:label1\" content=\"Estimated reading time\" \/>\n\t<meta name=\"twitter:data1\" content=\"1 minute\" \/>\n<script type=\"application\/ld+json\" class=\"yoast-schema-graph\">{\"@context\":\"https:\\\/\\\/schema.org\",\"@graph\":[{\"@type\":\"WebPage\",\"@id\":\"https:\\\/\\\/lahingupood.ee\\\/toode\\\/dipol-d125-nvg-oovaatlusseade-gen1\\\/\",\"url\":\"https:\\\/\\\/lahingupood.ee\\\/toode\\\/dipol-d125-nvg-oovaatlusseade-gen1\\\/\",\"name\":\"Dipol D125 NVG \u00f6\u00f6vaatlusseade Gen1 - Lahingurada e-pood\",\"isPartOf\":{\"@id\":\"https:\\\/\\\/lahingupood.ee\\\/#website\"},\"primaryImageOfPage\":{\"@id\":\"https:\\\/\\\/lahingupood.ee\\\/toode\\\/dipol-d125-nvg-oovaatlusseade-gen1\\\/#primaryimage\"},\"image\":{\"@id\":\"https:\\\/\\\/lahingupood.ee\\\/toode\\\/dipol-d125-nvg-oovaatlusseade-gen1\\\/#primaryimage\"},\"thumbnailUrl\":\"https:\\\/\\\/lahingupood.ee\\\/wp-content\\\/uploads\\\/2022\\\/07\\\/dipol-night-vision-monocular-d125-4-x-magnification-gen-i-field-sports-12020-p.jpeg\",\"datePublished\":\"2022-07-27T08:22:26+00:00\",\"dateModified\":\"2022-10-15T07:56:44+00:00\",\"breadcrumb\":{\"@id\":\"https:\\\/\\\/lahingupood.ee\\\/toode\\\/dipol-d125-nvg-oovaatlusseade-gen1\\\/#breadcrumb\"},\"inLanguage\":\"en-GB\",\"potentialAction\":[{\"@type\":\"ReadAction\",\"target\":[\"https:\\\/\\\/lahingupood.ee\\\/toode\\\/dipol-d125-nvg-oovaatlusseade-gen1\\\/\"]}]},{\"@type\":\"ImageObject\",\"inLanguage\":\"en-GB\",\"@id\":\"https:\\\/\\\/lahingupood.ee\\\/toode\\\/dipol-d125-nvg-oovaatlusseade-gen1\\\/#primaryimage\",\"url\":\"https:\\\/\\\/lahingupood.ee\\\/wp-content\\\/uploads\\\/2022\\\/07\\\/dipol-night-vision-monocular-d125-4-x-magnification-gen-i-field-sports-12020-p.jpeg\",\"contentUrl\":\"https:\\\/\\\/lahingupood.ee\\\/wp-content\\\/uploads\\\/2022\\\/07\\\/dipol-night-vision-monocular-d125-4-x-magnification-gen-i-field-sports-12020-p.jpeg\",\"width\":1000,\"height\":1000,\"caption\":\"dipol-d125-nvg-oovaatlusseade-gen1\"},{\"@type\":\"BreadcrumbList\",\"@id\":\"https:\\\/\\\/lahingupood.ee\\\/toode\\\/dipol-d125-nvg-oovaatlusseade-gen1\\\/#breadcrumb\",\"itemListElement\":[{\"@type\":\"ListItem\",\"position\":1,\"name\":\"Home\",\"item\":\"https:\\\/\\\/lahingupood.ee\\\/\"},{\"@type\":\"ListItem\",\"position\":2,\"name\":\"Tooted\",\"item\":\"https:\\\/\\\/lahingupood.ee\\\/tooted\\\/\"},{\"@type\":\"ListItem\",\"position\":3,\"name\":\"Dipol D125 NVG \u00f6\u00f6vaatlusseade Gen1\"}]},{\"@type\":\"WebSite\",\"@id\":\"https:\\\/\\\/lahingupood.ee\\\/#website\",\"url\":\"https:\\\/\\\/lahingupood.ee\\\/\",\"name\":\"Lahingurada e-pood\",\"description\":\"Airsoft\",\"publisher\":{\"@id\":\"https:\\\/\\\/lahingupood.ee\\\/#organization\"},\"potentialAction\":[{\"@type\":\"SearchAction\",\"target\":{\"@type\":\"EntryPoint\",\"urlTemplate\":\"https:\\\/\\\/lahingupood.ee\\\/?s={search_term_string}\"},\"query-input\":{\"@type\":\"PropertyValueSpecification\",\"valueRequired\":true,\"valueName\":\"search_term_string\"}}],\"inLanguage\":\"en-GB\"},{\"@type\":\"Organization\",\"@id\":\"https:\\\/\\\/lahingupood.ee\\\/#organization\",\"name\":\"Lahingurada\",\"url\":\"https:\\\/\\\/lahingupood.ee\\\/\",\"logo\":{\"@type\":\"ImageObject\",\"inLanguage\":\"en-GB\",\"@id\":\"https:\\\/\\\/lahingupood.ee\\\/#\\\/schema\\\/logo\\\/image\\\/\",\"url\":\"https:\\\/\\\/lahingupood.ee\\\/wp-content\\\/uploads\\\/2022\\\/03\\\/lahingurada-220318.jpg\",\"contentUrl\":\"https:\\\/\\\/lahingupood.ee\\\/wp-content\\\/uploads\\\/2022\\\/03\\\/lahingurada-220318.jpg\",\"width\":800,\"height\":500,\"caption\":\"Lahingurada\"},\"image\":{\"@id\":\"https:\\\/\\\/lahingupood.ee\\\/#\\\/schema\\\/logo\\\/image\\\/\"},\"sameAs\":[\"https:\\\/\\\/www.facebook.com\\\/Lahingurada-629940247212967\"]}]}<\/script>\n<!-- \/ Yoast SEO Premium plugin. -->","yoast_head_json":{"title":"Dipol D125 NVG \u00f6\u00f6vaatlusseade Gen1 - Lahingurada e-pood","robots":{"index":"index","follow":"follow","max-snippet":"max-snippet:-1","max-image-preview":"max-image-preview:large","max-video-preview":"max-video-preview:-1"},"canonical":"https:\/\/lahingupood.ee\/en\/product\/dipol-d125-nvg-oovaatlusseade-gen1\/","og_locale":"en_GB","og_type":"article","og_title":"Dipol D125 NVG \u00f6\u00f6vaatlusseade Gen1","og_description":"Dipol D125 NVG \u00f6\u00f6vaatlusseade Gen1 D125-4x generatsioon 1 t\u00fc\u00fcpi \u00f6\u00f6vaatlusseade (Night vision goggle) tootjalt Dipol. V\u00e4ga praktiline seade h\u00e4marates ja t\u00e4iesti pimedates olukordades. Saab kasutada koos IR valgustusega. Korpus on tehtud vastupidavast p\u00f5rutuskindlast alumiiniumist. Objektiivi l\u00e4\u00e4ts on 52mm; pildi sensor kuvab kuni 300 mA\/luminit resolutsiooniga 35 liini\/mm kohta. Vaatev\u00e4li 12 protsenti. V\u00f5imalik tuvastada objekte isegi [...]","og_url":"https:\/\/lahingupood.ee\/en\/product\/dipol-d125-nvg-oovaatlusseade-gen1\/","og_site_name":"Lahingurada e-pood","article_publisher":"https:\/\/www.facebook.com\/Lahingurada-629940247212967","article_modified_time":"2022-10-15T07:56:44+00:00","og_image":[{"width":1000,"height":1000,"url":"https:\/\/lahingupood.ee\/wp-content\/uploads\/2022\/07\/dipol-night-vision-monocular-d125-4-x-magnification-gen-i-field-sports-12020-p.jpeg","type":"image\/jpeg"}],"twitter_card":"summary_large_image","twitter_misc":{"Estimated reading time":"1 minute"},"schema":{"@context":"https:\/\/schema.org","@graph":[{"@type":"WebPage","@id":"https:\/\/lahingupood.ee\/toode\/dipol-d125-nvg-oovaatlusseade-gen1\/","url":"https:\/\/lahingupood.ee\/toode\/dipol-d125-nvg-oovaatlusseade-gen1\/","name":"Dipol D125 NVG \u00f6\u00f6vaatlusseade Gen1 - Lahingurada e-pood","isPartOf":{"@id":"https:\/\/lahingupood.ee\/#website"},"primaryImageOfPage":{"@id":"https:\/\/lahingupood.ee\/toode\/dipol-d125-nvg-oovaatlusseade-gen1\/#primaryimage"},"image":{"@id":"https:\/\/lahingupood.ee\/toode\/dipol-d125-nvg-oovaatlusseade-gen1\/#primaryimage"},"thumbnailUrl":"https:\/\/lahingupood.ee\/wp-content\/uploads\/2022\/07\/dipol-night-vision-monocular-d125-4-x-magnification-gen-i-field-sports-12020-p.jpeg","datePublished":"2022-07-27T08:22:26+00:00","dateModified":"2022-10-15T07:56:44+00:00","breadcrumb":{"@id":"https:\/\/lahingupood.ee\/toode\/dipol-d125-nvg-oovaatlusseade-gen1\/#breadcrumb"},"inLanguage":"en-GB","potentialAction":[{"@type":"ReadAction","target":["https:\/\/lahingupood.ee\/toode\/dipol-d125-nvg-oovaatlusseade-gen1\/"]}]},{"@type":"ImageObject","inLanguage":"en-GB","@id":"https:\/\/lahingupood.ee\/toode\/dipol-d125-nvg-oovaatlusseade-gen1\/#primaryimage","url":"https:\/\/lahingupood.ee\/wp-content\/uploads\/2022\/07\/dipol-night-vision-monocular-d125-4-x-magnification-gen-i-field-sports-12020-p.jpeg","contentUrl":"https:\/\/lahingupood.ee\/wp-content\/uploads\/2022\/07\/dipol-night-vision-monocular-d125-4-x-magnification-gen-i-field-sports-12020-p.jpeg","width":1000,"height":1000,"caption":"dipol-d125-nvg-oovaatlusseade-gen1"},{"@type":"BreadcrumbList","@id":"https:\/\/lahingupood.ee\/toode\/dipol-d125-nvg-oovaatlusseade-gen1\/#breadcrumb","itemListElement":[{"@type":"ListItem","position":1,"name":"Home","item":"https:\/\/lahingupood.ee\/"},{"@type":"ListItem","position":2,"name":"Tooted","item":"https:\/\/lahingupood.ee\/tooted\/"},{"@type":"ListItem","position":3,"name":"Dipol D125 NVG \u00f6\u00f6vaatlusseade Gen1"}]},{"@type":"WebSite","@id":"https:\/\/lahingupood.ee\/#website","url":"https:\/\/lahingupood.ee\/","name":"Lahingurada e-pood","description":"Airsoft","publisher":{"@id":"https:\/\/lahingupood.ee\/#organization"},"potentialAction":[{"@type":"SearchAction","target":{"@type":"EntryPoint","urlTemplate":"https:\/\/lahingupood.ee\/?s={search_term_string}"},"query-input":{"@type":"PropertyValueSpecification","valueRequired":true,"valueName":"search_term_string"}}],"inLanguage":"en-GB"},{"@type":"Organization","@id":"https:\/\/lahingupood.ee\/#organization","name":"Lahingurada","url":"https:\/\/lahingupood.ee\/","logo":{"@type":"ImageObject","inLanguage":"en-GB","@id":"https:\/\/lahingupood.ee\/#\/schema\/logo\/image\/","url":"https:\/\/lahingupood.ee\/wp-content\/uploads\/2022\/03\/lahingurada-220318.jpg","contentUrl":"https:\/\/lahingupood.ee\/wp-content\/uploads\/2022\/03\/lahingurada-220318.jpg","width":800,"height":500,"caption":"Lahingurada"},"image":{"@id":"https:\/\/lahingupood.ee\/#\/schema\/logo\/image\/"},"sameAs":["https:\/\/www.facebook.com\/Lahingurada-629940247212967"]}]}},"_links":{"self":[{"href":"https:\/\/lahingupood.ee\/en\/wp-json\/wp\/v2\/product\/1857","targetHints":{"allow":["GET"]}}],"collection":[{"href":"https:\/\/lahingupood.ee\/en\/wp-json\/wp\/v2\/product"}],"about":[{"href":"https:\/\/lahingupood.ee\/en\/wp-json\/wp\/v2\/types\/product"}],"wp:featuredmedia":[{"embeddable":true,"href":"https:\/\/lahingupood.ee\/en\/wp-json\/wp\/v2\/media\/1859"}],"wp:attachment":[{"href":"https:\/\/lahingupood.ee\/en\/wp-json\/wp\/v2\/media?parent=1857"}],"wp:term":[{"taxonomy":"product_brand","embeddable":true,"href":"https:\/\/lahingupood.ee\/en\/wp-json\/wp\/v2\/product_brand?post=1857"},{"taxonomy":"product_cat","embeddable":true,"href":"https:\/\/lahingupood.ee\/en\/wp-json\/wp\/v2\/product_cat?post=1857"},{"taxonomy":"product_tag","embeddable":true,"href":"https:\/\/lahingupood.ee\/en\/wp-json\/wp\/v2\/product_tag?post=1857"}],"curies":[{"name":"wp","href":"https:\/\/api.w.org\/{rel}","templated":true}]}}