{"id":1842,"date":"2022-07-22T17:09:02","date_gmt":"2022-07-22T14:09:02","guid":{"rendered":"https:\/\/lahingupood.ee\/?post_type=product&#038;p=1842"},"modified":"2026-04-12T20:00:05","modified_gmt":"2026-04-12T17:00:05","slug":"pps-6-03-steel-precision-inner-barrell-400mm","status":"publish","type":"product","link":"https:\/\/lahingupood.ee\/en\/product\/pps-6-03-steel-precision-inner-barrell-400mm\/","title":{"rendered":"PPS 6.03 steel precision inner barrell &#8211; 400mm"},"content":{"rendered":"<p>PPS 6.03 steel precision inner barrell &#8211; 400mm<\/p>\n<p>T\u00fcpsustoru pikemate Airsoft relvade t\u00e4psuse t\u00f5stmiseks. Eeldab 0 type silindri kasutamist.<\/p>","protected":false},"excerpt":{"rendered":"<p>PPS 6.03 steel precision inner barrell &#8211; 400mm T\u00fcpsustoru pikemate Airsoft relvade t\u00e4psuse t\u00f5stmiseks. Eeldab 0 type silindri kasutamist.<\/p>","protected":false},"featured_media":1843,"template":"","meta":[],"product_brand":[],"product_cat":[98],"product_tag":[],"class_list":{"0":"post-1842","1":"product","2":"type-product","3":"status-publish","4":"has-post-thumbnail","6":"product_cat-sisetorud","8":"first","9":"outofstock","10":"taxable","11":"shipping-taxable","12":"purchasable","13":"product-type-simple"},"yoast_head":"<!-- This site is optimized with the Yoast SEO Premium plugin v27.3 (Yoast SEO v27.3) - https:\/\/yoast.com\/product\/yoast-seo-premium-wordpress\/ -->\n<title>PPS 6.03 steel precision inner barrell - 400mm -<\/title>\n<meta name=\"description\" content=\"PPS 6.03 steel precision inner barrell - 400mm T\u00fcpsustoru pikemate Airsoft relvade t\u00e4psuse t\u00f5stmiseks. Eeldab 0 type silindri kasutamist.\" \/>\n<meta name=\"robots\" content=\"index, follow, max-snippet:-1, max-image-preview:large, max-video-preview:-1\" \/>\n<link rel=\"canonical\" href=\"https:\/\/lahingupood.ee\/en\/product\/pps-6-03-steel-precision-inner-barrell-400mm\/\" \/>\n<meta property=\"og:locale\" content=\"en_GB\" \/>\n<meta property=\"og:type\" content=\"article\" \/>\n<meta property=\"og:title\" content=\"PPS 6.03 steel precision inner barrell - 400mm\" \/>\n<meta property=\"og:description\" content=\"PPS 6.03 steel precision inner barrell - 400mm T\u00fcpsustoru pikemate Airsoft relvade t\u00e4psuse t\u00f5stmiseks. Eeldab 0 type silindri kasutamist.\" \/>\n<meta property=\"og:url\" content=\"https:\/\/lahingupood.ee\/en\/product\/pps-6-03-steel-precision-inner-barrell-400mm\/\" \/>\n<meta property=\"og:site_name\" content=\"Lahingurada e-pood\" \/>\n<meta property=\"article:publisher\" content=\"https:\/\/www.facebook.com\/Lahingurada-629940247212967\" \/>\n<meta property=\"article:modified_time\" content=\"2026-04-12T17:00:05+00:00\" \/>\n<meta property=\"og:image\" content=\"https:\/\/lahingupood.ee\/wp-content\/uploads\/2022\/07\/1152201819_1.webp\" \/>\n\t<meta property=\"og:image:width\" content=\"800\" \/>\n\t<meta property=\"og:image:height\" content=\"545\" \/>\n\t<meta property=\"og:image:type\" content=\"image\/webp\" \/>\n<meta name=\"twitter:card\" content=\"summary_large_image\" \/>\n<meta name=\"twitter:label1\" content=\"Estimated reading time\" \/>\n\t<meta name=\"twitter:data1\" content=\"1 minute\" \/>\n<script type=\"application\/ld+json\" class=\"yoast-schema-graph\">{\"@context\":\"https:\\\/\\\/schema.org\",\"@graph\":[{\"@type\":\"WebPage\",\"@id\":\"https:\\\/\\\/lahingupood.ee\\\/toode\\\/pps-6-03-steel-precision-inner-barrell-400mm\\\/\",\"url\":\"https:\\\/\\\/lahingupood.ee\\\/toode\\\/pps-6-03-steel-precision-inner-barrell-400mm\\\/\",\"name\":\"PPS 6.03 steel precision inner barrell - 400mm -\",\"isPartOf\":{\"@id\":\"https:\\\/\\\/lahingupood.ee\\\/#website\"},\"primaryImageOfPage\":{\"@id\":\"https:\\\/\\\/lahingupood.ee\\\/toode\\\/pps-6-03-steel-precision-inner-barrell-400mm\\\/#primaryimage\"},\"image\":{\"@id\":\"https:\\\/\\\/lahingupood.ee\\\/toode\\\/pps-6-03-steel-precision-inner-barrell-400mm\\\/#primaryimage\"},\"thumbnailUrl\":\"https:\\\/\\\/lahingupood.ee\\\/wp-content\\\/uploads\\\/2022\\\/07\\\/1152201819_1.webp\",\"datePublished\":\"2022-07-22T14:09:02+00:00\",\"dateModified\":\"2026-04-12T17:00:05+00:00\",\"description\":\"PPS 6.03 steel precision inner barrell - 400mm T\u00fcpsustoru pikemate Airsoft relvade t\u00e4psuse t\u00f5stmiseks. Eeldab 0 type silindri kasutamist.\",\"breadcrumb\":{\"@id\":\"https:\\\/\\\/lahingupood.ee\\\/toode\\\/pps-6-03-steel-precision-inner-barrell-400mm\\\/#breadcrumb\"},\"inLanguage\":\"en-GB\",\"potentialAction\":[{\"@type\":\"ReadAction\",\"target\":[\"https:\\\/\\\/lahingupood.ee\\\/toode\\\/pps-6-03-steel-precision-inner-barrell-400mm\\\/\"]}]},{\"@type\":\"ImageObject\",\"inLanguage\":\"en-GB\",\"@id\":\"https:\\\/\\\/lahingupood.ee\\\/toode\\\/pps-6-03-steel-precision-inner-barrell-400mm\\\/#primaryimage\",\"url\":\"https:\\\/\\\/lahingupood.ee\\\/wp-content\\\/uploads\\\/2022\\\/07\\\/1152201819_1.webp\",\"contentUrl\":\"https:\\\/\\\/lahingupood.ee\\\/wp-content\\\/uploads\\\/2022\\\/07\\\/1152201819_1.webp\",\"width\":800,\"height\":545,\"caption\":\"pps-6-03-steel-precision-inner-barrell-400mm\"},{\"@type\":\"BreadcrumbList\",\"@id\":\"https:\\\/\\\/lahingupood.ee\\\/toode\\\/pps-6-03-steel-precision-inner-barrell-400mm\\\/#breadcrumb\",\"itemListElement\":[{\"@type\":\"ListItem\",\"position\":1,\"name\":\"Home\",\"item\":\"https:\\\/\\\/lahingupood.ee\\\/\"},{\"@type\":\"ListItem\",\"position\":2,\"name\":\"Tooted\",\"item\":\"https:\\\/\\\/lahingupood.ee\\\/tooted\\\/\"},{\"@type\":\"ListItem\",\"position\":3,\"name\":\"PPS 6.03 steel precision inner barrell &#8211; 400mm\"}]},{\"@type\":\"WebSite\",\"@id\":\"https:\\\/\\\/lahingupood.ee\\\/#website\",\"url\":\"https:\\\/\\\/lahingupood.ee\\\/\",\"name\":\"Lahingurada e-pood\",\"description\":\"Airsoft\",\"publisher\":{\"@id\":\"https:\\\/\\\/lahingupood.ee\\\/#organization\"},\"potentialAction\":[{\"@type\":\"SearchAction\",\"target\":{\"@type\":\"EntryPoint\",\"urlTemplate\":\"https:\\\/\\\/lahingupood.ee\\\/?s={search_term_string}\"},\"query-input\":{\"@type\":\"PropertyValueSpecification\",\"valueRequired\":true,\"valueName\":\"search_term_string\"}}],\"inLanguage\":\"en-GB\"},{\"@type\":\"Organization\",\"@id\":\"https:\\\/\\\/lahingupood.ee\\\/#organization\",\"name\":\"Lahingurada\",\"url\":\"https:\\\/\\\/lahingupood.ee\\\/\",\"logo\":{\"@type\":\"ImageObject\",\"inLanguage\":\"en-GB\",\"@id\":\"https:\\\/\\\/lahingupood.ee\\\/#\\\/schema\\\/logo\\\/image\\\/\",\"url\":\"https:\\\/\\\/lahingupood.ee\\\/wp-content\\\/uploads\\\/2022\\\/03\\\/lahingurada-220318.jpg\",\"contentUrl\":\"https:\\\/\\\/lahingupood.ee\\\/wp-content\\\/uploads\\\/2022\\\/03\\\/lahingurada-220318.jpg\",\"width\":800,\"height\":500,\"caption\":\"Lahingurada\"},\"image\":{\"@id\":\"https:\\\/\\\/lahingupood.ee\\\/#\\\/schema\\\/logo\\\/image\\\/\"},\"sameAs\":[\"https:\\\/\\\/www.facebook.com\\\/Lahingurada-629940247212967\"]}]}<\/script>\n<!-- \/ Yoast SEO Premium plugin. -->","yoast_head_json":{"title":"PPS 6.03 steel precision inner barrell - 400mm -","description":"PPS 6.03 steel precision inner barrell - 400mm T\u00fcpsustoru pikemate Airsoft relvade t\u00e4psuse t\u00f5stmiseks. Eeldab 0 type silindri kasutamist.","robots":{"index":"index","follow":"follow","max-snippet":"max-snippet:-1","max-image-preview":"max-image-preview:large","max-video-preview":"max-video-preview:-1"},"canonical":"https:\/\/lahingupood.ee\/en\/product\/pps-6-03-steel-precision-inner-barrell-400mm\/","og_locale":"en_GB","og_type":"article","og_title":"PPS 6.03 steel precision inner barrell - 400mm","og_description":"PPS 6.03 steel precision inner barrell - 400mm T\u00fcpsustoru pikemate Airsoft relvade t\u00e4psuse t\u00f5stmiseks. Eeldab 0 type silindri kasutamist.","og_url":"https:\/\/lahingupood.ee\/en\/product\/pps-6-03-steel-precision-inner-barrell-400mm\/","og_site_name":"Lahingurada e-pood","article_publisher":"https:\/\/www.facebook.com\/Lahingurada-629940247212967","article_modified_time":"2026-04-12T17:00:05+00:00","og_image":[{"width":800,"height":545,"url":"https:\/\/lahingupood.ee\/wp-content\/uploads\/2022\/07\/1152201819_1.webp","type":"image\/webp"}],"twitter_card":"summary_large_image","twitter_misc":{"Estimated reading time":"1 minute"},"schema":{"@context":"https:\/\/schema.org","@graph":[{"@type":"WebPage","@id":"https:\/\/lahingupood.ee\/toode\/pps-6-03-steel-precision-inner-barrell-400mm\/","url":"https:\/\/lahingupood.ee\/toode\/pps-6-03-steel-precision-inner-barrell-400mm\/","name":"PPS 6.03 steel precision inner barrell - 400mm -","isPartOf":{"@id":"https:\/\/lahingupood.ee\/#website"},"primaryImageOfPage":{"@id":"https:\/\/lahingupood.ee\/toode\/pps-6-03-steel-precision-inner-barrell-400mm\/#primaryimage"},"image":{"@id":"https:\/\/lahingupood.ee\/toode\/pps-6-03-steel-precision-inner-barrell-400mm\/#primaryimage"},"thumbnailUrl":"https:\/\/lahingupood.ee\/wp-content\/uploads\/2022\/07\/1152201819_1.webp","datePublished":"2022-07-22T14:09:02+00:00","dateModified":"2026-04-12T17:00:05+00:00","description":"PPS 6.03 steel precision inner barrell - 400mm T\u00fcpsustoru pikemate Airsoft relvade t\u00e4psuse t\u00f5stmiseks. Eeldab 0 type silindri kasutamist.","breadcrumb":{"@id":"https:\/\/lahingupood.ee\/toode\/pps-6-03-steel-precision-inner-barrell-400mm\/#breadcrumb"},"inLanguage":"en-GB","potentialAction":[{"@type":"ReadAction","target":["https:\/\/lahingupood.ee\/toode\/pps-6-03-steel-precision-inner-barrell-400mm\/"]}]},{"@type":"ImageObject","inLanguage":"en-GB","@id":"https:\/\/lahingupood.ee\/toode\/pps-6-03-steel-precision-inner-barrell-400mm\/#primaryimage","url":"https:\/\/lahingupood.ee\/wp-content\/uploads\/2022\/07\/1152201819_1.webp","contentUrl":"https:\/\/lahingupood.ee\/wp-content\/uploads\/2022\/07\/1152201819_1.webp","width":800,"height":545,"caption":"pps-6-03-steel-precision-inner-barrell-400mm"},{"@type":"BreadcrumbList","@id":"https:\/\/lahingupood.ee\/toode\/pps-6-03-steel-precision-inner-barrell-400mm\/#breadcrumb","itemListElement":[{"@type":"ListItem","position":1,"name":"Home","item":"https:\/\/lahingupood.ee\/"},{"@type":"ListItem","position":2,"name":"Tooted","item":"https:\/\/lahingupood.ee\/tooted\/"},{"@type":"ListItem","position":3,"name":"PPS 6.03 steel precision inner barrell &#8211; 400mm"}]},{"@type":"WebSite","@id":"https:\/\/lahingupood.ee\/#website","url":"https:\/\/lahingupood.ee\/","name":"Lahingurada e-pood","description":"Airsoft","publisher":{"@id":"https:\/\/lahingupood.ee\/#organization"},"potentialAction":[{"@type":"SearchAction","target":{"@type":"EntryPoint","urlTemplate":"https:\/\/lahingupood.ee\/?s={search_term_string}"},"query-input":{"@type":"PropertyValueSpecification","valueRequired":true,"valueName":"search_term_string"}}],"inLanguage":"en-GB"},{"@type":"Organization","@id":"https:\/\/lahingupood.ee\/#organization","name":"Lahingurada","url":"https:\/\/lahingupood.ee\/","logo":{"@type":"ImageObject","inLanguage":"en-GB","@id":"https:\/\/lahingupood.ee\/#\/schema\/logo\/image\/","url":"https:\/\/lahingupood.ee\/wp-content\/uploads\/2022\/03\/lahingurada-220318.jpg","contentUrl":"https:\/\/lahingupood.ee\/wp-content\/uploads\/2022\/03\/lahingurada-220318.jpg","width":800,"height":500,"caption":"Lahingurada"},"image":{"@id":"https:\/\/lahingupood.ee\/#\/schema\/logo\/image\/"},"sameAs":["https:\/\/www.facebook.com\/Lahingurada-629940247212967"]}]}},"_links":{"self":[{"href":"https:\/\/lahingupood.ee\/en\/wp-json\/wp\/v2\/product\/1842","targetHints":{"allow":["GET"]}}],"collection":[{"href":"https:\/\/lahingupood.ee\/en\/wp-json\/wp\/v2\/product"}],"about":[{"href":"https:\/\/lahingupood.ee\/en\/wp-json\/wp\/v2\/types\/product"}],"wp:featuredmedia":[{"embeddable":true,"href":"https:\/\/lahingupood.ee\/en\/wp-json\/wp\/v2\/media\/1843"}],"wp:attachment":[{"href":"https:\/\/lahingupood.ee\/en\/wp-json\/wp\/v2\/media?parent=1842"}],"wp:term":[{"taxonomy":"product_brand","embeddable":true,"href":"https:\/\/lahingupood.ee\/en\/wp-json\/wp\/v2\/product_brand?post=1842"},{"taxonomy":"product_cat","embeddable":true,"href":"https:\/\/lahingupood.ee\/en\/wp-json\/wp\/v2\/product_cat?post=1842"},{"taxonomy":"product_tag","embeddable":true,"href":"https:\/\/lahingupood.ee\/en\/wp-json\/wp\/v2\/product_tag?post=1842"}],"curies":[{"name":"wp","href":"https:\/\/api.w.org\/{rel}","templated":true}]}}