{"id":1838,"date":"2022-07-22T16:48:14","date_gmt":"2022-07-22T13:48:14","guid":{"rendered":"https:\/\/lahingupood.ee\/?post_type=product&#038;p=1838"},"modified":"2026-04-12T20:30:07","modified_gmt":"2026-04-12T17:30:07","slug":"jg-g608-g36-carbin-replica","status":"publish","type":"product","link":"https:\/\/lahingupood.ee\/en\/product\/jg-g608-g36-carbin-replica\/","title":{"rendered":"JG G608 G36 Carbin Replica"},"content":{"rendered":"<p>JG G608 G36 Carbin Replica<\/p>\n<p>JG G608 on k\u00f5ige enam levinud G36 automaadi Airsoft replica. \u00dcks t\u00f6\u00f6kindlamaid airsoftrelvi. Just sellel p\u00f5hjusel teda tihti kasutatakse rendirelvana. Aku asub laes\u00e4\u00e4res. Kaba on k\u00fcljele kokkuklapitav. Verskema p\u00f5lvkonna relvadel on kiirevedruvahetusega gearbox. Vedru vahetamiseks ei ole vaja relva lahti v\u00f5tta, piisab kaba kokkupanemisest.<\/p>","protected":false},"excerpt":{"rendered":"<p>JG G608 G36 Carbin Replica JG G608 on k\u00f5ige enam levinud G36 automaadi Airsoft replica. \u00dcks t\u00f6\u00f6kindlamaid airsoftrelvi. Just sellel p\u00f5hjusel teda tihti kasutatakse rendirelvana. Aku asub laes\u00e4\u00e4res. Kaba on k\u00fcljele kokkuklapitav. Verskema p\u00f5lvkonna relvadel on kiirevedruvahetusega gearbox. Vedru vahetamiseks ei ole vaja relva lahti v\u00f5tta, piisab kaba kokkupanemisest.<\/p>","protected":false},"featured_media":1839,"template":"","meta":[],"product_brand":[],"product_cat":[23],"product_tag":[],"class_list":{"0":"post-1838","1":"product","2":"type-product","3":"status-publish","4":"has-post-thumbnail","6":"product_cat-elektrilised-relvad","8":"first","9":"outofstock","10":"taxable","11":"shipping-taxable","12":"purchasable","13":"product-type-simple"},"yoast_head":"<!-- This site is optimized with the Yoast SEO Premium plugin v27.3 (Yoast SEO v27.3) - https:\/\/yoast.com\/product\/yoast-seo-premium-wordpress\/ -->\n<title>JG G608 G36 Carbin Replica - Lahingurada e-pood<\/title>\n<meta name=\"description\" content=\"JG G608 G36 Carbin ReplicaJG G608 on k\u00f5ige enam levinud G36 automaadi Airsoft replica. \u00dcks t\u00f6\u00f6kindlamaid airsoftrelvi.\" \/>\n<meta name=\"robots\" content=\"index, follow, max-snippet:-1, max-image-preview:large, max-video-preview:-1\" \/>\n<link rel=\"canonical\" href=\"https:\/\/lahingupood.ee\/en\/product\/jg-g608-g36-carbin-replica\/\" \/>\n<meta property=\"og:locale\" content=\"en_GB\" \/>\n<meta property=\"og:type\" content=\"article\" \/>\n<meta property=\"og:title\" content=\"JG G608 G36 Carbin Replica\" \/>\n<meta property=\"og:description\" content=\"JG G608 G36 Carbin ReplicaJG G608 on k\u00f5ige enam levinud G36 automaadi Airsoft replica. \u00dcks t\u00f6\u00f6kindlamaid airsoftrelvi.\" \/>\n<meta property=\"og:url\" content=\"https:\/\/lahingupood.ee\/en\/product\/jg-g608-g36-carbin-replica\/\" \/>\n<meta property=\"og:site_name\" content=\"Lahingurada e-pood\" \/>\n<meta property=\"article:publisher\" content=\"https:\/\/www.facebook.com\/Lahingurada-629940247212967\" \/>\n<meta property=\"article:modified_time\" content=\"2026-04-12T17:30:07+00:00\" \/>\n<meta property=\"og:image\" content=\"https:\/\/lahingupood.ee\/wp-content\/uploads\/2022\/07\/1152189535_2.webp\" \/>\n\t<meta property=\"og:image:width\" content=\"800\" \/>\n\t<meta property=\"og:image:height\" content=\"400\" \/>\n\t<meta property=\"og:image:type\" content=\"image\/webp\" \/>\n<meta name=\"twitter:card\" content=\"summary_large_image\" \/>\n<meta name=\"twitter:label1\" content=\"Estimated reading time\" \/>\n\t<meta name=\"twitter:data1\" content=\"1 minute\" \/>\n<script type=\"application\/ld+json\" class=\"yoast-schema-graph\">{\"@context\":\"https:\\\/\\\/schema.org\",\"@graph\":[{\"@type\":\"WebPage\",\"@id\":\"https:\\\/\\\/lahingupood.ee\\\/toode\\\/jg-g608-g36-carbin-replica\\\/\",\"url\":\"https:\\\/\\\/lahingupood.ee\\\/toode\\\/jg-g608-g36-carbin-replica\\\/\",\"name\":\"JG G608 G36 Carbin Replica - Lahingurada e-pood\",\"isPartOf\":{\"@id\":\"https:\\\/\\\/lahingupood.ee\\\/#website\"},\"primaryImageOfPage\":{\"@id\":\"https:\\\/\\\/lahingupood.ee\\\/toode\\\/jg-g608-g36-carbin-replica\\\/#primaryimage\"},\"image\":{\"@id\":\"https:\\\/\\\/lahingupood.ee\\\/toode\\\/jg-g608-g36-carbin-replica\\\/#primaryimage\"},\"thumbnailUrl\":\"https:\\\/\\\/lahingupood.ee\\\/wp-content\\\/uploads\\\/2022\\\/07\\\/1152189535_2.webp\",\"datePublished\":\"2022-07-22T13:48:14+00:00\",\"dateModified\":\"2026-04-12T17:30:07+00:00\",\"description\":\"JG G608 G36 Carbin ReplicaJG G608 on k\u00f5ige enam levinud G36 automaadi Airsoft replica. \u00dcks t\u00f6\u00f6kindlamaid airsoftrelvi.\",\"breadcrumb\":{\"@id\":\"https:\\\/\\\/lahingupood.ee\\\/toode\\\/jg-g608-g36-carbin-replica\\\/#breadcrumb\"},\"inLanguage\":\"en-GB\",\"potentialAction\":[{\"@type\":\"ReadAction\",\"target\":[\"https:\\\/\\\/lahingupood.ee\\\/toode\\\/jg-g608-g36-carbin-replica\\\/\"]}]},{\"@type\":\"ImageObject\",\"inLanguage\":\"en-GB\",\"@id\":\"https:\\\/\\\/lahingupood.ee\\\/toode\\\/jg-g608-g36-carbin-replica\\\/#primaryimage\",\"url\":\"https:\\\/\\\/lahingupood.ee\\\/wp-content\\\/uploads\\\/2022\\\/07\\\/1152189535_2.webp\",\"contentUrl\":\"https:\\\/\\\/lahingupood.ee\\\/wp-content\\\/uploads\\\/2022\\\/07\\\/1152189535_2.webp\",\"width\":800,\"height\":400,\"caption\":\"jg-g608-g36-carbin-replica\"},{\"@type\":\"BreadcrumbList\",\"@id\":\"https:\\\/\\\/lahingupood.ee\\\/toode\\\/jg-g608-g36-carbin-replica\\\/#breadcrumb\",\"itemListElement\":[{\"@type\":\"ListItem\",\"position\":1,\"name\":\"Home\",\"item\":\"https:\\\/\\\/lahingupood.ee\\\/\"},{\"@type\":\"ListItem\",\"position\":2,\"name\":\"Tooted\",\"item\":\"https:\\\/\\\/lahingupood.ee\\\/tooted\\\/\"},{\"@type\":\"ListItem\",\"position\":3,\"name\":\"JG G608 G36 Carbin Replica\"}]},{\"@type\":\"WebSite\",\"@id\":\"https:\\\/\\\/lahingupood.ee\\\/#website\",\"url\":\"https:\\\/\\\/lahingupood.ee\\\/\",\"name\":\"Lahingurada e-pood\",\"description\":\"Airsoft\",\"publisher\":{\"@id\":\"https:\\\/\\\/lahingupood.ee\\\/#organization\"},\"potentialAction\":[{\"@type\":\"SearchAction\",\"target\":{\"@type\":\"EntryPoint\",\"urlTemplate\":\"https:\\\/\\\/lahingupood.ee\\\/?s={search_term_string}\"},\"query-input\":{\"@type\":\"PropertyValueSpecification\",\"valueRequired\":true,\"valueName\":\"search_term_string\"}}],\"inLanguage\":\"en-GB\"},{\"@type\":\"Organization\",\"@id\":\"https:\\\/\\\/lahingupood.ee\\\/#organization\",\"name\":\"Lahingurada\",\"url\":\"https:\\\/\\\/lahingupood.ee\\\/\",\"logo\":{\"@type\":\"ImageObject\",\"inLanguage\":\"en-GB\",\"@id\":\"https:\\\/\\\/lahingupood.ee\\\/#\\\/schema\\\/logo\\\/image\\\/\",\"url\":\"https:\\\/\\\/lahingupood.ee\\\/wp-content\\\/uploads\\\/2022\\\/03\\\/lahingurada-220318.jpg\",\"contentUrl\":\"https:\\\/\\\/lahingupood.ee\\\/wp-content\\\/uploads\\\/2022\\\/03\\\/lahingurada-220318.jpg\",\"width\":800,\"height\":500,\"caption\":\"Lahingurada\"},\"image\":{\"@id\":\"https:\\\/\\\/lahingupood.ee\\\/#\\\/schema\\\/logo\\\/image\\\/\"},\"sameAs\":[\"https:\\\/\\\/www.facebook.com\\\/Lahingurada-629940247212967\"]}]}<\/script>\n<!-- \/ Yoast SEO Premium plugin. -->","yoast_head_json":{"title":"JG G608 G36 Carbin Replica - Lahingurada e-pood","description":"JG G608 G36 Carbin ReplicaJG G608 on k\u00f5ige enam levinud G36 automaadi Airsoft replica. \u00dcks t\u00f6\u00f6kindlamaid airsoftrelvi.","robots":{"index":"index","follow":"follow","max-snippet":"max-snippet:-1","max-image-preview":"max-image-preview:large","max-video-preview":"max-video-preview:-1"},"canonical":"https:\/\/lahingupood.ee\/en\/product\/jg-g608-g36-carbin-replica\/","og_locale":"en_GB","og_type":"article","og_title":"JG G608 G36 Carbin Replica","og_description":"JG G608 G36 Carbin ReplicaJG G608 on k\u00f5ige enam levinud G36 automaadi Airsoft replica. \u00dcks t\u00f6\u00f6kindlamaid airsoftrelvi.","og_url":"https:\/\/lahingupood.ee\/en\/product\/jg-g608-g36-carbin-replica\/","og_site_name":"Lahingurada e-pood","article_publisher":"https:\/\/www.facebook.com\/Lahingurada-629940247212967","article_modified_time":"2026-04-12T17:30:07+00:00","og_image":[{"width":800,"height":400,"url":"https:\/\/lahingupood.ee\/wp-content\/uploads\/2022\/07\/1152189535_2.webp","type":"image\/webp"}],"twitter_card":"summary_large_image","twitter_misc":{"Estimated reading time":"1 minute"},"schema":{"@context":"https:\/\/schema.org","@graph":[{"@type":"WebPage","@id":"https:\/\/lahingupood.ee\/toode\/jg-g608-g36-carbin-replica\/","url":"https:\/\/lahingupood.ee\/toode\/jg-g608-g36-carbin-replica\/","name":"JG G608 G36 Carbin Replica - Lahingurada e-pood","isPartOf":{"@id":"https:\/\/lahingupood.ee\/#website"},"primaryImageOfPage":{"@id":"https:\/\/lahingupood.ee\/toode\/jg-g608-g36-carbin-replica\/#primaryimage"},"image":{"@id":"https:\/\/lahingupood.ee\/toode\/jg-g608-g36-carbin-replica\/#primaryimage"},"thumbnailUrl":"https:\/\/lahingupood.ee\/wp-content\/uploads\/2022\/07\/1152189535_2.webp","datePublished":"2022-07-22T13:48:14+00:00","dateModified":"2026-04-12T17:30:07+00:00","description":"JG G608 G36 Carbin ReplicaJG G608 on k\u00f5ige enam levinud G36 automaadi Airsoft replica. \u00dcks t\u00f6\u00f6kindlamaid airsoftrelvi.","breadcrumb":{"@id":"https:\/\/lahingupood.ee\/toode\/jg-g608-g36-carbin-replica\/#breadcrumb"},"inLanguage":"en-GB","potentialAction":[{"@type":"ReadAction","target":["https:\/\/lahingupood.ee\/toode\/jg-g608-g36-carbin-replica\/"]}]},{"@type":"ImageObject","inLanguage":"en-GB","@id":"https:\/\/lahingupood.ee\/toode\/jg-g608-g36-carbin-replica\/#primaryimage","url":"https:\/\/lahingupood.ee\/wp-content\/uploads\/2022\/07\/1152189535_2.webp","contentUrl":"https:\/\/lahingupood.ee\/wp-content\/uploads\/2022\/07\/1152189535_2.webp","width":800,"height":400,"caption":"jg-g608-g36-carbin-replica"},{"@type":"BreadcrumbList","@id":"https:\/\/lahingupood.ee\/toode\/jg-g608-g36-carbin-replica\/#breadcrumb","itemListElement":[{"@type":"ListItem","position":1,"name":"Home","item":"https:\/\/lahingupood.ee\/"},{"@type":"ListItem","position":2,"name":"Tooted","item":"https:\/\/lahingupood.ee\/tooted\/"},{"@type":"ListItem","position":3,"name":"JG G608 G36 Carbin Replica"}]},{"@type":"WebSite","@id":"https:\/\/lahingupood.ee\/#website","url":"https:\/\/lahingupood.ee\/","name":"Lahingurada e-pood","description":"Airsoft","publisher":{"@id":"https:\/\/lahingupood.ee\/#organization"},"potentialAction":[{"@type":"SearchAction","target":{"@type":"EntryPoint","urlTemplate":"https:\/\/lahingupood.ee\/?s={search_term_string}"},"query-input":{"@type":"PropertyValueSpecification","valueRequired":true,"valueName":"search_term_string"}}],"inLanguage":"en-GB"},{"@type":"Organization","@id":"https:\/\/lahingupood.ee\/#organization","name":"Lahingurada","url":"https:\/\/lahingupood.ee\/","logo":{"@type":"ImageObject","inLanguage":"en-GB","@id":"https:\/\/lahingupood.ee\/#\/schema\/logo\/image\/","url":"https:\/\/lahingupood.ee\/wp-content\/uploads\/2022\/03\/lahingurada-220318.jpg","contentUrl":"https:\/\/lahingupood.ee\/wp-content\/uploads\/2022\/03\/lahingurada-220318.jpg","width":800,"height":500,"caption":"Lahingurada"},"image":{"@id":"https:\/\/lahingupood.ee\/#\/schema\/logo\/image\/"},"sameAs":["https:\/\/www.facebook.com\/Lahingurada-629940247212967"]}]}},"_links":{"self":[{"href":"https:\/\/lahingupood.ee\/en\/wp-json\/wp\/v2\/product\/1838","targetHints":{"allow":["GET"]}}],"collection":[{"href":"https:\/\/lahingupood.ee\/en\/wp-json\/wp\/v2\/product"}],"about":[{"href":"https:\/\/lahingupood.ee\/en\/wp-json\/wp\/v2\/types\/product"}],"wp:featuredmedia":[{"embeddable":true,"href":"https:\/\/lahingupood.ee\/en\/wp-json\/wp\/v2\/media\/1839"}],"wp:attachment":[{"href":"https:\/\/lahingupood.ee\/en\/wp-json\/wp\/v2\/media?parent=1838"}],"wp:term":[{"taxonomy":"product_brand","embeddable":true,"href":"https:\/\/lahingupood.ee\/en\/wp-json\/wp\/v2\/product_brand?post=1838"},{"taxonomy":"product_cat","embeddable":true,"href":"https:\/\/lahingupood.ee\/en\/wp-json\/wp\/v2\/product_cat?post=1838"},{"taxonomy":"product_tag","embeddable":true,"href":"https:\/\/lahingupood.ee\/en\/wp-json\/wp\/v2\/product_tag?post=1838"}],"curies":[{"name":"wp","href":"https:\/\/api.w.org\/{rel}","templated":true}]}}