{"id":1734,"date":"2022-07-07T17:56:14","date_gmt":"2022-07-07T14:56:14","guid":{"rendered":"https:\/\/lahingupood.ee\/?post_type=product&#038;p=1734"},"modified":"2023-01-10T16:29:52","modified_gmt":"2023-01-10T14:29:52","slug":"gg-arp-556","status":"publish","type":"product","link":"https:\/\/lahingupood.ee\/en\/product\/gg-arp-556\/","title":{"rendered":"G&#038;G ARP 556"},"content":{"rendered":"<p>G&amp;G ARP 556<\/p>\n<p>G&amp;G ARP 556 on t\u00f5en\u00e4oliselt parim relv CQB jaoks. L\u00fchike, kompaktne, kiire. Relval on paigaldatud E.T.U. elktrooniline p\u00e4\u00e4stik, mis v\u00f5imaldab kiiresti asendada t\u00e4isvalangu kolmese valanguga. Seda v\u00f5ib kasutada isegi snaipri Backup relvaks kui natuke m\u00f5elda l\u00e4bi selle kandmine. Klikkidega hopupkamber v\u00f5imaldab t\u00e4pset kuuli trajektoori seadistust. Ainsaks puuduseks v\u00f5ib nimetadfa tagasihoidliku suurusega akukonteiner kabatorus. Ideaalne l\u00fchimaa relv, mis \u00fchildub M-seeria salvedega ja t\u00e4nu Ifrit 25000rpm mootorile laseb kuni 1200l\/min.(11.1V aku)<\/p>","protected":false},"excerpt":{"rendered":"<p>G&amp;G ARP 556 G&amp;G ARP 556 on t\u00f5en\u00e4oliselt parim relv CQB jaoks. L\u00fchike, kompaktne, kiire. Relval on paigaldatud E.T.U. elktrooniline p\u00e4\u00e4stik, mis v\u00f5imaldab kiiresti asendada t\u00e4isvalangu kolmese valanguga. Seda v\u00f5ib kasutada isegi snaipri Backup relvaks kui natuke m\u00f5elda l\u00e4bi selle kandmine. Klikkidega hopupkamber v\u00f5imaldab t\u00e4pset kuuli trajektoori seadistust. Ainsaks puuduseks v\u00f5ib nimetadfa tagasihoidliku suurusega akukonteiner [&#8230;]\n","protected":false},"featured_media":1735,"template":"","meta":[],"product_brand":[],"product_cat":[23],"product_tag":[],"class_list":{"0":"post-1734","1":"product","2":"type-product","3":"status-publish","4":"has-post-thumbnail","6":"product_cat-elektrilised-relvad","8":"first","9":"onbackorder","10":"taxable","11":"shipping-taxable","12":"purchasable","13":"product-type-simple"},"yoast_head":"<!-- This site is optimized with the Yoast SEO Premium plugin v27.3 (Yoast SEO v27.3) - https:\/\/yoast.com\/product\/yoast-seo-premium-wordpress\/ -->\n<title>G&amp;G ARP 556 - Lahingurada e-pood<\/title>\n<meta name=\"description\" content=\"G&amp;G ARP 556 G&amp;G ARP 556 on t\u00f5en\u00e4oliselt parim relv CQB jaoks. L\u00fchike, kompaktne, kiire. Relval on paigaldatud E.T.U. elktrooniline p\u00e4\u00e4stik\" \/>\n<meta name=\"robots\" content=\"index, follow, max-snippet:-1, max-image-preview:large, max-video-preview:-1\" \/>\n<link rel=\"canonical\" href=\"https:\/\/lahingupood.ee\/en\/product\/gg-arp-556\/\" \/>\n<meta property=\"og:locale\" content=\"en_GB\" \/>\n<meta property=\"og:type\" content=\"article\" \/>\n<meta property=\"og:title\" content=\"G&amp;G ARP 556\" \/>\n<meta property=\"og:description\" content=\"G&amp;G ARP 556 G&amp;G ARP 556 on t\u00f5en\u00e4oliselt parim relv CQB jaoks. L\u00fchike, kompaktne, kiire. Relval on paigaldatud E.T.U. elktrooniline p\u00e4\u00e4stik\" \/>\n<meta property=\"og:url\" content=\"https:\/\/lahingupood.ee\/en\/product\/gg-arp-556\/\" \/>\n<meta property=\"og:site_name\" content=\"Lahingurada e-pood\" \/>\n<meta property=\"article:publisher\" content=\"https:\/\/www.facebook.com\/Lahingurada-629940247212967\" \/>\n<meta property=\"article:modified_time\" content=\"2023-01-10T14:29:52+00:00\" \/>\n<meta property=\"og:image\" content=\"https:\/\/lahingupood.ee\/wp-content\/uploads\/2022\/07\/24164.png\" \/>\n\t<meta property=\"og:image:width\" content=\"930\" \/>\n\t<meta property=\"og:image:height\" content=\"651\" \/>\n\t<meta property=\"og:image:type\" content=\"image\/png\" \/>\n<meta name=\"twitter:card\" content=\"summary_large_image\" \/>\n<meta name=\"twitter:label1\" content=\"Estimated reading time\" \/>\n\t<meta name=\"twitter:data1\" content=\"1 minute\" \/>\n<script type=\"application\/ld+json\" class=\"yoast-schema-graph\">{\"@context\":\"https:\\\/\\\/schema.org\",\"@graph\":[{\"@type\":\"WebPage\",\"@id\":\"https:\\\/\\\/lahingupood.ee\\\/toode\\\/gg-arp-556\\\/\",\"url\":\"https:\\\/\\\/lahingupood.ee\\\/toode\\\/gg-arp-556\\\/\",\"name\":\"G&G ARP 556 - Lahingurada e-pood\",\"isPartOf\":{\"@id\":\"https:\\\/\\\/lahingupood.ee\\\/#website\"},\"primaryImageOfPage\":{\"@id\":\"https:\\\/\\\/lahingupood.ee\\\/toode\\\/gg-arp-556\\\/#primaryimage\"},\"image\":{\"@id\":\"https:\\\/\\\/lahingupood.ee\\\/toode\\\/gg-arp-556\\\/#primaryimage\"},\"thumbnailUrl\":\"https:\\\/\\\/lahingupood.ee\\\/wp-content\\\/uploads\\\/2022\\\/07\\\/24164.png\",\"datePublished\":\"2022-07-07T14:56:14+00:00\",\"dateModified\":\"2023-01-10T14:29:52+00:00\",\"description\":\"G&G ARP 556 G&G ARP 556 on t\u00f5en\u00e4oliselt parim relv CQB jaoks. L\u00fchike, kompaktne, kiire. Relval on paigaldatud E.T.U. elktrooniline p\u00e4\u00e4stik\",\"breadcrumb\":{\"@id\":\"https:\\\/\\\/lahingupood.ee\\\/toode\\\/gg-arp-556\\\/#breadcrumb\"},\"inLanguage\":\"en-GB\",\"potentialAction\":[{\"@type\":\"ReadAction\",\"target\":[\"https:\\\/\\\/lahingupood.ee\\\/toode\\\/gg-arp-556\\\/\"]}]},{\"@type\":\"ImageObject\",\"inLanguage\":\"en-GB\",\"@id\":\"https:\\\/\\\/lahingupood.ee\\\/toode\\\/gg-arp-556\\\/#primaryimage\",\"url\":\"https:\\\/\\\/lahingupood.ee\\\/wp-content\\\/uploads\\\/2022\\\/07\\\/24164.png\",\"contentUrl\":\"https:\\\/\\\/lahingupood.ee\\\/wp-content\\\/uploads\\\/2022\\\/07\\\/24164.png\",\"width\":930,\"height\":651,\"caption\":\"gg-arp-556\"},{\"@type\":\"BreadcrumbList\",\"@id\":\"https:\\\/\\\/lahingupood.ee\\\/toode\\\/gg-arp-556\\\/#breadcrumb\",\"itemListElement\":[{\"@type\":\"ListItem\",\"position\":1,\"name\":\"Home\",\"item\":\"https:\\\/\\\/lahingupood.ee\\\/\"},{\"@type\":\"ListItem\",\"position\":2,\"name\":\"Tooted\",\"item\":\"https:\\\/\\\/lahingupood.ee\\\/tooted\\\/\"},{\"@type\":\"ListItem\",\"position\":3,\"name\":\"G&#038;G ARP 556\"}]},{\"@type\":\"WebSite\",\"@id\":\"https:\\\/\\\/lahingupood.ee\\\/#website\",\"url\":\"https:\\\/\\\/lahingupood.ee\\\/\",\"name\":\"Lahingurada e-pood\",\"description\":\"Airsoft\",\"publisher\":{\"@id\":\"https:\\\/\\\/lahingupood.ee\\\/#organization\"},\"potentialAction\":[{\"@type\":\"SearchAction\",\"target\":{\"@type\":\"EntryPoint\",\"urlTemplate\":\"https:\\\/\\\/lahingupood.ee\\\/?s={search_term_string}\"},\"query-input\":{\"@type\":\"PropertyValueSpecification\",\"valueRequired\":true,\"valueName\":\"search_term_string\"}}],\"inLanguage\":\"en-GB\"},{\"@type\":\"Organization\",\"@id\":\"https:\\\/\\\/lahingupood.ee\\\/#organization\",\"name\":\"Lahingurada\",\"url\":\"https:\\\/\\\/lahingupood.ee\\\/\",\"logo\":{\"@type\":\"ImageObject\",\"inLanguage\":\"en-GB\",\"@id\":\"https:\\\/\\\/lahingupood.ee\\\/#\\\/schema\\\/logo\\\/image\\\/\",\"url\":\"https:\\\/\\\/lahingupood.ee\\\/wp-content\\\/uploads\\\/2022\\\/03\\\/lahingurada-220318.jpg\",\"contentUrl\":\"https:\\\/\\\/lahingupood.ee\\\/wp-content\\\/uploads\\\/2022\\\/03\\\/lahingurada-220318.jpg\",\"width\":800,\"height\":500,\"caption\":\"Lahingurada\"},\"image\":{\"@id\":\"https:\\\/\\\/lahingupood.ee\\\/#\\\/schema\\\/logo\\\/image\\\/\"},\"sameAs\":[\"https:\\\/\\\/www.facebook.com\\\/Lahingurada-629940247212967\"]}]}<\/script>\n<!-- \/ Yoast SEO Premium plugin. -->","yoast_head_json":{"title":"G&G ARP 556 - Lahingurada e-pood","description":"G&G ARP 556 G&G ARP 556 on t\u00f5en\u00e4oliselt parim relv CQB jaoks. L\u00fchike, kompaktne, kiire. Relval on paigaldatud E.T.U. elktrooniline p\u00e4\u00e4stik","robots":{"index":"index","follow":"follow","max-snippet":"max-snippet:-1","max-image-preview":"max-image-preview:large","max-video-preview":"max-video-preview:-1"},"canonical":"https:\/\/lahingupood.ee\/en\/product\/gg-arp-556\/","og_locale":"en_GB","og_type":"article","og_title":"G&G ARP 556","og_description":"G&G ARP 556 G&G ARP 556 on t\u00f5en\u00e4oliselt parim relv CQB jaoks. L\u00fchike, kompaktne, kiire. Relval on paigaldatud E.T.U. elktrooniline p\u00e4\u00e4stik","og_url":"https:\/\/lahingupood.ee\/en\/product\/gg-arp-556\/","og_site_name":"Lahingurada e-pood","article_publisher":"https:\/\/www.facebook.com\/Lahingurada-629940247212967","article_modified_time":"2023-01-10T14:29:52+00:00","og_image":[{"width":930,"height":651,"url":"https:\/\/lahingupood.ee\/wp-content\/uploads\/2022\/07\/24164.png","type":"image\/png"}],"twitter_card":"summary_large_image","twitter_misc":{"Estimated reading time":"1 minute"},"schema":{"@context":"https:\/\/schema.org","@graph":[{"@type":"WebPage","@id":"https:\/\/lahingupood.ee\/toode\/gg-arp-556\/","url":"https:\/\/lahingupood.ee\/toode\/gg-arp-556\/","name":"G&G ARP 556 - Lahingurada e-pood","isPartOf":{"@id":"https:\/\/lahingupood.ee\/#website"},"primaryImageOfPage":{"@id":"https:\/\/lahingupood.ee\/toode\/gg-arp-556\/#primaryimage"},"image":{"@id":"https:\/\/lahingupood.ee\/toode\/gg-arp-556\/#primaryimage"},"thumbnailUrl":"https:\/\/lahingupood.ee\/wp-content\/uploads\/2022\/07\/24164.png","datePublished":"2022-07-07T14:56:14+00:00","dateModified":"2023-01-10T14:29:52+00:00","description":"G&G ARP 556 G&G ARP 556 on t\u00f5en\u00e4oliselt parim relv CQB jaoks. L\u00fchike, kompaktne, kiire. Relval on paigaldatud E.T.U. elktrooniline p\u00e4\u00e4stik","breadcrumb":{"@id":"https:\/\/lahingupood.ee\/toode\/gg-arp-556\/#breadcrumb"},"inLanguage":"en-GB","potentialAction":[{"@type":"ReadAction","target":["https:\/\/lahingupood.ee\/toode\/gg-arp-556\/"]}]},{"@type":"ImageObject","inLanguage":"en-GB","@id":"https:\/\/lahingupood.ee\/toode\/gg-arp-556\/#primaryimage","url":"https:\/\/lahingupood.ee\/wp-content\/uploads\/2022\/07\/24164.png","contentUrl":"https:\/\/lahingupood.ee\/wp-content\/uploads\/2022\/07\/24164.png","width":930,"height":651,"caption":"gg-arp-556"},{"@type":"BreadcrumbList","@id":"https:\/\/lahingupood.ee\/toode\/gg-arp-556\/#breadcrumb","itemListElement":[{"@type":"ListItem","position":1,"name":"Home","item":"https:\/\/lahingupood.ee\/"},{"@type":"ListItem","position":2,"name":"Tooted","item":"https:\/\/lahingupood.ee\/tooted\/"},{"@type":"ListItem","position":3,"name":"G&#038;G ARP 556"}]},{"@type":"WebSite","@id":"https:\/\/lahingupood.ee\/#website","url":"https:\/\/lahingupood.ee\/","name":"Lahingurada e-pood","description":"Airsoft","publisher":{"@id":"https:\/\/lahingupood.ee\/#organization"},"potentialAction":[{"@type":"SearchAction","target":{"@type":"EntryPoint","urlTemplate":"https:\/\/lahingupood.ee\/?s={search_term_string}"},"query-input":{"@type":"PropertyValueSpecification","valueRequired":true,"valueName":"search_term_string"}}],"inLanguage":"en-GB"},{"@type":"Organization","@id":"https:\/\/lahingupood.ee\/#organization","name":"Lahingurada","url":"https:\/\/lahingupood.ee\/","logo":{"@type":"ImageObject","inLanguage":"en-GB","@id":"https:\/\/lahingupood.ee\/#\/schema\/logo\/image\/","url":"https:\/\/lahingupood.ee\/wp-content\/uploads\/2022\/03\/lahingurada-220318.jpg","contentUrl":"https:\/\/lahingupood.ee\/wp-content\/uploads\/2022\/03\/lahingurada-220318.jpg","width":800,"height":500,"caption":"Lahingurada"},"image":{"@id":"https:\/\/lahingupood.ee\/#\/schema\/logo\/image\/"},"sameAs":["https:\/\/www.facebook.com\/Lahingurada-629940247212967"]}]}},"_links":{"self":[{"href":"https:\/\/lahingupood.ee\/en\/wp-json\/wp\/v2\/product\/1734","targetHints":{"allow":["GET"]}}],"collection":[{"href":"https:\/\/lahingupood.ee\/en\/wp-json\/wp\/v2\/product"}],"about":[{"href":"https:\/\/lahingupood.ee\/en\/wp-json\/wp\/v2\/types\/product"}],"wp:featuredmedia":[{"embeddable":true,"href":"https:\/\/lahingupood.ee\/en\/wp-json\/wp\/v2\/media\/1735"}],"wp:attachment":[{"href":"https:\/\/lahingupood.ee\/en\/wp-json\/wp\/v2\/media?parent=1734"}],"wp:term":[{"taxonomy":"product_brand","embeddable":true,"href":"https:\/\/lahingupood.ee\/en\/wp-json\/wp\/v2\/product_brand?post=1734"},{"taxonomy":"product_cat","embeddable":true,"href":"https:\/\/lahingupood.ee\/en\/wp-json\/wp\/v2\/product_cat?post=1734"},{"taxonomy":"product_tag","embeddable":true,"href":"https:\/\/lahingupood.ee\/en\/wp-json\/wp\/v2\/product_tag?post=1734"}],"curies":[{"name":"wp","href":"https:\/\/api.w.org\/{rel}","templated":true}]}}