{"id":1732,"date":"2022-07-07T17:42:32","date_gmt":"2022-07-07T14:42:32","guid":{"rendered":"https:\/\/lahingupood.ee\/?post_type=product&#038;p=1732"},"modified":"2023-01-10T16:44:16","modified_gmt":"2023-01-10T14:44:16","slug":"cyma-platinum-m4-cm097a-qd-full-metal","status":"publish","type":"product","link":"https:\/\/lahingupood.ee\/en\/product\/cyma-platinum-m4-cm097a-qd-full-metal\/","title":{"rendered":"Cyma Platinum M4 CM097A QD Full Metal"},"content":{"rendered":"<p>Cyma Platinum M4 CM097A QD Full Metal<\/p>\n<p>Cyma Platinum on Cyma relvade uus p\u00f5lvkond, mis on palju k\u00f5rgema kvaliteediga kui eelnevad mudelid. Relval on tugevdatud sisu ja tehas paigaldatud MOSFET. Osade t\u00f6\u00f6tluskvaliteet on samuti k\u00f5rgeimal tasemel.<\/p>","protected":false},"excerpt":{"rendered":"<p>Cyma Platinum M4 CM097A QD Full Metal Cyma Platinum on Cyma relvade uus p\u00f5lvkond, mis on palju k\u00f5rgema kvaliteediga kui eelnevad mudelid. Relval on tugevdatud sisu ja tehas paigaldatud MOSFET. Osade t\u00f6\u00f6tluskvaliteet on samuti k\u00f5rgeimal tasemel.<\/p>","protected":false},"featured_media":1733,"template":"","meta":[],"product_brand":[],"product_cat":[23],"product_tag":[],"class_list":{"0":"post-1732","1":"product","2":"type-product","3":"status-publish","4":"has-post-thumbnail","6":"product_cat-elektrilised-relvad","8":"first","9":"onbackorder","10":"taxable","11":"shipping-taxable","12":"purchasable","13":"product-type-simple"},"yoast_head":"<!-- This site is optimized with the Yoast SEO Premium plugin v27.3 (Yoast SEO v27.3) - https:\/\/yoast.com\/product\/yoast-seo-premium-wordpress\/ -->\n<title>Cyma Platinum M4 CM097A QD Full Metal - Lahingurada e-pood<\/title>\n<meta name=\"description\" content=\"Cyma Platinum M4 CM097A QD Full Metal Cyma Platinum on Cyma relvade uus p\u00f5lvkond, mis on palju k\u00f5rgema kvaliteediga kui eelnevad mudelid.\" \/>\n<meta name=\"robots\" content=\"index, follow, max-snippet:-1, max-image-preview:large, max-video-preview:-1\" \/>\n<link rel=\"canonical\" href=\"https:\/\/lahingupood.ee\/en\/product\/cyma-platinum-m4-cm097a-qd-full-metal\/\" \/>\n<meta property=\"og:locale\" content=\"en_GB\" \/>\n<meta property=\"og:type\" content=\"article\" \/>\n<meta property=\"og:title\" content=\"Cyma Platinum M4 CM097A QD Full Metal\" \/>\n<meta property=\"og:description\" content=\"Cyma Platinum M4 CM097A QD Full Metal Cyma Platinum on Cyma relvade uus p\u00f5lvkond, mis on palju k\u00f5rgema kvaliteediga kui eelnevad mudelid.\" \/>\n<meta property=\"og:url\" content=\"https:\/\/lahingupood.ee\/en\/product\/cyma-platinum-m4-cm097a-qd-full-metal\/\" \/>\n<meta property=\"og:site_name\" content=\"Lahingurada e-pood\" \/>\n<meta property=\"article:publisher\" content=\"https:\/\/www.facebook.com\/Lahingurada-629940247212967\" \/>\n<meta property=\"article:modified_time\" content=\"2023-01-10T14:44:16+00:00\" \/>\n<meta property=\"og:image\" content=\"https:\/\/lahingupood.ee\/wp-content\/uploads\/2022\/07\/31862.png\" \/>\n\t<meta property=\"og:image:width\" content=\"930\" \/>\n\t<meta property=\"og:image:height\" content=\"651\" \/>\n\t<meta property=\"og:image:type\" content=\"image\/png\" \/>\n<meta name=\"twitter:card\" content=\"summary_large_image\" \/>\n<meta name=\"twitter:label1\" content=\"Estimated reading time\" \/>\n\t<meta name=\"twitter:data1\" content=\"1 minute\" \/>\n<script type=\"application\/ld+json\" class=\"yoast-schema-graph\">{\"@context\":\"https:\\\/\\\/schema.org\",\"@graph\":[{\"@type\":\"WebPage\",\"@id\":\"https:\\\/\\\/lahingupood.ee\\\/toode\\\/cyma-platinum-m4-cm097a-qd-full-metal\\\/\",\"url\":\"https:\\\/\\\/lahingupood.ee\\\/toode\\\/cyma-platinum-m4-cm097a-qd-full-metal\\\/\",\"name\":\"Cyma Platinum M4 CM097A QD Full Metal - Lahingurada e-pood\",\"isPartOf\":{\"@id\":\"https:\\\/\\\/lahingupood.ee\\\/#website\"},\"primaryImageOfPage\":{\"@id\":\"https:\\\/\\\/lahingupood.ee\\\/toode\\\/cyma-platinum-m4-cm097a-qd-full-metal\\\/#primaryimage\"},\"image\":{\"@id\":\"https:\\\/\\\/lahingupood.ee\\\/toode\\\/cyma-platinum-m4-cm097a-qd-full-metal\\\/#primaryimage\"},\"thumbnailUrl\":\"https:\\\/\\\/lahingupood.ee\\\/wp-content\\\/uploads\\\/2022\\\/07\\\/31862.png\",\"datePublished\":\"2022-07-07T14:42:32+00:00\",\"dateModified\":\"2023-01-10T14:44:16+00:00\",\"description\":\"Cyma Platinum M4 CM097A QD Full Metal Cyma Platinum on Cyma relvade uus p\u00f5lvkond, mis on palju k\u00f5rgema kvaliteediga kui eelnevad mudelid.\",\"breadcrumb\":{\"@id\":\"https:\\\/\\\/lahingupood.ee\\\/toode\\\/cyma-platinum-m4-cm097a-qd-full-metal\\\/#breadcrumb\"},\"inLanguage\":\"en-GB\",\"potentialAction\":[{\"@type\":\"ReadAction\",\"target\":[\"https:\\\/\\\/lahingupood.ee\\\/toode\\\/cyma-platinum-m4-cm097a-qd-full-metal\\\/\"]}]},{\"@type\":\"ImageObject\",\"inLanguage\":\"en-GB\",\"@id\":\"https:\\\/\\\/lahingupood.ee\\\/toode\\\/cyma-platinum-m4-cm097a-qd-full-metal\\\/#primaryimage\",\"url\":\"https:\\\/\\\/lahingupood.ee\\\/wp-content\\\/uploads\\\/2022\\\/07\\\/31862.png\",\"contentUrl\":\"https:\\\/\\\/lahingupood.ee\\\/wp-content\\\/uploads\\\/2022\\\/07\\\/31862.png\",\"width\":930,\"height\":651,\"caption\":\"cyma-platinum-m4-cm097a-qd-full-metal\"},{\"@type\":\"BreadcrumbList\",\"@id\":\"https:\\\/\\\/lahingupood.ee\\\/toode\\\/cyma-platinum-m4-cm097a-qd-full-metal\\\/#breadcrumb\",\"itemListElement\":[{\"@type\":\"ListItem\",\"position\":1,\"name\":\"Home\",\"item\":\"https:\\\/\\\/lahingupood.ee\\\/\"},{\"@type\":\"ListItem\",\"position\":2,\"name\":\"Tooted\",\"item\":\"https:\\\/\\\/lahingupood.ee\\\/tooted\\\/\"},{\"@type\":\"ListItem\",\"position\":3,\"name\":\"Cyma Platinum M4 CM097A QD Full Metal\"}]},{\"@type\":\"WebSite\",\"@id\":\"https:\\\/\\\/lahingupood.ee\\\/#website\",\"url\":\"https:\\\/\\\/lahingupood.ee\\\/\",\"name\":\"Lahingurada e-pood\",\"description\":\"Airsoft\",\"publisher\":{\"@id\":\"https:\\\/\\\/lahingupood.ee\\\/#organization\"},\"potentialAction\":[{\"@type\":\"SearchAction\",\"target\":{\"@type\":\"EntryPoint\",\"urlTemplate\":\"https:\\\/\\\/lahingupood.ee\\\/?s={search_term_string}\"},\"query-input\":{\"@type\":\"PropertyValueSpecification\",\"valueRequired\":true,\"valueName\":\"search_term_string\"}}],\"inLanguage\":\"en-GB\"},{\"@type\":\"Organization\",\"@id\":\"https:\\\/\\\/lahingupood.ee\\\/#organization\",\"name\":\"Lahingurada\",\"url\":\"https:\\\/\\\/lahingupood.ee\\\/\",\"logo\":{\"@type\":\"ImageObject\",\"inLanguage\":\"en-GB\",\"@id\":\"https:\\\/\\\/lahingupood.ee\\\/#\\\/schema\\\/logo\\\/image\\\/\",\"url\":\"https:\\\/\\\/lahingupood.ee\\\/wp-content\\\/uploads\\\/2022\\\/03\\\/lahingurada-220318.jpg\",\"contentUrl\":\"https:\\\/\\\/lahingupood.ee\\\/wp-content\\\/uploads\\\/2022\\\/03\\\/lahingurada-220318.jpg\",\"width\":800,\"height\":500,\"caption\":\"Lahingurada\"},\"image\":{\"@id\":\"https:\\\/\\\/lahingupood.ee\\\/#\\\/schema\\\/logo\\\/image\\\/\"},\"sameAs\":[\"https:\\\/\\\/www.facebook.com\\\/Lahingurada-629940247212967\"]}]}<\/script>\n<!-- \/ Yoast SEO Premium plugin. -->","yoast_head_json":{"title":"Cyma Platinum M4 CM097A QD Full Metal - Lahingurada e-pood","description":"Cyma Platinum M4 CM097A QD Full Metal Cyma Platinum on Cyma relvade uus p\u00f5lvkond, mis on palju k\u00f5rgema kvaliteediga kui eelnevad mudelid.","robots":{"index":"index","follow":"follow","max-snippet":"max-snippet:-1","max-image-preview":"max-image-preview:large","max-video-preview":"max-video-preview:-1"},"canonical":"https:\/\/lahingupood.ee\/en\/product\/cyma-platinum-m4-cm097a-qd-full-metal\/","og_locale":"en_GB","og_type":"article","og_title":"Cyma Platinum M4 CM097A QD Full Metal","og_description":"Cyma Platinum M4 CM097A QD Full Metal Cyma Platinum on Cyma relvade uus p\u00f5lvkond, mis on palju k\u00f5rgema kvaliteediga kui eelnevad mudelid.","og_url":"https:\/\/lahingupood.ee\/en\/product\/cyma-platinum-m4-cm097a-qd-full-metal\/","og_site_name":"Lahingurada e-pood","article_publisher":"https:\/\/www.facebook.com\/Lahingurada-629940247212967","article_modified_time":"2023-01-10T14:44:16+00:00","og_image":[{"width":930,"height":651,"url":"https:\/\/lahingupood.ee\/wp-content\/uploads\/2022\/07\/31862.png","type":"image\/png"}],"twitter_card":"summary_large_image","twitter_misc":{"Estimated reading time":"1 minute"},"schema":{"@context":"https:\/\/schema.org","@graph":[{"@type":"WebPage","@id":"https:\/\/lahingupood.ee\/toode\/cyma-platinum-m4-cm097a-qd-full-metal\/","url":"https:\/\/lahingupood.ee\/toode\/cyma-platinum-m4-cm097a-qd-full-metal\/","name":"Cyma Platinum M4 CM097A QD Full Metal - Lahingurada e-pood","isPartOf":{"@id":"https:\/\/lahingupood.ee\/#website"},"primaryImageOfPage":{"@id":"https:\/\/lahingupood.ee\/toode\/cyma-platinum-m4-cm097a-qd-full-metal\/#primaryimage"},"image":{"@id":"https:\/\/lahingupood.ee\/toode\/cyma-platinum-m4-cm097a-qd-full-metal\/#primaryimage"},"thumbnailUrl":"https:\/\/lahingupood.ee\/wp-content\/uploads\/2022\/07\/31862.png","datePublished":"2022-07-07T14:42:32+00:00","dateModified":"2023-01-10T14:44:16+00:00","description":"Cyma Platinum M4 CM097A QD Full Metal Cyma Platinum on Cyma relvade uus p\u00f5lvkond, mis on palju k\u00f5rgema kvaliteediga kui eelnevad mudelid.","breadcrumb":{"@id":"https:\/\/lahingupood.ee\/toode\/cyma-platinum-m4-cm097a-qd-full-metal\/#breadcrumb"},"inLanguage":"en-GB","potentialAction":[{"@type":"ReadAction","target":["https:\/\/lahingupood.ee\/toode\/cyma-platinum-m4-cm097a-qd-full-metal\/"]}]},{"@type":"ImageObject","inLanguage":"en-GB","@id":"https:\/\/lahingupood.ee\/toode\/cyma-platinum-m4-cm097a-qd-full-metal\/#primaryimage","url":"https:\/\/lahingupood.ee\/wp-content\/uploads\/2022\/07\/31862.png","contentUrl":"https:\/\/lahingupood.ee\/wp-content\/uploads\/2022\/07\/31862.png","width":930,"height":651,"caption":"cyma-platinum-m4-cm097a-qd-full-metal"},{"@type":"BreadcrumbList","@id":"https:\/\/lahingupood.ee\/toode\/cyma-platinum-m4-cm097a-qd-full-metal\/#breadcrumb","itemListElement":[{"@type":"ListItem","position":1,"name":"Home","item":"https:\/\/lahingupood.ee\/"},{"@type":"ListItem","position":2,"name":"Tooted","item":"https:\/\/lahingupood.ee\/tooted\/"},{"@type":"ListItem","position":3,"name":"Cyma Platinum M4 CM097A QD Full Metal"}]},{"@type":"WebSite","@id":"https:\/\/lahingupood.ee\/#website","url":"https:\/\/lahingupood.ee\/","name":"Lahingurada e-pood","description":"Airsoft","publisher":{"@id":"https:\/\/lahingupood.ee\/#organization"},"potentialAction":[{"@type":"SearchAction","target":{"@type":"EntryPoint","urlTemplate":"https:\/\/lahingupood.ee\/?s={search_term_string}"},"query-input":{"@type":"PropertyValueSpecification","valueRequired":true,"valueName":"search_term_string"}}],"inLanguage":"en-GB"},{"@type":"Organization","@id":"https:\/\/lahingupood.ee\/#organization","name":"Lahingurada","url":"https:\/\/lahingupood.ee\/","logo":{"@type":"ImageObject","inLanguage":"en-GB","@id":"https:\/\/lahingupood.ee\/#\/schema\/logo\/image\/","url":"https:\/\/lahingupood.ee\/wp-content\/uploads\/2022\/03\/lahingurada-220318.jpg","contentUrl":"https:\/\/lahingupood.ee\/wp-content\/uploads\/2022\/03\/lahingurada-220318.jpg","width":800,"height":500,"caption":"Lahingurada"},"image":{"@id":"https:\/\/lahingupood.ee\/#\/schema\/logo\/image\/"},"sameAs":["https:\/\/www.facebook.com\/Lahingurada-629940247212967"]}]}},"_links":{"self":[{"href":"https:\/\/lahingupood.ee\/en\/wp-json\/wp\/v2\/product\/1732","targetHints":{"allow":["GET"]}}],"collection":[{"href":"https:\/\/lahingupood.ee\/en\/wp-json\/wp\/v2\/product"}],"about":[{"href":"https:\/\/lahingupood.ee\/en\/wp-json\/wp\/v2\/types\/product"}],"wp:featuredmedia":[{"embeddable":true,"href":"https:\/\/lahingupood.ee\/en\/wp-json\/wp\/v2\/media\/1733"}],"wp:attachment":[{"href":"https:\/\/lahingupood.ee\/en\/wp-json\/wp\/v2\/media?parent=1732"}],"wp:term":[{"taxonomy":"product_brand","embeddable":true,"href":"https:\/\/lahingupood.ee\/en\/wp-json\/wp\/v2\/product_brand?post=1732"},{"taxonomy":"product_cat","embeddable":true,"href":"https:\/\/lahingupood.ee\/en\/wp-json\/wp\/v2\/product_cat?post=1732"},{"taxonomy":"product_tag","embeddable":true,"href":"https:\/\/lahingupood.ee\/en\/wp-json\/wp\/v2\/product_tag?post=1732"}],"curies":[{"name":"wp","href":"https:\/\/api.w.org\/{rel}","templated":true}]}}