{"id":1728,"date":"2022-07-07T17:16:37","date_gmt":"2022-07-07T14:16:37","guid":{"rendered":"https:\/\/lahingupood.ee\/?post_type=product&#038;p=1728"},"modified":"2023-01-10T16:40:10","modified_gmt":"2023-01-10T14:40:10","slug":"krytac-war-sport-lvoa-s","status":"publish","type":"product","link":"https:\/\/lahingupood.ee\/en\/product\/krytac-war-sport-lvoa-s\/","title":{"rendered":"Krytac War Sport LVOA-S"},"content":{"rendered":"<p>Krytac War Sport LVOA-S<\/p>\n<p><a href=\"https:\/\/www.youtube.com\/watch?v=JWJCeV1W_-s\">Krytac Airsoft relvad<\/a> on k\u00f5rgeima kvaliteediga tooted airsofti turul. Need sisaldavad k\u00f5ike mida on vaja ka k\u00f5ige n\u00f5udlikumale kasutajale. Relv on valmistatud alumiiniumsulamist. K\u00f5ik detailid istuvad ideaalselt. Gearboxi on paigaldatud mosfet, mis kaitseb mootorit ja akut \u00fclekoormuse eest. Korralik hopupkamber v\u00f5imaldab kuuli trajektoori t\u00e4pset seadistust. Kaba mahutab korraliku suuresaga akut. Dubleeritud tule\u00fcmberseadur teeb relva kasutmise mugavaks nii parema- kui vasakuk\u00e4elistele.<\/p>","protected":false},"excerpt":{"rendered":"<p>Krytac War Sport LVOA-S Krytac Airsoft relvad on k\u00f5rgeima kvaliteediga tooted airsofti turul. Need sisaldavad k\u00f5ike mida on vaja ka k\u00f5ige n\u00f5udlikumale kasutajale. Relv on valmistatud alumiiniumsulamist. K\u00f5ik detailid istuvad ideaalselt. Gearboxi on paigaldatud mosfet, mis kaitseb mootorit ja akut \u00fclekoormuse eest. Korralik hopupkamber v\u00f5imaldab kuuli trajektoori t\u00e4pset seadistust. Kaba mahutab korraliku suuresaga akut. Dubleeritud [&#8230;]\n","protected":false},"featured_media":1729,"template":"","meta":[],"product_brand":[],"product_cat":[23],"product_tag":[],"class_list":{"0":"post-1728","1":"product","2":"type-product","3":"status-publish","4":"has-post-thumbnail","6":"product_cat-elektrilised-relvad","8":"first","9":"onbackorder","10":"taxable","11":"shipping-taxable","12":"purchasable","13":"product-type-simple"},"yoast_head":"<!-- This site is optimized with the Yoast SEO Premium plugin v27.3 (Yoast SEO v27.3) - https:\/\/yoast.com\/product\/yoast-seo-premium-wordpress\/ -->\n<title>Krytac War Sport LVOA-S - Lahingurada e-pood<\/title>\n<meta name=\"description\" content=\"Krytac War Sport LVOA-SKrytac Airsoft relvad on k\u00f5rgeima kvaliteediga tooted airsofti turul. Need sisaldavad k\u00f5ike mida on vaja\" \/>\n<meta name=\"robots\" content=\"index, follow, max-snippet:-1, max-image-preview:large, max-video-preview:-1\" \/>\n<link rel=\"canonical\" href=\"https:\/\/lahingupood.ee\/en\/product\/krytac-war-sport-lvoa-s\/\" \/>\n<meta property=\"og:locale\" content=\"en_GB\" \/>\n<meta property=\"og:type\" content=\"article\" \/>\n<meta property=\"og:title\" content=\"Krytac War Sport LVOA-S\" \/>\n<meta property=\"og:description\" content=\"Krytac War Sport LVOA-SKrytac Airsoft relvad on k\u00f5rgeima kvaliteediga tooted airsofti turul. Need sisaldavad k\u00f5ike mida on vaja\" \/>\n<meta property=\"og:url\" content=\"https:\/\/lahingupood.ee\/en\/product\/krytac-war-sport-lvoa-s\/\" \/>\n<meta property=\"og:site_name\" content=\"Lahingurada e-pood\" \/>\n<meta property=\"article:publisher\" content=\"https:\/\/www.facebook.com\/Lahingurada-629940247212967\" \/>\n<meta property=\"article:modified_time\" content=\"2023-01-10T14:40:10+00:00\" \/>\n<meta property=\"og:image\" content=\"https:\/\/lahingupood.ee\/wp-content\/uploads\/2022\/07\/30589.png\" \/>\n\t<meta property=\"og:image:width\" content=\"930\" \/>\n\t<meta property=\"og:image:height\" content=\"651\" \/>\n\t<meta property=\"og:image:type\" content=\"image\/png\" \/>\n<meta name=\"twitter:card\" content=\"summary_large_image\" \/>\n<meta name=\"twitter:label1\" content=\"Estimated reading time\" \/>\n\t<meta name=\"twitter:data1\" content=\"1 minute\" \/>\n<script type=\"application\/ld+json\" class=\"yoast-schema-graph\">{\"@context\":\"https:\\\/\\\/schema.org\",\"@graph\":[{\"@type\":\"WebPage\",\"@id\":\"https:\\\/\\\/lahingupood.ee\\\/toode\\\/krytac-war-sport-lvoa-s\\\/\",\"url\":\"https:\\\/\\\/lahingupood.ee\\\/toode\\\/krytac-war-sport-lvoa-s\\\/\",\"name\":\"Krytac War Sport LVOA-S - Lahingurada e-pood\",\"isPartOf\":{\"@id\":\"https:\\\/\\\/lahingupood.ee\\\/#website\"},\"primaryImageOfPage\":{\"@id\":\"https:\\\/\\\/lahingupood.ee\\\/toode\\\/krytac-war-sport-lvoa-s\\\/#primaryimage\"},\"image\":{\"@id\":\"https:\\\/\\\/lahingupood.ee\\\/toode\\\/krytac-war-sport-lvoa-s\\\/#primaryimage\"},\"thumbnailUrl\":\"https:\\\/\\\/lahingupood.ee\\\/wp-content\\\/uploads\\\/2022\\\/07\\\/30589.png\",\"datePublished\":\"2022-07-07T14:16:37+00:00\",\"dateModified\":\"2023-01-10T14:40:10+00:00\",\"description\":\"Krytac War Sport LVOA-SKrytac Airsoft relvad on k\u00f5rgeima kvaliteediga tooted airsofti turul. Need sisaldavad k\u00f5ike mida on vaja\",\"breadcrumb\":{\"@id\":\"https:\\\/\\\/lahingupood.ee\\\/toode\\\/krytac-war-sport-lvoa-s\\\/#breadcrumb\"},\"inLanguage\":\"en-GB\",\"potentialAction\":[{\"@type\":\"ReadAction\",\"target\":[\"https:\\\/\\\/lahingupood.ee\\\/toode\\\/krytac-war-sport-lvoa-s\\\/\"]}]},{\"@type\":\"ImageObject\",\"inLanguage\":\"en-GB\",\"@id\":\"https:\\\/\\\/lahingupood.ee\\\/toode\\\/krytac-war-sport-lvoa-s\\\/#primaryimage\",\"url\":\"https:\\\/\\\/lahingupood.ee\\\/wp-content\\\/uploads\\\/2022\\\/07\\\/30589.png\",\"contentUrl\":\"https:\\\/\\\/lahingupood.ee\\\/wp-content\\\/uploads\\\/2022\\\/07\\\/30589.png\",\"width\":930,\"height\":651,\"caption\":\"krytac-war-sport-lvoa-s\"},{\"@type\":\"BreadcrumbList\",\"@id\":\"https:\\\/\\\/lahingupood.ee\\\/toode\\\/krytac-war-sport-lvoa-s\\\/#breadcrumb\",\"itemListElement\":[{\"@type\":\"ListItem\",\"position\":1,\"name\":\"Home\",\"item\":\"https:\\\/\\\/lahingupood.ee\\\/\"},{\"@type\":\"ListItem\",\"position\":2,\"name\":\"Tooted\",\"item\":\"https:\\\/\\\/lahingupood.ee\\\/tooted\\\/\"},{\"@type\":\"ListItem\",\"position\":3,\"name\":\"Krytac War Sport LVOA-S\"}]},{\"@type\":\"WebSite\",\"@id\":\"https:\\\/\\\/lahingupood.ee\\\/#website\",\"url\":\"https:\\\/\\\/lahingupood.ee\\\/\",\"name\":\"Lahingurada e-pood\",\"description\":\"Airsoft\",\"publisher\":{\"@id\":\"https:\\\/\\\/lahingupood.ee\\\/#organization\"},\"potentialAction\":[{\"@type\":\"SearchAction\",\"target\":{\"@type\":\"EntryPoint\",\"urlTemplate\":\"https:\\\/\\\/lahingupood.ee\\\/?s={search_term_string}\"},\"query-input\":{\"@type\":\"PropertyValueSpecification\",\"valueRequired\":true,\"valueName\":\"search_term_string\"}}],\"inLanguage\":\"en-GB\"},{\"@type\":\"Organization\",\"@id\":\"https:\\\/\\\/lahingupood.ee\\\/#organization\",\"name\":\"Lahingurada\",\"url\":\"https:\\\/\\\/lahingupood.ee\\\/\",\"logo\":{\"@type\":\"ImageObject\",\"inLanguage\":\"en-GB\",\"@id\":\"https:\\\/\\\/lahingupood.ee\\\/#\\\/schema\\\/logo\\\/image\\\/\",\"url\":\"https:\\\/\\\/lahingupood.ee\\\/wp-content\\\/uploads\\\/2022\\\/03\\\/lahingurada-220318.jpg\",\"contentUrl\":\"https:\\\/\\\/lahingupood.ee\\\/wp-content\\\/uploads\\\/2022\\\/03\\\/lahingurada-220318.jpg\",\"width\":800,\"height\":500,\"caption\":\"Lahingurada\"},\"image\":{\"@id\":\"https:\\\/\\\/lahingupood.ee\\\/#\\\/schema\\\/logo\\\/image\\\/\"},\"sameAs\":[\"https:\\\/\\\/www.facebook.com\\\/Lahingurada-629940247212967\"]}]}<\/script>\n<!-- \/ Yoast SEO Premium plugin. -->","yoast_head_json":{"title":"Krytac War Sport LVOA-S - Lahingurada e-pood","description":"Krytac War Sport LVOA-SKrytac Airsoft relvad on k\u00f5rgeima kvaliteediga tooted airsofti turul. Need sisaldavad k\u00f5ike mida on vaja","robots":{"index":"index","follow":"follow","max-snippet":"max-snippet:-1","max-image-preview":"max-image-preview:large","max-video-preview":"max-video-preview:-1"},"canonical":"https:\/\/lahingupood.ee\/en\/product\/krytac-war-sport-lvoa-s\/","og_locale":"en_GB","og_type":"article","og_title":"Krytac War Sport LVOA-S","og_description":"Krytac War Sport LVOA-SKrytac Airsoft relvad on k\u00f5rgeima kvaliteediga tooted airsofti turul. Need sisaldavad k\u00f5ike mida on vaja","og_url":"https:\/\/lahingupood.ee\/en\/product\/krytac-war-sport-lvoa-s\/","og_site_name":"Lahingurada e-pood","article_publisher":"https:\/\/www.facebook.com\/Lahingurada-629940247212967","article_modified_time":"2023-01-10T14:40:10+00:00","og_image":[{"width":930,"height":651,"url":"https:\/\/lahingupood.ee\/wp-content\/uploads\/2022\/07\/30589.png","type":"image\/png"}],"twitter_card":"summary_large_image","twitter_misc":{"Estimated reading time":"1 minute"},"schema":{"@context":"https:\/\/schema.org","@graph":[{"@type":"WebPage","@id":"https:\/\/lahingupood.ee\/toode\/krytac-war-sport-lvoa-s\/","url":"https:\/\/lahingupood.ee\/toode\/krytac-war-sport-lvoa-s\/","name":"Krytac War Sport LVOA-S - Lahingurada e-pood","isPartOf":{"@id":"https:\/\/lahingupood.ee\/#website"},"primaryImageOfPage":{"@id":"https:\/\/lahingupood.ee\/toode\/krytac-war-sport-lvoa-s\/#primaryimage"},"image":{"@id":"https:\/\/lahingupood.ee\/toode\/krytac-war-sport-lvoa-s\/#primaryimage"},"thumbnailUrl":"https:\/\/lahingupood.ee\/wp-content\/uploads\/2022\/07\/30589.png","datePublished":"2022-07-07T14:16:37+00:00","dateModified":"2023-01-10T14:40:10+00:00","description":"Krytac War Sport LVOA-SKrytac Airsoft relvad on k\u00f5rgeima kvaliteediga tooted airsofti turul. Need sisaldavad k\u00f5ike mida on vaja","breadcrumb":{"@id":"https:\/\/lahingupood.ee\/toode\/krytac-war-sport-lvoa-s\/#breadcrumb"},"inLanguage":"en-GB","potentialAction":[{"@type":"ReadAction","target":["https:\/\/lahingupood.ee\/toode\/krytac-war-sport-lvoa-s\/"]}]},{"@type":"ImageObject","inLanguage":"en-GB","@id":"https:\/\/lahingupood.ee\/toode\/krytac-war-sport-lvoa-s\/#primaryimage","url":"https:\/\/lahingupood.ee\/wp-content\/uploads\/2022\/07\/30589.png","contentUrl":"https:\/\/lahingupood.ee\/wp-content\/uploads\/2022\/07\/30589.png","width":930,"height":651,"caption":"krytac-war-sport-lvoa-s"},{"@type":"BreadcrumbList","@id":"https:\/\/lahingupood.ee\/toode\/krytac-war-sport-lvoa-s\/#breadcrumb","itemListElement":[{"@type":"ListItem","position":1,"name":"Home","item":"https:\/\/lahingupood.ee\/"},{"@type":"ListItem","position":2,"name":"Tooted","item":"https:\/\/lahingupood.ee\/tooted\/"},{"@type":"ListItem","position":3,"name":"Krytac War Sport LVOA-S"}]},{"@type":"WebSite","@id":"https:\/\/lahingupood.ee\/#website","url":"https:\/\/lahingupood.ee\/","name":"Lahingurada e-pood","description":"Airsoft","publisher":{"@id":"https:\/\/lahingupood.ee\/#organization"},"potentialAction":[{"@type":"SearchAction","target":{"@type":"EntryPoint","urlTemplate":"https:\/\/lahingupood.ee\/?s={search_term_string}"},"query-input":{"@type":"PropertyValueSpecification","valueRequired":true,"valueName":"search_term_string"}}],"inLanguage":"en-GB"},{"@type":"Organization","@id":"https:\/\/lahingupood.ee\/#organization","name":"Lahingurada","url":"https:\/\/lahingupood.ee\/","logo":{"@type":"ImageObject","inLanguage":"en-GB","@id":"https:\/\/lahingupood.ee\/#\/schema\/logo\/image\/","url":"https:\/\/lahingupood.ee\/wp-content\/uploads\/2022\/03\/lahingurada-220318.jpg","contentUrl":"https:\/\/lahingupood.ee\/wp-content\/uploads\/2022\/03\/lahingurada-220318.jpg","width":800,"height":500,"caption":"Lahingurada"},"image":{"@id":"https:\/\/lahingupood.ee\/#\/schema\/logo\/image\/"},"sameAs":["https:\/\/www.facebook.com\/Lahingurada-629940247212967"]}]}},"_links":{"self":[{"href":"https:\/\/lahingupood.ee\/en\/wp-json\/wp\/v2\/product\/1728","targetHints":{"allow":["GET"]}}],"collection":[{"href":"https:\/\/lahingupood.ee\/en\/wp-json\/wp\/v2\/product"}],"about":[{"href":"https:\/\/lahingupood.ee\/en\/wp-json\/wp\/v2\/types\/product"}],"wp:featuredmedia":[{"embeddable":true,"href":"https:\/\/lahingupood.ee\/en\/wp-json\/wp\/v2\/media\/1729"}],"wp:attachment":[{"href":"https:\/\/lahingupood.ee\/en\/wp-json\/wp\/v2\/media?parent=1728"}],"wp:term":[{"taxonomy":"product_brand","embeddable":true,"href":"https:\/\/lahingupood.ee\/en\/wp-json\/wp\/v2\/product_brand?post=1728"},{"taxonomy":"product_cat","embeddable":true,"href":"https:\/\/lahingupood.ee\/en\/wp-json\/wp\/v2\/product_cat?post=1728"},{"taxonomy":"product_tag","embeddable":true,"href":"https:\/\/lahingupood.ee\/en\/wp-json\/wp\/v2\/product_tag?post=1728"}],"curies":[{"name":"wp","href":"https:\/\/api.w.org\/{rel}","templated":true}]}}