{"id":1681,"date":"2022-07-06T18:14:38","date_gmt":"2022-07-06T15:14:38","guid":{"rendered":"https:\/\/lahingupood.ee\/?post_type=product&#038;p=1681"},"modified":"2026-04-12T20:30:05","modified_gmt":"2026-04-12T17:30:05","slug":"fn-herstal-m249-para-airsoft-kuulipilduja","status":"publish","type":"product","link":"https:\/\/lahingupood.ee\/en\/product\/fn-herstal-m249-para-airsoft-kuulipilduja\/","title":{"rendered":"FN Herstal M249 PARA Airsoft Kuulipilduja"},"content":{"rendered":"<p>FN Herstal M249 PARA Airsoft Kuulipilduja<\/p>\n<p>FN Herstal poolt sertifitseeritud <a href=\"https:\/\/www.youtube.com\/watch?v=7KMU4HoZkMI\">M249 Airsoft replika<\/a>. Relva kere on valmistatud nailonist, mis teeb selle kergeks, kuid vastupidavaks. Sees on j\u00e4tkuvalt \u00fcliv\u00f5imas M249 gearbox, mis kannatab ka k\u00f5ige suuremaid koormuseid. Alumiiniumist M249 t\u00fc\u00fcpi k\u00fclgs\u00f6\u00f6tmisega HopUp kamber. Komplekti kuulub Relv ja Kuulikast, mis mahutab kuni 2400 kuuli. Kuulikast t\u00f6\u00f6tab kahe AA t\u00fc\u00fcpi patareiga. Kastil on kolm re\u017eiimi: v\u00e4ljas, pidev kerimine, helianduriga kerimine. Leegisummuti ja v\u00e4listoru, on metallist. Harkjalg terasest, reguleeritava k\u00f5rgusega. Kande k\u00e4epide samuti terasest. Gearboxil kiire vedruvahetuse v\u00f5imalus. Praegusel kujul j\u00f5ud 1,5J.<\/p>\n<p><a href=\"https:\/\/lahingupood.ee\/en\/product\/5-56mm-dummy-bullet-chain\/\">Vaata ka lisa<\/a><\/p>","protected":false},"excerpt":{"rendered":"<p>FN Herstal M249 PARA Airsoft Kuulipilduja FN Herstal poolt sertifitseeritud M249 Airsoft replika. Relva kere on valmistatud nailonist, mis teeb selle kergeks, kuid vastupidavaks. Sees on j\u00e4tkuvalt \u00fcliv\u00f5imas M249 gearbox, mis kannatab ka k\u00f5ige suuremaid koormuseid. Alumiiniumist M249 t\u00fc\u00fcpi k\u00fclgs\u00f6\u00f6tmisega HopUp kamber. Komplekti kuulub Relv ja Kuulikast, mis mahutab kuni 2400 kuuli. Kuulikast t\u00f6\u00f6tab kahe [&#8230;]\n","protected":false},"featured_media":1682,"template":"","meta":[],"product_brand":[],"product_cat":[23],"product_tag":[],"class_list":{"0":"post-1681","1":"product","2":"type-product","3":"status-publish","4":"has-post-thumbnail","6":"product_cat-elektrilised-relvad","8":"first","9":"outofstock","10":"taxable","11":"shipping-taxable","12":"purchasable","13":"product-type-simple"},"yoast_head":"<!-- This site is optimized with the Yoast SEO Premium plugin v27.3 (Yoast SEO v27.3) - https:\/\/yoast.com\/product\/yoast-seo-premium-wordpress\/ -->\n<title>FN Herstal M249 PARA Airsoft Kuulipilduja - Lahingurada e-pood<\/title>\n<meta name=\"description\" content=\"FN Herstal M249 PARA Airsoft Kuulipilduja FN Herstal poolt sertifitseeritud M249 Airsoft replika. Relva kere on valmistatud nailonist\" \/>\n<meta name=\"robots\" content=\"index, follow, max-snippet:-1, max-image-preview:large, max-video-preview:-1\" \/>\n<link rel=\"canonical\" href=\"https:\/\/lahingupood.ee\/en\/product\/fn-herstal-m249-para-airsoft-kuulipilduja\/\" \/>\n<meta property=\"og:locale\" content=\"en_GB\" \/>\n<meta property=\"og:type\" content=\"article\" \/>\n<meta property=\"og:title\" content=\"FN Herstal M249 PARA Airsoft Kuulipilduja\" \/>\n<meta property=\"og:description\" content=\"FN Herstal M249 PARA Airsoft Kuulipilduja FN Herstal poolt sertifitseeritud M249 Airsoft replika. Relva kere on valmistatud nailonist\" \/>\n<meta property=\"og:url\" content=\"https:\/\/lahingupood.ee\/en\/product\/fn-herstal-m249-para-airsoft-kuulipilduja\/\" \/>\n<meta property=\"og:site_name\" content=\"Lahingurada e-pood\" \/>\n<meta property=\"article:publisher\" content=\"https:\/\/www.facebook.com\/Lahingurada-629940247212967\" \/>\n<meta property=\"article:modified_time\" content=\"2026-04-12T17:30:05+00:00\" \/>\n<meta property=\"og:image\" content=\"https:\/\/lahingupood.ee\/wp-content\/uploads\/2022\/07\/200004_front34left.png\" \/>\n\t<meta property=\"og:image:width\" content=\"1920\" \/>\n\t<meta property=\"og:image:height\" content=\"1487\" \/>\n\t<meta property=\"og:image:type\" content=\"image\/png\" \/>\n<meta name=\"twitter:card\" content=\"summary_large_image\" \/>\n<meta name=\"twitter:label1\" content=\"Estimated reading time\" \/>\n\t<meta name=\"twitter:data1\" content=\"1 minute\" \/>\n<script type=\"application\/ld+json\" class=\"yoast-schema-graph\">{\"@context\":\"https:\\\/\\\/schema.org\",\"@graph\":[{\"@type\":\"WebPage\",\"@id\":\"https:\\\/\\\/lahingupood.ee\\\/toode\\\/fn-herstal-m249-para-airsoft-kuulipilduja\\\/\",\"url\":\"https:\\\/\\\/lahingupood.ee\\\/toode\\\/fn-herstal-m249-para-airsoft-kuulipilduja\\\/\",\"name\":\"FN Herstal M249 PARA Airsoft Kuulipilduja - Lahingurada e-pood\",\"isPartOf\":{\"@id\":\"https:\\\/\\\/lahingupood.ee\\\/#website\"},\"primaryImageOfPage\":{\"@id\":\"https:\\\/\\\/lahingupood.ee\\\/toode\\\/fn-herstal-m249-para-airsoft-kuulipilduja\\\/#primaryimage\"},\"image\":{\"@id\":\"https:\\\/\\\/lahingupood.ee\\\/toode\\\/fn-herstal-m249-para-airsoft-kuulipilduja\\\/#primaryimage\"},\"thumbnailUrl\":\"https:\\\/\\\/lahingupood.ee\\\/wp-content\\\/uploads\\\/2022\\\/07\\\/200004_front34left.png\",\"datePublished\":\"2022-07-06T15:14:38+00:00\",\"dateModified\":\"2026-04-12T17:30:05+00:00\",\"description\":\"FN Herstal M249 PARA Airsoft Kuulipilduja FN Herstal poolt sertifitseeritud M249 Airsoft replika. Relva kere on valmistatud nailonist\",\"breadcrumb\":{\"@id\":\"https:\\\/\\\/lahingupood.ee\\\/toode\\\/fn-herstal-m249-para-airsoft-kuulipilduja\\\/#breadcrumb\"},\"inLanguage\":\"en-GB\",\"potentialAction\":[{\"@type\":\"ReadAction\",\"target\":[\"https:\\\/\\\/lahingupood.ee\\\/toode\\\/fn-herstal-m249-para-airsoft-kuulipilduja\\\/\"]}]},{\"@type\":\"ImageObject\",\"inLanguage\":\"en-GB\",\"@id\":\"https:\\\/\\\/lahingupood.ee\\\/toode\\\/fn-herstal-m249-para-airsoft-kuulipilduja\\\/#primaryimage\",\"url\":\"https:\\\/\\\/lahingupood.ee\\\/wp-content\\\/uploads\\\/2022\\\/07\\\/200004_front34left.png\",\"contentUrl\":\"https:\\\/\\\/lahingupood.ee\\\/wp-content\\\/uploads\\\/2022\\\/07\\\/200004_front34left.png\",\"width\":1920,\"height\":1487,\"caption\":\"fn-herstal-m249-para-airsoft-kuulipilduja\"},{\"@type\":\"BreadcrumbList\",\"@id\":\"https:\\\/\\\/lahingupood.ee\\\/toode\\\/fn-herstal-m249-para-airsoft-kuulipilduja\\\/#breadcrumb\",\"itemListElement\":[{\"@type\":\"ListItem\",\"position\":1,\"name\":\"Home\",\"item\":\"https:\\\/\\\/lahingupood.ee\\\/\"},{\"@type\":\"ListItem\",\"position\":2,\"name\":\"Tooted\",\"item\":\"https:\\\/\\\/lahingupood.ee\\\/tooted\\\/\"},{\"@type\":\"ListItem\",\"position\":3,\"name\":\"FN Herstal M249 PARA Airsoft Kuulipilduja\"}]},{\"@type\":\"WebSite\",\"@id\":\"https:\\\/\\\/lahingupood.ee\\\/#website\",\"url\":\"https:\\\/\\\/lahingupood.ee\\\/\",\"name\":\"Lahingurada e-pood\",\"description\":\"Airsoft\",\"publisher\":{\"@id\":\"https:\\\/\\\/lahingupood.ee\\\/#organization\"},\"potentialAction\":[{\"@type\":\"SearchAction\",\"target\":{\"@type\":\"EntryPoint\",\"urlTemplate\":\"https:\\\/\\\/lahingupood.ee\\\/?s={search_term_string}\"},\"query-input\":{\"@type\":\"PropertyValueSpecification\",\"valueRequired\":true,\"valueName\":\"search_term_string\"}}],\"inLanguage\":\"en-GB\"},{\"@type\":\"Organization\",\"@id\":\"https:\\\/\\\/lahingupood.ee\\\/#organization\",\"name\":\"Lahingurada\",\"url\":\"https:\\\/\\\/lahingupood.ee\\\/\",\"logo\":{\"@type\":\"ImageObject\",\"inLanguage\":\"en-GB\",\"@id\":\"https:\\\/\\\/lahingupood.ee\\\/#\\\/schema\\\/logo\\\/image\\\/\",\"url\":\"https:\\\/\\\/lahingupood.ee\\\/wp-content\\\/uploads\\\/2022\\\/03\\\/lahingurada-220318.jpg\",\"contentUrl\":\"https:\\\/\\\/lahingupood.ee\\\/wp-content\\\/uploads\\\/2022\\\/03\\\/lahingurada-220318.jpg\",\"width\":800,\"height\":500,\"caption\":\"Lahingurada\"},\"image\":{\"@id\":\"https:\\\/\\\/lahingupood.ee\\\/#\\\/schema\\\/logo\\\/image\\\/\"},\"sameAs\":[\"https:\\\/\\\/www.facebook.com\\\/Lahingurada-629940247212967\"]}]}<\/script>\n<!-- \/ Yoast SEO Premium plugin. -->","yoast_head_json":{"title":"FN Herstal M249 PARA Airsoft Kuulipilduja - Lahingurada e-pood","description":"FN Herstal M249 PARA Airsoft Kuulipilduja FN Herstal poolt sertifitseeritud M249 Airsoft replika. Relva kere on valmistatud nailonist","robots":{"index":"index","follow":"follow","max-snippet":"max-snippet:-1","max-image-preview":"max-image-preview:large","max-video-preview":"max-video-preview:-1"},"canonical":"https:\/\/lahingupood.ee\/en\/product\/fn-herstal-m249-para-airsoft-kuulipilduja\/","og_locale":"en_GB","og_type":"article","og_title":"FN Herstal M249 PARA Airsoft Kuulipilduja","og_description":"FN Herstal M249 PARA Airsoft Kuulipilduja FN Herstal poolt sertifitseeritud M249 Airsoft replika. Relva kere on valmistatud nailonist","og_url":"https:\/\/lahingupood.ee\/en\/product\/fn-herstal-m249-para-airsoft-kuulipilduja\/","og_site_name":"Lahingurada e-pood","article_publisher":"https:\/\/www.facebook.com\/Lahingurada-629940247212967","article_modified_time":"2026-04-12T17:30:05+00:00","og_image":[{"width":1920,"height":1487,"url":"https:\/\/lahingupood.ee\/wp-content\/uploads\/2022\/07\/200004_front34left.png","type":"image\/png"}],"twitter_card":"summary_large_image","twitter_misc":{"Estimated reading time":"1 minute"},"schema":{"@context":"https:\/\/schema.org","@graph":[{"@type":"WebPage","@id":"https:\/\/lahingupood.ee\/toode\/fn-herstal-m249-para-airsoft-kuulipilduja\/","url":"https:\/\/lahingupood.ee\/toode\/fn-herstal-m249-para-airsoft-kuulipilduja\/","name":"FN Herstal M249 PARA Airsoft Kuulipilduja - Lahingurada e-pood","isPartOf":{"@id":"https:\/\/lahingupood.ee\/#website"},"primaryImageOfPage":{"@id":"https:\/\/lahingupood.ee\/toode\/fn-herstal-m249-para-airsoft-kuulipilduja\/#primaryimage"},"image":{"@id":"https:\/\/lahingupood.ee\/toode\/fn-herstal-m249-para-airsoft-kuulipilduja\/#primaryimage"},"thumbnailUrl":"https:\/\/lahingupood.ee\/wp-content\/uploads\/2022\/07\/200004_front34left.png","datePublished":"2022-07-06T15:14:38+00:00","dateModified":"2026-04-12T17:30:05+00:00","description":"FN Herstal M249 PARA Airsoft Kuulipilduja FN Herstal poolt sertifitseeritud M249 Airsoft replika. Relva kere on valmistatud nailonist","breadcrumb":{"@id":"https:\/\/lahingupood.ee\/toode\/fn-herstal-m249-para-airsoft-kuulipilduja\/#breadcrumb"},"inLanguage":"en-GB","potentialAction":[{"@type":"ReadAction","target":["https:\/\/lahingupood.ee\/toode\/fn-herstal-m249-para-airsoft-kuulipilduja\/"]}]},{"@type":"ImageObject","inLanguage":"en-GB","@id":"https:\/\/lahingupood.ee\/toode\/fn-herstal-m249-para-airsoft-kuulipilduja\/#primaryimage","url":"https:\/\/lahingupood.ee\/wp-content\/uploads\/2022\/07\/200004_front34left.png","contentUrl":"https:\/\/lahingupood.ee\/wp-content\/uploads\/2022\/07\/200004_front34left.png","width":1920,"height":1487,"caption":"fn-herstal-m249-para-airsoft-kuulipilduja"},{"@type":"BreadcrumbList","@id":"https:\/\/lahingupood.ee\/toode\/fn-herstal-m249-para-airsoft-kuulipilduja\/#breadcrumb","itemListElement":[{"@type":"ListItem","position":1,"name":"Home","item":"https:\/\/lahingupood.ee\/"},{"@type":"ListItem","position":2,"name":"Tooted","item":"https:\/\/lahingupood.ee\/tooted\/"},{"@type":"ListItem","position":3,"name":"FN Herstal M249 PARA Airsoft Kuulipilduja"}]},{"@type":"WebSite","@id":"https:\/\/lahingupood.ee\/#website","url":"https:\/\/lahingupood.ee\/","name":"Lahingurada e-pood","description":"Airsoft","publisher":{"@id":"https:\/\/lahingupood.ee\/#organization"},"potentialAction":[{"@type":"SearchAction","target":{"@type":"EntryPoint","urlTemplate":"https:\/\/lahingupood.ee\/?s={search_term_string}"},"query-input":{"@type":"PropertyValueSpecification","valueRequired":true,"valueName":"search_term_string"}}],"inLanguage":"en-GB"},{"@type":"Organization","@id":"https:\/\/lahingupood.ee\/#organization","name":"Lahingurada","url":"https:\/\/lahingupood.ee\/","logo":{"@type":"ImageObject","inLanguage":"en-GB","@id":"https:\/\/lahingupood.ee\/#\/schema\/logo\/image\/","url":"https:\/\/lahingupood.ee\/wp-content\/uploads\/2022\/03\/lahingurada-220318.jpg","contentUrl":"https:\/\/lahingupood.ee\/wp-content\/uploads\/2022\/03\/lahingurada-220318.jpg","width":800,"height":500,"caption":"Lahingurada"},"image":{"@id":"https:\/\/lahingupood.ee\/#\/schema\/logo\/image\/"},"sameAs":["https:\/\/www.facebook.com\/Lahingurada-629940247212967"]}]}},"_links":{"self":[{"href":"https:\/\/lahingupood.ee\/en\/wp-json\/wp\/v2\/product\/1681","targetHints":{"allow":["GET"]}}],"collection":[{"href":"https:\/\/lahingupood.ee\/en\/wp-json\/wp\/v2\/product"}],"about":[{"href":"https:\/\/lahingupood.ee\/en\/wp-json\/wp\/v2\/types\/product"}],"wp:featuredmedia":[{"embeddable":true,"href":"https:\/\/lahingupood.ee\/en\/wp-json\/wp\/v2\/media\/1682"}],"wp:attachment":[{"href":"https:\/\/lahingupood.ee\/en\/wp-json\/wp\/v2\/media?parent=1681"}],"wp:term":[{"taxonomy":"product_brand","embeddable":true,"href":"https:\/\/lahingupood.ee\/en\/wp-json\/wp\/v2\/product_brand?post=1681"},{"taxonomy":"product_cat","embeddable":true,"href":"https:\/\/lahingupood.ee\/en\/wp-json\/wp\/v2\/product_cat?post=1681"},{"taxonomy":"product_tag","embeddable":true,"href":"https:\/\/lahingupood.ee\/en\/wp-json\/wp\/v2\/product_tag?post=1681"}],"curies":[{"name":"wp","href":"https:\/\/api.w.org\/{rel}","templated":true}]}}