{"id":1666,"date":"2022-07-06T00:38:19","date_gmt":"2022-07-05T21:38:19","guid":{"rendered":"https:\/\/lahingupood.ee\/?post_type=product&#038;p=1666"},"modified":"2026-04-12T20:30:07","modified_gmt":"2026-04-12T17:30:07","slug":"cowboy-rifle-co2-antique-legends","status":"publish","type":"product","link":"https:\/\/lahingupood.ee\/en\/product\/cowboy-rifle-co2-antique-legends\/","title":{"rendered":"Cowboy Rifle Co2 Antique (Legends)"},"content":{"rendered":"<p>Cowboy Rifle Co2 Antique (Legends)<\/p>\n<p>Umarex Legends cowboy vintp\u00fcss, mida tuntakse ka winchesteri nime all. V\u00e4ga realistliku v\u00e4limuse ja funktsiooniga relv. Relv t\u00f6\u00f6tab kahe CO2 kapsliga(asuvad \u00a0kabas), mis annavd tema laskudele enam kui 3J energiat. Hopup on fikseeritud. Kuulid laetakse kestadesse. Iga lasu j\u00e4rel, relva vinnastamisel lendab t\u00fchi kest v\u00e4lja, mis n\u00e4eb v\u00e4lja v\u00e4ga realistlik ja lihtsalt \u00fclilahe. Relv sobib ajalooliseks rekonstruktsiooniks ja filmiv\u00f5teteks. Metsiku l\u00e4\u00e4ne f\u00e4nni t\u00f5eline unistus.<\/p>","protected":false},"excerpt":{"rendered":"<p>Cowboy Rifle Co2 Antique (Legends) Umarex Legends cowboy vintp\u00fcss, mida tuntakse ka winchesteri nime all. V\u00e4ga realistliku v\u00e4limuse ja funktsiooniga relv. Relv t\u00f6\u00f6tab kahe CO2 kapsliga(asuvad \u00a0kabas), mis annavd tema laskudele enam kui 3J energiat. Hopup on fikseeritud. Kuulid laetakse kestadesse. Iga lasu j\u00e4rel, relva vinnastamisel lendab t\u00fchi kest v\u00e4lja, mis n\u00e4eb v\u00e4lja v\u00e4ga realistlik [&#8230;]\n","protected":false},"featured_media":1667,"template":"","meta":[],"product_brand":[],"product_cat":[24,49],"product_tag":[],"class_list":{"0":"post-1666","1":"product","2":"type-product","3":"status-publish","4":"has-post-thumbnail","6":"product_cat-gbb-relvad","7":"product_cat-vinnastatavad-relvad","9":"first","10":"outofstock","11":"taxable","12":"shipping-taxable","13":"purchasable","14":"product-type-simple"},"yoast_head":"<!-- This site is optimized with the Yoast SEO Premium plugin v27.3 (Yoast SEO v27.3) - https:\/\/yoast.com\/product\/yoast-seo-premium-wordpress\/ -->\n<title>Cowboy Rifle Co2 Antique (Legends) - Lahingurada e-pood<\/title>\n<meta name=\"description\" content=\"Cowboy Rifle Co2 Antique (Legends) Umarex Legends cowboy vintp\u00fcss, mida tuntakse ka winchesteri nime all. Lahingurada e-pood\" \/>\n<meta name=\"robots\" content=\"index, follow, max-snippet:-1, max-image-preview:large, max-video-preview:-1\" \/>\n<link rel=\"canonical\" href=\"https:\/\/lahingupood.ee\/en\/product\/cowboy-rifle-co2-antique-legends\/\" \/>\n<meta property=\"og:locale\" content=\"en_GB\" \/>\n<meta property=\"og:type\" content=\"article\" \/>\n<meta property=\"og:title\" content=\"Cowboy Rifle Co2 Antique (Legends)\" \/>\n<meta property=\"og:description\" content=\"Cowboy Rifle Co2 Antique (Legends) Umarex Legends cowboy vintp\u00fcss, mida tuntakse ka winchesteri nime all. Lahingurada e-pood\" \/>\n<meta property=\"og:url\" content=\"https:\/\/lahingupood.ee\/en\/product\/cowboy-rifle-co2-antique-legends\/\" \/>\n<meta property=\"og:site_name\" content=\"Lahingurada e-pood\" \/>\n<meta property=\"article:publisher\" content=\"https:\/\/www.facebook.com\/Lahingurada-629940247212967\" \/>\n<meta property=\"article:modified_time\" content=\"2026-04-12T17:30:07+00:00\" \/>\n<meta property=\"og:image\" content=\"https:\/\/lahingupood.ee\/wp-content\/uploads\/2022\/07\/29417.png\" \/>\n\t<meta property=\"og:image:width\" content=\"930\" \/>\n\t<meta property=\"og:image:height\" content=\"651\" \/>\n\t<meta property=\"og:image:type\" content=\"image\/png\" \/>\n<meta name=\"twitter:card\" content=\"summary_large_image\" \/>\n<meta name=\"twitter:label1\" content=\"Estimated reading time\" \/>\n\t<meta name=\"twitter:data1\" content=\"1 minute\" \/>\n<script type=\"application\/ld+json\" class=\"yoast-schema-graph\">{\"@context\":\"https:\\\/\\\/schema.org\",\"@graph\":[{\"@type\":\"WebPage\",\"@id\":\"https:\\\/\\\/lahingupood.ee\\\/toode\\\/cowboy-rifle-co2-antique-legends\\\/\",\"url\":\"https:\\\/\\\/lahingupood.ee\\\/toode\\\/cowboy-rifle-co2-antique-legends\\\/\",\"name\":\"Cowboy Rifle Co2 Antique (Legends) - Lahingurada e-pood\",\"isPartOf\":{\"@id\":\"https:\\\/\\\/lahingupood.ee\\\/#website\"},\"primaryImageOfPage\":{\"@id\":\"https:\\\/\\\/lahingupood.ee\\\/toode\\\/cowboy-rifle-co2-antique-legends\\\/#primaryimage\"},\"image\":{\"@id\":\"https:\\\/\\\/lahingupood.ee\\\/toode\\\/cowboy-rifle-co2-antique-legends\\\/#primaryimage\"},\"thumbnailUrl\":\"https:\\\/\\\/lahingupood.ee\\\/wp-content\\\/uploads\\\/2022\\\/07\\\/29417.png\",\"datePublished\":\"2022-07-05T21:38:19+00:00\",\"dateModified\":\"2026-04-12T17:30:07+00:00\",\"description\":\"Cowboy Rifle Co2 Antique (Legends) Umarex Legends cowboy vintp\u00fcss, mida tuntakse ka winchesteri nime all. Lahingurada e-pood\",\"breadcrumb\":{\"@id\":\"https:\\\/\\\/lahingupood.ee\\\/toode\\\/cowboy-rifle-co2-antique-legends\\\/#breadcrumb\"},\"inLanguage\":\"en-GB\",\"potentialAction\":[{\"@type\":\"ReadAction\",\"target\":[\"https:\\\/\\\/lahingupood.ee\\\/toode\\\/cowboy-rifle-co2-antique-legends\\\/\"]}]},{\"@type\":\"ImageObject\",\"inLanguage\":\"en-GB\",\"@id\":\"https:\\\/\\\/lahingupood.ee\\\/toode\\\/cowboy-rifle-co2-antique-legends\\\/#primaryimage\",\"url\":\"https:\\\/\\\/lahingupood.ee\\\/wp-content\\\/uploads\\\/2022\\\/07\\\/29417.png\",\"contentUrl\":\"https:\\\/\\\/lahingupood.ee\\\/wp-content\\\/uploads\\\/2022\\\/07\\\/29417.png\",\"width\":930,\"height\":651,\"caption\":\"cowboy-rifle-co2-antique-legends\"},{\"@type\":\"BreadcrumbList\",\"@id\":\"https:\\\/\\\/lahingupood.ee\\\/toode\\\/cowboy-rifle-co2-antique-legends\\\/#breadcrumb\",\"itemListElement\":[{\"@type\":\"ListItem\",\"position\":1,\"name\":\"Home\",\"item\":\"https:\\\/\\\/lahingupood.ee\\\/\"},{\"@type\":\"ListItem\",\"position\":2,\"name\":\"Tooted\",\"item\":\"https:\\\/\\\/lahingupood.ee\\\/tooted\\\/\"},{\"@type\":\"ListItem\",\"position\":3,\"name\":\"Cowboy Rifle Co2 Antique (Legends)\"}]},{\"@type\":\"WebSite\",\"@id\":\"https:\\\/\\\/lahingupood.ee\\\/#website\",\"url\":\"https:\\\/\\\/lahingupood.ee\\\/\",\"name\":\"Lahingurada e-pood\",\"description\":\"Airsoft\",\"publisher\":{\"@id\":\"https:\\\/\\\/lahingupood.ee\\\/#organization\"},\"potentialAction\":[{\"@type\":\"SearchAction\",\"target\":{\"@type\":\"EntryPoint\",\"urlTemplate\":\"https:\\\/\\\/lahingupood.ee\\\/?s={search_term_string}\"},\"query-input\":{\"@type\":\"PropertyValueSpecification\",\"valueRequired\":true,\"valueName\":\"search_term_string\"}}],\"inLanguage\":\"en-GB\"},{\"@type\":\"Organization\",\"@id\":\"https:\\\/\\\/lahingupood.ee\\\/#organization\",\"name\":\"Lahingurada\",\"url\":\"https:\\\/\\\/lahingupood.ee\\\/\",\"logo\":{\"@type\":\"ImageObject\",\"inLanguage\":\"en-GB\",\"@id\":\"https:\\\/\\\/lahingupood.ee\\\/#\\\/schema\\\/logo\\\/image\\\/\",\"url\":\"https:\\\/\\\/lahingupood.ee\\\/wp-content\\\/uploads\\\/2022\\\/03\\\/lahingurada-220318.jpg\",\"contentUrl\":\"https:\\\/\\\/lahingupood.ee\\\/wp-content\\\/uploads\\\/2022\\\/03\\\/lahingurada-220318.jpg\",\"width\":800,\"height\":500,\"caption\":\"Lahingurada\"},\"image\":{\"@id\":\"https:\\\/\\\/lahingupood.ee\\\/#\\\/schema\\\/logo\\\/image\\\/\"},\"sameAs\":[\"https:\\\/\\\/www.facebook.com\\\/Lahingurada-629940247212967\"]}]}<\/script>\n<!-- \/ Yoast SEO Premium plugin. -->","yoast_head_json":{"title":"Cowboy Rifle Co2 Antique (Legends) - Lahingurada e-pood","description":"Cowboy Rifle Co2 Antique (Legends) Umarex Legends cowboy vintp\u00fcss, mida tuntakse ka winchesteri nime all. Lahingurada e-pood","robots":{"index":"index","follow":"follow","max-snippet":"max-snippet:-1","max-image-preview":"max-image-preview:large","max-video-preview":"max-video-preview:-1"},"canonical":"https:\/\/lahingupood.ee\/en\/product\/cowboy-rifle-co2-antique-legends\/","og_locale":"en_GB","og_type":"article","og_title":"Cowboy Rifle Co2 Antique (Legends)","og_description":"Cowboy Rifle Co2 Antique (Legends) Umarex Legends cowboy vintp\u00fcss, mida tuntakse ka winchesteri nime all. Lahingurada e-pood","og_url":"https:\/\/lahingupood.ee\/en\/product\/cowboy-rifle-co2-antique-legends\/","og_site_name":"Lahingurada e-pood","article_publisher":"https:\/\/www.facebook.com\/Lahingurada-629940247212967","article_modified_time":"2026-04-12T17:30:07+00:00","og_image":[{"width":930,"height":651,"url":"https:\/\/lahingupood.ee\/wp-content\/uploads\/2022\/07\/29417.png","type":"image\/png"}],"twitter_card":"summary_large_image","twitter_misc":{"Estimated reading time":"1 minute"},"schema":{"@context":"https:\/\/schema.org","@graph":[{"@type":"WebPage","@id":"https:\/\/lahingupood.ee\/toode\/cowboy-rifle-co2-antique-legends\/","url":"https:\/\/lahingupood.ee\/toode\/cowboy-rifle-co2-antique-legends\/","name":"Cowboy Rifle Co2 Antique (Legends) - Lahingurada e-pood","isPartOf":{"@id":"https:\/\/lahingupood.ee\/#website"},"primaryImageOfPage":{"@id":"https:\/\/lahingupood.ee\/toode\/cowboy-rifle-co2-antique-legends\/#primaryimage"},"image":{"@id":"https:\/\/lahingupood.ee\/toode\/cowboy-rifle-co2-antique-legends\/#primaryimage"},"thumbnailUrl":"https:\/\/lahingupood.ee\/wp-content\/uploads\/2022\/07\/29417.png","datePublished":"2022-07-05T21:38:19+00:00","dateModified":"2026-04-12T17:30:07+00:00","description":"Cowboy Rifle Co2 Antique (Legends) Umarex Legends cowboy vintp\u00fcss, mida tuntakse ka winchesteri nime all. Lahingurada e-pood","breadcrumb":{"@id":"https:\/\/lahingupood.ee\/toode\/cowboy-rifle-co2-antique-legends\/#breadcrumb"},"inLanguage":"en-GB","potentialAction":[{"@type":"ReadAction","target":["https:\/\/lahingupood.ee\/toode\/cowboy-rifle-co2-antique-legends\/"]}]},{"@type":"ImageObject","inLanguage":"en-GB","@id":"https:\/\/lahingupood.ee\/toode\/cowboy-rifle-co2-antique-legends\/#primaryimage","url":"https:\/\/lahingupood.ee\/wp-content\/uploads\/2022\/07\/29417.png","contentUrl":"https:\/\/lahingupood.ee\/wp-content\/uploads\/2022\/07\/29417.png","width":930,"height":651,"caption":"cowboy-rifle-co2-antique-legends"},{"@type":"BreadcrumbList","@id":"https:\/\/lahingupood.ee\/toode\/cowboy-rifle-co2-antique-legends\/#breadcrumb","itemListElement":[{"@type":"ListItem","position":1,"name":"Home","item":"https:\/\/lahingupood.ee\/"},{"@type":"ListItem","position":2,"name":"Tooted","item":"https:\/\/lahingupood.ee\/tooted\/"},{"@type":"ListItem","position":3,"name":"Cowboy Rifle Co2 Antique (Legends)"}]},{"@type":"WebSite","@id":"https:\/\/lahingupood.ee\/#website","url":"https:\/\/lahingupood.ee\/","name":"Lahingurada e-pood","description":"Airsoft","publisher":{"@id":"https:\/\/lahingupood.ee\/#organization"},"potentialAction":[{"@type":"SearchAction","target":{"@type":"EntryPoint","urlTemplate":"https:\/\/lahingupood.ee\/?s={search_term_string}"},"query-input":{"@type":"PropertyValueSpecification","valueRequired":true,"valueName":"search_term_string"}}],"inLanguage":"en-GB"},{"@type":"Organization","@id":"https:\/\/lahingupood.ee\/#organization","name":"Lahingurada","url":"https:\/\/lahingupood.ee\/","logo":{"@type":"ImageObject","inLanguage":"en-GB","@id":"https:\/\/lahingupood.ee\/#\/schema\/logo\/image\/","url":"https:\/\/lahingupood.ee\/wp-content\/uploads\/2022\/03\/lahingurada-220318.jpg","contentUrl":"https:\/\/lahingupood.ee\/wp-content\/uploads\/2022\/03\/lahingurada-220318.jpg","width":800,"height":500,"caption":"Lahingurada"},"image":{"@id":"https:\/\/lahingupood.ee\/#\/schema\/logo\/image\/"},"sameAs":["https:\/\/www.facebook.com\/Lahingurada-629940247212967"]}]}},"_links":{"self":[{"href":"https:\/\/lahingupood.ee\/en\/wp-json\/wp\/v2\/product\/1666","targetHints":{"allow":["GET"]}}],"collection":[{"href":"https:\/\/lahingupood.ee\/en\/wp-json\/wp\/v2\/product"}],"about":[{"href":"https:\/\/lahingupood.ee\/en\/wp-json\/wp\/v2\/types\/product"}],"wp:featuredmedia":[{"embeddable":true,"href":"https:\/\/lahingupood.ee\/en\/wp-json\/wp\/v2\/media\/1667"}],"wp:attachment":[{"href":"https:\/\/lahingupood.ee\/en\/wp-json\/wp\/v2\/media?parent=1666"}],"wp:term":[{"taxonomy":"product_brand","embeddable":true,"href":"https:\/\/lahingupood.ee\/en\/wp-json\/wp\/v2\/product_brand?post=1666"},{"taxonomy":"product_cat","embeddable":true,"href":"https:\/\/lahingupood.ee\/en\/wp-json\/wp\/v2\/product_cat?post=1666"},{"taxonomy":"product_tag","embeddable":true,"href":"https:\/\/lahingupood.ee\/en\/wp-json\/wp\/v2\/product_tag?post=1666"}],"curies":[{"name":"wp","href":"https:\/\/api.w.org\/{rel}","templated":true}]}}