{"id":1595,"date":"2022-07-05T18:05:21","date_gmt":"2022-07-05T15:05:21","guid":{"rendered":"https:\/\/lahingupood.ee\/?post_type=product&#038;p=1595"},"modified":"2026-04-12T20:15:06","modified_gmt":"2026-04-12T17:15:06","slug":"high-torque-slim-ak-motorgrip-set","status":"publish","type":"product","link":"https:\/\/lahingupood.ee\/en\/product\/high-torque-slim-ak-motorgrip-set\/","title":{"rendered":"High Torque Slim AK Motor+Grip Set"},"content":{"rendered":"<p>High Torque Slim AK Motor+Grip Set<\/p>\n<p>\u00d5huke High Torque mootor koos \u00f5hukese k\u00e4epidemega. AK-t\u00fc\u00fcpi relvadele. \u00d5hem k\u00e4epide teeb relva tunnetuse realistlikumaks, kuna p\u00e4ris relva k\u00e4epide on \u00f5hem kui Airsoft relvadel. Uut t\u00fc\u00fcpi \u00f5huke High torque mootor veab ilusti ka M150 vedrut.<\/p>","protected":false},"excerpt":{"rendered":"<p>High Torque Slim AK Motor+Grip Set \u00d5huke High Torque mootor koos \u00f5hukese k\u00e4epidemega. AK-t\u00fc\u00fcpi relvadele. \u00d5hem k\u00e4epide teeb relva tunnetuse realistlikumaks, kuna p\u00e4ris relva k\u00e4epide on \u00f5hem kui Airsoft relvadel. Uut t\u00fc\u00fcpi \u00f5huke High torque mootor veab ilusti ka M150 vedrut.<\/p>","protected":false},"featured_media":1596,"template":"","meta":[],"product_brand":[],"product_cat":[97,77],"product_tag":[],"class_list":{"0":"post-1595","1":"product","2":"type-product","3":"status-publish","4":"has-post-thumbnail","6":"product_cat-mootorid","7":"product_cat-sooduspakkumised","9":"first","10":"outofstock","11":"sale","12":"taxable","13":"shipping-taxable","14":"purchasable","15":"product-type-simple"},"yoast_head":"<!-- This site is optimized with the Yoast SEO Premium plugin v27.3 (Yoast SEO v27.3) - https:\/\/yoast.com\/product\/yoast-seo-premium-wordpress\/ -->\n<title>High Torque Slim AK Motor+Grip Set - Lahingurada e-pood<\/title>\n<meta name=\"description\" content=\"High Torque Slim AK Motor+Grip Set \u00d5huke High Torque mootor koos \u00f5hukese k\u00e4epidemega. AK-t\u00fc\u00fcpi relvadele.\" \/>\n<meta name=\"robots\" content=\"index, follow, max-snippet:-1, max-image-preview:large, max-video-preview:-1\" \/>\n<link rel=\"canonical\" href=\"https:\/\/lahingupood.ee\/en\/product\/high-torque-slim-ak-motorgrip-set\/\" \/>\n<meta property=\"og:locale\" content=\"en_GB\" \/>\n<meta property=\"og:type\" content=\"article\" \/>\n<meta property=\"og:title\" content=\"High Torque Slim AK Motor+Grip Set\" \/>\n<meta property=\"og:description\" content=\"High Torque Slim AK Motor+Grip Set \u00d5huke High Torque mootor koos \u00f5hukese k\u00e4epidemega. AK-t\u00fc\u00fcpi relvadele.\" \/>\n<meta property=\"og:url\" content=\"https:\/\/lahingupood.ee\/en\/product\/high-torque-slim-ak-motorgrip-set\/\" \/>\n<meta property=\"og:site_name\" content=\"Lahingurada e-pood\" \/>\n<meta property=\"article:publisher\" content=\"https:\/\/www.facebook.com\/Lahingurada-629940247212967\" \/>\n<meta property=\"article:modified_time\" content=\"2026-04-12T17:15:06+00:00\" \/>\n<meta property=\"og:image\" content=\"https:\/\/lahingupood.ee\/wp-content\/uploads\/2022\/07\/1152219438_1.webp\" \/>\n\t<meta property=\"og:image:width\" content=\"800\" \/>\n\t<meta property=\"og:image:height\" content=\"533\" \/>\n\t<meta property=\"og:image:type\" content=\"image\/webp\" \/>\n<meta name=\"twitter:card\" content=\"summary_large_image\" \/>\n<meta name=\"twitter:label1\" content=\"Estimated reading time\" \/>\n\t<meta name=\"twitter:data1\" content=\"1 minute\" \/>\n<script type=\"application\/ld+json\" class=\"yoast-schema-graph\">{\"@context\":\"https:\\\/\\\/schema.org\",\"@graph\":[{\"@type\":\"WebPage\",\"@id\":\"https:\\\/\\\/lahingupood.ee\\\/toode\\\/high-torque-slim-ak-motorgrip-set\\\/\",\"url\":\"https:\\\/\\\/lahingupood.ee\\\/toode\\\/high-torque-slim-ak-motorgrip-set\\\/\",\"name\":\"High Torque Slim AK Motor+Grip Set - Lahingurada e-pood\",\"isPartOf\":{\"@id\":\"https:\\\/\\\/lahingupood.ee\\\/#website\"},\"primaryImageOfPage\":{\"@id\":\"https:\\\/\\\/lahingupood.ee\\\/toode\\\/high-torque-slim-ak-motorgrip-set\\\/#primaryimage\"},\"image\":{\"@id\":\"https:\\\/\\\/lahingupood.ee\\\/toode\\\/high-torque-slim-ak-motorgrip-set\\\/#primaryimage\"},\"thumbnailUrl\":\"https:\\\/\\\/lahingupood.ee\\\/wp-content\\\/uploads\\\/2022\\\/07\\\/1152219438_1.webp\",\"datePublished\":\"2022-07-05T15:05:21+00:00\",\"dateModified\":\"2026-04-12T17:15:06+00:00\",\"description\":\"High Torque Slim AK Motor+Grip Set \u00d5huke High Torque mootor koos \u00f5hukese k\u00e4epidemega. AK-t\u00fc\u00fcpi relvadele.\",\"breadcrumb\":{\"@id\":\"https:\\\/\\\/lahingupood.ee\\\/toode\\\/high-torque-slim-ak-motorgrip-set\\\/#breadcrumb\"},\"inLanguage\":\"en-GB\",\"potentialAction\":[{\"@type\":\"ReadAction\",\"target\":[\"https:\\\/\\\/lahingupood.ee\\\/toode\\\/high-torque-slim-ak-motorgrip-set\\\/\"]}]},{\"@type\":\"ImageObject\",\"inLanguage\":\"en-GB\",\"@id\":\"https:\\\/\\\/lahingupood.ee\\\/toode\\\/high-torque-slim-ak-motorgrip-set\\\/#primaryimage\",\"url\":\"https:\\\/\\\/lahingupood.ee\\\/wp-content\\\/uploads\\\/2022\\\/07\\\/1152219438_1.webp\",\"contentUrl\":\"https:\\\/\\\/lahingupood.ee\\\/wp-content\\\/uploads\\\/2022\\\/07\\\/1152219438_1.webp\",\"width\":800,\"height\":533,\"caption\":\"high-torque-slim-ak-motorgrip-set\"},{\"@type\":\"BreadcrumbList\",\"@id\":\"https:\\\/\\\/lahingupood.ee\\\/toode\\\/high-torque-slim-ak-motorgrip-set\\\/#breadcrumb\",\"itemListElement\":[{\"@type\":\"ListItem\",\"position\":1,\"name\":\"Home\",\"item\":\"https:\\\/\\\/lahingupood.ee\\\/\"},{\"@type\":\"ListItem\",\"position\":2,\"name\":\"Tooted\",\"item\":\"https:\\\/\\\/lahingupood.ee\\\/tooted\\\/\"},{\"@type\":\"ListItem\",\"position\":3,\"name\":\"High Torque Slim AK Motor+Grip Set\"}]},{\"@type\":\"WebSite\",\"@id\":\"https:\\\/\\\/lahingupood.ee\\\/#website\",\"url\":\"https:\\\/\\\/lahingupood.ee\\\/\",\"name\":\"Lahingurada e-pood\",\"description\":\"Airsoft\",\"publisher\":{\"@id\":\"https:\\\/\\\/lahingupood.ee\\\/#organization\"},\"potentialAction\":[{\"@type\":\"SearchAction\",\"target\":{\"@type\":\"EntryPoint\",\"urlTemplate\":\"https:\\\/\\\/lahingupood.ee\\\/?s={search_term_string}\"},\"query-input\":{\"@type\":\"PropertyValueSpecification\",\"valueRequired\":true,\"valueName\":\"search_term_string\"}}],\"inLanguage\":\"en-GB\"},{\"@type\":\"Organization\",\"@id\":\"https:\\\/\\\/lahingupood.ee\\\/#organization\",\"name\":\"Lahingurada\",\"url\":\"https:\\\/\\\/lahingupood.ee\\\/\",\"logo\":{\"@type\":\"ImageObject\",\"inLanguage\":\"en-GB\",\"@id\":\"https:\\\/\\\/lahingupood.ee\\\/#\\\/schema\\\/logo\\\/image\\\/\",\"url\":\"https:\\\/\\\/lahingupood.ee\\\/wp-content\\\/uploads\\\/2022\\\/03\\\/lahingurada-220318.jpg\",\"contentUrl\":\"https:\\\/\\\/lahingupood.ee\\\/wp-content\\\/uploads\\\/2022\\\/03\\\/lahingurada-220318.jpg\",\"width\":800,\"height\":500,\"caption\":\"Lahingurada\"},\"image\":{\"@id\":\"https:\\\/\\\/lahingupood.ee\\\/#\\\/schema\\\/logo\\\/image\\\/\"},\"sameAs\":[\"https:\\\/\\\/www.facebook.com\\\/Lahingurada-629940247212967\"]}]}<\/script>\n<!-- \/ Yoast SEO Premium plugin. -->","yoast_head_json":{"title":"High Torque Slim AK Motor+Grip Set - Lahingurada e-pood","description":"High Torque Slim AK Motor+Grip Set \u00d5huke High Torque mootor koos \u00f5hukese k\u00e4epidemega. AK-t\u00fc\u00fcpi relvadele.","robots":{"index":"index","follow":"follow","max-snippet":"max-snippet:-1","max-image-preview":"max-image-preview:large","max-video-preview":"max-video-preview:-1"},"canonical":"https:\/\/lahingupood.ee\/en\/product\/high-torque-slim-ak-motorgrip-set\/","og_locale":"en_GB","og_type":"article","og_title":"High Torque Slim AK Motor+Grip Set","og_description":"High Torque Slim AK Motor+Grip Set \u00d5huke High Torque mootor koos \u00f5hukese k\u00e4epidemega. AK-t\u00fc\u00fcpi relvadele.","og_url":"https:\/\/lahingupood.ee\/en\/product\/high-torque-slim-ak-motorgrip-set\/","og_site_name":"Lahingurada e-pood","article_publisher":"https:\/\/www.facebook.com\/Lahingurada-629940247212967","article_modified_time":"2026-04-12T17:15:06+00:00","og_image":[{"width":800,"height":533,"url":"https:\/\/lahingupood.ee\/wp-content\/uploads\/2022\/07\/1152219438_1.webp","type":"image\/webp"}],"twitter_card":"summary_large_image","twitter_misc":{"Estimated reading time":"1 minute"},"schema":{"@context":"https:\/\/schema.org","@graph":[{"@type":"WebPage","@id":"https:\/\/lahingupood.ee\/toode\/high-torque-slim-ak-motorgrip-set\/","url":"https:\/\/lahingupood.ee\/toode\/high-torque-slim-ak-motorgrip-set\/","name":"High Torque Slim AK Motor+Grip Set - Lahingurada e-pood","isPartOf":{"@id":"https:\/\/lahingupood.ee\/#website"},"primaryImageOfPage":{"@id":"https:\/\/lahingupood.ee\/toode\/high-torque-slim-ak-motorgrip-set\/#primaryimage"},"image":{"@id":"https:\/\/lahingupood.ee\/toode\/high-torque-slim-ak-motorgrip-set\/#primaryimage"},"thumbnailUrl":"https:\/\/lahingupood.ee\/wp-content\/uploads\/2022\/07\/1152219438_1.webp","datePublished":"2022-07-05T15:05:21+00:00","dateModified":"2026-04-12T17:15:06+00:00","description":"High Torque Slim AK Motor+Grip Set \u00d5huke High Torque mootor koos \u00f5hukese k\u00e4epidemega. AK-t\u00fc\u00fcpi relvadele.","breadcrumb":{"@id":"https:\/\/lahingupood.ee\/toode\/high-torque-slim-ak-motorgrip-set\/#breadcrumb"},"inLanguage":"en-GB","potentialAction":[{"@type":"ReadAction","target":["https:\/\/lahingupood.ee\/toode\/high-torque-slim-ak-motorgrip-set\/"]}]},{"@type":"ImageObject","inLanguage":"en-GB","@id":"https:\/\/lahingupood.ee\/toode\/high-torque-slim-ak-motorgrip-set\/#primaryimage","url":"https:\/\/lahingupood.ee\/wp-content\/uploads\/2022\/07\/1152219438_1.webp","contentUrl":"https:\/\/lahingupood.ee\/wp-content\/uploads\/2022\/07\/1152219438_1.webp","width":800,"height":533,"caption":"high-torque-slim-ak-motorgrip-set"},{"@type":"BreadcrumbList","@id":"https:\/\/lahingupood.ee\/toode\/high-torque-slim-ak-motorgrip-set\/#breadcrumb","itemListElement":[{"@type":"ListItem","position":1,"name":"Home","item":"https:\/\/lahingupood.ee\/"},{"@type":"ListItem","position":2,"name":"Tooted","item":"https:\/\/lahingupood.ee\/tooted\/"},{"@type":"ListItem","position":3,"name":"High Torque Slim AK Motor+Grip Set"}]},{"@type":"WebSite","@id":"https:\/\/lahingupood.ee\/#website","url":"https:\/\/lahingupood.ee\/","name":"Lahingurada e-pood","description":"Airsoft","publisher":{"@id":"https:\/\/lahingupood.ee\/#organization"},"potentialAction":[{"@type":"SearchAction","target":{"@type":"EntryPoint","urlTemplate":"https:\/\/lahingupood.ee\/?s={search_term_string}"},"query-input":{"@type":"PropertyValueSpecification","valueRequired":true,"valueName":"search_term_string"}}],"inLanguage":"en-GB"},{"@type":"Organization","@id":"https:\/\/lahingupood.ee\/#organization","name":"Lahingurada","url":"https:\/\/lahingupood.ee\/","logo":{"@type":"ImageObject","inLanguage":"en-GB","@id":"https:\/\/lahingupood.ee\/#\/schema\/logo\/image\/","url":"https:\/\/lahingupood.ee\/wp-content\/uploads\/2022\/03\/lahingurada-220318.jpg","contentUrl":"https:\/\/lahingupood.ee\/wp-content\/uploads\/2022\/03\/lahingurada-220318.jpg","width":800,"height":500,"caption":"Lahingurada"},"image":{"@id":"https:\/\/lahingupood.ee\/#\/schema\/logo\/image\/"},"sameAs":["https:\/\/www.facebook.com\/Lahingurada-629940247212967"]}]}},"_links":{"self":[{"href":"https:\/\/lahingupood.ee\/en\/wp-json\/wp\/v2\/product\/1595","targetHints":{"allow":["GET"]}}],"collection":[{"href":"https:\/\/lahingupood.ee\/en\/wp-json\/wp\/v2\/product"}],"about":[{"href":"https:\/\/lahingupood.ee\/en\/wp-json\/wp\/v2\/types\/product"}],"wp:featuredmedia":[{"embeddable":true,"href":"https:\/\/lahingupood.ee\/en\/wp-json\/wp\/v2\/media\/1596"}],"wp:attachment":[{"href":"https:\/\/lahingupood.ee\/en\/wp-json\/wp\/v2\/media?parent=1595"}],"wp:term":[{"taxonomy":"product_brand","embeddable":true,"href":"https:\/\/lahingupood.ee\/en\/wp-json\/wp\/v2\/product_brand?post=1595"},{"taxonomy":"product_cat","embeddable":true,"href":"https:\/\/lahingupood.ee\/en\/wp-json\/wp\/v2\/product_cat?post=1595"},{"taxonomy":"product_tag","embeddable":true,"href":"https:\/\/lahingupood.ee\/en\/wp-json\/wp\/v2\/product_tag?post=1595"}],"curies":[{"name":"wp","href":"https:\/\/api.w.org\/{rel}","templated":true}]}}