{"id":1589,"date":"2022-07-05T17:30:37","date_gmt":"2022-07-05T14:30:37","guid":{"rendered":"https:\/\/lahingupood.ee\/?post_type=product&#038;p=1589"},"modified":"2026-04-12T20:00:04","modified_gmt":"2026-04-12T17:00:04","slug":"kar98k-carabin-airsoft-replica","status":"publish","type":"product","link":"https:\/\/lahingupood.ee\/en\/product\/kar98k-carabin-airsoft-replica\/","title":{"rendered":"Kar98K Carabin Airsoft Replica"},"content":{"rendered":"<p>Kar98K Carabin Airsoft Replica<\/p>\n<p>Legendaarse saksa vindi replika (<a href=\"https:\/\/www.youtube.com\/watch?v=Qh_sZR5y5fY\">vaata videot<\/a>) . P\u00e4ris puidust kaba teeb relva v\u00e4ga realistlikuks. T\u00f6\u00f6tab greengasiga. Greengas laetakse luku sisse. Kuulid l\u00e4hevad padruniimitatsioonide sisse. Peale iga lasku, vinnastamisel heidetakse t\u00fchi kest v\u00e4lja ja aetakse uus padrunipessa. Sobib ajaloolisteks rekonstruktsioonideks. V\u00e4ljalend 1,4J(erinevate gaaside puhul v\u00f5ib erineda)<\/p>","protected":false},"excerpt":{"rendered":"<p>Kar98K Carabin Airsoft Replica Legendaarse saksa vindi replika (vaata videot) . P\u00e4ris puidust kaba teeb relva v\u00e4ga realistlikuks. T\u00f6\u00f6tab greengasiga. Greengas laetakse luku sisse. Kuulid l\u00e4hevad padruniimitatsioonide sisse. Peale iga lasku, vinnastamisel heidetakse t\u00fchi kest v\u00e4lja ja aetakse uus padrunipessa. Sobib ajaloolisteks rekonstruktsioonideks. V\u00e4ljalend 1,4J(erinevate gaaside puhul v\u00f5ib erineda)<\/p>","protected":false},"featured_media":1590,"template":"","meta":[],"product_brand":[],"product_cat":[24,49],"product_tag":[],"class_list":{"0":"post-1589","1":"product","2":"type-product","3":"status-publish","4":"has-post-thumbnail","6":"product_cat-gbb-relvad","7":"product_cat-vinnastatavad-relvad","9":"first","10":"outofstock","11":"taxable","12":"shipping-taxable","13":"purchasable","14":"product-type-simple"},"yoast_head":"<!-- This site is optimized with the Yoast SEO Premium plugin v27.3 (Yoast SEO v27.3) - https:\/\/yoast.com\/product\/yoast-seo-premium-wordpress\/ -->\n<title>Kar98K Carabin Airsoft Replica - Lahingurada e-pood<\/title>\n<meta name=\"description\" content=\"Kar98K Carabin Airsoft Replica Legendaarse saksa vindi replika. P\u00e4ris puidust kaba teeb relva v\u00e4ga realistlikuks. T\u00f6\u00f6tab greengasiga.\" \/>\n<meta name=\"robots\" content=\"index, follow, max-snippet:-1, max-image-preview:large, max-video-preview:-1\" \/>\n<link rel=\"canonical\" href=\"https:\/\/lahingupood.ee\/en\/product\/kar98k-carabin-airsoft-replica\/\" \/>\n<meta property=\"og:locale\" content=\"en_GB\" \/>\n<meta property=\"og:type\" content=\"article\" \/>\n<meta property=\"og:title\" content=\"Kar98K Carabin Airsoft Replica\" \/>\n<meta property=\"og:description\" content=\"Kar98K Carabin Airsoft Replica Legendaarse saksa vindi replika. P\u00e4ris puidust kaba teeb relva v\u00e4ga realistlikuks. T\u00f6\u00f6tab greengasiga.\" \/>\n<meta property=\"og:url\" content=\"https:\/\/lahingupood.ee\/en\/product\/kar98k-carabin-airsoft-replica\/\" \/>\n<meta property=\"og:site_name\" content=\"Lahingurada e-pood\" \/>\n<meta property=\"article:publisher\" content=\"https:\/\/www.facebook.com\/Lahingurada-629940247212967\" \/>\n<meta property=\"article:modified_time\" content=\"2026-04-12T17:00:04+00:00\" \/>\n<meta property=\"og:image\" content=\"https:\/\/lahingupood.ee\/wp-content\/uploads\/2022\/07\/1152191976_3.webp\" \/>\n\t<meta property=\"og:image:width\" content=\"1920\" \/>\n\t<meta property=\"og:image:height\" content=\"1280\" \/>\n\t<meta property=\"og:image:type\" content=\"image\/webp\" \/>\n<meta name=\"twitter:card\" content=\"summary_large_image\" \/>\n<meta name=\"twitter:label1\" content=\"Estimated reading time\" \/>\n\t<meta name=\"twitter:data1\" content=\"1 minute\" \/>\n<script type=\"application\/ld+json\" class=\"yoast-schema-graph\">{\"@context\":\"https:\\\/\\\/schema.org\",\"@graph\":[{\"@type\":\"WebPage\",\"@id\":\"https:\\\/\\\/lahingupood.ee\\\/toode\\\/kar98k-carabin-airsoft-replica\\\/\",\"url\":\"https:\\\/\\\/lahingupood.ee\\\/toode\\\/kar98k-carabin-airsoft-replica\\\/\",\"name\":\"Kar98K Carabin Airsoft Replica - Lahingurada e-pood\",\"isPartOf\":{\"@id\":\"https:\\\/\\\/lahingupood.ee\\\/#website\"},\"primaryImageOfPage\":{\"@id\":\"https:\\\/\\\/lahingupood.ee\\\/toode\\\/kar98k-carabin-airsoft-replica\\\/#primaryimage\"},\"image\":{\"@id\":\"https:\\\/\\\/lahingupood.ee\\\/toode\\\/kar98k-carabin-airsoft-replica\\\/#primaryimage\"},\"thumbnailUrl\":\"https:\\\/\\\/lahingupood.ee\\\/wp-content\\\/uploads\\\/2022\\\/07\\\/1152191976_3.webp\",\"datePublished\":\"2022-07-05T14:30:37+00:00\",\"dateModified\":\"2026-04-12T17:00:04+00:00\",\"description\":\"Kar98K Carabin Airsoft Replica Legendaarse saksa vindi replika. P\u00e4ris puidust kaba teeb relva v\u00e4ga realistlikuks. T\u00f6\u00f6tab greengasiga.\",\"breadcrumb\":{\"@id\":\"https:\\\/\\\/lahingupood.ee\\\/toode\\\/kar98k-carabin-airsoft-replica\\\/#breadcrumb\"},\"inLanguage\":\"en-GB\",\"potentialAction\":[{\"@type\":\"ReadAction\",\"target\":[\"https:\\\/\\\/lahingupood.ee\\\/toode\\\/kar98k-carabin-airsoft-replica\\\/\"]}]},{\"@type\":\"ImageObject\",\"inLanguage\":\"en-GB\",\"@id\":\"https:\\\/\\\/lahingupood.ee\\\/toode\\\/kar98k-carabin-airsoft-replica\\\/#primaryimage\",\"url\":\"https:\\\/\\\/lahingupood.ee\\\/wp-content\\\/uploads\\\/2022\\\/07\\\/1152191976_3.webp\",\"contentUrl\":\"https:\\\/\\\/lahingupood.ee\\\/wp-content\\\/uploads\\\/2022\\\/07\\\/1152191976_3.webp\",\"width\":1920,\"height\":1280,\"caption\":\"kar98k-carabin-airsoft-replica\"},{\"@type\":\"BreadcrumbList\",\"@id\":\"https:\\\/\\\/lahingupood.ee\\\/toode\\\/kar98k-carabin-airsoft-replica\\\/#breadcrumb\",\"itemListElement\":[{\"@type\":\"ListItem\",\"position\":1,\"name\":\"Home\",\"item\":\"https:\\\/\\\/lahingupood.ee\\\/\"},{\"@type\":\"ListItem\",\"position\":2,\"name\":\"Tooted\",\"item\":\"https:\\\/\\\/lahingupood.ee\\\/tooted\\\/\"},{\"@type\":\"ListItem\",\"position\":3,\"name\":\"Kar98K Carabin Airsoft Replica\"}]},{\"@type\":\"WebSite\",\"@id\":\"https:\\\/\\\/lahingupood.ee\\\/#website\",\"url\":\"https:\\\/\\\/lahingupood.ee\\\/\",\"name\":\"Lahingurada e-pood\",\"description\":\"Airsoft\",\"publisher\":{\"@id\":\"https:\\\/\\\/lahingupood.ee\\\/#organization\"},\"potentialAction\":[{\"@type\":\"SearchAction\",\"target\":{\"@type\":\"EntryPoint\",\"urlTemplate\":\"https:\\\/\\\/lahingupood.ee\\\/?s={search_term_string}\"},\"query-input\":{\"@type\":\"PropertyValueSpecification\",\"valueRequired\":true,\"valueName\":\"search_term_string\"}}],\"inLanguage\":\"en-GB\"},{\"@type\":\"Organization\",\"@id\":\"https:\\\/\\\/lahingupood.ee\\\/#organization\",\"name\":\"Lahingurada\",\"url\":\"https:\\\/\\\/lahingupood.ee\\\/\",\"logo\":{\"@type\":\"ImageObject\",\"inLanguage\":\"en-GB\",\"@id\":\"https:\\\/\\\/lahingupood.ee\\\/#\\\/schema\\\/logo\\\/image\\\/\",\"url\":\"https:\\\/\\\/lahingupood.ee\\\/wp-content\\\/uploads\\\/2022\\\/03\\\/lahingurada-220318.jpg\",\"contentUrl\":\"https:\\\/\\\/lahingupood.ee\\\/wp-content\\\/uploads\\\/2022\\\/03\\\/lahingurada-220318.jpg\",\"width\":800,\"height\":500,\"caption\":\"Lahingurada\"},\"image\":{\"@id\":\"https:\\\/\\\/lahingupood.ee\\\/#\\\/schema\\\/logo\\\/image\\\/\"},\"sameAs\":[\"https:\\\/\\\/www.facebook.com\\\/Lahingurada-629940247212967\"]}]}<\/script>\n<!-- \/ Yoast SEO Premium plugin. -->","yoast_head_json":{"title":"Kar98K Carabin Airsoft Replica - Lahingurada e-pood","description":"Kar98K Carabin Airsoft Replica Legendaarse saksa vindi replika. P\u00e4ris puidust kaba teeb relva v\u00e4ga realistlikuks. T\u00f6\u00f6tab greengasiga.","robots":{"index":"index","follow":"follow","max-snippet":"max-snippet:-1","max-image-preview":"max-image-preview:large","max-video-preview":"max-video-preview:-1"},"canonical":"https:\/\/lahingupood.ee\/en\/product\/kar98k-carabin-airsoft-replica\/","og_locale":"en_GB","og_type":"article","og_title":"Kar98K Carabin Airsoft Replica","og_description":"Kar98K Carabin Airsoft Replica Legendaarse saksa vindi replika. P\u00e4ris puidust kaba teeb relva v\u00e4ga realistlikuks. T\u00f6\u00f6tab greengasiga.","og_url":"https:\/\/lahingupood.ee\/en\/product\/kar98k-carabin-airsoft-replica\/","og_site_name":"Lahingurada e-pood","article_publisher":"https:\/\/www.facebook.com\/Lahingurada-629940247212967","article_modified_time":"2026-04-12T17:00:04+00:00","og_image":[{"width":1920,"height":1280,"url":"https:\/\/lahingupood.ee\/wp-content\/uploads\/2022\/07\/1152191976_3.webp","type":"image\/webp"}],"twitter_card":"summary_large_image","twitter_misc":{"Estimated reading time":"1 minute"},"schema":{"@context":"https:\/\/schema.org","@graph":[{"@type":"WebPage","@id":"https:\/\/lahingupood.ee\/toode\/kar98k-carabin-airsoft-replica\/","url":"https:\/\/lahingupood.ee\/toode\/kar98k-carabin-airsoft-replica\/","name":"Kar98K Carabin Airsoft Replica - Lahingurada e-pood","isPartOf":{"@id":"https:\/\/lahingupood.ee\/#website"},"primaryImageOfPage":{"@id":"https:\/\/lahingupood.ee\/toode\/kar98k-carabin-airsoft-replica\/#primaryimage"},"image":{"@id":"https:\/\/lahingupood.ee\/toode\/kar98k-carabin-airsoft-replica\/#primaryimage"},"thumbnailUrl":"https:\/\/lahingupood.ee\/wp-content\/uploads\/2022\/07\/1152191976_3.webp","datePublished":"2022-07-05T14:30:37+00:00","dateModified":"2026-04-12T17:00:04+00:00","description":"Kar98K Carabin Airsoft Replica Legendaarse saksa vindi replika. P\u00e4ris puidust kaba teeb relva v\u00e4ga realistlikuks. T\u00f6\u00f6tab greengasiga.","breadcrumb":{"@id":"https:\/\/lahingupood.ee\/toode\/kar98k-carabin-airsoft-replica\/#breadcrumb"},"inLanguage":"en-GB","potentialAction":[{"@type":"ReadAction","target":["https:\/\/lahingupood.ee\/toode\/kar98k-carabin-airsoft-replica\/"]}]},{"@type":"ImageObject","inLanguage":"en-GB","@id":"https:\/\/lahingupood.ee\/toode\/kar98k-carabin-airsoft-replica\/#primaryimage","url":"https:\/\/lahingupood.ee\/wp-content\/uploads\/2022\/07\/1152191976_3.webp","contentUrl":"https:\/\/lahingupood.ee\/wp-content\/uploads\/2022\/07\/1152191976_3.webp","width":1920,"height":1280,"caption":"kar98k-carabin-airsoft-replica"},{"@type":"BreadcrumbList","@id":"https:\/\/lahingupood.ee\/toode\/kar98k-carabin-airsoft-replica\/#breadcrumb","itemListElement":[{"@type":"ListItem","position":1,"name":"Home","item":"https:\/\/lahingupood.ee\/"},{"@type":"ListItem","position":2,"name":"Tooted","item":"https:\/\/lahingupood.ee\/tooted\/"},{"@type":"ListItem","position":3,"name":"Kar98K Carabin Airsoft Replica"}]},{"@type":"WebSite","@id":"https:\/\/lahingupood.ee\/#website","url":"https:\/\/lahingupood.ee\/","name":"Lahingurada e-pood","description":"Airsoft","publisher":{"@id":"https:\/\/lahingupood.ee\/#organization"},"potentialAction":[{"@type":"SearchAction","target":{"@type":"EntryPoint","urlTemplate":"https:\/\/lahingupood.ee\/?s={search_term_string}"},"query-input":{"@type":"PropertyValueSpecification","valueRequired":true,"valueName":"search_term_string"}}],"inLanguage":"en-GB"},{"@type":"Organization","@id":"https:\/\/lahingupood.ee\/#organization","name":"Lahingurada","url":"https:\/\/lahingupood.ee\/","logo":{"@type":"ImageObject","inLanguage":"en-GB","@id":"https:\/\/lahingupood.ee\/#\/schema\/logo\/image\/","url":"https:\/\/lahingupood.ee\/wp-content\/uploads\/2022\/03\/lahingurada-220318.jpg","contentUrl":"https:\/\/lahingupood.ee\/wp-content\/uploads\/2022\/03\/lahingurada-220318.jpg","width":800,"height":500,"caption":"Lahingurada"},"image":{"@id":"https:\/\/lahingupood.ee\/#\/schema\/logo\/image\/"},"sameAs":["https:\/\/www.facebook.com\/Lahingurada-629940247212967"]}]}},"_links":{"self":[{"href":"https:\/\/lahingupood.ee\/en\/wp-json\/wp\/v2\/product\/1589","targetHints":{"allow":["GET"]}}],"collection":[{"href":"https:\/\/lahingupood.ee\/en\/wp-json\/wp\/v2\/product"}],"about":[{"href":"https:\/\/lahingupood.ee\/en\/wp-json\/wp\/v2\/types\/product"}],"wp:featuredmedia":[{"embeddable":true,"href":"https:\/\/lahingupood.ee\/en\/wp-json\/wp\/v2\/media\/1590"}],"wp:attachment":[{"href":"https:\/\/lahingupood.ee\/en\/wp-json\/wp\/v2\/media?parent=1589"}],"wp:term":[{"taxonomy":"product_brand","embeddable":true,"href":"https:\/\/lahingupood.ee\/en\/wp-json\/wp\/v2\/product_brand?post=1589"},{"taxonomy":"product_cat","embeddable":true,"href":"https:\/\/lahingupood.ee\/en\/wp-json\/wp\/v2\/product_cat?post=1589"},{"taxonomy":"product_tag","embeddable":true,"href":"https:\/\/lahingupood.ee\/en\/wp-json\/wp\/v2\/product_tag?post=1589"}],"curies":[{"name":"wp","href":"https:\/\/api.w.org\/{rel}","templated":true}]}}