{"id":1569,"date":"2022-06-30T20:26:52","date_gmt":"2022-06-30T17:26:52","guid":{"rendered":"https:\/\/lahingupood.ee\/?post_type=product&#038;p=1569"},"modified":"2026-04-12T18:15:06","modified_gmt":"2026-04-12T15:15:06","slug":"specna-arms-edge-bb-0-30-bio-tracer-1000tk","status":"publish","type":"product","link":"https:\/\/lahingupood.ee\/en\/product\/specna-arms-edge-bb-0-30-bio-tracer-1000tk\/","title":{"rendered":"Specna Arms EDGE BB 0.30 BIO TRACER 1000tk"},"content":{"rendered":"<p>Specna Arms EDGE BB 0.30 BIO TRACER 1000tk<\/p>\n<p>Raskemad Trasserkuulid mida on eriti hea kasutada v\u00e4litingimustes. Koos <a href=\"https:\/\/lahingupood.ee\/en\/product\/specna-arms-tracer-unit\/\">Trasserotsikuga<\/a>\u00a0annab pimedas suurep\u00e4rase helendava efekti. Vaata <a href=\"https:\/\/www.youtube.com\/watch?v=QXbhs0F5OjQ\">videot<\/a>. Paljudel \u00f6istel m\u00e4ngudel on trasserkuulid kohustuslikud. Antud laskemoon on lisaks oma trasseerivale efektile ka biolagunev ehk looduss\u00f5bralik, mis on samuti viimasel ajal muutunud paljude v\u00e4lim\u00e4ngude kohustuslikuks \u00a0punktiks.<\/p>","protected":false},"excerpt":{"rendered":"<p>Specna Arms EDGE BB 0.30 BIO TRACER 1000tk Raskemad Trasserkuulid mida on eriti hea kasutada v\u00e4litingimustes. Koos Trasserotsikuga\u00a0annab pimedas suurep\u00e4rase helendava efekti. Vaata videot. Paljudel \u00f6istel m\u00e4ngudel on trasserkuulid kohustuslikud. Antud laskemoon on lisaks oma trasseerivale efektile ka biolagunev ehk looduss\u00f5bralik, mis on samuti viimasel ajal muutunud paljude v\u00e4lim\u00e4ngude kohustuslikuks \u00a0punktiks.<\/p>","protected":false},"featured_media":1570,"template":"","meta":[],"product_brand":[],"product_cat":[56,57],"product_tag":[],"class_list":{"0":"post-1569","1":"product","2":"type-product","3":"status-publish","4":"has-post-thumbnail","6":"product_cat-biolagunevad-kuulid","7":"product_cat-trasseerivad-kuulid","9":"first","10":"instock","11":"taxable","12":"shipping-taxable","13":"purchasable","14":"product-type-simple"},"yoast_head":"<!-- This site is optimized with the Yoast SEO Premium plugin v27.3 (Yoast SEO v27.3) - https:\/\/yoast.com\/product\/yoast-seo-premium-wordpress\/ -->\n<title>Specna Arms EDGE BB 0.30 BIO TRACER 1000tk - Lahingurada e-pood<\/title>\n<meta name=\"description\" content=\"Specna Arms EDGE BB 0.30 BIO TRACER 1000tk Raskemad Trasserkuulid mida on eriti hea kasutada v\u00e4litingimustes.\" \/>\n<meta name=\"robots\" content=\"index, follow, max-snippet:-1, max-image-preview:large, max-video-preview:-1\" \/>\n<link rel=\"canonical\" href=\"https:\/\/lahingupood.ee\/en\/product\/specna-arms-edge-bb-0-30-bio-tracer-1000tk\/\" \/>\n<meta property=\"og:locale\" content=\"en_GB\" \/>\n<meta property=\"og:type\" content=\"article\" \/>\n<meta property=\"og:title\" content=\"Specna Arms EDGE BB 0.30 BIO TRACER 1000tk\" \/>\n<meta property=\"og:description\" content=\"Specna Arms EDGE BB 0.30 BIO TRACER 1000tk Raskemad Trasserkuulid mida on eriti hea kasutada v\u00e4litingimustes.\" \/>\n<meta property=\"og:url\" content=\"https:\/\/lahingupood.ee\/en\/product\/specna-arms-edge-bb-0-30-bio-tracer-1000tk\/\" \/>\n<meta property=\"og:site_name\" content=\"Lahingurada e-pood\" \/>\n<meta property=\"article:publisher\" content=\"https:\/\/www.facebook.com\/Lahingurada-629940247212967\" \/>\n<meta property=\"article:modified_time\" content=\"2026-04-12T15:15:06+00:00\" \/>\n<meta property=\"og:image\" content=\"https:\/\/lahingupood.ee\/wp-content\/uploads\/2022\/06\/1152226764_1.webp\" \/>\n\t<meta property=\"og:image:width\" content=\"1999\" \/>\n\t<meta property=\"og:image:height\" content=\"1333\" \/>\n\t<meta property=\"og:image:type\" content=\"image\/webp\" \/>\n<meta name=\"twitter:card\" content=\"summary_large_image\" \/>\n<meta name=\"twitter:label1\" content=\"Estimated reading time\" \/>\n\t<meta name=\"twitter:data1\" content=\"1 minute\" \/>\n<script type=\"application\/ld+json\" class=\"yoast-schema-graph\">{\"@context\":\"https:\\\/\\\/schema.org\",\"@graph\":[{\"@type\":\"WebPage\",\"@id\":\"https:\\\/\\\/lahingupood.ee\\\/toode\\\/specna-arms-edge-bb-0-30-bio-tracer-1000tk\\\/\",\"url\":\"https:\\\/\\\/lahingupood.ee\\\/toode\\\/specna-arms-edge-bb-0-30-bio-tracer-1000tk\\\/\",\"name\":\"Specna Arms EDGE BB 0.30 BIO TRACER 1000tk - Lahingurada e-pood\",\"isPartOf\":{\"@id\":\"https:\\\/\\\/lahingupood.ee\\\/#website\"},\"primaryImageOfPage\":{\"@id\":\"https:\\\/\\\/lahingupood.ee\\\/toode\\\/specna-arms-edge-bb-0-30-bio-tracer-1000tk\\\/#primaryimage\"},\"image\":{\"@id\":\"https:\\\/\\\/lahingupood.ee\\\/toode\\\/specna-arms-edge-bb-0-30-bio-tracer-1000tk\\\/#primaryimage\"},\"thumbnailUrl\":\"https:\\\/\\\/lahingupood.ee\\\/wp-content\\\/uploads\\\/2022\\\/06\\\/1152226764_1.webp\",\"datePublished\":\"2022-06-30T17:26:52+00:00\",\"dateModified\":\"2026-04-12T15:15:06+00:00\",\"description\":\"Specna Arms EDGE BB 0.30 BIO TRACER 1000tk Raskemad Trasserkuulid mida on eriti hea kasutada v\u00e4litingimustes.\",\"breadcrumb\":{\"@id\":\"https:\\\/\\\/lahingupood.ee\\\/toode\\\/specna-arms-edge-bb-0-30-bio-tracer-1000tk\\\/#breadcrumb\"},\"inLanguage\":\"en-GB\",\"potentialAction\":[{\"@type\":\"ReadAction\",\"target\":[\"https:\\\/\\\/lahingupood.ee\\\/toode\\\/specna-arms-edge-bb-0-30-bio-tracer-1000tk\\\/\"]}]},{\"@type\":\"ImageObject\",\"inLanguage\":\"en-GB\",\"@id\":\"https:\\\/\\\/lahingupood.ee\\\/toode\\\/specna-arms-edge-bb-0-30-bio-tracer-1000tk\\\/#primaryimage\",\"url\":\"https:\\\/\\\/lahingupood.ee\\\/wp-content\\\/uploads\\\/2022\\\/06\\\/1152226764_1.webp\",\"contentUrl\":\"https:\\\/\\\/lahingupood.ee\\\/wp-content\\\/uploads\\\/2022\\\/06\\\/1152226764_1.webp\",\"width\":1999,\"height\":1333,\"caption\":\"specna-arms-edge-bb-03-bio-tracer-1000tk\"},{\"@type\":\"BreadcrumbList\",\"@id\":\"https:\\\/\\\/lahingupood.ee\\\/toode\\\/specna-arms-edge-bb-0-30-bio-tracer-1000tk\\\/#breadcrumb\",\"itemListElement\":[{\"@type\":\"ListItem\",\"position\":1,\"name\":\"Home\",\"item\":\"https:\\\/\\\/lahingupood.ee\\\/\"},{\"@type\":\"ListItem\",\"position\":2,\"name\":\"Tooted\",\"item\":\"https:\\\/\\\/lahingupood.ee\\\/tooted\\\/\"},{\"@type\":\"ListItem\",\"position\":3,\"name\":\"Specna Arms EDGE BB 0.30 BIO TRACER 1000tk\"}]},{\"@type\":\"WebSite\",\"@id\":\"https:\\\/\\\/lahingupood.ee\\\/#website\",\"url\":\"https:\\\/\\\/lahingupood.ee\\\/\",\"name\":\"Lahingurada e-pood\",\"description\":\"Airsoft\",\"publisher\":{\"@id\":\"https:\\\/\\\/lahingupood.ee\\\/#organization\"},\"potentialAction\":[{\"@type\":\"SearchAction\",\"target\":{\"@type\":\"EntryPoint\",\"urlTemplate\":\"https:\\\/\\\/lahingupood.ee\\\/?s={search_term_string}\"},\"query-input\":{\"@type\":\"PropertyValueSpecification\",\"valueRequired\":true,\"valueName\":\"search_term_string\"}}],\"inLanguage\":\"en-GB\"},{\"@type\":\"Organization\",\"@id\":\"https:\\\/\\\/lahingupood.ee\\\/#organization\",\"name\":\"Lahingurada\",\"url\":\"https:\\\/\\\/lahingupood.ee\\\/\",\"logo\":{\"@type\":\"ImageObject\",\"inLanguage\":\"en-GB\",\"@id\":\"https:\\\/\\\/lahingupood.ee\\\/#\\\/schema\\\/logo\\\/image\\\/\",\"url\":\"https:\\\/\\\/lahingupood.ee\\\/wp-content\\\/uploads\\\/2022\\\/03\\\/lahingurada-220318.jpg\",\"contentUrl\":\"https:\\\/\\\/lahingupood.ee\\\/wp-content\\\/uploads\\\/2022\\\/03\\\/lahingurada-220318.jpg\",\"width\":800,\"height\":500,\"caption\":\"Lahingurada\"},\"image\":{\"@id\":\"https:\\\/\\\/lahingupood.ee\\\/#\\\/schema\\\/logo\\\/image\\\/\"},\"sameAs\":[\"https:\\\/\\\/www.facebook.com\\\/Lahingurada-629940247212967\"]}]}<\/script>\n<!-- \/ Yoast SEO Premium plugin. -->","yoast_head_json":{"title":"Specna Arms EDGE BB 0.30 BIO TRACER 1000tk - Lahingurada e-pood","description":"Specna Arms EDGE BB 0.30 BIO TRACER 1000tk Raskemad Trasserkuulid mida on eriti hea kasutada v\u00e4litingimustes.","robots":{"index":"index","follow":"follow","max-snippet":"max-snippet:-1","max-image-preview":"max-image-preview:large","max-video-preview":"max-video-preview:-1"},"canonical":"https:\/\/lahingupood.ee\/en\/product\/specna-arms-edge-bb-0-30-bio-tracer-1000tk\/","og_locale":"en_GB","og_type":"article","og_title":"Specna Arms EDGE BB 0.30 BIO TRACER 1000tk","og_description":"Specna Arms EDGE BB 0.30 BIO TRACER 1000tk Raskemad Trasserkuulid mida on eriti hea kasutada v\u00e4litingimustes.","og_url":"https:\/\/lahingupood.ee\/en\/product\/specna-arms-edge-bb-0-30-bio-tracer-1000tk\/","og_site_name":"Lahingurada e-pood","article_publisher":"https:\/\/www.facebook.com\/Lahingurada-629940247212967","article_modified_time":"2026-04-12T15:15:06+00:00","og_image":[{"width":1999,"height":1333,"url":"https:\/\/lahingupood.ee\/wp-content\/uploads\/2022\/06\/1152226764_1.webp","type":"image\/webp"}],"twitter_card":"summary_large_image","twitter_misc":{"Estimated reading time":"1 minute"},"schema":{"@context":"https:\/\/schema.org","@graph":[{"@type":"WebPage","@id":"https:\/\/lahingupood.ee\/toode\/specna-arms-edge-bb-0-30-bio-tracer-1000tk\/","url":"https:\/\/lahingupood.ee\/toode\/specna-arms-edge-bb-0-30-bio-tracer-1000tk\/","name":"Specna Arms EDGE BB 0.30 BIO TRACER 1000tk - Lahingurada e-pood","isPartOf":{"@id":"https:\/\/lahingupood.ee\/#website"},"primaryImageOfPage":{"@id":"https:\/\/lahingupood.ee\/toode\/specna-arms-edge-bb-0-30-bio-tracer-1000tk\/#primaryimage"},"image":{"@id":"https:\/\/lahingupood.ee\/toode\/specna-arms-edge-bb-0-30-bio-tracer-1000tk\/#primaryimage"},"thumbnailUrl":"https:\/\/lahingupood.ee\/wp-content\/uploads\/2022\/06\/1152226764_1.webp","datePublished":"2022-06-30T17:26:52+00:00","dateModified":"2026-04-12T15:15:06+00:00","description":"Specna Arms EDGE BB 0.30 BIO TRACER 1000tk Raskemad Trasserkuulid mida on eriti hea kasutada v\u00e4litingimustes.","breadcrumb":{"@id":"https:\/\/lahingupood.ee\/toode\/specna-arms-edge-bb-0-30-bio-tracer-1000tk\/#breadcrumb"},"inLanguage":"en-GB","potentialAction":[{"@type":"ReadAction","target":["https:\/\/lahingupood.ee\/toode\/specna-arms-edge-bb-0-30-bio-tracer-1000tk\/"]}]},{"@type":"ImageObject","inLanguage":"en-GB","@id":"https:\/\/lahingupood.ee\/toode\/specna-arms-edge-bb-0-30-bio-tracer-1000tk\/#primaryimage","url":"https:\/\/lahingupood.ee\/wp-content\/uploads\/2022\/06\/1152226764_1.webp","contentUrl":"https:\/\/lahingupood.ee\/wp-content\/uploads\/2022\/06\/1152226764_1.webp","width":1999,"height":1333,"caption":"specna-arms-edge-bb-03-bio-tracer-1000tk"},{"@type":"BreadcrumbList","@id":"https:\/\/lahingupood.ee\/toode\/specna-arms-edge-bb-0-30-bio-tracer-1000tk\/#breadcrumb","itemListElement":[{"@type":"ListItem","position":1,"name":"Home","item":"https:\/\/lahingupood.ee\/"},{"@type":"ListItem","position":2,"name":"Tooted","item":"https:\/\/lahingupood.ee\/tooted\/"},{"@type":"ListItem","position":3,"name":"Specna Arms EDGE BB 0.30 BIO TRACER 1000tk"}]},{"@type":"WebSite","@id":"https:\/\/lahingupood.ee\/#website","url":"https:\/\/lahingupood.ee\/","name":"Lahingurada e-pood","description":"Airsoft","publisher":{"@id":"https:\/\/lahingupood.ee\/#organization"},"potentialAction":[{"@type":"SearchAction","target":{"@type":"EntryPoint","urlTemplate":"https:\/\/lahingupood.ee\/?s={search_term_string}"},"query-input":{"@type":"PropertyValueSpecification","valueRequired":true,"valueName":"search_term_string"}}],"inLanguage":"en-GB"},{"@type":"Organization","@id":"https:\/\/lahingupood.ee\/#organization","name":"Lahingurada","url":"https:\/\/lahingupood.ee\/","logo":{"@type":"ImageObject","inLanguage":"en-GB","@id":"https:\/\/lahingupood.ee\/#\/schema\/logo\/image\/","url":"https:\/\/lahingupood.ee\/wp-content\/uploads\/2022\/03\/lahingurada-220318.jpg","contentUrl":"https:\/\/lahingupood.ee\/wp-content\/uploads\/2022\/03\/lahingurada-220318.jpg","width":800,"height":500,"caption":"Lahingurada"},"image":{"@id":"https:\/\/lahingupood.ee\/#\/schema\/logo\/image\/"},"sameAs":["https:\/\/www.facebook.com\/Lahingurada-629940247212967"]}]}},"_links":{"self":[{"href":"https:\/\/lahingupood.ee\/en\/wp-json\/wp\/v2\/product\/1569","targetHints":{"allow":["GET"]}}],"collection":[{"href":"https:\/\/lahingupood.ee\/en\/wp-json\/wp\/v2\/product"}],"about":[{"href":"https:\/\/lahingupood.ee\/en\/wp-json\/wp\/v2\/types\/product"}],"wp:featuredmedia":[{"embeddable":true,"href":"https:\/\/lahingupood.ee\/en\/wp-json\/wp\/v2\/media\/1570"}],"wp:attachment":[{"href":"https:\/\/lahingupood.ee\/en\/wp-json\/wp\/v2\/media?parent=1569"}],"wp:term":[{"taxonomy":"product_brand","embeddable":true,"href":"https:\/\/lahingupood.ee\/en\/wp-json\/wp\/v2\/product_brand?post=1569"},{"taxonomy":"product_cat","embeddable":true,"href":"https:\/\/lahingupood.ee\/en\/wp-json\/wp\/v2\/product_cat?post=1569"},{"taxonomy":"product_tag","embeddable":true,"href":"https:\/\/lahingupood.ee\/en\/wp-json\/wp\/v2\/product_tag?post=1569"}],"curies":[{"name":"wp","href":"https:\/\/api.w.org\/{rel}","templated":true}]}}