{"id":1557,"date":"2022-06-30T16:40:16","date_gmt":"2022-06-30T13:40:16","guid":{"rendered":"https:\/\/lahingupood.ee\/?post_type=product&#038;p=1557"},"modified":"2026-04-12T20:30:02","modified_gmt":"2026-04-12T17:30:02","slug":"snow-wolf-023-a13f","status":"publish","type":"product","link":"https:\/\/lahingupood.ee\/en\/product\/snow-wolf-023-a13f\/","title":{"rendered":"Snow Wolf 023-A13F"},"content":{"rendered":"<p>Snow Wolf 023-A13F<\/p>\n<p>T\u00e4ismetall kere. Ergonoomiline disain ning kahepoolne juhtimine. K\u00f5ik nupud ja l\u00fclitid on dubleeritud m\u00f5lemal pool. \u00dchtemoodi mugav nii vasaku- kui paremak\u00e4elistele. See on uus M4 seeria Snow Wolfilt.<\/p>","protected":false},"excerpt":{"rendered":"<p>Snow Wolf 023-A13F T\u00e4ismetall kere. Ergonoomiline disain ning kahepoolne juhtimine. K\u00f5ik nupud ja l\u00fclitid on dubleeritud m\u00f5lemal pool. \u00dchtemoodi mugav nii vasaku- kui paremak\u00e4elistele. See on uus M4 seeria Snow Wolfilt.<\/p>","protected":false},"featured_media":1558,"template":"","meta":[],"product_brand":[],"product_cat":[23],"product_tag":[],"class_list":{"0":"post-1557","1":"product","2":"type-product","3":"status-publish","4":"has-post-thumbnail","6":"product_cat-elektrilised-relvad","8":"first","9":"outofstock","10":"taxable","11":"shipping-taxable","12":"purchasable","13":"product-type-simple"},"yoast_head":"<!-- This site is optimized with the Yoast SEO Premium plugin v27.3 (Yoast SEO v27.3) - https:\/\/yoast.com\/product\/yoast-seo-premium-wordpress\/ -->\n<title>Snow Wolf 023-A13F - Lahingurada e-pood<\/title>\n<meta name=\"description\" content=\"Snow Wolf 023-A13F T\u00e4ismetall kere. Ergonoomiline disain ning kahepoolne juhtimine. K\u00f5ik nupud ja l\u00fclitid on dubleeritud m\u00f5lemal pool.\" \/>\n<meta name=\"robots\" content=\"index, follow, max-snippet:-1, max-image-preview:large, max-video-preview:-1\" \/>\n<link rel=\"canonical\" href=\"https:\/\/lahingupood.ee\/en\/product\/snow-wolf-023-a13f\/\" \/>\n<meta property=\"og:locale\" content=\"en_GB\" \/>\n<meta property=\"og:type\" content=\"article\" \/>\n<meta property=\"og:title\" content=\"Snow Wolf 023-A13F\" \/>\n<meta property=\"og:description\" content=\"Snow Wolf 023-A13F T\u00e4ismetall kere. Ergonoomiline disain ning kahepoolne juhtimine. K\u00f5ik nupud ja l\u00fclitid on dubleeritud m\u00f5lemal pool.\" \/>\n<meta property=\"og:url\" content=\"https:\/\/lahingupood.ee\/en\/product\/snow-wolf-023-a13f\/\" \/>\n<meta property=\"og:site_name\" content=\"Lahingurada e-pood\" \/>\n<meta property=\"article:publisher\" content=\"https:\/\/www.facebook.com\/Lahingurada-629940247212967\" \/>\n<meta property=\"article:modified_time\" content=\"2026-04-12T17:30:02+00:00\" \/>\n<meta property=\"og:image\" content=\"https:\/\/lahingupood.ee\/wp-content\/uploads\/2022\/06\/1152222206_4.jpeg\" \/>\n\t<meta property=\"og:image:width\" content=\"1986\" \/>\n\t<meta property=\"og:image:height\" content=\"1333\" \/>\n\t<meta property=\"og:image:type\" content=\"image\/jpeg\" \/>\n<meta name=\"twitter:card\" content=\"summary_large_image\" \/>\n<meta name=\"twitter:label1\" content=\"Estimated reading time\" \/>\n\t<meta name=\"twitter:data1\" content=\"1 minute\" \/>\n<script type=\"application\/ld+json\" class=\"yoast-schema-graph\">{\"@context\":\"https:\\\/\\\/schema.org\",\"@graph\":[{\"@type\":\"WebPage\",\"@id\":\"https:\\\/\\\/lahingupood.ee\\\/toode\\\/snow-wolf-023-a13f\\\/\",\"url\":\"https:\\\/\\\/lahingupood.ee\\\/toode\\\/snow-wolf-023-a13f\\\/\",\"name\":\"Snow Wolf 023-A13F - Lahingurada e-pood\",\"isPartOf\":{\"@id\":\"https:\\\/\\\/lahingupood.ee\\\/#website\"},\"primaryImageOfPage\":{\"@id\":\"https:\\\/\\\/lahingupood.ee\\\/toode\\\/snow-wolf-023-a13f\\\/#primaryimage\"},\"image\":{\"@id\":\"https:\\\/\\\/lahingupood.ee\\\/toode\\\/snow-wolf-023-a13f\\\/#primaryimage\"},\"thumbnailUrl\":\"https:\\\/\\\/lahingupood.ee\\\/wp-content\\\/uploads\\\/2022\\\/06\\\/1152222206_4.jpeg\",\"datePublished\":\"2022-06-30T13:40:16+00:00\",\"dateModified\":\"2026-04-12T17:30:02+00:00\",\"description\":\"Snow Wolf 023-A13F T\u00e4ismetall kere. Ergonoomiline disain ning kahepoolne juhtimine. K\u00f5ik nupud ja l\u00fclitid on dubleeritud m\u00f5lemal pool.\",\"breadcrumb\":{\"@id\":\"https:\\\/\\\/lahingupood.ee\\\/toode\\\/snow-wolf-023-a13f\\\/#breadcrumb\"},\"inLanguage\":\"en-GB\",\"potentialAction\":[{\"@type\":\"ReadAction\",\"target\":[\"https:\\\/\\\/lahingupood.ee\\\/toode\\\/snow-wolf-023-a13f\\\/\"]}]},{\"@type\":\"ImageObject\",\"inLanguage\":\"en-GB\",\"@id\":\"https:\\\/\\\/lahingupood.ee\\\/toode\\\/snow-wolf-023-a13f\\\/#primaryimage\",\"url\":\"https:\\\/\\\/lahingupood.ee\\\/wp-content\\\/uploads\\\/2022\\\/06\\\/1152222206_4.jpeg\",\"contentUrl\":\"https:\\\/\\\/lahingupood.ee\\\/wp-content\\\/uploads\\\/2022\\\/06\\\/1152222206_4.jpeg\",\"width\":1986,\"height\":1333,\"caption\":\"snow-wolf-023-a13f\"},{\"@type\":\"BreadcrumbList\",\"@id\":\"https:\\\/\\\/lahingupood.ee\\\/toode\\\/snow-wolf-023-a13f\\\/#breadcrumb\",\"itemListElement\":[{\"@type\":\"ListItem\",\"position\":1,\"name\":\"Home\",\"item\":\"https:\\\/\\\/lahingupood.ee\\\/\"},{\"@type\":\"ListItem\",\"position\":2,\"name\":\"Tooted\",\"item\":\"https:\\\/\\\/lahingupood.ee\\\/tooted\\\/\"},{\"@type\":\"ListItem\",\"position\":3,\"name\":\"Snow Wolf 023-A13F\"}]},{\"@type\":\"WebSite\",\"@id\":\"https:\\\/\\\/lahingupood.ee\\\/#website\",\"url\":\"https:\\\/\\\/lahingupood.ee\\\/\",\"name\":\"Lahingurada e-pood\",\"description\":\"Airsoft\",\"publisher\":{\"@id\":\"https:\\\/\\\/lahingupood.ee\\\/#organization\"},\"potentialAction\":[{\"@type\":\"SearchAction\",\"target\":{\"@type\":\"EntryPoint\",\"urlTemplate\":\"https:\\\/\\\/lahingupood.ee\\\/?s={search_term_string}\"},\"query-input\":{\"@type\":\"PropertyValueSpecification\",\"valueRequired\":true,\"valueName\":\"search_term_string\"}}],\"inLanguage\":\"en-GB\"},{\"@type\":\"Organization\",\"@id\":\"https:\\\/\\\/lahingupood.ee\\\/#organization\",\"name\":\"Lahingurada\",\"url\":\"https:\\\/\\\/lahingupood.ee\\\/\",\"logo\":{\"@type\":\"ImageObject\",\"inLanguage\":\"en-GB\",\"@id\":\"https:\\\/\\\/lahingupood.ee\\\/#\\\/schema\\\/logo\\\/image\\\/\",\"url\":\"https:\\\/\\\/lahingupood.ee\\\/wp-content\\\/uploads\\\/2022\\\/03\\\/lahingurada-220318.jpg\",\"contentUrl\":\"https:\\\/\\\/lahingupood.ee\\\/wp-content\\\/uploads\\\/2022\\\/03\\\/lahingurada-220318.jpg\",\"width\":800,\"height\":500,\"caption\":\"Lahingurada\"},\"image\":{\"@id\":\"https:\\\/\\\/lahingupood.ee\\\/#\\\/schema\\\/logo\\\/image\\\/\"},\"sameAs\":[\"https:\\\/\\\/www.facebook.com\\\/Lahingurada-629940247212967\"]}]}<\/script>\n<!-- \/ Yoast SEO Premium plugin. -->","yoast_head_json":{"title":"Snow Wolf 023-A13F - Lahingurada e-pood","description":"Snow Wolf 023-A13F T\u00e4ismetall kere. Ergonoomiline disain ning kahepoolne juhtimine. K\u00f5ik nupud ja l\u00fclitid on dubleeritud m\u00f5lemal pool.","robots":{"index":"index","follow":"follow","max-snippet":"max-snippet:-1","max-image-preview":"max-image-preview:large","max-video-preview":"max-video-preview:-1"},"canonical":"https:\/\/lahingupood.ee\/en\/product\/snow-wolf-023-a13f\/","og_locale":"en_GB","og_type":"article","og_title":"Snow Wolf 023-A13F","og_description":"Snow Wolf 023-A13F T\u00e4ismetall kere. Ergonoomiline disain ning kahepoolne juhtimine. K\u00f5ik nupud ja l\u00fclitid on dubleeritud m\u00f5lemal pool.","og_url":"https:\/\/lahingupood.ee\/en\/product\/snow-wolf-023-a13f\/","og_site_name":"Lahingurada e-pood","article_publisher":"https:\/\/www.facebook.com\/Lahingurada-629940247212967","article_modified_time":"2026-04-12T17:30:02+00:00","og_image":[{"width":1986,"height":1333,"url":"https:\/\/lahingupood.ee\/wp-content\/uploads\/2022\/06\/1152222206_4.jpeg","type":"image\/jpeg"}],"twitter_card":"summary_large_image","twitter_misc":{"Estimated reading time":"1 minute"},"schema":{"@context":"https:\/\/schema.org","@graph":[{"@type":"WebPage","@id":"https:\/\/lahingupood.ee\/toode\/snow-wolf-023-a13f\/","url":"https:\/\/lahingupood.ee\/toode\/snow-wolf-023-a13f\/","name":"Snow Wolf 023-A13F - Lahingurada e-pood","isPartOf":{"@id":"https:\/\/lahingupood.ee\/#website"},"primaryImageOfPage":{"@id":"https:\/\/lahingupood.ee\/toode\/snow-wolf-023-a13f\/#primaryimage"},"image":{"@id":"https:\/\/lahingupood.ee\/toode\/snow-wolf-023-a13f\/#primaryimage"},"thumbnailUrl":"https:\/\/lahingupood.ee\/wp-content\/uploads\/2022\/06\/1152222206_4.jpeg","datePublished":"2022-06-30T13:40:16+00:00","dateModified":"2026-04-12T17:30:02+00:00","description":"Snow Wolf 023-A13F T\u00e4ismetall kere. Ergonoomiline disain ning kahepoolne juhtimine. K\u00f5ik nupud ja l\u00fclitid on dubleeritud m\u00f5lemal pool.","breadcrumb":{"@id":"https:\/\/lahingupood.ee\/toode\/snow-wolf-023-a13f\/#breadcrumb"},"inLanguage":"en-GB","potentialAction":[{"@type":"ReadAction","target":["https:\/\/lahingupood.ee\/toode\/snow-wolf-023-a13f\/"]}]},{"@type":"ImageObject","inLanguage":"en-GB","@id":"https:\/\/lahingupood.ee\/toode\/snow-wolf-023-a13f\/#primaryimage","url":"https:\/\/lahingupood.ee\/wp-content\/uploads\/2022\/06\/1152222206_4.jpeg","contentUrl":"https:\/\/lahingupood.ee\/wp-content\/uploads\/2022\/06\/1152222206_4.jpeg","width":1986,"height":1333,"caption":"snow-wolf-023-a13f"},{"@type":"BreadcrumbList","@id":"https:\/\/lahingupood.ee\/toode\/snow-wolf-023-a13f\/#breadcrumb","itemListElement":[{"@type":"ListItem","position":1,"name":"Home","item":"https:\/\/lahingupood.ee\/"},{"@type":"ListItem","position":2,"name":"Tooted","item":"https:\/\/lahingupood.ee\/tooted\/"},{"@type":"ListItem","position":3,"name":"Snow Wolf 023-A13F"}]},{"@type":"WebSite","@id":"https:\/\/lahingupood.ee\/#website","url":"https:\/\/lahingupood.ee\/","name":"Lahingurada e-pood","description":"Airsoft","publisher":{"@id":"https:\/\/lahingupood.ee\/#organization"},"potentialAction":[{"@type":"SearchAction","target":{"@type":"EntryPoint","urlTemplate":"https:\/\/lahingupood.ee\/?s={search_term_string}"},"query-input":{"@type":"PropertyValueSpecification","valueRequired":true,"valueName":"search_term_string"}}],"inLanguage":"en-GB"},{"@type":"Organization","@id":"https:\/\/lahingupood.ee\/#organization","name":"Lahingurada","url":"https:\/\/lahingupood.ee\/","logo":{"@type":"ImageObject","inLanguage":"en-GB","@id":"https:\/\/lahingupood.ee\/#\/schema\/logo\/image\/","url":"https:\/\/lahingupood.ee\/wp-content\/uploads\/2022\/03\/lahingurada-220318.jpg","contentUrl":"https:\/\/lahingupood.ee\/wp-content\/uploads\/2022\/03\/lahingurada-220318.jpg","width":800,"height":500,"caption":"Lahingurada"},"image":{"@id":"https:\/\/lahingupood.ee\/#\/schema\/logo\/image\/"},"sameAs":["https:\/\/www.facebook.com\/Lahingurada-629940247212967"]}]}},"_links":{"self":[{"href":"https:\/\/lahingupood.ee\/en\/wp-json\/wp\/v2\/product\/1557","targetHints":{"allow":["GET"]}}],"collection":[{"href":"https:\/\/lahingupood.ee\/en\/wp-json\/wp\/v2\/product"}],"about":[{"href":"https:\/\/lahingupood.ee\/en\/wp-json\/wp\/v2\/types\/product"}],"wp:featuredmedia":[{"embeddable":true,"href":"https:\/\/lahingupood.ee\/en\/wp-json\/wp\/v2\/media\/1558"}],"wp:attachment":[{"href":"https:\/\/lahingupood.ee\/en\/wp-json\/wp\/v2\/media?parent=1557"}],"wp:term":[{"taxonomy":"product_brand","embeddable":true,"href":"https:\/\/lahingupood.ee\/en\/wp-json\/wp\/v2\/product_brand?post=1557"},{"taxonomy":"product_cat","embeddable":true,"href":"https:\/\/lahingupood.ee\/en\/wp-json\/wp\/v2\/product_cat?post=1557"},{"taxonomy":"product_tag","embeddable":true,"href":"https:\/\/lahingupood.ee\/en\/wp-json\/wp\/v2\/product_tag?post=1557"}],"curies":[{"name":"wp","href":"https:\/\/api.w.org\/{rel}","templated":true}]}}