{"id":1382,"date":"2022-06-22T12:01:25","date_gmt":"2022-06-22T09:01:25","guid":{"rendered":"https:\/\/lahingupood.ee\/?post_type=product&#038;p=1382"},"modified":"2026-05-16T04:00:04","modified_gmt":"2026-05-16T01:00:04","slug":"laser-cut-chestrig-vegetato","status":"publish","type":"product","link":"https:\/\/lahingupood.ee\/en\/product\/laser-cut-chestrig-vegetato\/","title":{"rendered":"Laser Cut chestrig \u2013 Vegetato"},"content":{"rendered":"<p><strong data-start=\"580\" data-end=\"603\">Laser cut chestrig<\/strong> Vegetato mustris on kerge kandmisplatvorm airsoftiks, treeninguks ja taktikalise varustuse jaoks. Chestrig hoiab salved ja v\u00e4iksema varustuse ees kiiresti k\u00e4ttesaadavana. Laser cut kinnituss\u00fcsteem v\u00f5imaldab lisada sobivaid taskuid ja tarvikuid.<\/p>\n<p>Cordura1000 materjalist vastupidav ChestRig<\/p>","protected":false},"excerpt":{"rendered":"<p>Laser cut chestrig Vegetato mustris on kerge kandmisplatvorm airsoftiks, treeninguks ja taktikalise varustuse jaoks. Chestrig hoiab salved ja v\u00e4iksema varustuse ees kiiresti k\u00e4ttesaadavana. Laser cut kinnituss\u00fcsteem v\u00f5imaldab lisada sobivaid taskuid ja tarvikuid. Cordura1000 materjalist vastupidav ChestRig<\/p>","protected":false},"featured_media":1383,"template":"","meta":[],"product_brand":[],"product_cat":[77,45],"product_tag":[],"class_list":{"0":"post-1382","1":"product","2":"type-product","3":"status-publish","4":"has-post-thumbnail","6":"product_cat-sooduspakkumised","7":"product_cat-vestid-ja-vood","9":"first","10":"instock","11":"sale","12":"taxable","13":"shipping-taxable","14":"purchasable","15":"product-type-simple"},"yoast_head":"<!-- This site is optimized with the Yoast SEO Premium plugin v27.6 (Yoast SEO v27.6) - https:\/\/yoast.com\/product\/yoast-seo-premium-wordpress\/ -->\n<title>Laser Cut chestrig Vegetato<\/title>\n<meta name=\"description\" content=\"Laser Cut chestrig Vegetato mustris on kerge taktikaline rinnarakmed airsoftiks ja treeninguks. Laser cut kinnitused sobivad lisataskutele.\" \/>\n<meta name=\"robots\" content=\"index, follow, max-snippet:-1, max-image-preview:large, max-video-preview:-1\" \/>\n<link rel=\"canonical\" href=\"https:\/\/lahingupood.ee\/en\/product\/laser-cut-chestrig-vegetato\/\" \/>\n<meta property=\"og:locale\" content=\"en_GB\" \/>\n<meta property=\"og:type\" content=\"article\" \/>\n<meta property=\"og:title\" content=\"Laser Cut chestrig \u2013 Vegetato\" \/>\n<meta property=\"og:description\" content=\"Laser Cut chestrig Vegetato mustris on kerge taktikaline rinnarakmed airsoftiks ja treeninguks. Laser cut kinnitused sobivad lisataskutele.\" \/>\n<meta property=\"og:url\" content=\"https:\/\/lahingupood.ee\/en\/product\/laser-cut-chestrig-vegetato\/\" \/>\n<meta property=\"og:site_name\" content=\"Lahingurada e-pood\" \/>\n<meta property=\"article:publisher\" content=\"https:\/\/www.facebook.com\/Lahingurada-629940247212967\" \/>\n<meta property=\"article:modified_time\" content=\"2026-05-16T01:00:04+00:00\" \/>\n<meta property=\"og:image\" content=\"https:\/\/lahingupood.ee\/wp-content\/uploads\/2022\/06\/DSC_4366_60885b0b-4243-4d72-88ad-fd6a751fdd1d_900x.jpg.webp\" \/>\n\t<meta property=\"og:image:width\" content=\"900\" \/>\n\t<meta property=\"og:image:height\" content=\"600\" \/>\n\t<meta property=\"og:image:type\" content=\"image\/webp\" \/>\n<meta name=\"twitter:card\" content=\"summary_large_image\" \/>\n<meta name=\"twitter:label1\" content=\"Estimated reading time\" \/>\n\t<meta name=\"twitter:data1\" content=\"1 minute\" \/>\n<script type=\"application\/ld+json\" class=\"yoast-schema-graph\">{\"@context\":\"https:\\\/\\\/schema.org\",\"@graph\":[{\"@type\":\"WebPage\",\"@id\":\"https:\\\/\\\/lahingupood.ee\\\/toode\\\/laser-cut-chestrig-vegetato\\\/\",\"url\":\"https:\\\/\\\/lahingupood.ee\\\/toode\\\/laser-cut-chestrig-vegetato\\\/\",\"name\":\"Laser Cut chestrig Vegetato\",\"isPartOf\":{\"@id\":\"https:\\\/\\\/lahingupood.ee\\\/#website\"},\"primaryImageOfPage\":{\"@id\":\"https:\\\/\\\/lahingupood.ee\\\/toode\\\/laser-cut-chestrig-vegetato\\\/#primaryimage\"},\"image\":{\"@id\":\"https:\\\/\\\/lahingupood.ee\\\/toode\\\/laser-cut-chestrig-vegetato\\\/#primaryimage\"},\"thumbnailUrl\":\"https:\\\/\\\/lahingupood.ee\\\/wp-content\\\/uploads\\\/2022\\\/06\\\/DSC_4366_60885b0b-4243-4d72-88ad-fd6a751fdd1d_900x.jpg.webp\",\"datePublished\":\"2022-06-22T09:01:25+00:00\",\"dateModified\":\"2026-05-16T01:00:04+00:00\",\"description\":\"Laser Cut chestrig Vegetato mustris on kerge taktikaline rinnarakmed airsoftiks ja treeninguks. Laser cut kinnitused sobivad lisataskutele.\",\"breadcrumb\":{\"@id\":\"https:\\\/\\\/lahingupood.ee\\\/toode\\\/laser-cut-chestrig-vegetato\\\/#breadcrumb\"},\"inLanguage\":\"en-GB\",\"potentialAction\":[{\"@type\":\"ReadAction\",\"target\":[\"https:\\\/\\\/lahingupood.ee\\\/toode\\\/laser-cut-chestrig-vegetato\\\/\"]}]},{\"@type\":\"ImageObject\",\"inLanguage\":\"en-GB\",\"@id\":\"https:\\\/\\\/lahingupood.ee\\\/toode\\\/laser-cut-chestrig-vegetato\\\/#primaryimage\",\"url\":\"https:\\\/\\\/lahingupood.ee\\\/wp-content\\\/uploads\\\/2022\\\/06\\\/DSC_4366_60885b0b-4243-4d72-88ad-fd6a751fdd1d_900x.jpg.webp\",\"contentUrl\":\"https:\\\/\\\/lahingupood.ee\\\/wp-content\\\/uploads\\\/2022\\\/06\\\/DSC_4366_60885b0b-4243-4d72-88ad-fd6a751fdd1d_900x.jpg.webp\",\"width\":900,\"height\":600,\"caption\":\"chestrig-laser-cut-vegetato\"},{\"@type\":\"BreadcrumbList\",\"@id\":\"https:\\\/\\\/lahingupood.ee\\\/toode\\\/laser-cut-chestrig-vegetato\\\/#breadcrumb\",\"itemListElement\":[{\"@type\":\"ListItem\",\"position\":1,\"name\":\"Home\",\"item\":\"https:\\\/\\\/lahingupood.ee\\\/\"},{\"@type\":\"ListItem\",\"position\":2,\"name\":\"Tooted\",\"item\":\"https:\\\/\\\/lahingupood.ee\\\/tooted\\\/\"},{\"@type\":\"ListItem\",\"position\":3,\"name\":\"Laser Cut chestrig \u2013 Vegetato\"}]},{\"@type\":\"WebSite\",\"@id\":\"https:\\\/\\\/lahingupood.ee\\\/#website\",\"url\":\"https:\\\/\\\/lahingupood.ee\\\/\",\"name\":\"Lahingurada e-pood\",\"description\":\"Airsoft\",\"publisher\":{\"@id\":\"https:\\\/\\\/lahingupood.ee\\\/#organization\"},\"potentialAction\":[{\"@type\":\"SearchAction\",\"target\":{\"@type\":\"EntryPoint\",\"urlTemplate\":\"https:\\\/\\\/lahingupood.ee\\\/?s={search_term_string}\"},\"query-input\":{\"@type\":\"PropertyValueSpecification\",\"valueRequired\":true,\"valueName\":\"search_term_string\"}}],\"inLanguage\":\"en-GB\"},{\"@type\":\"Organization\",\"@id\":\"https:\\\/\\\/lahingupood.ee\\\/#organization\",\"name\":\"Lahingurada\",\"url\":\"https:\\\/\\\/lahingupood.ee\\\/\",\"logo\":{\"@type\":\"ImageObject\",\"inLanguage\":\"en-GB\",\"@id\":\"https:\\\/\\\/lahingupood.ee\\\/#\\\/schema\\\/logo\\\/image\\\/\",\"url\":\"https:\\\/\\\/lahingupood.ee\\\/wp-content\\\/uploads\\\/2022\\\/03\\\/lahingurada-220318.jpg\",\"contentUrl\":\"https:\\\/\\\/lahingupood.ee\\\/wp-content\\\/uploads\\\/2022\\\/03\\\/lahingurada-220318.jpg\",\"width\":800,\"height\":500,\"caption\":\"Lahingurada\"},\"image\":{\"@id\":\"https:\\\/\\\/lahingupood.ee\\\/#\\\/schema\\\/logo\\\/image\\\/\"},\"sameAs\":[\"https:\\\/\\\/www.facebook.com\\\/Lahingurada-629940247212967\"]}]}<\/script>\n<!-- \/ Yoast SEO Premium plugin. -->","yoast_head_json":{"title":"Laser Cut chestrig Vegetato","description":"Laser Cut chestrig Vegetato mustris on kerge taktikaline rinnarakmed airsoftiks ja treeninguks. Laser cut kinnitused sobivad lisataskutele.","robots":{"index":"index","follow":"follow","max-snippet":"max-snippet:-1","max-image-preview":"max-image-preview:large","max-video-preview":"max-video-preview:-1"},"canonical":"https:\/\/lahingupood.ee\/en\/product\/laser-cut-chestrig-vegetato\/","og_locale":"en_GB","og_type":"article","og_title":"Laser Cut chestrig \u2013 Vegetato","og_description":"Laser Cut chestrig Vegetato mustris on kerge taktikaline rinnarakmed airsoftiks ja treeninguks. Laser cut kinnitused sobivad lisataskutele.","og_url":"https:\/\/lahingupood.ee\/en\/product\/laser-cut-chestrig-vegetato\/","og_site_name":"Lahingurada e-pood","article_publisher":"https:\/\/www.facebook.com\/Lahingurada-629940247212967","article_modified_time":"2026-05-16T01:00:04+00:00","og_image":[{"width":900,"height":600,"url":"https:\/\/lahingupood.ee\/wp-content\/uploads\/2022\/06\/DSC_4366_60885b0b-4243-4d72-88ad-fd6a751fdd1d_900x.jpg.webp","type":"image\/webp"}],"twitter_card":"summary_large_image","twitter_misc":{"Estimated reading time":"1 minute"},"schema":{"@context":"https:\/\/schema.org","@graph":[{"@type":"WebPage","@id":"https:\/\/lahingupood.ee\/toode\/laser-cut-chestrig-vegetato\/","url":"https:\/\/lahingupood.ee\/toode\/laser-cut-chestrig-vegetato\/","name":"Laser Cut chestrig Vegetato","isPartOf":{"@id":"https:\/\/lahingupood.ee\/#website"},"primaryImageOfPage":{"@id":"https:\/\/lahingupood.ee\/toode\/laser-cut-chestrig-vegetato\/#primaryimage"},"image":{"@id":"https:\/\/lahingupood.ee\/toode\/laser-cut-chestrig-vegetato\/#primaryimage"},"thumbnailUrl":"https:\/\/lahingupood.ee\/wp-content\/uploads\/2022\/06\/DSC_4366_60885b0b-4243-4d72-88ad-fd6a751fdd1d_900x.jpg.webp","datePublished":"2022-06-22T09:01:25+00:00","dateModified":"2026-05-16T01:00:04+00:00","description":"Laser Cut chestrig Vegetato mustris on kerge taktikaline rinnarakmed airsoftiks ja treeninguks. Laser cut kinnitused sobivad lisataskutele.","breadcrumb":{"@id":"https:\/\/lahingupood.ee\/toode\/laser-cut-chestrig-vegetato\/#breadcrumb"},"inLanguage":"en-GB","potentialAction":[{"@type":"ReadAction","target":["https:\/\/lahingupood.ee\/toode\/laser-cut-chestrig-vegetato\/"]}]},{"@type":"ImageObject","inLanguage":"en-GB","@id":"https:\/\/lahingupood.ee\/toode\/laser-cut-chestrig-vegetato\/#primaryimage","url":"https:\/\/lahingupood.ee\/wp-content\/uploads\/2022\/06\/DSC_4366_60885b0b-4243-4d72-88ad-fd6a751fdd1d_900x.jpg.webp","contentUrl":"https:\/\/lahingupood.ee\/wp-content\/uploads\/2022\/06\/DSC_4366_60885b0b-4243-4d72-88ad-fd6a751fdd1d_900x.jpg.webp","width":900,"height":600,"caption":"chestrig-laser-cut-vegetato"},{"@type":"BreadcrumbList","@id":"https:\/\/lahingupood.ee\/toode\/laser-cut-chestrig-vegetato\/#breadcrumb","itemListElement":[{"@type":"ListItem","position":1,"name":"Home","item":"https:\/\/lahingupood.ee\/"},{"@type":"ListItem","position":2,"name":"Tooted","item":"https:\/\/lahingupood.ee\/tooted\/"},{"@type":"ListItem","position":3,"name":"Laser Cut chestrig \u2013 Vegetato"}]},{"@type":"WebSite","@id":"https:\/\/lahingupood.ee\/#website","url":"https:\/\/lahingupood.ee\/","name":"Lahingurada e-pood","description":"Airsoft","publisher":{"@id":"https:\/\/lahingupood.ee\/#organization"},"potentialAction":[{"@type":"SearchAction","target":{"@type":"EntryPoint","urlTemplate":"https:\/\/lahingupood.ee\/?s={search_term_string}"},"query-input":{"@type":"PropertyValueSpecification","valueRequired":true,"valueName":"search_term_string"}}],"inLanguage":"en-GB"},{"@type":"Organization","@id":"https:\/\/lahingupood.ee\/#organization","name":"Lahingurada","url":"https:\/\/lahingupood.ee\/","logo":{"@type":"ImageObject","inLanguage":"en-GB","@id":"https:\/\/lahingupood.ee\/#\/schema\/logo\/image\/","url":"https:\/\/lahingupood.ee\/wp-content\/uploads\/2022\/03\/lahingurada-220318.jpg","contentUrl":"https:\/\/lahingupood.ee\/wp-content\/uploads\/2022\/03\/lahingurada-220318.jpg","width":800,"height":500,"caption":"Lahingurada"},"image":{"@id":"https:\/\/lahingupood.ee\/#\/schema\/logo\/image\/"},"sameAs":["https:\/\/www.facebook.com\/Lahingurada-629940247212967"]}]}},"_links":{"self":[{"href":"https:\/\/lahingupood.ee\/en\/wp-json\/wp\/v2\/product\/1382","targetHints":{"allow":["GET"]}}],"collection":[{"href":"https:\/\/lahingupood.ee\/en\/wp-json\/wp\/v2\/product"}],"about":[{"href":"https:\/\/lahingupood.ee\/en\/wp-json\/wp\/v2\/types\/product"}],"wp:featuredmedia":[{"embeddable":true,"href":"https:\/\/lahingupood.ee\/en\/wp-json\/wp\/v2\/media\/1383"}],"wp:attachment":[{"href":"https:\/\/lahingupood.ee\/en\/wp-json\/wp\/v2\/media?parent=1382"}],"wp:term":[{"taxonomy":"product_brand","embeddable":true,"href":"https:\/\/lahingupood.ee\/en\/wp-json\/wp\/v2\/product_brand?post=1382"},{"taxonomy":"product_cat","embeddable":true,"href":"https:\/\/lahingupood.ee\/en\/wp-json\/wp\/v2\/product_cat?post=1382"},{"taxonomy":"product_tag","embeddable":true,"href":"https:\/\/lahingupood.ee\/en\/wp-json\/wp\/v2\/product_tag?post=1382"}],"curies":[{"name":"wp","href":"https:\/\/api.w.org\/{rel}","templated":true}]}}