{"id":1258,"date":"2022-06-13T23:25:33","date_gmt":"2022-06-13T20:25:33","guid":{"rendered":"https:\/\/lahingupood.ee\/?post_type=product&#038;p=1258"},"modified":"2026-04-12T18:30:04","modified_gmt":"2026-04-12T15:30:04","slug":"cqd2-steel-sling-mount-for-m4","status":"publish","type":"product","link":"https:\/\/lahingupood.ee\/en\/product\/cqd2-steel-sling-mount-for-m4\/","title":{"rendered":"CQD2 steel sling mount for M4"},"content":{"rendered":"<p>CQD2 steel sling mount for M4<\/p>\n<p>Terasest rihmakinnitus on vajalik relva turvaliseks kandmiseks. Paraku m\u00f5ned tootjad, teadmata p\u00f5hjusel, ei paigalda oma relvadele sellist lihtsat asja. N\u00e4iteks pole neid Specna Arms Core seeria relvadel.<\/p>","protected":false},"excerpt":{"rendered":"<p>CQD2 steel sling mount for M4 Terasest rihmakinnitus on vajalik relva turvaliseks kandmiseks. Paraku m\u00f5ned tootjad, teadmata p\u00f5hjusel, ei paigalda oma relvadele sellist lihtsat asja. N\u00e4iteks pole neid Specna Arms Core seeria relvadel.<\/p>","protected":false},"featured_media":1259,"template":"","meta":[],"product_brand":[],"product_cat":[88,70],"product_tag":[],"class_list":{"0":"post-1258","1":"product","2":"type-product","3":"status-publish","4":"has-post-thumbnail","6":"product_cat-relvalisad","7":"product_cat-relvarihmad","9":"first","10":"instock","11":"taxable","12":"shipping-taxable","13":"purchasable","14":"product-type-simple"},"yoast_head":"<!-- This site is optimized with the Yoast SEO Premium plugin v27.3 (Yoast SEO v27.3) - https:\/\/yoast.com\/product\/yoast-seo-premium-wordpress\/ -->\n<title>CQD2 steel sling mount for M4 Terasest rihmakinnitus<\/title>\n<meta name=\"description\" content=\"CQD2 steel sling mount for M4Terasest rihmakinnitus on vajalik relva turvaliseks kandmiseks. CQD2 steel sling mount for M4\" \/>\n<meta name=\"robots\" content=\"index, follow, max-snippet:-1, max-image-preview:large, max-video-preview:-1\" \/>\n<link rel=\"canonical\" href=\"https:\/\/lahingupood.ee\/en\/product\/cqd2-steel-sling-mount-for-m4\/\" \/>\n<meta property=\"og:locale\" content=\"en_GB\" \/>\n<meta property=\"og:type\" content=\"article\" \/>\n<meta property=\"og:title\" content=\"CQD2 steel sling mount for M4\" \/>\n<meta property=\"og:description\" content=\"CQD2 steel sling mount for M4Terasest rihmakinnitus on vajalik relva turvaliseks kandmiseks. CQD2 steel sling mount for M4\" \/>\n<meta property=\"og:url\" content=\"https:\/\/lahingupood.ee\/en\/product\/cqd2-steel-sling-mount-for-m4\/\" \/>\n<meta property=\"og:site_name\" content=\"Lahingurada e-pood\" \/>\n<meta property=\"article:publisher\" content=\"https:\/\/www.facebook.com\/Lahingurada-629940247212967\" \/>\n<meta property=\"article:modified_time\" content=\"2026-04-12T15:30:04+00:00\" \/>\n<meta property=\"og:image\" content=\"https:\/\/lahingupood.ee\/wp-content\/uploads\/2022\/06\/1152220389_1.webp\" \/>\n\t<meta property=\"og:image:width\" content=\"800\" \/>\n\t<meta property=\"og:image:height\" content=\"533\" \/>\n\t<meta property=\"og:image:type\" content=\"image\/webp\" \/>\n<meta name=\"twitter:card\" content=\"summary_large_image\" \/>\n<meta name=\"twitter:label1\" content=\"Estimated reading time\" \/>\n\t<meta name=\"twitter:data1\" content=\"1 minute\" \/>\n<script type=\"application\/ld+json\" class=\"yoast-schema-graph\">{\"@context\":\"https:\\\/\\\/schema.org\",\"@graph\":[{\"@type\":\"WebPage\",\"@id\":\"https:\\\/\\\/lahingupood.ee\\\/toode\\\/cqd2-steel-sling-mount-for-m4\\\/\",\"url\":\"https:\\\/\\\/lahingupood.ee\\\/toode\\\/cqd2-steel-sling-mount-for-m4\\\/\",\"name\":\"CQD2 steel sling mount for M4 Terasest rihmakinnitus\",\"isPartOf\":{\"@id\":\"https:\\\/\\\/lahingupood.ee\\\/#website\"},\"primaryImageOfPage\":{\"@id\":\"https:\\\/\\\/lahingupood.ee\\\/toode\\\/cqd2-steel-sling-mount-for-m4\\\/#primaryimage\"},\"image\":{\"@id\":\"https:\\\/\\\/lahingupood.ee\\\/toode\\\/cqd2-steel-sling-mount-for-m4\\\/#primaryimage\"},\"thumbnailUrl\":\"https:\\\/\\\/lahingupood.ee\\\/wp-content\\\/uploads\\\/2022\\\/06\\\/1152220389_1.webp\",\"datePublished\":\"2022-06-13T20:25:33+00:00\",\"dateModified\":\"2026-04-12T15:30:04+00:00\",\"description\":\"CQD2 steel sling mount for M4Terasest rihmakinnitus on vajalik relva turvaliseks kandmiseks. CQD2 steel sling mount for M4\",\"breadcrumb\":{\"@id\":\"https:\\\/\\\/lahingupood.ee\\\/toode\\\/cqd2-steel-sling-mount-for-m4\\\/#breadcrumb\"},\"inLanguage\":\"en-GB\",\"potentialAction\":[{\"@type\":\"ReadAction\",\"target\":[\"https:\\\/\\\/lahingupood.ee\\\/toode\\\/cqd2-steel-sling-mount-for-m4\\\/\"]}]},{\"@type\":\"ImageObject\",\"inLanguage\":\"en-GB\",\"@id\":\"https:\\\/\\\/lahingupood.ee\\\/toode\\\/cqd2-steel-sling-mount-for-m4\\\/#primaryimage\",\"url\":\"https:\\\/\\\/lahingupood.ee\\\/wp-content\\\/uploads\\\/2022\\\/06\\\/1152220389_1.webp\",\"contentUrl\":\"https:\\\/\\\/lahingupood.ee\\\/wp-content\\\/uploads\\\/2022\\\/06\\\/1152220389_1.webp\",\"width\":800,\"height\":533,\"caption\":\"cqd2-steel-sling-mount-for-m4\"},{\"@type\":\"BreadcrumbList\",\"@id\":\"https:\\\/\\\/lahingupood.ee\\\/toode\\\/cqd2-steel-sling-mount-for-m4\\\/#breadcrumb\",\"itemListElement\":[{\"@type\":\"ListItem\",\"position\":1,\"name\":\"Home\",\"item\":\"https:\\\/\\\/lahingupood.ee\\\/\"},{\"@type\":\"ListItem\",\"position\":2,\"name\":\"Tooted\",\"item\":\"https:\\\/\\\/lahingupood.ee\\\/tooted\\\/\"},{\"@type\":\"ListItem\",\"position\":3,\"name\":\"CQD2 steel sling mount for M4\"}]},{\"@type\":\"WebSite\",\"@id\":\"https:\\\/\\\/lahingupood.ee\\\/#website\",\"url\":\"https:\\\/\\\/lahingupood.ee\\\/\",\"name\":\"Lahingurada e-pood\",\"description\":\"Airsoft\",\"publisher\":{\"@id\":\"https:\\\/\\\/lahingupood.ee\\\/#organization\"},\"potentialAction\":[{\"@type\":\"SearchAction\",\"target\":{\"@type\":\"EntryPoint\",\"urlTemplate\":\"https:\\\/\\\/lahingupood.ee\\\/?s={search_term_string}\"},\"query-input\":{\"@type\":\"PropertyValueSpecification\",\"valueRequired\":true,\"valueName\":\"search_term_string\"}}],\"inLanguage\":\"en-GB\"},{\"@type\":\"Organization\",\"@id\":\"https:\\\/\\\/lahingupood.ee\\\/#organization\",\"name\":\"Lahingurada\",\"url\":\"https:\\\/\\\/lahingupood.ee\\\/\",\"logo\":{\"@type\":\"ImageObject\",\"inLanguage\":\"en-GB\",\"@id\":\"https:\\\/\\\/lahingupood.ee\\\/#\\\/schema\\\/logo\\\/image\\\/\",\"url\":\"https:\\\/\\\/lahingupood.ee\\\/wp-content\\\/uploads\\\/2022\\\/03\\\/lahingurada-220318.jpg\",\"contentUrl\":\"https:\\\/\\\/lahingupood.ee\\\/wp-content\\\/uploads\\\/2022\\\/03\\\/lahingurada-220318.jpg\",\"width\":800,\"height\":500,\"caption\":\"Lahingurada\"},\"image\":{\"@id\":\"https:\\\/\\\/lahingupood.ee\\\/#\\\/schema\\\/logo\\\/image\\\/\"},\"sameAs\":[\"https:\\\/\\\/www.facebook.com\\\/Lahingurada-629940247212967\"]}]}<\/script>\n<!-- \/ Yoast SEO Premium plugin. -->","yoast_head_json":{"title":"CQD2 steel sling mount for M4 Terasest rihmakinnitus","description":"CQD2 steel sling mount for M4Terasest rihmakinnitus on vajalik relva turvaliseks kandmiseks. CQD2 steel sling mount for M4","robots":{"index":"index","follow":"follow","max-snippet":"max-snippet:-1","max-image-preview":"max-image-preview:large","max-video-preview":"max-video-preview:-1"},"canonical":"https:\/\/lahingupood.ee\/en\/product\/cqd2-steel-sling-mount-for-m4\/","og_locale":"en_GB","og_type":"article","og_title":"CQD2 steel sling mount for M4","og_description":"CQD2 steel sling mount for M4Terasest rihmakinnitus on vajalik relva turvaliseks kandmiseks. CQD2 steel sling mount for M4","og_url":"https:\/\/lahingupood.ee\/en\/product\/cqd2-steel-sling-mount-for-m4\/","og_site_name":"Lahingurada e-pood","article_publisher":"https:\/\/www.facebook.com\/Lahingurada-629940247212967","article_modified_time":"2026-04-12T15:30:04+00:00","og_image":[{"width":800,"height":533,"url":"https:\/\/lahingupood.ee\/wp-content\/uploads\/2022\/06\/1152220389_1.webp","type":"image\/webp"}],"twitter_card":"summary_large_image","twitter_misc":{"Estimated reading time":"1 minute"},"schema":{"@context":"https:\/\/schema.org","@graph":[{"@type":"WebPage","@id":"https:\/\/lahingupood.ee\/toode\/cqd2-steel-sling-mount-for-m4\/","url":"https:\/\/lahingupood.ee\/toode\/cqd2-steel-sling-mount-for-m4\/","name":"CQD2 steel sling mount for M4 Terasest rihmakinnitus","isPartOf":{"@id":"https:\/\/lahingupood.ee\/#website"},"primaryImageOfPage":{"@id":"https:\/\/lahingupood.ee\/toode\/cqd2-steel-sling-mount-for-m4\/#primaryimage"},"image":{"@id":"https:\/\/lahingupood.ee\/toode\/cqd2-steel-sling-mount-for-m4\/#primaryimage"},"thumbnailUrl":"https:\/\/lahingupood.ee\/wp-content\/uploads\/2022\/06\/1152220389_1.webp","datePublished":"2022-06-13T20:25:33+00:00","dateModified":"2026-04-12T15:30:04+00:00","description":"CQD2 steel sling mount for M4Terasest rihmakinnitus on vajalik relva turvaliseks kandmiseks. CQD2 steel sling mount for M4","breadcrumb":{"@id":"https:\/\/lahingupood.ee\/toode\/cqd2-steel-sling-mount-for-m4\/#breadcrumb"},"inLanguage":"en-GB","potentialAction":[{"@type":"ReadAction","target":["https:\/\/lahingupood.ee\/toode\/cqd2-steel-sling-mount-for-m4\/"]}]},{"@type":"ImageObject","inLanguage":"en-GB","@id":"https:\/\/lahingupood.ee\/toode\/cqd2-steel-sling-mount-for-m4\/#primaryimage","url":"https:\/\/lahingupood.ee\/wp-content\/uploads\/2022\/06\/1152220389_1.webp","contentUrl":"https:\/\/lahingupood.ee\/wp-content\/uploads\/2022\/06\/1152220389_1.webp","width":800,"height":533,"caption":"cqd2-steel-sling-mount-for-m4"},{"@type":"BreadcrumbList","@id":"https:\/\/lahingupood.ee\/toode\/cqd2-steel-sling-mount-for-m4\/#breadcrumb","itemListElement":[{"@type":"ListItem","position":1,"name":"Home","item":"https:\/\/lahingupood.ee\/"},{"@type":"ListItem","position":2,"name":"Tooted","item":"https:\/\/lahingupood.ee\/tooted\/"},{"@type":"ListItem","position":3,"name":"CQD2 steel sling mount for M4"}]},{"@type":"WebSite","@id":"https:\/\/lahingupood.ee\/#website","url":"https:\/\/lahingupood.ee\/","name":"Lahingurada e-pood","description":"Airsoft","publisher":{"@id":"https:\/\/lahingupood.ee\/#organization"},"potentialAction":[{"@type":"SearchAction","target":{"@type":"EntryPoint","urlTemplate":"https:\/\/lahingupood.ee\/?s={search_term_string}"},"query-input":{"@type":"PropertyValueSpecification","valueRequired":true,"valueName":"search_term_string"}}],"inLanguage":"en-GB"},{"@type":"Organization","@id":"https:\/\/lahingupood.ee\/#organization","name":"Lahingurada","url":"https:\/\/lahingupood.ee\/","logo":{"@type":"ImageObject","inLanguage":"en-GB","@id":"https:\/\/lahingupood.ee\/#\/schema\/logo\/image\/","url":"https:\/\/lahingupood.ee\/wp-content\/uploads\/2022\/03\/lahingurada-220318.jpg","contentUrl":"https:\/\/lahingupood.ee\/wp-content\/uploads\/2022\/03\/lahingurada-220318.jpg","width":800,"height":500,"caption":"Lahingurada"},"image":{"@id":"https:\/\/lahingupood.ee\/#\/schema\/logo\/image\/"},"sameAs":["https:\/\/www.facebook.com\/Lahingurada-629940247212967"]}]}},"_links":{"self":[{"href":"https:\/\/lahingupood.ee\/en\/wp-json\/wp\/v2\/product\/1258","targetHints":{"allow":["GET"]}}],"collection":[{"href":"https:\/\/lahingupood.ee\/en\/wp-json\/wp\/v2\/product"}],"about":[{"href":"https:\/\/lahingupood.ee\/en\/wp-json\/wp\/v2\/types\/product"}],"wp:featuredmedia":[{"embeddable":true,"href":"https:\/\/lahingupood.ee\/en\/wp-json\/wp\/v2\/media\/1259"}],"wp:attachment":[{"href":"https:\/\/lahingupood.ee\/en\/wp-json\/wp\/v2\/media?parent=1258"}],"wp:term":[{"taxonomy":"product_brand","embeddable":true,"href":"https:\/\/lahingupood.ee\/en\/wp-json\/wp\/v2\/product_brand?post=1258"},{"taxonomy":"product_cat","embeddable":true,"href":"https:\/\/lahingupood.ee\/en\/wp-json\/wp\/v2\/product_cat?post=1258"},{"taxonomy":"product_tag","embeddable":true,"href":"https:\/\/lahingupood.ee\/en\/wp-json\/wp\/v2\/product_tag?post=1258"}],"curies":[{"name":"wp","href":"https:\/\/api.w.org\/{rel}","templated":true}]}}