{"id":1256,"date":"2022-06-13T23:13:47","date_gmt":"2022-06-13T20:13:47","guid":{"rendered":"https:\/\/lahingupood.ee\/?post_type=product&#038;p=1256"},"modified":"2026-04-12T18:30:01","modified_gmt":"2026-04-12T15:30:01","slug":"c-clip-for-hop-up-in-ak","status":"publish","type":"product","link":"https:\/\/lahingupood.ee\/en\/product\/c-clip-for-hop-up-in-ak\/","title":{"rendered":"C-Clip for Hop-UP in AK"},"content":{"rendered":"<p>C-Clip for Hop-UP in AK<\/p>\n<p>Sisetoru lukusti AK t\u00fc\u00fcpi hopup kambrile. Enamsti hopup kambri lahtiv\u00f5tmisel, just see v\u00e4ike detail l\u00e4heb katki. Paraku ilma selle v\u00e4ikese asjata pole v\u00f5imalik relva tagasi kokku panna. Igal, endast lugupidaval, relvameistril peaks oleme neid varuga \ud83d\ude42<\/p>","protected":false},"excerpt":{"rendered":"<p>C-Clip for Hop-UP in AK Sisetoru lukusti AK t\u00fc\u00fcpi hopup kambrile. Enamsti hopup kambri lahtiv\u00f5tmisel, just see v\u00e4ike detail l\u00e4heb katki. Paraku ilma selle v\u00e4ikese asjata pole v\u00f5imalik relva tagasi kokku panna. Igal, endast lugupidaval, relvameistril peaks oleme neid varuga \ud83d\ude42<\/p>","protected":false},"featured_media":1257,"template":"","meta":[],"product_brand":[],"product_cat":[72],"product_tag":[],"class_list":{"0":"post-1256","1":"product","2":"type-product","3":"status-publish","4":"has-post-thumbnail","6":"product_cat-hopup","8":"first","9":"instock","10":"taxable","11":"shipping-taxable","12":"purchasable","13":"product-type-simple"},"yoast_head":"<!-- This site is optimized with the Yoast SEO Premium plugin v27.3 (Yoast SEO v27.3) - https:\/\/yoast.com\/product\/yoast-seo-premium-wordpress\/ -->\n<title>C-Clip for Hop-UP in AK C-Clip for Hop-UP in AK<\/title>\n<meta name=\"description\" content=\"C-Clip for Hop-UP in AK Sisetoru lukusti AK t\u00fc\u00fcpi hopup kambrile. Enamsti hopup kambri lahtiv\u00f5tmisel, just see v\u00e4ike detail l\u00e4heb katki.\" \/>\n<meta name=\"robots\" content=\"index, follow, max-snippet:-1, max-image-preview:large, max-video-preview:-1\" \/>\n<link rel=\"canonical\" href=\"https:\/\/lahingupood.ee\/en\/product\/c-clip-for-hop-up-in-ak\/\" \/>\n<meta property=\"og:locale\" content=\"en_GB\" \/>\n<meta property=\"og:type\" content=\"article\" \/>\n<meta property=\"og:title\" content=\"C-Clip for Hop-UP in AK\" \/>\n<meta property=\"og:description\" content=\"C-Clip for Hop-UP in AK Sisetoru lukusti AK t\u00fc\u00fcpi hopup kambrile. Enamsti hopup kambri lahtiv\u00f5tmisel, just see v\u00e4ike detail l\u00e4heb katki.\" \/>\n<meta property=\"og:url\" content=\"https:\/\/lahingupood.ee\/en\/product\/c-clip-for-hop-up-in-ak\/\" \/>\n<meta property=\"og:site_name\" content=\"Lahingurada e-pood\" \/>\n<meta property=\"article:publisher\" content=\"https:\/\/www.facebook.com\/Lahingurada-629940247212967\" \/>\n<meta property=\"article:modified_time\" content=\"2026-04-12T15:30:01+00:00\" \/>\n<meta property=\"og:image\" content=\"https:\/\/lahingupood.ee\/wp-content\/uploads\/2022\/06\/1152223623_1.webp\" \/>\n\t<meta property=\"og:image:width\" content=\"800\" \/>\n\t<meta property=\"og:image:height\" content=\"533\" \/>\n\t<meta property=\"og:image:type\" content=\"image\/webp\" \/>\n<meta name=\"twitter:card\" content=\"summary_large_image\" \/>\n<meta name=\"twitter:label1\" content=\"Estimated reading time\" \/>\n\t<meta name=\"twitter:data1\" content=\"1 minute\" \/>\n<script type=\"application\/ld+json\" class=\"yoast-schema-graph\">{\"@context\":\"https:\\\/\\\/schema.org\",\"@graph\":[{\"@type\":\"WebPage\",\"@id\":\"https:\\\/\\\/lahingupood.ee\\\/toode\\\/c-clip-for-hop-up-in-ak\\\/\",\"url\":\"https:\\\/\\\/lahingupood.ee\\\/toode\\\/c-clip-for-hop-up-in-ak\\\/\",\"name\":\"C-Clip for Hop-UP in AK C-Clip for Hop-UP in AK\",\"isPartOf\":{\"@id\":\"https:\\\/\\\/lahingupood.ee\\\/#website\"},\"primaryImageOfPage\":{\"@id\":\"https:\\\/\\\/lahingupood.ee\\\/toode\\\/c-clip-for-hop-up-in-ak\\\/#primaryimage\"},\"image\":{\"@id\":\"https:\\\/\\\/lahingupood.ee\\\/toode\\\/c-clip-for-hop-up-in-ak\\\/#primaryimage\"},\"thumbnailUrl\":\"https:\\\/\\\/lahingupood.ee\\\/wp-content\\\/uploads\\\/2022\\\/06\\\/1152223623_1.webp\",\"datePublished\":\"2022-06-13T20:13:47+00:00\",\"dateModified\":\"2026-04-12T15:30:01+00:00\",\"description\":\"C-Clip for Hop-UP in AK Sisetoru lukusti AK t\u00fc\u00fcpi hopup kambrile. Enamsti hopup kambri lahtiv\u00f5tmisel, just see v\u00e4ike detail l\u00e4heb katki.\",\"breadcrumb\":{\"@id\":\"https:\\\/\\\/lahingupood.ee\\\/toode\\\/c-clip-for-hop-up-in-ak\\\/#breadcrumb\"},\"inLanguage\":\"en-GB\",\"potentialAction\":[{\"@type\":\"ReadAction\",\"target\":[\"https:\\\/\\\/lahingupood.ee\\\/toode\\\/c-clip-for-hop-up-in-ak\\\/\"]}]},{\"@type\":\"ImageObject\",\"inLanguage\":\"en-GB\",\"@id\":\"https:\\\/\\\/lahingupood.ee\\\/toode\\\/c-clip-for-hop-up-in-ak\\\/#primaryimage\",\"url\":\"https:\\\/\\\/lahingupood.ee\\\/wp-content\\\/uploads\\\/2022\\\/06\\\/1152223623_1.webp\",\"contentUrl\":\"https:\\\/\\\/lahingupood.ee\\\/wp-content\\\/uploads\\\/2022\\\/06\\\/1152223623_1.webp\",\"width\":800,\"height\":533,\"caption\":\"clip-for-hop-up-in-ak\"},{\"@type\":\"BreadcrumbList\",\"@id\":\"https:\\\/\\\/lahingupood.ee\\\/toode\\\/c-clip-for-hop-up-in-ak\\\/#breadcrumb\",\"itemListElement\":[{\"@type\":\"ListItem\",\"position\":1,\"name\":\"Home\",\"item\":\"https:\\\/\\\/lahingupood.ee\\\/\"},{\"@type\":\"ListItem\",\"position\":2,\"name\":\"Tooted\",\"item\":\"https:\\\/\\\/lahingupood.ee\\\/tooted\\\/\"},{\"@type\":\"ListItem\",\"position\":3,\"name\":\"C-Clip for Hop-UP in AK\"}]},{\"@type\":\"WebSite\",\"@id\":\"https:\\\/\\\/lahingupood.ee\\\/#website\",\"url\":\"https:\\\/\\\/lahingupood.ee\\\/\",\"name\":\"Lahingurada e-pood\",\"description\":\"Airsoft\",\"publisher\":{\"@id\":\"https:\\\/\\\/lahingupood.ee\\\/#organization\"},\"potentialAction\":[{\"@type\":\"SearchAction\",\"target\":{\"@type\":\"EntryPoint\",\"urlTemplate\":\"https:\\\/\\\/lahingupood.ee\\\/?s={search_term_string}\"},\"query-input\":{\"@type\":\"PropertyValueSpecification\",\"valueRequired\":true,\"valueName\":\"search_term_string\"}}],\"inLanguage\":\"en-GB\"},{\"@type\":\"Organization\",\"@id\":\"https:\\\/\\\/lahingupood.ee\\\/#organization\",\"name\":\"Lahingurada\",\"url\":\"https:\\\/\\\/lahingupood.ee\\\/\",\"logo\":{\"@type\":\"ImageObject\",\"inLanguage\":\"en-GB\",\"@id\":\"https:\\\/\\\/lahingupood.ee\\\/#\\\/schema\\\/logo\\\/image\\\/\",\"url\":\"https:\\\/\\\/lahingupood.ee\\\/wp-content\\\/uploads\\\/2022\\\/03\\\/lahingurada-220318.jpg\",\"contentUrl\":\"https:\\\/\\\/lahingupood.ee\\\/wp-content\\\/uploads\\\/2022\\\/03\\\/lahingurada-220318.jpg\",\"width\":800,\"height\":500,\"caption\":\"Lahingurada\"},\"image\":{\"@id\":\"https:\\\/\\\/lahingupood.ee\\\/#\\\/schema\\\/logo\\\/image\\\/\"},\"sameAs\":[\"https:\\\/\\\/www.facebook.com\\\/Lahingurada-629940247212967\"]}]}<\/script>\n<!-- \/ Yoast SEO Premium plugin. -->","yoast_head_json":{"title":"C-Clip for Hop-UP in AK C-Clip for Hop-UP in AK","description":"C-Clip for Hop-UP in AK Sisetoru lukusti AK t\u00fc\u00fcpi hopup kambrile. Enamsti hopup kambri lahtiv\u00f5tmisel, just see v\u00e4ike detail l\u00e4heb katki.","robots":{"index":"index","follow":"follow","max-snippet":"max-snippet:-1","max-image-preview":"max-image-preview:large","max-video-preview":"max-video-preview:-1"},"canonical":"https:\/\/lahingupood.ee\/en\/product\/c-clip-for-hop-up-in-ak\/","og_locale":"en_GB","og_type":"article","og_title":"C-Clip for Hop-UP in AK","og_description":"C-Clip for Hop-UP in AK Sisetoru lukusti AK t\u00fc\u00fcpi hopup kambrile. Enamsti hopup kambri lahtiv\u00f5tmisel, just see v\u00e4ike detail l\u00e4heb katki.","og_url":"https:\/\/lahingupood.ee\/en\/product\/c-clip-for-hop-up-in-ak\/","og_site_name":"Lahingurada e-pood","article_publisher":"https:\/\/www.facebook.com\/Lahingurada-629940247212967","article_modified_time":"2026-04-12T15:30:01+00:00","og_image":[{"width":800,"height":533,"url":"https:\/\/lahingupood.ee\/wp-content\/uploads\/2022\/06\/1152223623_1.webp","type":"image\/webp"}],"twitter_card":"summary_large_image","twitter_misc":{"Estimated reading time":"1 minute"},"schema":{"@context":"https:\/\/schema.org","@graph":[{"@type":"WebPage","@id":"https:\/\/lahingupood.ee\/toode\/c-clip-for-hop-up-in-ak\/","url":"https:\/\/lahingupood.ee\/toode\/c-clip-for-hop-up-in-ak\/","name":"C-Clip for Hop-UP in AK C-Clip for Hop-UP in AK","isPartOf":{"@id":"https:\/\/lahingupood.ee\/#website"},"primaryImageOfPage":{"@id":"https:\/\/lahingupood.ee\/toode\/c-clip-for-hop-up-in-ak\/#primaryimage"},"image":{"@id":"https:\/\/lahingupood.ee\/toode\/c-clip-for-hop-up-in-ak\/#primaryimage"},"thumbnailUrl":"https:\/\/lahingupood.ee\/wp-content\/uploads\/2022\/06\/1152223623_1.webp","datePublished":"2022-06-13T20:13:47+00:00","dateModified":"2026-04-12T15:30:01+00:00","description":"C-Clip for Hop-UP in AK Sisetoru lukusti AK t\u00fc\u00fcpi hopup kambrile. Enamsti hopup kambri lahtiv\u00f5tmisel, just see v\u00e4ike detail l\u00e4heb katki.","breadcrumb":{"@id":"https:\/\/lahingupood.ee\/toode\/c-clip-for-hop-up-in-ak\/#breadcrumb"},"inLanguage":"en-GB","potentialAction":[{"@type":"ReadAction","target":["https:\/\/lahingupood.ee\/toode\/c-clip-for-hop-up-in-ak\/"]}]},{"@type":"ImageObject","inLanguage":"en-GB","@id":"https:\/\/lahingupood.ee\/toode\/c-clip-for-hop-up-in-ak\/#primaryimage","url":"https:\/\/lahingupood.ee\/wp-content\/uploads\/2022\/06\/1152223623_1.webp","contentUrl":"https:\/\/lahingupood.ee\/wp-content\/uploads\/2022\/06\/1152223623_1.webp","width":800,"height":533,"caption":"clip-for-hop-up-in-ak"},{"@type":"BreadcrumbList","@id":"https:\/\/lahingupood.ee\/toode\/c-clip-for-hop-up-in-ak\/#breadcrumb","itemListElement":[{"@type":"ListItem","position":1,"name":"Home","item":"https:\/\/lahingupood.ee\/"},{"@type":"ListItem","position":2,"name":"Tooted","item":"https:\/\/lahingupood.ee\/tooted\/"},{"@type":"ListItem","position":3,"name":"C-Clip for Hop-UP in AK"}]},{"@type":"WebSite","@id":"https:\/\/lahingupood.ee\/#website","url":"https:\/\/lahingupood.ee\/","name":"Lahingurada e-pood","description":"Airsoft","publisher":{"@id":"https:\/\/lahingupood.ee\/#organization"},"potentialAction":[{"@type":"SearchAction","target":{"@type":"EntryPoint","urlTemplate":"https:\/\/lahingupood.ee\/?s={search_term_string}"},"query-input":{"@type":"PropertyValueSpecification","valueRequired":true,"valueName":"search_term_string"}}],"inLanguage":"en-GB"},{"@type":"Organization","@id":"https:\/\/lahingupood.ee\/#organization","name":"Lahingurada","url":"https:\/\/lahingupood.ee\/","logo":{"@type":"ImageObject","inLanguage":"en-GB","@id":"https:\/\/lahingupood.ee\/#\/schema\/logo\/image\/","url":"https:\/\/lahingupood.ee\/wp-content\/uploads\/2022\/03\/lahingurada-220318.jpg","contentUrl":"https:\/\/lahingupood.ee\/wp-content\/uploads\/2022\/03\/lahingurada-220318.jpg","width":800,"height":500,"caption":"Lahingurada"},"image":{"@id":"https:\/\/lahingupood.ee\/#\/schema\/logo\/image\/"},"sameAs":["https:\/\/www.facebook.com\/Lahingurada-629940247212967"]}]}},"_links":{"self":[{"href":"https:\/\/lahingupood.ee\/en\/wp-json\/wp\/v2\/product\/1256","targetHints":{"allow":["GET"]}}],"collection":[{"href":"https:\/\/lahingupood.ee\/en\/wp-json\/wp\/v2\/product"}],"about":[{"href":"https:\/\/lahingupood.ee\/en\/wp-json\/wp\/v2\/types\/product"}],"wp:featuredmedia":[{"embeddable":true,"href":"https:\/\/lahingupood.ee\/en\/wp-json\/wp\/v2\/media\/1257"}],"wp:attachment":[{"href":"https:\/\/lahingupood.ee\/en\/wp-json\/wp\/v2\/media?parent=1256"}],"wp:term":[{"taxonomy":"product_brand","embeddable":true,"href":"https:\/\/lahingupood.ee\/en\/wp-json\/wp\/v2\/product_brand?post=1256"},{"taxonomy":"product_cat","embeddable":true,"href":"https:\/\/lahingupood.ee\/en\/wp-json\/wp\/v2\/product_cat?post=1256"},{"taxonomy":"product_tag","embeddable":true,"href":"https:\/\/lahingupood.ee\/en\/wp-json\/wp\/v2\/product_tag?post=1256"}],"curies":[{"name":"wp","href":"https:\/\/api.w.org\/{rel}","templated":true}]}}