{"id":1248,"date":"2022-06-13T18:14:23","date_gmt":"2022-06-13T15:14:23","guid":{"rendered":"https:\/\/lahingupood.ee\/?post_type=product&#038;p=1248"},"modified":"2026-04-12T18:15:04","modified_gmt":"2026-04-12T15:15:04","slug":"tappet-delayer-tappeti-aeglusti","status":"publish","type":"product","link":"https:\/\/lahingupood.ee\/en\/product\/tappet-delayer-tappeti-aeglusti\/","title":{"rendered":"Tappet delayer (tappeti aeglusti)"},"content":{"rendered":"<p>Tappet delayer(tappeti aeglusti)<\/p>\n<p>Tappeti aeglusti on eriti vajalik detail relva tuunimisel kiiremaks. T\u00e4nu Tappeti ja sektorhammasratta \u00a0pikemale kokkupuuteajale on hopup kamber avatud pikemat aega \u00fche t\u00f6\u00f6ts\u00fckli jooksul ja kuulid p\u00e4\u00e4sevad paremini rauda.<\/p>","protected":false},"excerpt":{"rendered":"<p>Tappet delayer(tappeti aeglusti) Tappeti aeglusti on eriti vajalik detail relva tuunimisel kiiremaks. T\u00e4nu Tappeti ja sektorhammasratta \u00a0pikemale kokkupuuteajale on hopup kamber avatud pikemat aega \u00fche t\u00f6\u00f6ts\u00fckli jooksul ja kuulid p\u00e4\u00e4sevad paremini rauda.<\/p>","protected":false},"featured_media":1249,"template":"","meta":[],"product_brand":[],"product_cat":[73],"product_tag":[],"class_list":{"0":"post-1248","1":"product","2":"type-product","3":"status-publish","4":"has-post-thumbnail","6":"product_cat-gearbox","8":"first","9":"instock","10":"taxable","11":"shipping-taxable","12":"purchasable","13":"product-type-simple"},"yoast_head":"<!-- This site is optimized with the Yoast SEO Premium plugin v27.3 (Yoast SEO v27.3) - https:\/\/yoast.com\/product\/yoast-seo-premium-wordpress\/ -->\n<title>Tappet delayer(tappeti aeglusti) Lahingurada e-pood<\/title>\n<meta name=\"description\" content=\"Tappet delayer (tappeti aeglusti) Tappet delayer(tappeti aeglusti)Tappeti aeglusti on eriti vajalik detail relva tuunimisel kiiremaks.\" \/>\n<meta name=\"robots\" content=\"index, follow, max-snippet:-1, max-image-preview:large, max-video-preview:-1\" \/>\n<link rel=\"canonical\" href=\"https:\/\/lahingupood.ee\/en\/product\/tappet-delayer-tappeti-aeglusti\/\" \/>\n<meta property=\"og:locale\" content=\"en_GB\" \/>\n<meta property=\"og:type\" content=\"article\" \/>\n<meta property=\"og:title\" content=\"Tappet delayer (tappeti aeglusti)\" \/>\n<meta property=\"og:description\" content=\"Tappet delayer (tappeti aeglusti) Tappet delayer(tappeti aeglusti)Tappeti aeglusti on eriti vajalik detail relva tuunimisel kiiremaks.\" \/>\n<meta property=\"og:url\" content=\"https:\/\/lahingupood.ee\/en\/product\/tappet-delayer-tappeti-aeglusti\/\" \/>\n<meta property=\"og:site_name\" content=\"Lahingurada e-pood\" \/>\n<meta property=\"article:publisher\" content=\"https:\/\/www.facebook.com\/Lahingurada-629940247212967\" \/>\n<meta property=\"article:modified_time\" content=\"2026-04-12T15:15:04+00:00\" \/>\n<meta property=\"og:image\" content=\"https:\/\/lahingupood.ee\/wp-content\/uploads\/2022\/06\/1152194099_1.webp\" \/>\n\t<meta property=\"og:image:width\" content=\"550\" \/>\n\t<meta property=\"og:image:height\" content=\"370\" \/>\n\t<meta property=\"og:image:type\" content=\"image\/webp\" \/>\n<meta name=\"twitter:card\" content=\"summary_large_image\" \/>\n<meta name=\"twitter:label1\" content=\"Estimated reading time\" \/>\n\t<meta name=\"twitter:data1\" content=\"1 minute\" \/>\n<script type=\"application\/ld+json\" class=\"yoast-schema-graph\">{\"@context\":\"https:\\\/\\\/schema.org\",\"@graph\":[{\"@type\":\"WebPage\",\"@id\":\"https:\\\/\\\/lahingupood.ee\\\/toode\\\/tappet-delayer-tappeti-aeglusti\\\/\",\"url\":\"https:\\\/\\\/lahingupood.ee\\\/toode\\\/tappet-delayer-tappeti-aeglusti\\\/\",\"name\":\"Tappet delayer(tappeti aeglusti) Lahingurada e-pood\",\"isPartOf\":{\"@id\":\"https:\\\/\\\/lahingupood.ee\\\/#website\"},\"primaryImageOfPage\":{\"@id\":\"https:\\\/\\\/lahingupood.ee\\\/toode\\\/tappet-delayer-tappeti-aeglusti\\\/#primaryimage\"},\"image\":{\"@id\":\"https:\\\/\\\/lahingupood.ee\\\/toode\\\/tappet-delayer-tappeti-aeglusti\\\/#primaryimage\"},\"thumbnailUrl\":\"https:\\\/\\\/lahingupood.ee\\\/wp-content\\\/uploads\\\/2022\\\/06\\\/1152194099_1.webp\",\"datePublished\":\"2022-06-13T15:14:23+00:00\",\"dateModified\":\"2026-04-12T15:15:04+00:00\",\"description\":\"Tappet delayer (tappeti aeglusti) Tappet delayer(tappeti aeglusti)Tappeti aeglusti on eriti vajalik detail relva tuunimisel kiiremaks.\",\"breadcrumb\":{\"@id\":\"https:\\\/\\\/lahingupood.ee\\\/toode\\\/tappet-delayer-tappeti-aeglusti\\\/#breadcrumb\"},\"inLanguage\":\"en-GB\",\"potentialAction\":[{\"@type\":\"ReadAction\",\"target\":[\"https:\\\/\\\/lahingupood.ee\\\/toode\\\/tappet-delayer-tappeti-aeglusti\\\/\"]}]},{\"@type\":\"ImageObject\",\"inLanguage\":\"en-GB\",\"@id\":\"https:\\\/\\\/lahingupood.ee\\\/toode\\\/tappet-delayer-tappeti-aeglusti\\\/#primaryimage\",\"url\":\"https:\\\/\\\/lahingupood.ee\\\/wp-content\\\/uploads\\\/2022\\\/06\\\/1152194099_1.webp\",\"contentUrl\":\"https:\\\/\\\/lahingupood.ee\\\/wp-content\\\/uploads\\\/2022\\\/06\\\/1152194099_1.webp\",\"width\":550,\"height\":370,\"caption\":\"tappet-delayer tappeti-aeglusti\"},{\"@type\":\"BreadcrumbList\",\"@id\":\"https:\\\/\\\/lahingupood.ee\\\/toode\\\/tappet-delayer-tappeti-aeglusti\\\/#breadcrumb\",\"itemListElement\":[{\"@type\":\"ListItem\",\"position\":1,\"name\":\"Home\",\"item\":\"https:\\\/\\\/lahingupood.ee\\\/\"},{\"@type\":\"ListItem\",\"position\":2,\"name\":\"Tooted\",\"item\":\"https:\\\/\\\/lahingupood.ee\\\/tooted\\\/\"},{\"@type\":\"ListItem\",\"position\":3,\"name\":\"Tappet delayer (tappeti aeglusti)\"}]},{\"@type\":\"WebSite\",\"@id\":\"https:\\\/\\\/lahingupood.ee\\\/#website\",\"url\":\"https:\\\/\\\/lahingupood.ee\\\/\",\"name\":\"Lahingurada e-pood\",\"description\":\"Airsoft\",\"publisher\":{\"@id\":\"https:\\\/\\\/lahingupood.ee\\\/#organization\"},\"potentialAction\":[{\"@type\":\"SearchAction\",\"target\":{\"@type\":\"EntryPoint\",\"urlTemplate\":\"https:\\\/\\\/lahingupood.ee\\\/?s={search_term_string}\"},\"query-input\":{\"@type\":\"PropertyValueSpecification\",\"valueRequired\":true,\"valueName\":\"search_term_string\"}}],\"inLanguage\":\"en-GB\"},{\"@type\":\"Organization\",\"@id\":\"https:\\\/\\\/lahingupood.ee\\\/#organization\",\"name\":\"Lahingurada\",\"url\":\"https:\\\/\\\/lahingupood.ee\\\/\",\"logo\":{\"@type\":\"ImageObject\",\"inLanguage\":\"en-GB\",\"@id\":\"https:\\\/\\\/lahingupood.ee\\\/#\\\/schema\\\/logo\\\/image\\\/\",\"url\":\"https:\\\/\\\/lahingupood.ee\\\/wp-content\\\/uploads\\\/2022\\\/03\\\/lahingurada-220318.jpg\",\"contentUrl\":\"https:\\\/\\\/lahingupood.ee\\\/wp-content\\\/uploads\\\/2022\\\/03\\\/lahingurada-220318.jpg\",\"width\":800,\"height\":500,\"caption\":\"Lahingurada\"},\"image\":{\"@id\":\"https:\\\/\\\/lahingupood.ee\\\/#\\\/schema\\\/logo\\\/image\\\/\"},\"sameAs\":[\"https:\\\/\\\/www.facebook.com\\\/Lahingurada-629940247212967\"]}]}<\/script>\n<!-- \/ Yoast SEO Premium plugin. -->","yoast_head_json":{"title":"Tappet delayer(tappeti aeglusti) Lahingurada e-pood","description":"Tappet delayer (tappeti aeglusti) Tappet delayer(tappeti aeglusti)Tappeti aeglusti on eriti vajalik detail relva tuunimisel kiiremaks.","robots":{"index":"index","follow":"follow","max-snippet":"max-snippet:-1","max-image-preview":"max-image-preview:large","max-video-preview":"max-video-preview:-1"},"canonical":"https:\/\/lahingupood.ee\/en\/product\/tappet-delayer-tappeti-aeglusti\/","og_locale":"en_GB","og_type":"article","og_title":"Tappet delayer (tappeti aeglusti)","og_description":"Tappet delayer (tappeti aeglusti) Tappet delayer(tappeti aeglusti)Tappeti aeglusti on eriti vajalik detail relva tuunimisel kiiremaks.","og_url":"https:\/\/lahingupood.ee\/en\/product\/tappet-delayer-tappeti-aeglusti\/","og_site_name":"Lahingurada e-pood","article_publisher":"https:\/\/www.facebook.com\/Lahingurada-629940247212967","article_modified_time":"2026-04-12T15:15:04+00:00","og_image":[{"width":550,"height":370,"url":"https:\/\/lahingupood.ee\/wp-content\/uploads\/2022\/06\/1152194099_1.webp","type":"image\/webp"}],"twitter_card":"summary_large_image","twitter_misc":{"Estimated reading time":"1 minute"},"schema":{"@context":"https:\/\/schema.org","@graph":[{"@type":"WebPage","@id":"https:\/\/lahingupood.ee\/toode\/tappet-delayer-tappeti-aeglusti\/","url":"https:\/\/lahingupood.ee\/toode\/tappet-delayer-tappeti-aeglusti\/","name":"Tappet delayer(tappeti aeglusti) Lahingurada e-pood","isPartOf":{"@id":"https:\/\/lahingupood.ee\/#website"},"primaryImageOfPage":{"@id":"https:\/\/lahingupood.ee\/toode\/tappet-delayer-tappeti-aeglusti\/#primaryimage"},"image":{"@id":"https:\/\/lahingupood.ee\/toode\/tappet-delayer-tappeti-aeglusti\/#primaryimage"},"thumbnailUrl":"https:\/\/lahingupood.ee\/wp-content\/uploads\/2022\/06\/1152194099_1.webp","datePublished":"2022-06-13T15:14:23+00:00","dateModified":"2026-04-12T15:15:04+00:00","description":"Tappet delayer (tappeti aeglusti) Tappet delayer(tappeti aeglusti)Tappeti aeglusti on eriti vajalik detail relva tuunimisel kiiremaks.","breadcrumb":{"@id":"https:\/\/lahingupood.ee\/toode\/tappet-delayer-tappeti-aeglusti\/#breadcrumb"},"inLanguage":"en-GB","potentialAction":[{"@type":"ReadAction","target":["https:\/\/lahingupood.ee\/toode\/tappet-delayer-tappeti-aeglusti\/"]}]},{"@type":"ImageObject","inLanguage":"en-GB","@id":"https:\/\/lahingupood.ee\/toode\/tappet-delayer-tappeti-aeglusti\/#primaryimage","url":"https:\/\/lahingupood.ee\/wp-content\/uploads\/2022\/06\/1152194099_1.webp","contentUrl":"https:\/\/lahingupood.ee\/wp-content\/uploads\/2022\/06\/1152194099_1.webp","width":550,"height":370,"caption":"tappet-delayer tappeti-aeglusti"},{"@type":"BreadcrumbList","@id":"https:\/\/lahingupood.ee\/toode\/tappet-delayer-tappeti-aeglusti\/#breadcrumb","itemListElement":[{"@type":"ListItem","position":1,"name":"Home","item":"https:\/\/lahingupood.ee\/"},{"@type":"ListItem","position":2,"name":"Tooted","item":"https:\/\/lahingupood.ee\/tooted\/"},{"@type":"ListItem","position":3,"name":"Tappet delayer (tappeti aeglusti)"}]},{"@type":"WebSite","@id":"https:\/\/lahingupood.ee\/#website","url":"https:\/\/lahingupood.ee\/","name":"Lahingurada e-pood","description":"Airsoft","publisher":{"@id":"https:\/\/lahingupood.ee\/#organization"},"potentialAction":[{"@type":"SearchAction","target":{"@type":"EntryPoint","urlTemplate":"https:\/\/lahingupood.ee\/?s={search_term_string}"},"query-input":{"@type":"PropertyValueSpecification","valueRequired":true,"valueName":"search_term_string"}}],"inLanguage":"en-GB"},{"@type":"Organization","@id":"https:\/\/lahingupood.ee\/#organization","name":"Lahingurada","url":"https:\/\/lahingupood.ee\/","logo":{"@type":"ImageObject","inLanguage":"en-GB","@id":"https:\/\/lahingupood.ee\/#\/schema\/logo\/image\/","url":"https:\/\/lahingupood.ee\/wp-content\/uploads\/2022\/03\/lahingurada-220318.jpg","contentUrl":"https:\/\/lahingupood.ee\/wp-content\/uploads\/2022\/03\/lahingurada-220318.jpg","width":800,"height":500,"caption":"Lahingurada"},"image":{"@id":"https:\/\/lahingupood.ee\/#\/schema\/logo\/image\/"},"sameAs":["https:\/\/www.facebook.com\/Lahingurada-629940247212967"]}]}},"_links":{"self":[{"href":"https:\/\/lahingupood.ee\/en\/wp-json\/wp\/v2\/product\/1248","targetHints":{"allow":["GET"]}}],"collection":[{"href":"https:\/\/lahingupood.ee\/en\/wp-json\/wp\/v2\/product"}],"about":[{"href":"https:\/\/lahingupood.ee\/en\/wp-json\/wp\/v2\/types\/product"}],"wp:featuredmedia":[{"embeddable":true,"href":"https:\/\/lahingupood.ee\/en\/wp-json\/wp\/v2\/media\/1249"}],"wp:attachment":[{"href":"https:\/\/lahingupood.ee\/en\/wp-json\/wp\/v2\/media?parent=1248"}],"wp:term":[{"taxonomy":"product_brand","embeddable":true,"href":"https:\/\/lahingupood.ee\/en\/wp-json\/wp\/v2\/product_brand?post=1248"},{"taxonomy":"product_cat","embeddable":true,"href":"https:\/\/lahingupood.ee\/en\/wp-json\/wp\/v2\/product_cat?post=1248"},{"taxonomy":"product_tag","embeddable":true,"href":"https:\/\/lahingupood.ee\/en\/wp-json\/wp\/v2\/product_tag?post=1248"}],"curies":[{"name":"wp","href":"https:\/\/api.w.org\/{rel}","templated":true}]}}