{"id":1216,"date":"2022-06-09T14:28:01","date_gmt":"2022-06-09T11:28:01","guid":{"rendered":"https:\/\/lahingupood.ee\/?post_type=product&#038;p=1216"},"modified":"2023-01-10T16:34:09","modified_gmt":"2023-01-10T14:34:09","slug":"krytac-kriss-vector-aeg","status":"publish","type":"product","link":"https:\/\/lahingupood.ee\/en\/product\/krytac-kriss-vector-aeg\/","title":{"rendered":"Krytac Kriss Vector AEG"},"content":{"rendered":"<p>Krytac Kriss Vector AEG<\/p>\n<p><a href=\"https:\/\/www.youtube.com\/watch?v=FqWmlS99x5A\">Krytac Kriss Vector on \u00fcks omap\u00e4rasemaid Airsoft relvi mida oleme n\u00e4inud. T\u00e4nu oma erilisele gearboxi konstruktsioonile on see ainus Kriss vektori AEG t\u00fc\u00fcpi Airsoft replika, mis j\u00e4ljendab p\u00e4ris Vectori t\u00f6\u00f6p\u00f5him\u00f5tet. Sisseehitatud elektroonika kaitseb relva \u00fclekoormuse eest. Kaitseriivi konstruktsioon vabastab vedru pingest iga kord kui relv pannakse kaitseriivi.<\/a><\/p>\n<p>&nbsp;<\/p>","protected":false},"excerpt":{"rendered":"<p>Krytac Kriss Vector AEG Krytac Kriss Vector on \u00fcks omap\u00e4rasemaid Airsoft relvi mida oleme n\u00e4inud. T\u00e4nu oma erilisele gearboxi konstruktsioonile on see ainus Kriss vektori AEG t\u00fc\u00fcpi Airsoft replika, mis j\u00e4ljendab p\u00e4ris Vectori t\u00f6\u00f6p\u00f5him\u00f5tet. Sisseehitatud elektroonika kaitseb relva \u00fclekoormuse eest. Kaitseriivi konstruktsioon vabastab vedru pingest iga kord kui relv pannakse kaitseriivi. &nbsp;<\/p>","protected":false},"featured_media":1217,"template":"","meta":[],"product_brand":[],"product_cat":[23,48],"product_tag":[],"class_list":{"0":"post-1216","1":"product","2":"type-product","3":"status-publish","4":"has-post-thumbnail","6":"product_cat-elektrilised-relvad","7":"product_cat-relvad","9":"first","10":"onbackorder","11":"taxable","12":"shipping-taxable","13":"purchasable","14":"product-type-simple"},"yoast_head":"<!-- This site is optimized with the Yoast SEO Premium plugin v27.3 (Yoast SEO v27.3) - https:\/\/yoast.com\/product\/yoast-seo-premium-wordpress\/ -->\n<title>Krytac Kriss Vector AEG Lahingurada e-pood Kriss Vector Krytac AEG Airsoft<\/title>\n<meta name=\"description\" content=\"Krytac Kriss Vector AEG Kriss Vector Krytac AEGKrytac Kriss Vector on \u00fcks omap\u00e4rasemaid Airsoft relvi mida oleme n\u00e4inud.\" \/>\n<meta name=\"robots\" content=\"index, follow, max-snippet:-1, max-image-preview:large, max-video-preview:-1\" \/>\n<link rel=\"canonical\" href=\"https:\/\/lahingupood.ee\/en\/product\/krytac-kriss-vector-aeg\/\" \/>\n<meta property=\"og:locale\" content=\"en_GB\" \/>\n<meta property=\"og:type\" content=\"article\" \/>\n<meta property=\"og:title\" content=\"Krytac Kriss Vector AEG\" \/>\n<meta property=\"og:description\" content=\"Krytac Kriss Vector AEG Kriss Vector Krytac AEGKrytac Kriss Vector on \u00fcks omap\u00e4rasemaid Airsoft relvi mida oleme n\u00e4inud.\" \/>\n<meta property=\"og:url\" content=\"https:\/\/lahingupood.ee\/en\/product\/krytac-kriss-vector-aeg\/\" \/>\n<meta property=\"og:site_name\" content=\"Lahingurada e-pood\" \/>\n<meta property=\"article:publisher\" content=\"https:\/\/www.facebook.com\/Lahingurada-629940247212967\" \/>\n<meta property=\"article:modified_time\" content=\"2023-01-10T14:34:09+00:00\" \/>\n<meta property=\"og:image\" content=\"https:\/\/lahingupood.ee\/wp-content\/uploads\/2022\/06\/23656.png\" \/>\n\t<meta property=\"og:image:width\" content=\"930\" \/>\n\t<meta property=\"og:image:height\" content=\"651\" \/>\n\t<meta property=\"og:image:type\" content=\"image\/png\" \/>\n<meta name=\"twitter:card\" content=\"summary_large_image\" \/>\n<meta name=\"twitter:label1\" content=\"Estimated reading time\" \/>\n\t<meta name=\"twitter:data1\" content=\"1 minute\" \/>\n<script type=\"application\/ld+json\" class=\"yoast-schema-graph\">{\"@context\":\"https:\\\/\\\/schema.org\",\"@graph\":[{\"@type\":\"WebPage\",\"@id\":\"https:\\\/\\\/lahingupood.ee\\\/toode\\\/krytac-kriss-vector-aeg\\\/\",\"url\":\"https:\\\/\\\/lahingupood.ee\\\/toode\\\/krytac-kriss-vector-aeg\\\/\",\"name\":\"Krytac Kriss Vector AEG Lahingurada e-pood Kriss Vector Krytac AEG Airsoft\",\"isPartOf\":{\"@id\":\"https:\\\/\\\/lahingupood.ee\\\/#website\"},\"primaryImageOfPage\":{\"@id\":\"https:\\\/\\\/lahingupood.ee\\\/toode\\\/krytac-kriss-vector-aeg\\\/#primaryimage\"},\"image\":{\"@id\":\"https:\\\/\\\/lahingupood.ee\\\/toode\\\/krytac-kriss-vector-aeg\\\/#primaryimage\"},\"thumbnailUrl\":\"https:\\\/\\\/lahingupood.ee\\\/wp-content\\\/uploads\\\/2022\\\/06\\\/23656.png\",\"datePublished\":\"2022-06-09T11:28:01+00:00\",\"dateModified\":\"2023-01-10T14:34:09+00:00\",\"description\":\"Krytac Kriss Vector AEG Kriss Vector Krytac AEGKrytac Kriss Vector on \u00fcks omap\u00e4rasemaid Airsoft relvi mida oleme n\u00e4inud.\",\"breadcrumb\":{\"@id\":\"https:\\\/\\\/lahingupood.ee\\\/toode\\\/krytac-kriss-vector-aeg\\\/#breadcrumb\"},\"inLanguage\":\"en-GB\",\"potentialAction\":[{\"@type\":\"ReadAction\",\"target\":[\"https:\\\/\\\/lahingupood.ee\\\/toode\\\/krytac-kriss-vector-aeg\\\/\"]}]},{\"@type\":\"ImageObject\",\"inLanguage\":\"en-GB\",\"@id\":\"https:\\\/\\\/lahingupood.ee\\\/toode\\\/krytac-kriss-vector-aeg\\\/#primaryimage\",\"url\":\"https:\\\/\\\/lahingupood.ee\\\/wp-content\\\/uploads\\\/2022\\\/06\\\/23656.png\",\"contentUrl\":\"https:\\\/\\\/lahingupood.ee\\\/wp-content\\\/uploads\\\/2022\\\/06\\\/23656.png\",\"width\":930,\"height\":651,\"caption\":\"krytac-kriss-vector-aeg\"},{\"@type\":\"BreadcrumbList\",\"@id\":\"https:\\\/\\\/lahingupood.ee\\\/toode\\\/krytac-kriss-vector-aeg\\\/#breadcrumb\",\"itemListElement\":[{\"@type\":\"ListItem\",\"position\":1,\"name\":\"Home\",\"item\":\"https:\\\/\\\/lahingupood.ee\\\/\"},{\"@type\":\"ListItem\",\"position\":2,\"name\":\"Tooted\",\"item\":\"https:\\\/\\\/lahingupood.ee\\\/tooted\\\/\"},{\"@type\":\"ListItem\",\"position\":3,\"name\":\"Krytac Kriss Vector AEG\"}]},{\"@type\":\"WebSite\",\"@id\":\"https:\\\/\\\/lahingupood.ee\\\/#website\",\"url\":\"https:\\\/\\\/lahingupood.ee\\\/\",\"name\":\"Lahingurada e-pood\",\"description\":\"Airsoft\",\"publisher\":{\"@id\":\"https:\\\/\\\/lahingupood.ee\\\/#organization\"},\"potentialAction\":[{\"@type\":\"SearchAction\",\"target\":{\"@type\":\"EntryPoint\",\"urlTemplate\":\"https:\\\/\\\/lahingupood.ee\\\/?s={search_term_string}\"},\"query-input\":{\"@type\":\"PropertyValueSpecification\",\"valueRequired\":true,\"valueName\":\"search_term_string\"}}],\"inLanguage\":\"en-GB\"},{\"@type\":\"Organization\",\"@id\":\"https:\\\/\\\/lahingupood.ee\\\/#organization\",\"name\":\"Lahingurada\",\"url\":\"https:\\\/\\\/lahingupood.ee\\\/\",\"logo\":{\"@type\":\"ImageObject\",\"inLanguage\":\"en-GB\",\"@id\":\"https:\\\/\\\/lahingupood.ee\\\/#\\\/schema\\\/logo\\\/image\\\/\",\"url\":\"https:\\\/\\\/lahingupood.ee\\\/wp-content\\\/uploads\\\/2022\\\/03\\\/lahingurada-220318.jpg\",\"contentUrl\":\"https:\\\/\\\/lahingupood.ee\\\/wp-content\\\/uploads\\\/2022\\\/03\\\/lahingurada-220318.jpg\",\"width\":800,\"height\":500,\"caption\":\"Lahingurada\"},\"image\":{\"@id\":\"https:\\\/\\\/lahingupood.ee\\\/#\\\/schema\\\/logo\\\/image\\\/\"},\"sameAs\":[\"https:\\\/\\\/www.facebook.com\\\/Lahingurada-629940247212967\"]}]}<\/script>\n<!-- \/ Yoast SEO Premium plugin. -->","yoast_head_json":{"title":"Krytac Kriss Vector AEG Lahingurada e-pood Kriss Vector Krytac AEG Airsoft","description":"Krytac Kriss Vector AEG Kriss Vector Krytac AEGKrytac Kriss Vector on \u00fcks omap\u00e4rasemaid Airsoft relvi mida oleme n\u00e4inud.","robots":{"index":"index","follow":"follow","max-snippet":"max-snippet:-1","max-image-preview":"max-image-preview:large","max-video-preview":"max-video-preview:-1"},"canonical":"https:\/\/lahingupood.ee\/en\/product\/krytac-kriss-vector-aeg\/","og_locale":"en_GB","og_type":"article","og_title":"Krytac Kriss Vector AEG","og_description":"Krytac Kriss Vector AEG Kriss Vector Krytac AEGKrytac Kriss Vector on \u00fcks omap\u00e4rasemaid Airsoft relvi mida oleme n\u00e4inud.","og_url":"https:\/\/lahingupood.ee\/en\/product\/krytac-kriss-vector-aeg\/","og_site_name":"Lahingurada e-pood","article_publisher":"https:\/\/www.facebook.com\/Lahingurada-629940247212967","article_modified_time":"2023-01-10T14:34:09+00:00","og_image":[{"width":930,"height":651,"url":"https:\/\/lahingupood.ee\/wp-content\/uploads\/2022\/06\/23656.png","type":"image\/png"}],"twitter_card":"summary_large_image","twitter_misc":{"Estimated reading time":"1 minute"},"schema":{"@context":"https:\/\/schema.org","@graph":[{"@type":"WebPage","@id":"https:\/\/lahingupood.ee\/toode\/krytac-kriss-vector-aeg\/","url":"https:\/\/lahingupood.ee\/toode\/krytac-kriss-vector-aeg\/","name":"Krytac Kriss Vector AEG Lahingurada e-pood Kriss Vector Krytac AEG Airsoft","isPartOf":{"@id":"https:\/\/lahingupood.ee\/#website"},"primaryImageOfPage":{"@id":"https:\/\/lahingupood.ee\/toode\/krytac-kriss-vector-aeg\/#primaryimage"},"image":{"@id":"https:\/\/lahingupood.ee\/toode\/krytac-kriss-vector-aeg\/#primaryimage"},"thumbnailUrl":"https:\/\/lahingupood.ee\/wp-content\/uploads\/2022\/06\/23656.png","datePublished":"2022-06-09T11:28:01+00:00","dateModified":"2023-01-10T14:34:09+00:00","description":"Krytac Kriss Vector AEG Kriss Vector Krytac AEGKrytac Kriss Vector on \u00fcks omap\u00e4rasemaid Airsoft relvi mida oleme n\u00e4inud.","breadcrumb":{"@id":"https:\/\/lahingupood.ee\/toode\/krytac-kriss-vector-aeg\/#breadcrumb"},"inLanguage":"en-GB","potentialAction":[{"@type":"ReadAction","target":["https:\/\/lahingupood.ee\/toode\/krytac-kriss-vector-aeg\/"]}]},{"@type":"ImageObject","inLanguage":"en-GB","@id":"https:\/\/lahingupood.ee\/toode\/krytac-kriss-vector-aeg\/#primaryimage","url":"https:\/\/lahingupood.ee\/wp-content\/uploads\/2022\/06\/23656.png","contentUrl":"https:\/\/lahingupood.ee\/wp-content\/uploads\/2022\/06\/23656.png","width":930,"height":651,"caption":"krytac-kriss-vector-aeg"},{"@type":"BreadcrumbList","@id":"https:\/\/lahingupood.ee\/toode\/krytac-kriss-vector-aeg\/#breadcrumb","itemListElement":[{"@type":"ListItem","position":1,"name":"Home","item":"https:\/\/lahingupood.ee\/"},{"@type":"ListItem","position":2,"name":"Tooted","item":"https:\/\/lahingupood.ee\/tooted\/"},{"@type":"ListItem","position":3,"name":"Krytac Kriss Vector AEG"}]},{"@type":"WebSite","@id":"https:\/\/lahingupood.ee\/#website","url":"https:\/\/lahingupood.ee\/","name":"Lahingurada e-pood","description":"Airsoft","publisher":{"@id":"https:\/\/lahingupood.ee\/#organization"},"potentialAction":[{"@type":"SearchAction","target":{"@type":"EntryPoint","urlTemplate":"https:\/\/lahingupood.ee\/?s={search_term_string}"},"query-input":{"@type":"PropertyValueSpecification","valueRequired":true,"valueName":"search_term_string"}}],"inLanguage":"en-GB"},{"@type":"Organization","@id":"https:\/\/lahingupood.ee\/#organization","name":"Lahingurada","url":"https:\/\/lahingupood.ee\/","logo":{"@type":"ImageObject","inLanguage":"en-GB","@id":"https:\/\/lahingupood.ee\/#\/schema\/logo\/image\/","url":"https:\/\/lahingupood.ee\/wp-content\/uploads\/2022\/03\/lahingurada-220318.jpg","contentUrl":"https:\/\/lahingupood.ee\/wp-content\/uploads\/2022\/03\/lahingurada-220318.jpg","width":800,"height":500,"caption":"Lahingurada"},"image":{"@id":"https:\/\/lahingupood.ee\/#\/schema\/logo\/image\/"},"sameAs":["https:\/\/www.facebook.com\/Lahingurada-629940247212967"]}]}},"_links":{"self":[{"href":"https:\/\/lahingupood.ee\/en\/wp-json\/wp\/v2\/product\/1216","targetHints":{"allow":["GET"]}}],"collection":[{"href":"https:\/\/lahingupood.ee\/en\/wp-json\/wp\/v2\/product"}],"about":[{"href":"https:\/\/lahingupood.ee\/en\/wp-json\/wp\/v2\/types\/product"}],"wp:featuredmedia":[{"embeddable":true,"href":"https:\/\/lahingupood.ee\/en\/wp-json\/wp\/v2\/media\/1217"}],"wp:attachment":[{"href":"https:\/\/lahingupood.ee\/en\/wp-json\/wp\/v2\/media?parent=1216"}],"wp:term":[{"taxonomy":"product_brand","embeddable":true,"href":"https:\/\/lahingupood.ee\/en\/wp-json\/wp\/v2\/product_brand?post=1216"},{"taxonomy":"product_cat","embeddable":true,"href":"https:\/\/lahingupood.ee\/en\/wp-json\/wp\/v2\/product_cat?post=1216"},{"taxonomy":"product_tag","embeddable":true,"href":"https:\/\/lahingupood.ee\/en\/wp-json\/wp\/v2\/product_tag?post=1216"}],"curies":[{"name":"wp","href":"https:\/\/api.w.org\/{rel}","templated":true}]}}