{"id":1128,"date":"2022-06-04T13:28:19","date_gmt":"2022-06-04T10:28:19","guid":{"rendered":"https:\/\/lahingupood.ee\/?post_type=product&#038;p=1128"},"modified":"2026-04-12T20:30:02","modified_gmt":"2026-04-12T17:30:02","slug":"specna-arms-g12-g36","status":"publish","type":"product","link":"https:\/\/lahingupood.ee\/en\/product\/specna-arms-g12-g36\/","title":{"rendered":"Specna Arms G36 EBB Airsoft replika G12"},"content":{"rendered":"<p>Specna Arms G12 G36 replika EBB<\/p>\n<p>Specna Arms G12 on tuntud saksa automaadi G36 airsoft replika. Relval on EBB ehk elektrilise tagasil\u00f6\u00f6gi s\u00fcsteem( Laskmise ajal vinnastushoob ja lukukate liiguvad nagu p\u00e4ris relval. Valmistatud vastupidavast mittelibisevast pol\u00fcmeerist, mida on hea k\u00e4es hoida. Kasutab k\u00f5ikide tootjate G36 t\u00fc\u00fcpi salvesid<\/p>","protected":false},"excerpt":{"rendered":"<h4>Specna Arms G12 on tuntud saksa automaadi G36 airsoft replika. Relval on EBB ehk elektrilise tagasil\u00f6\u00f6gi s\u00fcsteem( Laskmise ajal vinnastushoob ja lukukate liiguvad nagu p\u00e4ris relval. Valmistatud vastupidavast mittelibisevast pol\u00fcmeerist, mida on hea k\u00e4es hoida. Kasutab k\u00f5ikide tootjate G36 t\u00fc\u00fcpi salvesid<\/h4>","protected":false},"featured_media":1129,"template":"","meta":[],"product_brand":[],"product_cat":[23],"product_tag":[],"class_list":{"0":"post-1128","1":"product","2":"type-product","3":"status-publish","4":"has-post-thumbnail","6":"product_cat-elektrilised-relvad","8":"first","9":"outofstock","10":"taxable","11":"shipping-taxable","12":"purchasable","13":"product-type-simple"},"yoast_head":"<!-- This site is optimized with the Yoast SEO Premium plugin v27.3 (Yoast SEO v27.3) - https:\/\/yoast.com\/product\/yoast-seo-premium-wordpress\/ -->\n<title>Specna Arms G36 EBB Airsoft replika G12 - Lahingurada e-pood<\/title>\n<meta name=\"description\" content=\"Specna Arms G36 EBB Airsoft replika G12 specna arms g36 EBB airsoft replika. Realistliku v\u00e4limuse ja t\u00f6\u00f6kindla mehhanismiga airsoft automaat\" \/>\n<meta name=\"robots\" content=\"index, follow, max-snippet:-1, max-image-preview:large, max-video-preview:-1\" \/>\n<link rel=\"canonical\" href=\"https:\/\/lahingupood.ee\/en\/product\/specna-arms-g12-g36\/\" \/>\n<meta property=\"og:locale\" content=\"en_GB\" \/>\n<meta property=\"og:type\" content=\"article\" \/>\n<meta property=\"og:title\" content=\"Specna Arms G36 EBB Airsoft replika G12\" \/>\n<meta property=\"og:description\" content=\"Specna Arms G36 EBB Airsoft replika G12 specna arms g36 EBB airsoft replika. Realistliku v\u00e4limuse ja t\u00f6\u00f6kindla mehhanismiga airsoft automaat\" \/>\n<meta property=\"og:url\" content=\"https:\/\/lahingupood.ee\/en\/product\/specna-arms-g12-g36\/\" \/>\n<meta property=\"og:site_name\" content=\"Lahingurada e-pood\" \/>\n<meta property=\"article:publisher\" content=\"https:\/\/www.facebook.com\/Lahingurada-629940247212967\" \/>\n<meta property=\"article:modified_time\" content=\"2026-04-12T17:30:02+00:00\" \/>\n<meta property=\"og:image\" content=\"https:\/\/lahingupood.ee\/wp-content\/uploads\/2022\/06\/1152217925_4.webp\" \/>\n\t<meta property=\"og:image:width\" content=\"2000\" \/>\n\t<meta property=\"og:image:height\" content=\"1333\" \/>\n\t<meta property=\"og:image:type\" content=\"image\/webp\" \/>\n<meta name=\"twitter:card\" content=\"summary_large_image\" \/>\n<meta name=\"twitter:label1\" content=\"Estimated reading time\" \/>\n\t<meta name=\"twitter:data1\" content=\"1 minute\" \/>\n<script type=\"application\/ld+json\" class=\"yoast-schema-graph\">{\"@context\":\"https:\\\/\\\/schema.org\",\"@graph\":[{\"@type\":\"WebPage\",\"@id\":\"https:\\\/\\\/lahingupood.ee\\\/toode\\\/specna-arms-g12-g36\\\/\",\"url\":\"https:\\\/\\\/lahingupood.ee\\\/toode\\\/specna-arms-g12-g36\\\/\",\"name\":\"Specna Arms G36 EBB Airsoft replika G12 - Lahingurada e-pood\",\"isPartOf\":{\"@id\":\"https:\\\/\\\/lahingupood.ee\\\/#website\"},\"primaryImageOfPage\":{\"@id\":\"https:\\\/\\\/lahingupood.ee\\\/toode\\\/specna-arms-g12-g36\\\/#primaryimage\"},\"image\":{\"@id\":\"https:\\\/\\\/lahingupood.ee\\\/toode\\\/specna-arms-g12-g36\\\/#primaryimage\"},\"thumbnailUrl\":\"https:\\\/\\\/lahingupood.ee\\\/wp-content\\\/uploads\\\/2022\\\/06\\\/1152217925_4.webp\",\"datePublished\":\"2022-06-04T10:28:19+00:00\",\"dateModified\":\"2026-04-12T17:30:02+00:00\",\"description\":\"Specna Arms G36 EBB Airsoft replika G12 specna arms g36 EBB airsoft replika. Realistliku v\u00e4limuse ja t\u00f6\u00f6kindla mehhanismiga airsoft automaat\",\"breadcrumb\":{\"@id\":\"https:\\\/\\\/lahingupood.ee\\\/toode\\\/specna-arms-g12-g36\\\/#breadcrumb\"},\"inLanguage\":\"en-GB\",\"potentialAction\":[{\"@type\":\"ReadAction\",\"target\":[\"https:\\\/\\\/lahingupood.ee\\\/toode\\\/specna-arms-g12-g36\\\/\"]}]},{\"@type\":\"ImageObject\",\"inLanguage\":\"en-GB\",\"@id\":\"https:\\\/\\\/lahingupood.ee\\\/toode\\\/specna-arms-g12-g36\\\/#primaryimage\",\"url\":\"https:\\\/\\\/lahingupood.ee\\\/wp-content\\\/uploads\\\/2022\\\/06\\\/1152217925_4.webp\",\"contentUrl\":\"https:\\\/\\\/lahingupood.ee\\\/wp-content\\\/uploads\\\/2022\\\/06\\\/1152217925_4.webp\",\"width\":2000,\"height\":1333,\"caption\":\"specna-arms-g12-g36-airsoft-replika\"},{\"@type\":\"BreadcrumbList\",\"@id\":\"https:\\\/\\\/lahingupood.ee\\\/toode\\\/specna-arms-g12-g36\\\/#breadcrumb\",\"itemListElement\":[{\"@type\":\"ListItem\",\"position\":1,\"name\":\"Home\",\"item\":\"https:\\\/\\\/lahingupood.ee\\\/\"},{\"@type\":\"ListItem\",\"position\":2,\"name\":\"Tooted\",\"item\":\"https:\\\/\\\/lahingupood.ee\\\/tooted\\\/\"},{\"@type\":\"ListItem\",\"position\":3,\"name\":\"Specna Arms G36 EBB Airsoft replika G12\"}]},{\"@type\":\"WebSite\",\"@id\":\"https:\\\/\\\/lahingupood.ee\\\/#website\",\"url\":\"https:\\\/\\\/lahingupood.ee\\\/\",\"name\":\"Lahingurada e-pood\",\"description\":\"Airsoft\",\"publisher\":{\"@id\":\"https:\\\/\\\/lahingupood.ee\\\/#organization\"},\"potentialAction\":[{\"@type\":\"SearchAction\",\"target\":{\"@type\":\"EntryPoint\",\"urlTemplate\":\"https:\\\/\\\/lahingupood.ee\\\/?s={search_term_string}\"},\"query-input\":{\"@type\":\"PropertyValueSpecification\",\"valueRequired\":true,\"valueName\":\"search_term_string\"}}],\"inLanguage\":\"en-GB\"},{\"@type\":\"Organization\",\"@id\":\"https:\\\/\\\/lahingupood.ee\\\/#organization\",\"name\":\"Lahingurada\",\"url\":\"https:\\\/\\\/lahingupood.ee\\\/\",\"logo\":{\"@type\":\"ImageObject\",\"inLanguage\":\"en-GB\",\"@id\":\"https:\\\/\\\/lahingupood.ee\\\/#\\\/schema\\\/logo\\\/image\\\/\",\"url\":\"https:\\\/\\\/lahingupood.ee\\\/wp-content\\\/uploads\\\/2022\\\/03\\\/lahingurada-220318.jpg\",\"contentUrl\":\"https:\\\/\\\/lahingupood.ee\\\/wp-content\\\/uploads\\\/2022\\\/03\\\/lahingurada-220318.jpg\",\"width\":800,\"height\":500,\"caption\":\"Lahingurada\"},\"image\":{\"@id\":\"https:\\\/\\\/lahingupood.ee\\\/#\\\/schema\\\/logo\\\/image\\\/\"},\"sameAs\":[\"https:\\\/\\\/www.facebook.com\\\/Lahingurada-629940247212967\"]}]}<\/script>\n<!-- \/ Yoast SEO Premium plugin. -->","yoast_head_json":{"title":"Specna Arms G36 EBB Airsoft replika G12 - Lahingurada e-pood","description":"Specna Arms G36 EBB Airsoft replika G12 specna arms g36 EBB airsoft replika. Realistliku v\u00e4limuse ja t\u00f6\u00f6kindla mehhanismiga airsoft automaat","robots":{"index":"index","follow":"follow","max-snippet":"max-snippet:-1","max-image-preview":"max-image-preview:large","max-video-preview":"max-video-preview:-1"},"canonical":"https:\/\/lahingupood.ee\/en\/product\/specna-arms-g12-g36\/","og_locale":"en_GB","og_type":"article","og_title":"Specna Arms G36 EBB Airsoft replika G12","og_description":"Specna Arms G36 EBB Airsoft replika G12 specna arms g36 EBB airsoft replika. Realistliku v\u00e4limuse ja t\u00f6\u00f6kindla mehhanismiga airsoft automaat","og_url":"https:\/\/lahingupood.ee\/en\/product\/specna-arms-g12-g36\/","og_site_name":"Lahingurada e-pood","article_publisher":"https:\/\/www.facebook.com\/Lahingurada-629940247212967","article_modified_time":"2026-04-12T17:30:02+00:00","og_image":[{"width":2000,"height":1333,"url":"https:\/\/lahingupood.ee\/wp-content\/uploads\/2022\/06\/1152217925_4.webp","type":"image\/webp"}],"twitter_card":"summary_large_image","twitter_misc":{"Estimated reading time":"1 minute"},"schema":{"@context":"https:\/\/schema.org","@graph":[{"@type":"WebPage","@id":"https:\/\/lahingupood.ee\/toode\/specna-arms-g12-g36\/","url":"https:\/\/lahingupood.ee\/toode\/specna-arms-g12-g36\/","name":"Specna Arms G36 EBB Airsoft replika G12 - Lahingurada e-pood","isPartOf":{"@id":"https:\/\/lahingupood.ee\/#website"},"primaryImageOfPage":{"@id":"https:\/\/lahingupood.ee\/toode\/specna-arms-g12-g36\/#primaryimage"},"image":{"@id":"https:\/\/lahingupood.ee\/toode\/specna-arms-g12-g36\/#primaryimage"},"thumbnailUrl":"https:\/\/lahingupood.ee\/wp-content\/uploads\/2022\/06\/1152217925_4.webp","datePublished":"2022-06-04T10:28:19+00:00","dateModified":"2026-04-12T17:30:02+00:00","description":"Specna Arms G36 EBB Airsoft replika G12 specna arms g36 EBB airsoft replika. Realistliku v\u00e4limuse ja t\u00f6\u00f6kindla mehhanismiga airsoft automaat","breadcrumb":{"@id":"https:\/\/lahingupood.ee\/toode\/specna-arms-g12-g36\/#breadcrumb"},"inLanguage":"en-GB","potentialAction":[{"@type":"ReadAction","target":["https:\/\/lahingupood.ee\/toode\/specna-arms-g12-g36\/"]}]},{"@type":"ImageObject","inLanguage":"en-GB","@id":"https:\/\/lahingupood.ee\/toode\/specna-arms-g12-g36\/#primaryimage","url":"https:\/\/lahingupood.ee\/wp-content\/uploads\/2022\/06\/1152217925_4.webp","contentUrl":"https:\/\/lahingupood.ee\/wp-content\/uploads\/2022\/06\/1152217925_4.webp","width":2000,"height":1333,"caption":"specna-arms-g12-g36-airsoft-replika"},{"@type":"BreadcrumbList","@id":"https:\/\/lahingupood.ee\/toode\/specna-arms-g12-g36\/#breadcrumb","itemListElement":[{"@type":"ListItem","position":1,"name":"Home","item":"https:\/\/lahingupood.ee\/"},{"@type":"ListItem","position":2,"name":"Tooted","item":"https:\/\/lahingupood.ee\/tooted\/"},{"@type":"ListItem","position":3,"name":"Specna Arms G36 EBB Airsoft replika G12"}]},{"@type":"WebSite","@id":"https:\/\/lahingupood.ee\/#website","url":"https:\/\/lahingupood.ee\/","name":"Lahingurada e-pood","description":"Airsoft","publisher":{"@id":"https:\/\/lahingupood.ee\/#organization"},"potentialAction":[{"@type":"SearchAction","target":{"@type":"EntryPoint","urlTemplate":"https:\/\/lahingupood.ee\/?s={search_term_string}"},"query-input":{"@type":"PropertyValueSpecification","valueRequired":true,"valueName":"search_term_string"}}],"inLanguage":"en-GB"},{"@type":"Organization","@id":"https:\/\/lahingupood.ee\/#organization","name":"Lahingurada","url":"https:\/\/lahingupood.ee\/","logo":{"@type":"ImageObject","inLanguage":"en-GB","@id":"https:\/\/lahingupood.ee\/#\/schema\/logo\/image\/","url":"https:\/\/lahingupood.ee\/wp-content\/uploads\/2022\/03\/lahingurada-220318.jpg","contentUrl":"https:\/\/lahingupood.ee\/wp-content\/uploads\/2022\/03\/lahingurada-220318.jpg","width":800,"height":500,"caption":"Lahingurada"},"image":{"@id":"https:\/\/lahingupood.ee\/#\/schema\/logo\/image\/"},"sameAs":["https:\/\/www.facebook.com\/Lahingurada-629940247212967"]}]}},"_links":{"self":[{"href":"https:\/\/lahingupood.ee\/en\/wp-json\/wp\/v2\/product\/1128","targetHints":{"allow":["GET"]}}],"collection":[{"href":"https:\/\/lahingupood.ee\/en\/wp-json\/wp\/v2\/product"}],"about":[{"href":"https:\/\/lahingupood.ee\/en\/wp-json\/wp\/v2\/types\/product"}],"wp:featuredmedia":[{"embeddable":true,"href":"https:\/\/lahingupood.ee\/en\/wp-json\/wp\/v2\/media\/1129"}],"wp:attachment":[{"href":"https:\/\/lahingupood.ee\/en\/wp-json\/wp\/v2\/media?parent=1128"}],"wp:term":[{"taxonomy":"product_brand","embeddable":true,"href":"https:\/\/lahingupood.ee\/en\/wp-json\/wp\/v2\/product_brand?post=1128"},{"taxonomy":"product_cat","embeddable":true,"href":"https:\/\/lahingupood.ee\/en\/wp-json\/wp\/v2\/product_cat?post=1128"},{"taxonomy":"product_tag","embeddable":true,"href":"https:\/\/lahingupood.ee\/en\/wp-json\/wp\/v2\/product_tag?post=1128"}],"curies":[{"name":"wp","href":"https:\/\/api.w.org\/{rel}","templated":true}]}}