{"id":1063,"date":"2022-06-04T11:26:26","date_gmt":"2022-06-04T08:26:26","guid":{"rendered":"https:\/\/lahingupood.ee\/?post_type=product&#038;p=1063"},"modified":"2026-05-02T20:00:06","modified_gmt":"2026-05-02T17:00:06","slug":"we17-bb-follower","status":"publish","type":"product","link":"https:\/\/lahingupood.ee\/en\/product\/we17-bb-follower\/","title":{"rendered":"WE17 BB Follower"},"content":{"rendered":"<p data-start=\"288\" data-end=\"516\">WE17 BB follower on Airsoft salve sisemine varuosa, mis m\u00e4ngib olulist rolli BB kuulide korrektse etteande tagamisel. Tegemist on v\u00e4ikese, kuid kriitilise komponendiga, mis aitab hoida salve t\u00f6\u00f6kindlana ja tagab sujuva laskmise.<\/p>\n<p data-start=\"518\" data-end=\"764\">WE17 BB follower on m\u00f5eldud spetsiaalselt WE17 t\u00fc\u00fcpi Airsoft p\u00fcstolite salvedele. See detail juhib BB kuulide liikumist salves ning aitab v\u00e4ltida kinni kiilumist v\u00f5i eba\u00fchtlast etteannet. T\u00e4nu sellele paraneb relva t\u00f6\u00f6kindlus ja laskmise sujuvus.<\/p>","protected":false},"excerpt":{"rendered":"<p>WE17 BB follower on Airsoft salve sisemine varuosa, mis m\u00e4ngib olulist rolli BB kuulide korrektse etteande tagamisel. Tegemist on v\u00e4ikese, kuid kriitilise komponendiga, mis aitab hoida salve t\u00f6\u00f6kindlana ja tagab sujuva laskmise. WE17 BB follower on m\u00f5eldud spetsiaalselt WE17 t\u00fc\u00fcpi Airsoft p\u00fcstolite salvedele. See detail juhib BB kuulide liikumist salves ning aitab v\u00e4ltida kinni kiilumist [&#8230;]\n","protected":false},"featured_media":1064,"template":"","meta":[],"product_brand":[],"product_cat":[84],"product_tag":[],"class_list":{"0":"post-1063","1":"product","2":"type-product","3":"status-publish","4":"has-post-thumbnail","6":"product_cat-gbb","8":"first","9":"instock","10":"taxable","11":"shipping-taxable","12":"purchasable","13":"product-type-simple"},"yoast_head":"<!-- This site is optimized with the Yoast SEO Premium plugin v27.5 (Yoast SEO v27.5) - https:\/\/yoast.com\/product\/yoast-seo-premium-wordpress\/ -->\n<title>WE17 BB Follower \u2013 Airsoft salve varuosa<\/title>\n<meta name=\"description\" content=\"WE17 BB follower on Airsoft salve varuosa, mis tagab sujuva BB etteande ja t\u00f6\u00f6kindluse WE17 p\u00fcstoli salvedes.\" \/>\n<meta name=\"robots\" content=\"index, follow, max-snippet:-1, max-image-preview:large, max-video-preview:-1\" \/>\n<link rel=\"canonical\" href=\"https:\/\/lahingupood.ee\/en\/product\/we17-bb-follower\/\" \/>\n<meta property=\"og:locale\" content=\"en_GB\" \/>\n<meta property=\"og:type\" content=\"article\" \/>\n<meta property=\"og:title\" content=\"WE17 BB Follower\" \/>\n<meta property=\"og:description\" content=\"WE17 BB follower on Airsoft salve varuosa, mis tagab sujuva BB etteande ja t\u00f6\u00f6kindluse WE17 p\u00fcstoli salvedes.\" \/>\n<meta property=\"og:url\" content=\"https:\/\/lahingupood.ee\/en\/product\/we17-bb-follower\/\" \/>\n<meta property=\"og:site_name\" content=\"Lahingurada e-pood\" \/>\n<meta property=\"article:publisher\" content=\"https:\/\/www.facebook.com\/Lahingurada-629940247212967\" \/>\n<meta property=\"article:modified_time\" content=\"2026-05-02T17:00:06+00:00\" \/>\n<meta property=\"og:image\" content=\"https:\/\/lahingupood.ee\/wp-content\/uploads\/2022\/06\/25164.png\" \/>\n\t<meta property=\"og:image:width\" content=\"930\" \/>\n\t<meta property=\"og:image:height\" content=\"651\" \/>\n\t<meta property=\"og:image:type\" content=\"image\/png\" \/>\n<meta name=\"twitter:card\" content=\"summary_large_image\" \/>\n<meta name=\"twitter:label1\" content=\"Estimated reading time\" \/>\n\t<meta name=\"twitter:data1\" content=\"1 minute\" \/>\n<script type=\"application\/ld+json\" class=\"yoast-schema-graph\">{\"@context\":\"https:\\\/\\\/schema.org\",\"@graph\":[{\"@type\":\"WebPage\",\"@id\":\"https:\\\/\\\/lahingupood.ee\\\/toode\\\/we17-bb-follower\\\/\",\"url\":\"https:\\\/\\\/lahingupood.ee\\\/toode\\\/we17-bb-follower\\\/\",\"name\":\"WE17 BB Follower \u2013 Airsoft salve varuosa\",\"isPartOf\":{\"@id\":\"https:\\\/\\\/lahingupood.ee\\\/#website\"},\"primaryImageOfPage\":{\"@id\":\"https:\\\/\\\/lahingupood.ee\\\/toode\\\/we17-bb-follower\\\/#primaryimage\"},\"image\":{\"@id\":\"https:\\\/\\\/lahingupood.ee\\\/toode\\\/we17-bb-follower\\\/#primaryimage\"},\"thumbnailUrl\":\"https:\\\/\\\/lahingupood.ee\\\/wp-content\\\/uploads\\\/2022\\\/06\\\/25164.png\",\"datePublished\":\"2022-06-04T08:26:26+00:00\",\"dateModified\":\"2026-05-02T17:00:06+00:00\",\"description\":\"WE17 BB follower on Airsoft salve varuosa, mis tagab sujuva BB etteande ja t\u00f6\u00f6kindluse WE17 p\u00fcstoli salvedes.\",\"breadcrumb\":{\"@id\":\"https:\\\/\\\/lahingupood.ee\\\/toode\\\/we17-bb-follower\\\/#breadcrumb\"},\"inLanguage\":\"en-GB\",\"potentialAction\":[{\"@type\":\"ReadAction\",\"target\":[\"https:\\\/\\\/lahingupood.ee\\\/toode\\\/we17-bb-follower\\\/\"]}]},{\"@type\":\"ImageObject\",\"inLanguage\":\"en-GB\",\"@id\":\"https:\\\/\\\/lahingupood.ee\\\/toode\\\/we17-bb-follower\\\/#primaryimage\",\"url\":\"https:\\\/\\\/lahingupood.ee\\\/wp-content\\\/uploads\\\/2022\\\/06\\\/25164.png\",\"contentUrl\":\"https:\\\/\\\/lahingupood.ee\\\/wp-content\\\/uploads\\\/2022\\\/06\\\/25164.png\",\"width\":930,\"height\":651,\"caption\":\"WE17 BB follower Airsoft salve varuosa\"},{\"@type\":\"BreadcrumbList\",\"@id\":\"https:\\\/\\\/lahingupood.ee\\\/toode\\\/we17-bb-follower\\\/#breadcrumb\",\"itemListElement\":[{\"@type\":\"ListItem\",\"position\":1,\"name\":\"Home\",\"item\":\"https:\\\/\\\/lahingupood.ee\\\/\"},{\"@type\":\"ListItem\",\"position\":2,\"name\":\"Tooted\",\"item\":\"https:\\\/\\\/lahingupood.ee\\\/tooted\\\/\"},{\"@type\":\"ListItem\",\"position\":3,\"name\":\"WE17 BB Follower\"}]},{\"@type\":\"WebSite\",\"@id\":\"https:\\\/\\\/lahingupood.ee\\\/#website\",\"url\":\"https:\\\/\\\/lahingupood.ee\\\/\",\"name\":\"Lahingurada e-pood\",\"description\":\"Airsoft\",\"publisher\":{\"@id\":\"https:\\\/\\\/lahingupood.ee\\\/#organization\"},\"potentialAction\":[{\"@type\":\"SearchAction\",\"target\":{\"@type\":\"EntryPoint\",\"urlTemplate\":\"https:\\\/\\\/lahingupood.ee\\\/?s={search_term_string}\"},\"query-input\":{\"@type\":\"PropertyValueSpecification\",\"valueRequired\":true,\"valueName\":\"search_term_string\"}}],\"inLanguage\":\"en-GB\"},{\"@type\":\"Organization\",\"@id\":\"https:\\\/\\\/lahingupood.ee\\\/#organization\",\"name\":\"Lahingurada\",\"url\":\"https:\\\/\\\/lahingupood.ee\\\/\",\"logo\":{\"@type\":\"ImageObject\",\"inLanguage\":\"en-GB\",\"@id\":\"https:\\\/\\\/lahingupood.ee\\\/#\\\/schema\\\/logo\\\/image\\\/\",\"url\":\"https:\\\/\\\/lahingupood.ee\\\/wp-content\\\/uploads\\\/2022\\\/03\\\/lahingurada-220318.jpg\",\"contentUrl\":\"https:\\\/\\\/lahingupood.ee\\\/wp-content\\\/uploads\\\/2022\\\/03\\\/lahingurada-220318.jpg\",\"width\":800,\"height\":500,\"caption\":\"Lahingurada\"},\"image\":{\"@id\":\"https:\\\/\\\/lahingupood.ee\\\/#\\\/schema\\\/logo\\\/image\\\/\"},\"sameAs\":[\"https:\\\/\\\/www.facebook.com\\\/Lahingurada-629940247212967\"]}]}<\/script>\n<!-- \/ Yoast SEO Premium plugin. -->","yoast_head_json":{"title":"WE17 BB Follower \u2013 Airsoft salve varuosa","description":"WE17 BB follower on Airsoft salve varuosa, mis tagab sujuva BB etteande ja t\u00f6\u00f6kindluse WE17 p\u00fcstoli salvedes.","robots":{"index":"index","follow":"follow","max-snippet":"max-snippet:-1","max-image-preview":"max-image-preview:large","max-video-preview":"max-video-preview:-1"},"canonical":"https:\/\/lahingupood.ee\/en\/product\/we17-bb-follower\/","og_locale":"en_GB","og_type":"article","og_title":"WE17 BB Follower","og_description":"WE17 BB follower on Airsoft salve varuosa, mis tagab sujuva BB etteande ja t\u00f6\u00f6kindluse WE17 p\u00fcstoli salvedes.","og_url":"https:\/\/lahingupood.ee\/en\/product\/we17-bb-follower\/","og_site_name":"Lahingurada e-pood","article_publisher":"https:\/\/www.facebook.com\/Lahingurada-629940247212967","article_modified_time":"2026-05-02T17:00:06+00:00","og_image":[{"width":930,"height":651,"url":"https:\/\/lahingupood.ee\/wp-content\/uploads\/2022\/06\/25164.png","type":"image\/png"}],"twitter_card":"summary_large_image","twitter_misc":{"Estimated reading time":"1 minute"},"schema":{"@context":"https:\/\/schema.org","@graph":[{"@type":"WebPage","@id":"https:\/\/lahingupood.ee\/toode\/we17-bb-follower\/","url":"https:\/\/lahingupood.ee\/toode\/we17-bb-follower\/","name":"WE17 BB Follower \u2013 Airsoft salve varuosa","isPartOf":{"@id":"https:\/\/lahingupood.ee\/#website"},"primaryImageOfPage":{"@id":"https:\/\/lahingupood.ee\/toode\/we17-bb-follower\/#primaryimage"},"image":{"@id":"https:\/\/lahingupood.ee\/toode\/we17-bb-follower\/#primaryimage"},"thumbnailUrl":"https:\/\/lahingupood.ee\/wp-content\/uploads\/2022\/06\/25164.png","datePublished":"2022-06-04T08:26:26+00:00","dateModified":"2026-05-02T17:00:06+00:00","description":"WE17 BB follower on Airsoft salve varuosa, mis tagab sujuva BB etteande ja t\u00f6\u00f6kindluse WE17 p\u00fcstoli salvedes.","breadcrumb":{"@id":"https:\/\/lahingupood.ee\/toode\/we17-bb-follower\/#breadcrumb"},"inLanguage":"en-GB","potentialAction":[{"@type":"ReadAction","target":["https:\/\/lahingupood.ee\/toode\/we17-bb-follower\/"]}]},{"@type":"ImageObject","inLanguage":"en-GB","@id":"https:\/\/lahingupood.ee\/toode\/we17-bb-follower\/#primaryimage","url":"https:\/\/lahingupood.ee\/wp-content\/uploads\/2022\/06\/25164.png","contentUrl":"https:\/\/lahingupood.ee\/wp-content\/uploads\/2022\/06\/25164.png","width":930,"height":651,"caption":"WE17 BB follower Airsoft salve varuosa"},{"@type":"BreadcrumbList","@id":"https:\/\/lahingupood.ee\/toode\/we17-bb-follower\/#breadcrumb","itemListElement":[{"@type":"ListItem","position":1,"name":"Home","item":"https:\/\/lahingupood.ee\/"},{"@type":"ListItem","position":2,"name":"Tooted","item":"https:\/\/lahingupood.ee\/tooted\/"},{"@type":"ListItem","position":3,"name":"WE17 BB Follower"}]},{"@type":"WebSite","@id":"https:\/\/lahingupood.ee\/#website","url":"https:\/\/lahingupood.ee\/","name":"Lahingurada e-pood","description":"Airsoft","publisher":{"@id":"https:\/\/lahingupood.ee\/#organization"},"potentialAction":[{"@type":"SearchAction","target":{"@type":"EntryPoint","urlTemplate":"https:\/\/lahingupood.ee\/?s={search_term_string}"},"query-input":{"@type":"PropertyValueSpecification","valueRequired":true,"valueName":"search_term_string"}}],"inLanguage":"en-GB"},{"@type":"Organization","@id":"https:\/\/lahingupood.ee\/#organization","name":"Lahingurada","url":"https:\/\/lahingupood.ee\/","logo":{"@type":"ImageObject","inLanguage":"en-GB","@id":"https:\/\/lahingupood.ee\/#\/schema\/logo\/image\/","url":"https:\/\/lahingupood.ee\/wp-content\/uploads\/2022\/03\/lahingurada-220318.jpg","contentUrl":"https:\/\/lahingupood.ee\/wp-content\/uploads\/2022\/03\/lahingurada-220318.jpg","width":800,"height":500,"caption":"Lahingurada"},"image":{"@id":"https:\/\/lahingupood.ee\/#\/schema\/logo\/image\/"},"sameAs":["https:\/\/www.facebook.com\/Lahingurada-629940247212967"]}]}},"_links":{"self":[{"href":"https:\/\/lahingupood.ee\/en\/wp-json\/wp\/v2\/product\/1063","targetHints":{"allow":["GET"]}}],"collection":[{"href":"https:\/\/lahingupood.ee\/en\/wp-json\/wp\/v2\/product"}],"about":[{"href":"https:\/\/lahingupood.ee\/en\/wp-json\/wp\/v2\/types\/product"}],"wp:featuredmedia":[{"embeddable":true,"href":"https:\/\/lahingupood.ee\/en\/wp-json\/wp\/v2\/media\/1064"}],"wp:attachment":[{"href":"https:\/\/lahingupood.ee\/en\/wp-json\/wp\/v2\/media?parent=1063"}],"wp:term":[{"taxonomy":"product_brand","embeddable":true,"href":"https:\/\/lahingupood.ee\/en\/wp-json\/wp\/v2\/product_brand?post=1063"},{"taxonomy":"product_cat","embeddable":true,"href":"https:\/\/lahingupood.ee\/en\/wp-json\/wp\/v2\/product_cat?post=1063"},{"taxonomy":"product_tag","embeddable":true,"href":"https:\/\/lahingupood.ee\/en\/wp-json\/wp\/v2\/product_tag?post=1063"}],"curies":[{"name":"wp","href":"https:\/\/api.w.org\/{rel}","templated":true}]}}