{"id":1056,"date":"2022-06-04T11:13:14","date_gmt":"2022-06-04T08:13:14","guid":{"rendered":"https:\/\/lahingupood.ee\/?post_type=product&#038;p=1056"},"modified":"2026-05-02T21:00:07","modified_gmt":"2026-05-02T18:00:07","slug":"cr123-lithium-3v-clawgear","status":"publish","type":"product","link":"https:\/\/lahingupood.ee\/en\/product\/cr123-lithium-3v-clawgear\/","title":{"rendered":"CR123 Lithium 3V (Clawgear)"},"content":{"rendered":"<p>CR123 lithium battery on k\u00f5rge j\u00f5udlusega 3V patarei, mida kasutatakse laialdaselt erinevates elektroonilistes seadmetes, sealhulgas taskulampides, optilistes sihikutes ja Airsoft varustuses. Tegemist on usaldusv\u00e4\u00e4rse ja vastupidava toiteallikaga, mis sobib nii igap\u00e4evaseks kui ka professionaalseks kasutamiseks. Patarei pakub stabiilset pinget ja head t\u00f6\u00f6kindlust ka n\u00f5udlikes tingimustes. T\u00e4nu liitiumtehnoloogiale suudab see patarei s\u00e4ilitada oma j\u00f5udlust ka madalamatel temperatuuridel, mis teeb selle eriti sobivaks v\u00e4litingimustes kasutamiseks.<\/p>","protected":false},"excerpt":{"rendered":"<p>CR123 lithium battery on k\u00f5rge j\u00f5udlusega 3V patarei, mida kasutatakse laialdaselt erinevates elektroonilistes seadmetes, sealhulgas taskulampides, optilistes sihikutes ja Airsoft varustuses. Tegemist on usaldusv\u00e4\u00e4rse ja vastupidava toiteallikaga, mis sobib nii igap\u00e4evaseks kui ka professionaalseks kasutamiseks. Patarei pakub stabiilset pinget ja head t\u00f6\u00f6kindlust ka n\u00f5udlikes tingimustes. T\u00e4nu liitiumtehnoloogiale suudab see patarei s\u00e4ilitada oma j\u00f5udlust ka madalamatel [&#8230;]\n","protected":false},"featured_media":1057,"template":"","meta":[],"product_brand":[],"product_cat":[92],"product_tag":[],"class_list":{"0":"post-1056","1":"product","2":"type-product","3":"status-publish","4":"has-post-thumbnail","6":"product_cat-patareid","8":"first","9":"instock","10":"taxable","11":"shipping-taxable","12":"purchasable","13":"product-type-simple"},"yoast_head":"<!-- This site is optimized with the Yoast SEO Premium plugin v27.5 (Yoast SEO v27.5) - https:\/\/yoast.com\/product\/yoast-seo-premium-wordpress\/ -->\n<title>CR123 Lithium Battery 3V Clawgear \u2013 patarei seadmetele<\/title>\n<meta name=\"description\" content=\"CR123 lithium battery 3V Clawgear on v\u00f5imas ja t\u00f6\u00f6kindel patarei, mis sobib taskulampidele, optikale ja Airsoft varustusele.\" \/>\n<meta name=\"robots\" content=\"index, follow, max-snippet:-1, max-image-preview:large, max-video-preview:-1\" \/>\n<link rel=\"canonical\" href=\"https:\/\/lahingupood.ee\/en\/product\/cr123-lithium-3v-clawgear\/\" \/>\n<meta property=\"og:locale\" content=\"en_GB\" \/>\n<meta property=\"og:type\" content=\"article\" \/>\n<meta property=\"og:title\" content=\"CR123 Lithium 3V (Clawgear)\" \/>\n<meta property=\"og:description\" content=\"CR123 lithium battery 3V Clawgear on v\u00f5imas ja t\u00f6\u00f6kindel patarei, mis sobib taskulampidele, optikale ja Airsoft varustusele.\" \/>\n<meta property=\"og:url\" content=\"https:\/\/lahingupood.ee\/en\/product\/cr123-lithium-3v-clawgear\/\" \/>\n<meta property=\"og:site_name\" content=\"Lahingurada e-pood\" \/>\n<meta property=\"article:publisher\" content=\"https:\/\/www.facebook.com\/Lahingurada-629940247212967\" \/>\n<meta property=\"article:modified_time\" content=\"2026-05-02T18:00:07+00:00\" \/>\n<meta property=\"og:image\" content=\"https:\/\/lahingupood.ee\/wp-content\/uploads\/2022\/06\/20015.png\" \/>\n\t<meta property=\"og:image:width\" content=\"930\" \/>\n\t<meta property=\"og:image:height\" content=\"651\" \/>\n\t<meta property=\"og:image:type\" content=\"image\/png\" \/>\n<meta name=\"twitter:card\" content=\"summary_large_image\" \/>\n<meta name=\"twitter:label1\" content=\"Estimated reading time\" \/>\n\t<meta name=\"twitter:data1\" content=\"1 minute\" \/>\n<script type=\"application\/ld+json\" class=\"yoast-schema-graph\">{\"@context\":\"https:\\\/\\\/schema.org\",\"@graph\":[{\"@type\":\"WebPage\",\"@id\":\"https:\\\/\\\/lahingupood.ee\\\/toode\\\/cr123-lithium-3v-clawgear\\\/\",\"url\":\"https:\\\/\\\/lahingupood.ee\\\/toode\\\/cr123-lithium-3v-clawgear\\\/\",\"name\":\"CR123 Lithium Battery 3V Clawgear \u2013 patarei seadmetele\",\"isPartOf\":{\"@id\":\"https:\\\/\\\/lahingupood.ee\\\/#website\"},\"primaryImageOfPage\":{\"@id\":\"https:\\\/\\\/lahingupood.ee\\\/toode\\\/cr123-lithium-3v-clawgear\\\/#primaryimage\"},\"image\":{\"@id\":\"https:\\\/\\\/lahingupood.ee\\\/toode\\\/cr123-lithium-3v-clawgear\\\/#primaryimage\"},\"thumbnailUrl\":\"https:\\\/\\\/lahingupood.ee\\\/wp-content\\\/uploads\\\/2022\\\/06\\\/20015.png\",\"datePublished\":\"2022-06-04T08:13:14+00:00\",\"dateModified\":\"2026-05-02T18:00:07+00:00\",\"description\":\"CR123 lithium battery 3V Clawgear on v\u00f5imas ja t\u00f6\u00f6kindel patarei, mis sobib taskulampidele, optikale ja Airsoft varustusele.\",\"breadcrumb\":{\"@id\":\"https:\\\/\\\/lahingupood.ee\\\/toode\\\/cr123-lithium-3v-clawgear\\\/#breadcrumb\"},\"inLanguage\":\"en-GB\",\"potentialAction\":[{\"@type\":\"ReadAction\",\"target\":[\"https:\\\/\\\/lahingupood.ee\\\/toode\\\/cr123-lithium-3v-clawgear\\\/\"]}]},{\"@type\":\"ImageObject\",\"inLanguage\":\"en-GB\",\"@id\":\"https:\\\/\\\/lahingupood.ee\\\/toode\\\/cr123-lithium-3v-clawgear\\\/#primaryimage\",\"url\":\"https:\\\/\\\/lahingupood.ee\\\/wp-content\\\/uploads\\\/2022\\\/06\\\/20015.png\",\"contentUrl\":\"https:\\\/\\\/lahingupood.ee\\\/wp-content\\\/uploads\\\/2022\\\/06\\\/20015.png\",\"width\":930,\"height\":651,\"caption\":\"CR123 lithium battery 3V Clawgear patarei Airsoft ja taskulampidele\"},{\"@type\":\"BreadcrumbList\",\"@id\":\"https:\\\/\\\/lahingupood.ee\\\/toode\\\/cr123-lithium-3v-clawgear\\\/#breadcrumb\",\"itemListElement\":[{\"@type\":\"ListItem\",\"position\":1,\"name\":\"Home\",\"item\":\"https:\\\/\\\/lahingupood.ee\\\/\"},{\"@type\":\"ListItem\",\"position\":2,\"name\":\"Tooted\",\"item\":\"https:\\\/\\\/lahingupood.ee\\\/tooted\\\/\"},{\"@type\":\"ListItem\",\"position\":3,\"name\":\"CR123 Lithium 3V (Clawgear)\"}]},{\"@type\":\"WebSite\",\"@id\":\"https:\\\/\\\/lahingupood.ee\\\/#website\",\"url\":\"https:\\\/\\\/lahingupood.ee\\\/\",\"name\":\"Lahingurada e-pood\",\"description\":\"Airsoft\",\"publisher\":{\"@id\":\"https:\\\/\\\/lahingupood.ee\\\/#organization\"},\"potentialAction\":[{\"@type\":\"SearchAction\",\"target\":{\"@type\":\"EntryPoint\",\"urlTemplate\":\"https:\\\/\\\/lahingupood.ee\\\/?s={search_term_string}\"},\"query-input\":{\"@type\":\"PropertyValueSpecification\",\"valueRequired\":true,\"valueName\":\"search_term_string\"}}],\"inLanguage\":\"en-GB\"},{\"@type\":\"Organization\",\"@id\":\"https:\\\/\\\/lahingupood.ee\\\/#organization\",\"name\":\"Lahingurada\",\"url\":\"https:\\\/\\\/lahingupood.ee\\\/\",\"logo\":{\"@type\":\"ImageObject\",\"inLanguage\":\"en-GB\",\"@id\":\"https:\\\/\\\/lahingupood.ee\\\/#\\\/schema\\\/logo\\\/image\\\/\",\"url\":\"https:\\\/\\\/lahingupood.ee\\\/wp-content\\\/uploads\\\/2022\\\/03\\\/lahingurada-220318.jpg\",\"contentUrl\":\"https:\\\/\\\/lahingupood.ee\\\/wp-content\\\/uploads\\\/2022\\\/03\\\/lahingurada-220318.jpg\",\"width\":800,\"height\":500,\"caption\":\"Lahingurada\"},\"image\":{\"@id\":\"https:\\\/\\\/lahingupood.ee\\\/#\\\/schema\\\/logo\\\/image\\\/\"},\"sameAs\":[\"https:\\\/\\\/www.facebook.com\\\/Lahingurada-629940247212967\"]}]}<\/script>\n<!-- \/ Yoast SEO Premium plugin. -->","yoast_head_json":{"title":"CR123 Lithium Battery 3V Clawgear \u2013 patarei seadmetele","description":"CR123 lithium battery 3V Clawgear on v\u00f5imas ja t\u00f6\u00f6kindel patarei, mis sobib taskulampidele, optikale ja Airsoft varustusele.","robots":{"index":"index","follow":"follow","max-snippet":"max-snippet:-1","max-image-preview":"max-image-preview:large","max-video-preview":"max-video-preview:-1"},"canonical":"https:\/\/lahingupood.ee\/en\/product\/cr123-lithium-3v-clawgear\/","og_locale":"en_GB","og_type":"article","og_title":"CR123 Lithium 3V (Clawgear)","og_description":"CR123 lithium battery 3V Clawgear on v\u00f5imas ja t\u00f6\u00f6kindel patarei, mis sobib taskulampidele, optikale ja Airsoft varustusele.","og_url":"https:\/\/lahingupood.ee\/en\/product\/cr123-lithium-3v-clawgear\/","og_site_name":"Lahingurada e-pood","article_publisher":"https:\/\/www.facebook.com\/Lahingurada-629940247212967","article_modified_time":"2026-05-02T18:00:07+00:00","og_image":[{"width":930,"height":651,"url":"https:\/\/lahingupood.ee\/wp-content\/uploads\/2022\/06\/20015.png","type":"image\/png"}],"twitter_card":"summary_large_image","twitter_misc":{"Estimated reading time":"1 minute"},"schema":{"@context":"https:\/\/schema.org","@graph":[{"@type":"WebPage","@id":"https:\/\/lahingupood.ee\/toode\/cr123-lithium-3v-clawgear\/","url":"https:\/\/lahingupood.ee\/toode\/cr123-lithium-3v-clawgear\/","name":"CR123 Lithium Battery 3V Clawgear \u2013 patarei seadmetele","isPartOf":{"@id":"https:\/\/lahingupood.ee\/#website"},"primaryImageOfPage":{"@id":"https:\/\/lahingupood.ee\/toode\/cr123-lithium-3v-clawgear\/#primaryimage"},"image":{"@id":"https:\/\/lahingupood.ee\/toode\/cr123-lithium-3v-clawgear\/#primaryimage"},"thumbnailUrl":"https:\/\/lahingupood.ee\/wp-content\/uploads\/2022\/06\/20015.png","datePublished":"2022-06-04T08:13:14+00:00","dateModified":"2026-05-02T18:00:07+00:00","description":"CR123 lithium battery 3V Clawgear on v\u00f5imas ja t\u00f6\u00f6kindel patarei, mis sobib taskulampidele, optikale ja Airsoft varustusele.","breadcrumb":{"@id":"https:\/\/lahingupood.ee\/toode\/cr123-lithium-3v-clawgear\/#breadcrumb"},"inLanguage":"en-GB","potentialAction":[{"@type":"ReadAction","target":["https:\/\/lahingupood.ee\/toode\/cr123-lithium-3v-clawgear\/"]}]},{"@type":"ImageObject","inLanguage":"en-GB","@id":"https:\/\/lahingupood.ee\/toode\/cr123-lithium-3v-clawgear\/#primaryimage","url":"https:\/\/lahingupood.ee\/wp-content\/uploads\/2022\/06\/20015.png","contentUrl":"https:\/\/lahingupood.ee\/wp-content\/uploads\/2022\/06\/20015.png","width":930,"height":651,"caption":"CR123 lithium battery 3V Clawgear patarei Airsoft ja taskulampidele"},{"@type":"BreadcrumbList","@id":"https:\/\/lahingupood.ee\/toode\/cr123-lithium-3v-clawgear\/#breadcrumb","itemListElement":[{"@type":"ListItem","position":1,"name":"Home","item":"https:\/\/lahingupood.ee\/"},{"@type":"ListItem","position":2,"name":"Tooted","item":"https:\/\/lahingupood.ee\/tooted\/"},{"@type":"ListItem","position":3,"name":"CR123 Lithium 3V (Clawgear)"}]},{"@type":"WebSite","@id":"https:\/\/lahingupood.ee\/#website","url":"https:\/\/lahingupood.ee\/","name":"Lahingurada e-pood","description":"Airsoft","publisher":{"@id":"https:\/\/lahingupood.ee\/#organization"},"potentialAction":[{"@type":"SearchAction","target":{"@type":"EntryPoint","urlTemplate":"https:\/\/lahingupood.ee\/?s={search_term_string}"},"query-input":{"@type":"PropertyValueSpecification","valueRequired":true,"valueName":"search_term_string"}}],"inLanguage":"en-GB"},{"@type":"Organization","@id":"https:\/\/lahingupood.ee\/#organization","name":"Lahingurada","url":"https:\/\/lahingupood.ee\/","logo":{"@type":"ImageObject","inLanguage":"en-GB","@id":"https:\/\/lahingupood.ee\/#\/schema\/logo\/image\/","url":"https:\/\/lahingupood.ee\/wp-content\/uploads\/2022\/03\/lahingurada-220318.jpg","contentUrl":"https:\/\/lahingupood.ee\/wp-content\/uploads\/2022\/03\/lahingurada-220318.jpg","width":800,"height":500,"caption":"Lahingurada"},"image":{"@id":"https:\/\/lahingupood.ee\/#\/schema\/logo\/image\/"},"sameAs":["https:\/\/www.facebook.com\/Lahingurada-629940247212967"]}]}},"_links":{"self":[{"href":"https:\/\/lahingupood.ee\/en\/wp-json\/wp\/v2\/product\/1056","targetHints":{"allow":["GET"]}}],"collection":[{"href":"https:\/\/lahingupood.ee\/en\/wp-json\/wp\/v2\/product"}],"about":[{"href":"https:\/\/lahingupood.ee\/en\/wp-json\/wp\/v2\/types\/product"}],"wp:featuredmedia":[{"embeddable":true,"href":"https:\/\/lahingupood.ee\/en\/wp-json\/wp\/v2\/media\/1057"}],"wp:attachment":[{"href":"https:\/\/lahingupood.ee\/en\/wp-json\/wp\/v2\/media?parent=1056"}],"wp:term":[{"taxonomy":"product_brand","embeddable":true,"href":"https:\/\/lahingupood.ee\/en\/wp-json\/wp\/v2\/product_brand?post=1056"},{"taxonomy":"product_cat","embeddable":true,"href":"https:\/\/lahingupood.ee\/en\/wp-json\/wp\/v2\/product_cat?post=1056"},{"taxonomy":"product_tag","embeddable":true,"href":"https:\/\/lahingupood.ee\/en\/wp-json\/wp\/v2\/product_tag?post=1056"}],"curies":[{"name":"wp","href":"https:\/\/api.w.org\/{rel}","templated":true}]}}